{"id":2000,"date":"2024-01-19T10:02:20","date_gmt":"2024-01-19T09:02:20","guid":{"rendered":"https:\/\/crazywater.animal-societe.com\/?page_id=2000"},"modified":"2024-02-20T10:27:01","modified_gmt":"2024-02-20T09:27:01","slug":"juridische-kennisgeving","status":"publish","type":"page","link":"https:\/\/www.crazywater-rafting.com\/nl\/mentions-legales\/","title":{"rendered":"Juridische kennisgeving"},"content":{"rendered":"<section class=\"wp-block-group texte-simple is-layout-constrained wp-block-group-is-layout-constrained\">\n<h2 class=\"wp-block-heading\">Juridische kennisgevingen over wildwaterraften<\/h2>\n\n\n\n<p>Crazy waterraften Ubaye-Barcelonnette 04340 Le Lauzet Ubaye <\/p>\n\n\n\n<p>Ber\u00e7on Mathieu Crazy water rafting, geregistreerd in het INSEE-register van de PACA-regio onder nummer 04017062156, is verantwoordelijk voor de verwerking van de gegevens verzameld op de Crazy Water Rafting-site Ubaye.<\/p>\n\n\n\n<p>De gebruiker wordt er met name van op de hoogte gebracht dat, in overeenstemming met artikel 32 van de Wet Bescherming Persoonsgegevens van 6 januari 1978, zoals gewijzigd, de informatie die hij communiceert via de formulieren op de Crazy Water Rafting-site van Ubaye noodzakelijk is om op zijn verzoek te reageren en bedoeld is voor de diensten die verantwoordelijk zijn voor het reageren op het verzoek met het oog op het monitoren van dit verzoek.<\/p>\n\n\n\n<p>In overeenstemming met de bepalingen van de artikelen 39 en 40 van de wet \u201cInformatique et Libert\u00e9s\u201d van 6 januari 1978, gewijzigd in 2004, heeft de gebruiker het recht op toegang, rectificatie, bijwerking en verwijdering van informatie die hem betreffen, dat hij kan uitoefenen door door contact op te nemen met gekkewaterrafting@gmail.com, of per post naar Crazy water rafting Route du Villard 04340 Le Lauzet Ubaye, met vermelding in het onderwerp van de mail \u201cPersoonlijke rechten\u201d en een kopie van hun identiteitsbewijs bij te voegen.<\/p>\n\n\n\n<p>Ook heeft u het recht om instructies te geven over het lot van uw gegevens na uw overlijden.<\/p>\n\n\n\n<p>In overeenstemming met de bepalingen van artikel 38 van de wet \u201cInformatique et Libert\u00e9s\u201d van 6 januari 1978, gewijzigd in 2004, kan de gebruiker zich ook, om legitieme redenen, verzetten tegen de verwerking van zijn gegevens, en zonder reden en zonder kosten, voor zijn gegevens die voor commerci\u00eble prospectiedoeleinden moeten worden gebruikt.<\/p>\n\n\n\n<p>De gebruiker wordt hiervan op de hoogte gesteld tijdens zijn bezoeken aan de Site <a href=\"https:\/\/www.crazywater-rafting.com\/nl\/\">www.crazywater-rafting.com<\/a>, kan er automatisch een cookie in uw browsersoftware worden ge\u00efnstalleerd.<\/p>\n\n\n\n<p>De op deze site verzamelde informatie wordt gedurende een periode van drie jaar bewaard.<\/p>\n\n\n\n<p>De cookie is een gegevensblok dat gebruikers niet identificeert, maar wordt gebruikt om informatie vast te leggen met betrekking tot hun navigatie op de site. De configuratie van de browsersoftware maakt het mogelijk om te informeren over de aanwezigheid van cookies en deze eventueel te weigeren op de manier zoals beschreven op het volgende adres www.cnil.fr.<\/p>\n\n\n\n<p>De gebruiker heeft recht op toegang tot, intrekking en wijziging van de persoonlijke gegevens die via cookies worden doorgegeven, onder de hierboven aangegeven voorwaarden.<\/p>\n\n\n\n<p>De gebruiker van de Crazy water rafting Ubaye-site is verplicht de bepalingen van de Data Protection Act van 6 januari 1978, zoals gewijzigd, te respecteren, waarvan overtreding bestraft kan worden met strafrechtelijke sancties. Met betrekking tot de persoonlijke informatie waartoe hij toegang heeft, moet hij zich in het bijzonder onthouden van elke verzameling, van elk misbruik, en in het algemeen van elke handeling die de privacy of de reputatie van individuen kan schaden.<\/p>\n<\/section>","protected":false},"excerpt":{"rendered":"<p>Mentions L\u00e9gales de crazy water rafting Crazy water rafting Ubaye-Barcelonnette 04340 Le Lauzet Ubaye Ber\u00e7on Mathieu Crazy water rafting , inscrite au registre de l&rsquo;Insee de la region PACA sous le num\u00e9ro 04017062156, est le responsable du traitement des donn\u00e9es collect\u00e9es sur le Site de crazy water rafting Ubaye. L\u2019utilisateur est notamment inform\u00e9 que conform\u00e9ment [&hellip;]<\/p>\n","protected":false},"author":1,"featured_media":1872,"parent":0,"menu_order":0,"comment_status":"closed","ping_status":"closed","template":"","meta":{"_acf_changed":false,"footnotes":""},"class_list":["post-2000","page","type-page","status-publish","has-post-thumbnail","hentry"],"blocksy_meta":[],"acf":[],"yoast_head":"<!-- This site is optimized with the Yoast SEO plugin v27.5 - https:\/\/yoast.com\/product\/yoast-seo-wordpress\/ -->\n<title>Mentions L\u00e9gales - Crazy Water Rafting<\/title>\n<meta name=\"description\" content=\"Mentions l\u00e9gales du site internet de la compagnie crazy water rafting situ\u00e9e au Lauzet Ubaye dans la vall\u00e9e de Barcelonnette Alpes 04\" \/>\n<meta name=\"robots\" content=\"index, follow, max-snippet:-1, max-image-preview:large, max-video-preview:-1\" \/>\n<link rel=\"canonical\" href=\"https:\/\/www.crazywater-rafting.com\/nl\/juridische-kennisgeving\/\" \/>\n<meta property=\"og:locale\" content=\"nl_NL\" \/>\n<meta property=\"og:type\" content=\"article\" \/>\n<meta property=\"og:title\" content=\"Mentions L\u00e9gales - Crazy Water Rafting\" \/>\n<meta property=\"og:description\" content=\"Mentions l\u00e9gales du site internet de la compagnie crazy water rafting situ\u00e9e au Lauzet Ubaye dans la vall\u00e9e de Barcelonnette Alpes 04\" \/>\n<meta property=\"og:url\" content=\"https:\/\/www.crazywater-rafting.com\/nl\/juridische-kennisgeving\/\" \/>\n<meta property=\"og:site_name\" content=\"Crazy Water Rafting\" \/>\n<meta property=\"article:modified_time\" content=\"2024-02-20T09:27:01+00:00\" \/>\n<meta property=\"og:image\" content=\"https:\/\/www.crazywater-rafting.com\/wordpress\/wp-content\/uploads\/2024\/01\/DSC_4466-scaled-1.jpg\" \/>\n\t<meta property=\"og:image:width\" content=\"2560\" \/>\n\t<meta property=\"og:image:height\" content=\"1700\" \/>\n\t<meta property=\"og:image:type\" content=\"image\/jpeg\" \/>\n<meta name=\"twitter:card\" content=\"summary_large_image\" \/>\n<meta name=\"twitter:label1\" content=\"Geschatte leestijd\" \/>\n\t<meta name=\"twitter:data1\" content=\"3 minuten\" \/>\n<script type=\"application\/ld+json\" class=\"yoast-schema-graph\">{\"@context\":\"https:\\\/\\\/schema.org\",\"@graph\":[{\"@type\":\"WebPage\",\"@id\":\"https:\\\/\\\/www.crazywater-rafting.com\\\/mentions-legales\\\/\",\"url\":\"https:\\\/\\\/www.crazywater-rafting.com\\\/mentions-legales\\\/\",\"name\":\"Mentions L\u00e9gales - Crazy Water Rafting\",\"isPartOf\":{\"@id\":\"https:\\\/\\\/www.crazywater-rafting.com\\\/#website\"},\"primaryImageOfPage\":{\"@id\":\"https:\\\/\\\/www.crazywater-rafting.com\\\/mentions-legales\\\/#primaryimage\"},\"image\":{\"@id\":\"https:\\\/\\\/www.crazywater-rafting.com\\\/mentions-legales\\\/#primaryimage\"},\"thumbnailUrl\":\"https:\\\/\\\/www.crazywater-rafting.com\\\/wordpress\\\/wp-content\\\/uploads\\\/2024\\\/01\\\/DSC_4466-scaled-1.jpg\",\"datePublished\":\"2024-01-19T09:02:20+00:00\",\"dateModified\":\"2024-02-20T09:27:01+00:00\",\"description\":\"Mentions l\u00e9gales du site internet de la compagnie crazy water rafting situ\u00e9e au Lauzet Ubaye dans la vall\u00e9e de Barcelonnette Alpes 04\",\"breadcrumb\":{\"@id\":\"https:\\\/\\\/www.crazywater-rafting.com\\\/mentions-legales\\\/#breadcrumb\"},\"inLanguage\":\"nl-NL\",\"potentialAction\":[{\"@type\":\"ReadAction\",\"target\":[\"https:\\\/\\\/www.crazywater-rafting.com\\\/mentions-legales\\\/\"]}]},{\"@type\":\"ImageObject\",\"inLanguage\":\"nl-NL\",\"@id\":\"https:\\\/\\\/www.crazywater-rafting.com\\\/mentions-legales\\\/#primaryimage\",\"url\":\"https:\\\/\\\/www.crazywater-rafting.com\\\/wordpress\\\/wp-content\\\/uploads\\\/2024\\\/01\\\/DSC_4466-scaled-1.jpg\",\"contentUrl\":\"https:\\\/\\\/www.crazywater-rafting.com\\\/wordpress\\\/wp-content\\\/uploads\\\/2024\\\/01\\\/DSC_4466-scaled-1.jpg\",\"width\":2560,\"height\":1700,\"caption\":\"Mentions l\u00e9gales du site internet de crazy water rafting\"},{\"@type\":\"BreadcrumbList\",\"@id\":\"https:\\\/\\\/www.crazywater-rafting.com\\\/mentions-legales\\\/#breadcrumb\",\"itemListElement\":[{\"@type\":\"ListItem\",\"position\":1,\"name\":\"Accueil\",\"item\":\"https:\\\/\\\/www.crazywater-rafting.com\\\/\"},{\"@type\":\"ListItem\",\"position\":2,\"name\":\"Mentions L\u00e9gales\"}]},{\"@type\":\"WebSite\",\"@id\":\"https:\\\/\\\/www.crazywater-rafting.com\\\/#website\",\"url\":\"https:\\\/\\\/www.crazywater-rafting.com\\\/\",\"name\":\"Crazy Water Rafting\",\"description\":\"\",\"publisher\":{\"@id\":\"https:\\\/\\\/www.crazywater-rafting.com\\\/#organization\"},\"potentialAction\":[{\"@type\":\"SearchAction\",\"target\":{\"@type\":\"EntryPoint\",\"urlTemplate\":\"https:\\\/\\\/www.crazywater-rafting.com\\\/?s={search_term_string}\"},\"query-input\":{\"@type\":\"PropertyValueSpecification\",\"valueRequired\":true,\"valueName\":\"search_term_string\"}}],\"inLanguage\":\"nl-NL\"},{\"@type\":\"Organization\",\"@id\":\"https:\\\/\\\/www.crazywater-rafting.com\\\/#organization\",\"name\":\"Crazy Water Rafting\",\"alternateName\":\"Crazy Water Rafting\",\"url\":\"https:\\\/\\\/www.crazywater-rafting.com\\\/\",\"logo\":{\"@type\":\"ImageObject\",\"inLanguage\":\"nl-NL\",\"@id\":\"https:\\\/\\\/www.crazywater-rafting.com\\\/#\\\/schema\\\/logo\\\/image\\\/\",\"url\":\"https:\\\/\\\/www.crazywater-rafting.com\\\/wordpress\\\/wp-content\\\/uploads\\\/2024\\\/02\\\/Logo-Crazy-Water.jpg\",\"contentUrl\":\"https:\\\/\\\/www.crazywater-rafting.com\\\/wordpress\\\/wp-content\\\/uploads\\\/2024\\\/02\\\/Logo-Crazy-Water.jpg\",\"width\":1092,\"height\":592,\"caption\":\"Crazy Water Rafting\"},\"image\":{\"@id\":\"https:\\\/\\\/www.crazywater-rafting.com\\\/#\\\/schema\\\/logo\\\/image\\\/\"},\"sameAs\":[\"https:\\\/\\\/www.reddit.com\\\/user\\\/Crazy-Water-Rafting\\\/\",\"https:\\\/\\\/www.linkedin.com\\\/in\\\/crazy-water-rafting-ubaye-08987b67\\\/\"]}]}<\/script>\n<!-- \/ Yoast SEO plugin. -->","yoast_head_json":{"title":"Juridische kennisgevingen - Crazy Water Rafting","description":"Juridische kennisgevingen van de website van het gekke waterraftingbedrijf gevestigd in Lauzet Ubaye in de Barcelonnette-vallei Alpes 04","robots":{"index":"index","follow":"follow","max-snippet":"max-snippet:-1","max-image-preview":"max-image-preview:large","max-video-preview":"max-video-preview:-1"},"canonical":"https:\/\/www.crazywater-rafting.com\/nl\/juridische-kennisgeving\/","og_locale":"nl_NL","og_type":"article","og_title":"Mentions L\u00e9gales - Crazy Water Rafting","og_description":"Mentions l\u00e9gales du site internet de la compagnie crazy water rafting situ\u00e9e au Lauzet Ubaye dans la vall\u00e9e de Barcelonnette Alpes 04","og_url":"https:\/\/www.crazywater-rafting.com\/nl\/juridische-kennisgeving\/","og_site_name":"Crazy Water Rafting","article_modified_time":"2024-02-20T09:27:01+00:00","og_image":[{"width":2560,"height":1700,"url":"https:\/\/www.crazywater-rafting.com\/wordpress\/wp-content\/uploads\/2024\/01\/DSC_4466-scaled-1.jpg","type":"image\/jpeg"}],"twitter_card":"summary_large_image","twitter_misc":{"Geschatte leestijd":"3 minuten"},"schema":{"@context":"https:\/\/schema.org","@graph":[{"@type":"WebPage","@id":"https:\/\/www.crazywater-rafting.com\/mentions-legales\/","url":"https:\/\/www.crazywater-rafting.com\/mentions-legales\/","name":"Juridische kennisgevingen - Crazy Water Rafting","isPartOf":{"@id":"https:\/\/www.crazywater-rafting.com\/#website"},"primaryImageOfPage":{"@id":"https:\/\/www.crazywater-rafting.com\/mentions-legales\/#primaryimage"},"image":{"@id":"https:\/\/www.crazywater-rafting.com\/mentions-legales\/#primaryimage"},"thumbnailUrl":"https:\/\/www.crazywater-rafting.com\/wordpress\/wp-content\/uploads\/2024\/01\/DSC_4466-scaled-1.jpg","datePublished":"2024-01-19T09:02:20+00:00","dateModified":"2024-02-20T09:27:01+00:00","description":"Juridische kennisgevingen van de website van het gekke waterraftingbedrijf gevestigd in Lauzet Ubaye in de Barcelonnette-vallei Alpes 04","breadcrumb":{"@id":"https:\/\/www.crazywater-rafting.com\/mentions-legales\/#breadcrumb"},"inLanguage":"nl-NL","potentialAction":[{"@type":"ReadAction","target":["https:\/\/www.crazywater-rafting.com\/mentions-legales\/"]}]},{"@type":"ImageObject","inLanguage":"nl-NL","@id":"https:\/\/www.crazywater-rafting.com\/mentions-legales\/#primaryimage","url":"https:\/\/www.crazywater-rafting.com\/wordpress\/wp-content\/uploads\/2024\/01\/DSC_4466-scaled-1.jpg","contentUrl":"https:\/\/www.crazywater-rafting.com\/wordpress\/wp-content\/uploads\/2024\/01\/DSC_4466-scaled-1.jpg","width":2560,"height":1700,"caption":"Mentions l\u00e9gales du site internet de crazy water rafting"},{"@type":"BreadcrumbList","@id":"https:\/\/www.crazywater-rafting.com\/mentions-legales\/#breadcrumb","itemListElement":[{"@type":"ListItem","position":1,"name":"Accueil","item":"https:\/\/www.crazywater-rafting.com\/"},{"@type":"ListItem","position":2,"name":"Mentions L\u00e9gales"}]},{"@type":"WebSite","@id":"https:\/\/www.crazywater-rafting.com\/#website","url":"https:\/\/www.crazywater-rafting.com\/","name":"Gekke waterraften","description":"","publisher":{"@id":"https:\/\/www.crazywater-rafting.com\/#organization"},"potentialAction":[{"@type":"SearchAction","target":{"@type":"EntryPoint","urlTemplate":"https:\/\/www.crazywater-rafting.com\/?s={search_term_string}"},"query-input":{"@type":"PropertyValueSpecification","valueRequired":true,"valueName":"search_term_string"}}],"inLanguage":"nl-NL"},{"@type":"Organization","@id":"https:\/\/www.crazywater-rafting.com\/#organization","name":"Gekke waterraften","alternateName":"Crazy Water Rafting","url":"https:\/\/www.crazywater-rafting.com\/","logo":{"@type":"ImageObject","inLanguage":"nl-NL","@id":"https:\/\/www.crazywater-rafting.com\/#\/schema\/logo\/image\/","url":"https:\/\/www.crazywater-rafting.com\/wordpress\/wp-content\/uploads\/2024\/02\/Logo-Crazy-Water.jpg","contentUrl":"https:\/\/www.crazywater-rafting.com\/wordpress\/wp-content\/uploads\/2024\/02\/Logo-Crazy-Water.jpg","width":1092,"height":592,"caption":"Crazy Water Rafting"},"image":{"@id":"https:\/\/www.crazywater-rafting.com\/#\/schema\/logo\/image\/"},"sameAs":["https:\/\/www.reddit.com\/user\/Crazy-Water-Rafting\/","https:\/\/www.linkedin.com\/in\/crazy-water-rafting-ubaye-08987b67\/"]}]}},"_links":{"self":[{"href":"https:\/\/www.crazywater-rafting.com\/nl\/wp-json\/wp\/v2\/pages\/2000","targetHints":{"allow":["GET"]}}],"collection":[{"href":"https:\/\/www.crazywater-rafting.com\/nl\/wp-json\/wp\/v2\/pages"}],"about":[{"href":"https:\/\/www.crazywater-rafting.com\/nl\/wp-json\/wp\/v2\/types\/page"}],"author":[{"embeddable":true,"href":"https:\/\/www.crazywater-rafting.com\/nl\/wp-json\/wp\/v2\/users\/1"}],"replies":[{"embeddable":true,"href":"https:\/\/www.crazywater-rafting.com\/nl\/wp-json\/wp\/v2\/comments?post=2000"}],"version-history":[{"count":2,"href":"https:\/\/www.crazywater-rafting.com\/nl\/wp-json\/wp\/v2\/pages\/2000\/revisions"}],"predecessor-version":[{"id":2627,"href":"https:\/\/www.crazywater-rafting.com\/nl\/wp-json\/wp\/v2\/pages\/2000\/revisions\/2627"}],"wp:featuredmedia":[{"embeddable":true,"href":"https:\/\/www.crazywater-rafting.com\/nl\/wp-json\/wp\/v2\/media\/1872"}],"wp:attachment":[{"href":"https:\/\/www.crazywater-rafting.com\/nl\/wp-json\/wp\/v2\/media?parent=2000"}],"curies":[{"name":"wp","href":"https:\/\/api.w.org\/{rel}","templated":true}]}}