{"id":1995,"date":"2024-01-19T10:02:19","date_gmt":"2024-01-19T09:02:19","guid":{"rendered":"https:\/\/crazywater.animal-societe.com\/?page_id=1995"},"modified":"2026-03-17T19:34:22","modified_gmt":"2026-03-17T18:34:22","slug":"raften-in-de-buurt-van-kloof","status":"publish","type":"page","link":"https:\/\/www.crazywater-rafting.com\/nl\/rafting-pres-de-gap\/","title":{"rendered":"Raften bij Gap: de beste plekken!"},"content":{"rendered":"<section class=\"wp-block-group texte-simple is-layout-constrained wp-block-group-is-layout-constrained\">\n<h2 class=\"wp-block-heading\">Raftingafdaling nabij Gap<\/h2>\n\n\n\n<p>Overweegt u het te doen<strong> Raften in de buurt van Gap<\/strong>&nbsp;en u weet niet hoe u uw bestemming moet kiezen? Er zijn namelijk talloze mogelijkheden om te raften op een steenworp afstand van Gap. Crazy Water Rafting nodigt je uit om deze prachtige plekken te ontdekken waar je kunt <strong>genieten van zeilen.<\/strong><\/p>\n\n\n\n<h2 class=\"wp-block-heading\">De beste plekken om te raften in de buurt van Gap<\/h2>\n\n\n\n<p>Het kiezen van de juiste plek blijkt altijd moeilijk voor beginners en zelfs voor sommige rafting-stamgasten. <\/p>\n\n\n\n<p>De veelheid aan rivieren dichtbij Gap die geschikt zijn voor raften maakt de zaken nog ingewikkelder. Goed geadviseerd, wie weet een verstandige keuze te maken! <\/p>\n\n\n\n<p>Crazy Water Rafting bespaart u alle rompslomp of zorgen. <\/p>\n\n\n\n<p>We hebben <strong>voor u de beste bestemmingen in de buurt van Gap geselecteerd<\/strong> waar je kunt raften. Ontdek ze nu!<\/p>\n<\/section>\n\n\n\n<p>\ud83d\udc49 <strong>Lees ook<\/strong> : <a href=\"https:\/\/www.crazywater-rafting.com\/nl\/raften-04\/raften-in-de-paca-regio\/\" target=\"_blank\" rel=\"noreferrer noopener\">D\u00e9couvrez les descentes en rafting en r\u00e9gion PACA<\/a><\/p>\n\n\n\n<div class=\"wp-block-stackable-columns alignfull stk-block-columns stk-block stk-7a2b114 stk-block-background stk--has-background-overlay\" data-block-id=\"7a2b114\"><style>.stk-7a2b114 {background-color:#f8f9fb !important;background-image:url(https:\/\/www.crazywater-rafting.com\/wordpress\/wp-content\/uploads\/2020\/04\/topography.svg) !important;background-size:1000px !important;padding-top:120px !important;padding-bottom:120px !important;margin-bottom:0px !important;}.stk-7a2b114:before{background-color:#f8f9fb !important;opacity:0 !important;}@media screen and (max-width:999px){.stk-7a2b114 {padding-top:80px !important;padding-bottom:80px !important;}}<\/style><div class=\"stk-row stk-inner-blocks has-text-align-center-mobile stk-block-content stk-content-align stk-7a2b114-column\">\n<div class=\"wp-block-stackable-column stk-block-column stk-column stk-block stk-3d9712f\" data-v=\"4\" data-block-id=\"3d9712f\"><style>.stk-3d9712f-container{margin-top:0px !important;margin-right:0px !important;margin-bottom:0px !important;margin-left:0px !important;}<\/style><div class=\"stk-column-wrapper stk-block-column__content stk-container stk-3d9712f-container stk--no-background stk--no-padding\"><div class=\"stk-block-content stk-inner-blocks stk-3d9712f-inner-blocks\">\n<div class=\"wp-block-stackable-columns stk-block-columns stk-block stk-c4c5927\" data-block-id=\"c4c5927\"><style>.stk-c4c5927 .stk--block-align-c4c5927{align-items:center !important;}.stk-c4c5927 {margin-bottom:0px !important;}.stk-c4c5927-column{--stk-column-gap:35px !important;row-gap:60px !important;}<\/style><div class=\"stk-row stk-inner-blocks stk--block-align-c4c5927 stk-block-content stk-content-align stk-c4c5927-column\">\n<div class=\"wp-block-stackable-column stk-block-column stk-column stk-block stk-adc88c6\" data-v=\"4\" data-block-id=\"adc88c6\"><style>.stk-adc88c6-container{margin-top:0px !important;margin-right:0px !important;margin-bottom:0px !important;margin-left:0px !important;}.stk-adc88c6 {padding-right:30px !important;padding-left:30px !important;}@media screen and (min-width:690px) and (max-width:999px){.stk-adc88c6 {flex:var(--stk-flex-grow, 1) 1 calc(100% - var(--stk-column-gap, 0px) * 0 \/ 1 ) !important;}}@media screen and (max-width:999px){.stk-adc88c6 {padding-top:0px !important;padding-right:0px !important;padding-bottom:0px !important;padding-left:0px !important;}}<\/style><div class=\"stk-column-wrapper stk-block-column__content stk-container stk-adc88c6-container stk--no-background stk--no-padding\"><div class=\"has-text-align-center-mobile stk-block-content stk-inner-blocks stk-adc88c6-inner-blocks\">\n<h2 class=\"wp-block-heading\">De Ubaye, een rivier op 49 minuten van Gap<\/h2>\n\n\n\n<p>Bent u fan van Rafting, heeft u deze sport voor het laatst beoefend en wilt u daarom zo snel mogelijk weer verbinding maken met uw passie? Als u op zoek bent naar een <strong>plek in de buurt van Gap <\/strong>om te raften, aarzel niet langer! De Ubaye is de ideale rivier. Deze<strong> ligt op 49 minuten van het stadhuis van Gap.<\/strong> Het leent zich dan ook uitstekend voor een middagje wildwateractiviteiten.<\/p>\n\n\n\n<p>Kies voor een sessie van <a href=\"https:\/\/www.crazywater-rafting.com\/nl\/\">Raften op de Ubaye<\/a>, het is kiezen om te leven <strong>spannend avontuur<\/strong> vol emoties en spanning. Deze tumultueuze rivier biedt tal van routes voor liefhebbers van raften.<\/p>\n\n\n\n<p><strong>Ubaye<\/strong> est le spot parfait aussi bien pour les sportifs exp\u00e9riment\u00e9s que pour les d\u00e9butants.<\/p>\n\n\n\n<p>Als u uw eerste stappen in deze activiteit zet, raden wij u aan te beginnen met de minder moeilijke routes. U zult meer plezier beleven terwijl u een maximaal veiligheidsniveau behoudt. <\/p>\n\n\n\n<p>Sommige Ubaye-routes zijn zelfs gestippeld <strong>obstakels en stroomversnellingen<\/strong>, wat de afdalingen van deze rivier moeilijk en sensationeel maakt. <\/p>\n\n\n\n<p><strong>Het is de ideale plek voor degenen die snel vooruitgang willen boeken en de koningen van het raften willen worden.<\/strong><\/p>\n<\/div><\/div><\/div>\n\n\n\n<div class=\"wp-block-stackable-column stk-block-column stk-column stk-block stk-aaf56fc\" data-v=\"4\" data-block-id=\"aaf56fc\"><style>.stk-aaf56fc-container{margin-top:0px !important;margin-right:0px !important;margin-bottom:0px !important;margin-left:0px !important;}@media screen and (min-width:690px) and (max-width:999px){.stk-aaf56fc {flex:var(--stk-flex-grow, 1) 1 calc(100% - var(--stk-column-gap, 0px) * 0 \/ 1 ) !important;}}<\/style><div class=\"stk-column-wrapper stk-block-column__content stk-container stk-aaf56fc-container stk--no-background stk--no-padding\"><div class=\"stk-block-content stk-inner-blocks stk-aaf56fc-inner-blocks\">\n<div class=\"wp-block-stackable-video-popup stk-block-video-popup stk-block stk-e931be3\" data-video=\"https:\/\/youtu.be\/3ugOUcdb_qI?si=LShVfaZOj2OovaLK\" data-block-id=\"e931be3\"><div class=\"stk-block-video-popup__overlay stk-row stk-inner-blocks stk-block-content stk-hover-parent\" aria-label=\"Video afspelen\" tabindex=\"0\" role=\"button\">\n\n<div class=\"wp-block-stackable-icon stk-block-icon has-text-align-center stk-block stk-2beee4d\" data-block-id=\"2beee4d\"><style>.stk-2beee4d .stk--svg-wrapper .stk--inner-svg svg:last-child{height:56px !important;width:56px !important}.stk-2beee4d .stk--svg-wrapper .stk--inner-svg svg:last-child,.stk-2beee4d .stk--svg-wrapper .stk--inner-svg svg:last-child :is(g,path,rect,polygon,ellipse){fill:var(--theme-palette-color-8,#ffffff) !important}<\/style><span class=\"stk--svg-wrapper\"><div class=\"stk--inner-svg\"><svg style=\"height:0;width:0\"><defs><lineargradient id=\"linear-gradient-2beee4d\" x1=\"0\" x2=\"100%\" y1=\"0\" y2=\"0\"><stop offset=\"0%\" style=\"stop-opacity:1;stop-color:var(--linear-gradient-2-beee-4-d-color-1)\"><\/stop><stop offset=\"100%\" style=\"stop-opacity:1;stop-color:var(--linear-gradient-2-beee-4-d-color-2)\"><\/stop><\/lineargradient><\/defs><\/svg><svg data-prefix=\"fas\" data-icon=\"play\" class=\"svg-inline--fa fa-play fa-w-14\" xmlns=\"http:\/\/www.w3.org\/2000\/svg\" viewbox=\"0 0 448 512\" aria-hidden=\"true\" width=\"32\" height=\"32\"><path fill=\"currentColor\" d=\"M424.4 214.7L72.4 6.6C43.8-10.3 0 6.1 0 47.9V464c0 37.5 40.7 60.1 72.4 41.3l352-208c31.4-18.5 31.5-64.1 0-82.6z\"><\/path><\/svg><\/div><\/span><\/div>\n\n\n<div class=\"wp-block-stackable-image stk-block-image stk-block stk-7955e8b\" data-block-id=\"7955e8b\"><style>.stk-7955e8b .stk-img-wrapper img{border-radius:21px !important}<\/style><figure><span class=\"stk-img-wrapper stk-image--shape-stretch\"><img loading=\"lazy\" decoding=\"async\" class=\"stk-img wp-image-1096\" src=\"https:\/\/www.crazywater-rafting.com\/wordpress\/wp-content\/uploads\/2023\/12\/Rafting-Barcelonnette-Ubaye-scaled-1.jpg\" width=\"1920\" height=\"1280\" alt=\"Raften in de buurt van Gap\" srcset=\"https:\/\/www.crazywater-rafting.com\/wordpress\/wp-content\/uploads\/2023\/12\/Rafting-Barcelonnette-Ubaye-scaled-1.jpg 1920w, https:\/\/www.crazywater-rafting.com\/wordpress\/wp-content\/uploads\/2023\/12\/Rafting-Barcelonnette-Ubaye-scaled-1-300x200.jpg 300w, https:\/\/www.crazywater-rafting.com\/wordpress\/wp-content\/uploads\/2023\/12\/Rafting-Barcelonnette-Ubaye-scaled-1-1024x683.jpg 1024w, https:\/\/www.crazywater-rafting.com\/wordpress\/wp-content\/uploads\/2023\/12\/Rafting-Barcelonnette-Ubaye-scaled-1-768x512.jpg 768w, https:\/\/www.crazywater-rafting.com\/wordpress\/wp-content\/uploads\/2023\/12\/Rafting-Barcelonnette-Ubaye-scaled-1-1536x1024.jpg 1536w\" sizes=\"auto, (max-width: 1920px) 100vw, 1920px\" \/><\/span><\/figure><\/div>\n\n<\/div><\/div>\n<\/div><\/div><\/div>\n<\/div><\/div>\n<\/div><\/div><\/div>\n<\/div><\/div>\n\n\n\n<p><\/p>\n\n\n\n<section class=\"wp-block-group texte-simple is-layout-constrained wp-block-group-is-layout-constrained\">\n<h2 class=\"wp-block-heading\">Le Drac 20 minuten van Gap<\/h2>\n\n\n\n<p>DE <strong>Drac <\/strong>is ook een van de beste bestemmingen voor raften <strong>nabij Gap<\/strong>. Het is een prachtige rivier die dankzij de vele attracties aantrekkelijk is voor raftliefhebbers. <\/p>\n\n\n\n<p>Cursussen voor beginners, whirlpools, adembenemende stroomversnellingen, de Drac heeft vele voordelen waardoor het een essenti\u00eble raftplek is. Je kunt naar deze rivier gaan <strong>met familie <\/strong>of met <strong>je vrienden <\/strong>om onvergetelijke momenten te beleven.<\/p>\n\n\n\n<p>Met uw dierbaren en onder toezicht van een gids krijgt u de kans om deze rivier te verkennen en over het tumultueuze water te wandelen. <\/p>\n\n\n\n<p>Je bent ook vrij om de afdalingen te vermenigvuldigen zoals je wilt. Er worden u geen grenzen opgelegd. Ga dus naar de Drac als je je Rafting-activiteit optimaal wilt beoefenen.<\/p>\n<\/section>\n\n\n\n<p><\/p>\n\n\n\n<section class=\"wp-block-group texte-simple is-layout-constrained wp-block-group-is-layout-constrained\">\n<h2 class=\"wp-block-heading\">La Durance 1 uur van Gap<\/h2>\n\n\n\n<p>Laatste plekje in onze selectie: de <strong>Durance<\/strong>. We raden ook deze prachtige rivier aan, die vele lange routes biedt. De afstanden van deze routes vari\u00ebren afhankelijk van de moeilijkheidsgraad van de afdalingen.<\/p>\n\n\n\n<p>La Durance ligt <strong>1u03 vanaf het gemeentehuis van Gap<\/strong>Het is dus een rivier iets verder weg dan de eerder genoemde, maar voor raften is het wel heel interessant. Het heeft daarom zijn plaats in onze lijst van<strong> rivieren ideaal voor raften in de buurt van Gap.<\/strong><\/p>\n\n\n\n<p>Tijdens uw rit op de Durance wordt u geconfronteerd met stroomversnellingen en talrijke draaikolken. Bereid je voor om af te dalen<strong> gladde of turbulente rivier<\/strong>, afhankelijk van de gekozen route. Een afdaling van <a href=\"https:\/\/www.provence7.com\/portails\/nature\/fleuves-et-rivieres-en-provence\/la-durance\/\">Durance<\/a>, het is een uitje dat u onvermijdelijk zult waarderen, aangezien deze rivier zoveel fascinerende bezienswaardigheden heeft. Momenten van lachen, vreugde, angst en opwinding zullen deel uitmaken van je reis.<\/p>\n\n\n\n<p>Bovendien verleidt de Durance ook met de schoonheid van zijn landschap. <\/p>\n\n\n\n<p>Deze rivier geeft je niet alleen sterke sensaties, maar beloont je ook met zijn gevoelens <strong>pittoreske landschappen<\/strong>. De bergen en de vegetatie vormen samen met de rivier een subliem landschap dat u kunt bewonderen tijdens uw raftingtochten in de buurt van Gap.<\/p>\n<\/section>","protected":false},"excerpt":{"rendered":"<p>Descente en Rafting pr\u00e9s de Gap Vous envisagez de faire du Rafting pr\u00e8s de Gap&nbsp;et vous ne savez pas comment vous y prendre pour choisir votre destination&nbsp;? Il existe, en effet, de nombreuses possibilit\u00e9s pour pratiquer le Rafting \u00e0 quelques encablures de Gap. Crazy Water Rafting vous propose de d\u00e9couvrir ces magnifiques endroits o\u00f9 vous [&hellip;]<\/p>\n","protected":false},"author":1,"featured_media":2536,"parent":0,"menu_order":0,"comment_status":"closed","ping_status":"closed","template":"","meta":{"_acf_changed":false,"footnotes":""},"class_list":["post-1995","page","type-page","status-publish","has-post-thumbnail","hentry"],"blocksy_meta":[],"acf":[],"yoast_head":"<!-- This site is optimized with the Yoast SEO plugin v27.5 - https:\/\/yoast.com\/product\/yoast-seo-wordpress\/ -->\n<title>Rafting pr\u00e8s de Gap : les meilleurs spots ! - Crazy Water Rafting<\/title>\n<meta name=\"description\" content=\"Crazy Water vous propose de d\u00e9couvrir ces magnifiques endroits propices pour votre descente en rafting pr\u00e9s de gap.\" \/>\n<meta name=\"robots\" content=\"index, follow, max-snippet:-1, max-image-preview:large, max-video-preview:-1\" \/>\n<link rel=\"canonical\" href=\"https:\/\/www.crazywater-rafting.com\/nl\/raften-in-de-buurt-van-kloof\/\" \/>\n<meta property=\"og:locale\" content=\"nl_NL\" \/>\n<meta property=\"og:type\" content=\"article\" \/>\n<meta property=\"og:title\" content=\"Rafting pr\u00e8s de Gap : les meilleurs spots ! - Crazy Water Rafting\" \/>\n<meta property=\"og:description\" content=\"Crazy Water vous propose de d\u00e9couvrir ces magnifiques endroits propices pour votre descente en rafting pr\u00e9s de gap.\" \/>\n<meta property=\"og:url\" content=\"https:\/\/www.crazywater-rafting.com\/nl\/raften-in-de-buurt-van-kloof\/\" \/>\n<meta property=\"og:site_name\" content=\"Crazy Water Rafting\" \/>\n<meta property=\"article:modified_time\" content=\"2026-03-17T18:34:22+00:00\" \/>\n<meta property=\"og:image\" content=\"https:\/\/www.crazywater-rafting.com\/wordpress\/wp-content\/uploads\/2024\/02\/Rafting-1.jpg\" \/>\n\t<meta property=\"og:image:width\" content=\"1920\" \/>\n\t<meta property=\"og:image:height\" content=\"1280\" \/>\n\t<meta property=\"og:image:type\" content=\"image\/jpeg\" \/>\n<meta name=\"twitter:card\" content=\"summary_large_image\" \/>\n<meta name=\"twitter:label1\" content=\"Geschatte leestijd\" \/>\n\t<meta name=\"twitter:data1\" content=\"4 minuten\" \/>\n<script type=\"application\/ld+json\" class=\"yoast-schema-graph\">{\"@context\":\"https:\\\/\\\/schema.org\",\"@graph\":[{\"@type\":\"WebPage\",\"@id\":\"https:\\\/\\\/www.crazywater-rafting.com\\\/rafting-pres-de-gap\\\/\",\"url\":\"https:\\\/\\\/www.crazywater-rafting.com\\\/rafting-pres-de-gap\\\/\",\"name\":\"Rafting pr\u00e8s de Gap : les meilleurs spots ! - Crazy Water Rafting\",\"isPartOf\":{\"@id\":\"https:\\\/\\\/www.crazywater-rafting.com\\\/#website\"},\"primaryImageOfPage\":{\"@id\":\"https:\\\/\\\/www.crazywater-rafting.com\\\/rafting-pres-de-gap\\\/#primaryimage\"},\"image\":{\"@id\":\"https:\\\/\\\/www.crazywater-rafting.com\\\/rafting-pres-de-gap\\\/#primaryimage\"},\"thumbnailUrl\":\"https:\\\/\\\/www.crazywater-rafting.com\\\/wordpress\\\/wp-content\\\/uploads\\\/2024\\\/02\\\/Rafting-1.jpg\",\"datePublished\":\"2024-01-19T09:02:19+00:00\",\"dateModified\":\"2026-03-17T18:34:22+00:00\",\"description\":\"Crazy Water vous propose de d\u00e9couvrir ces magnifiques endroits propices pour votre descente en rafting pr\u00e9s de gap.\",\"breadcrumb\":{\"@id\":\"https:\\\/\\\/www.crazywater-rafting.com\\\/rafting-pres-de-gap\\\/#breadcrumb\"},\"inLanguage\":\"nl-NL\",\"potentialAction\":[{\"@type\":\"ReadAction\",\"target\":[\"https:\\\/\\\/www.crazywater-rafting.com\\\/rafting-pres-de-gap\\\/\"]}]},{\"@type\":\"ImageObject\",\"inLanguage\":\"nl-NL\",\"@id\":\"https:\\\/\\\/www.crazywater-rafting.com\\\/rafting-pres-de-gap\\\/#primaryimage\",\"url\":\"https:\\\/\\\/www.crazywater-rafting.com\\\/wordpress\\\/wp-content\\\/uploads\\\/2024\\\/02\\\/Rafting-1.jpg\",\"contentUrl\":\"https:\\\/\\\/www.crazywater-rafting.com\\\/wordpress\\\/wp-content\\\/uploads\\\/2024\\\/02\\\/Rafting-1.jpg\",\"width\":1920,\"height\":1280,\"caption\":\"Rafting pr\u00e9s de Gap\"},{\"@type\":\"BreadcrumbList\",\"@id\":\"https:\\\/\\\/www.crazywater-rafting.com\\\/rafting-pres-de-gap\\\/#breadcrumb\",\"itemListElement\":[{\"@type\":\"ListItem\",\"position\":1,\"name\":\"Accueil\",\"item\":\"https:\\\/\\\/www.crazywater-rafting.com\\\/\"},{\"@type\":\"ListItem\",\"position\":2,\"name\":\"Rafting pr\u00e8s de Gap : les meilleurs spots !\"}]},{\"@type\":\"WebSite\",\"@id\":\"https:\\\/\\\/www.crazywater-rafting.com\\\/#website\",\"url\":\"https:\\\/\\\/www.crazywater-rafting.com\\\/\",\"name\":\"Crazy Water Rafting\",\"description\":\"\",\"publisher\":{\"@id\":\"https:\\\/\\\/www.crazywater-rafting.com\\\/#organization\"},\"potentialAction\":[{\"@type\":\"SearchAction\",\"target\":{\"@type\":\"EntryPoint\",\"urlTemplate\":\"https:\\\/\\\/www.crazywater-rafting.com\\\/?s={search_term_string}\"},\"query-input\":{\"@type\":\"PropertyValueSpecification\",\"valueRequired\":true,\"valueName\":\"search_term_string\"}}],\"inLanguage\":\"nl-NL\"},{\"@type\":\"Organization\",\"@id\":\"https:\\\/\\\/www.crazywater-rafting.com\\\/#organization\",\"name\":\"Crazy Water Rafting\",\"alternateName\":\"Crazy Water Rafting\",\"url\":\"https:\\\/\\\/www.crazywater-rafting.com\\\/\",\"logo\":{\"@type\":\"ImageObject\",\"inLanguage\":\"nl-NL\",\"@id\":\"https:\\\/\\\/www.crazywater-rafting.com\\\/#\\\/schema\\\/logo\\\/image\\\/\",\"url\":\"https:\\\/\\\/www.crazywater-rafting.com\\\/wordpress\\\/wp-content\\\/uploads\\\/2024\\\/02\\\/Logo-Crazy-Water.jpg\",\"contentUrl\":\"https:\\\/\\\/www.crazywater-rafting.com\\\/wordpress\\\/wp-content\\\/uploads\\\/2024\\\/02\\\/Logo-Crazy-Water.jpg\",\"width\":1092,\"height\":592,\"caption\":\"Crazy Water Rafting\"},\"image\":{\"@id\":\"https:\\\/\\\/www.crazywater-rafting.com\\\/#\\\/schema\\\/logo\\\/image\\\/\"},\"sameAs\":[\"https:\\\/\\\/www.reddit.com\\\/user\\\/Crazy-Water-Rafting\\\/\",\"https:\\\/\\\/www.linkedin.com\\\/in\\\/crazy-water-rafting-ubaye-08987b67\\\/\"]}]}<\/script>\n<!-- \/ Yoast SEO plugin. -->","yoast_head_json":{"title":"Raften bij Gap: de beste plekken! - Gekke waterraften","description":"Crazy Water nodigt u uit om deze prachtige plekken te ontdekken die geschikt zijn voor uw raftingafdaling nabij de kloof.","robots":{"index":"index","follow":"follow","max-snippet":"max-snippet:-1","max-image-preview":"max-image-preview:large","max-video-preview":"max-video-preview:-1"},"canonical":"https:\/\/www.crazywater-rafting.com\/nl\/raften-in-de-buurt-van-kloof\/","og_locale":"nl_NL","og_type":"article","og_title":"Rafting pr\u00e8s de Gap : les meilleurs spots ! - Crazy Water Rafting","og_description":"Crazy Water vous propose de d\u00e9couvrir ces magnifiques endroits propices pour votre descente en rafting pr\u00e9s de gap.","og_url":"https:\/\/www.crazywater-rafting.com\/nl\/raften-in-de-buurt-van-kloof\/","og_site_name":"Crazy Water Rafting","article_modified_time":"2026-03-17T18:34:22+00:00","og_image":[{"width":1920,"height":1280,"url":"https:\/\/www.crazywater-rafting.com\/wordpress\/wp-content\/uploads\/2024\/02\/Rafting-1.jpg","type":"image\/jpeg"}],"twitter_card":"summary_large_image","twitter_misc":{"Geschatte leestijd":"4 minuten"},"schema":{"@context":"https:\/\/schema.org","@graph":[{"@type":"WebPage","@id":"https:\/\/www.crazywater-rafting.com\/rafting-pres-de-gap\/","url":"https:\/\/www.crazywater-rafting.com\/rafting-pres-de-gap\/","name":"Raften bij Gap: de beste plekken! - Gekke waterraften","isPartOf":{"@id":"https:\/\/www.crazywater-rafting.com\/#website"},"primaryImageOfPage":{"@id":"https:\/\/www.crazywater-rafting.com\/rafting-pres-de-gap\/#primaryimage"},"image":{"@id":"https:\/\/www.crazywater-rafting.com\/rafting-pres-de-gap\/#primaryimage"},"thumbnailUrl":"https:\/\/www.crazywater-rafting.com\/wordpress\/wp-content\/uploads\/2024\/02\/Rafting-1.jpg","datePublished":"2024-01-19T09:02:19+00:00","dateModified":"2026-03-17T18:34:22+00:00","description":"Crazy Water nodigt u uit om deze prachtige plekken te ontdekken die geschikt zijn voor uw raftingafdaling nabij de kloof.","breadcrumb":{"@id":"https:\/\/www.crazywater-rafting.com\/rafting-pres-de-gap\/#breadcrumb"},"inLanguage":"nl-NL","potentialAction":[{"@type":"ReadAction","target":["https:\/\/www.crazywater-rafting.com\/rafting-pres-de-gap\/"]}]},{"@type":"ImageObject","inLanguage":"nl-NL","@id":"https:\/\/www.crazywater-rafting.com\/rafting-pres-de-gap\/#primaryimage","url":"https:\/\/www.crazywater-rafting.com\/wordpress\/wp-content\/uploads\/2024\/02\/Rafting-1.jpg","contentUrl":"https:\/\/www.crazywater-rafting.com\/wordpress\/wp-content\/uploads\/2024\/02\/Rafting-1.jpg","width":1920,"height":1280,"caption":"Rafting pr\u00e9s de Gap"},{"@type":"BreadcrumbList","@id":"https:\/\/www.crazywater-rafting.com\/rafting-pres-de-gap\/#breadcrumb","itemListElement":[{"@type":"ListItem","position":1,"name":"Accueil","item":"https:\/\/www.crazywater-rafting.com\/"},{"@type":"ListItem","position":2,"name":"Rafting pr\u00e8s de Gap : les meilleurs spots !"}]},{"@type":"WebSite","@id":"https:\/\/www.crazywater-rafting.com\/#website","url":"https:\/\/www.crazywater-rafting.com\/","name":"Gekke waterraften","description":"","publisher":{"@id":"https:\/\/www.crazywater-rafting.com\/#organization"},"potentialAction":[{"@type":"SearchAction","target":{"@type":"EntryPoint","urlTemplate":"https:\/\/www.crazywater-rafting.com\/?s={search_term_string}"},"query-input":{"@type":"PropertyValueSpecification","valueRequired":true,"valueName":"search_term_string"}}],"inLanguage":"nl-NL"},{"@type":"Organization","@id":"https:\/\/www.crazywater-rafting.com\/#organization","name":"Gekke waterraften","alternateName":"Crazy Water Rafting","url":"https:\/\/www.crazywater-rafting.com\/","logo":{"@type":"ImageObject","inLanguage":"nl-NL","@id":"https:\/\/www.crazywater-rafting.com\/#\/schema\/logo\/image\/","url":"https:\/\/www.crazywater-rafting.com\/wordpress\/wp-content\/uploads\/2024\/02\/Logo-Crazy-Water.jpg","contentUrl":"https:\/\/www.crazywater-rafting.com\/wordpress\/wp-content\/uploads\/2024\/02\/Logo-Crazy-Water.jpg","width":1092,"height":592,"caption":"Crazy Water Rafting"},"image":{"@id":"https:\/\/www.crazywater-rafting.com\/#\/schema\/logo\/image\/"},"sameAs":["https:\/\/www.reddit.com\/user\/Crazy-Water-Rafting\/","https:\/\/www.linkedin.com\/in\/crazy-water-rafting-ubaye-08987b67\/"]}]}},"_links":{"self":[{"href":"https:\/\/www.crazywater-rafting.com\/nl\/wp-json\/wp\/v2\/pages\/1995","targetHints":{"allow":["GET"]}}],"collection":[{"href":"https:\/\/www.crazywater-rafting.com\/nl\/wp-json\/wp\/v2\/pages"}],"about":[{"href":"https:\/\/www.crazywater-rafting.com\/nl\/wp-json\/wp\/v2\/types\/page"}],"author":[{"embeddable":true,"href":"https:\/\/www.crazywater-rafting.com\/nl\/wp-json\/wp\/v2\/users\/1"}],"replies":[{"embeddable":true,"href":"https:\/\/www.crazywater-rafting.com\/nl\/wp-json\/wp\/v2\/comments?post=1995"}],"version-history":[{"count":7,"href":"https:\/\/www.crazywater-rafting.com\/nl\/wp-json\/wp\/v2\/pages\/1995\/revisions"}],"predecessor-version":[{"id":3798,"href":"https:\/\/www.crazywater-rafting.com\/nl\/wp-json\/wp\/v2\/pages\/1995\/revisions\/3798"}],"wp:featuredmedia":[{"embeddable":true,"href":"https:\/\/www.crazywater-rafting.com\/nl\/wp-json\/wp\/v2\/media\/2536"}],"wp:attachment":[{"href":"https:\/\/www.crazywater-rafting.com\/nl\/wp-json\/wp\/v2\/media?parent=1995"}],"curies":[{"name":"wp","href":"https:\/\/api.w.org\/{rel}","templated":true}]}}