{"id":1991,"date":"2024-01-19T10:02:19","date_gmt":"2024-01-19T09:02:19","guid":{"rendered":"https:\/\/crazywater.animal-societe.com\/?page_id=1991"},"modified":"2026-03-17T19:37:50","modified_gmt":"2026-03-17T18:37:50","slug":"raften-in-de-provence","status":"publish","type":"page","link":"https:\/\/www.crazywater-rafting.com\/nl\/rafting-alpes-de-haute-provence\/rafting-en-provence\/","title":{"rendered":"Raften in de Provence: de beste plekken om te overwegen"},"content":{"rendered":"<section class=\"wp-block-group texte-simple is-layout-constrained wp-block-group-is-layout-constrained\">\n<h2 class=\"wp-block-heading\">Raften in de Provence-Alpes 04<\/h2>\n\n\n\n<p>La Provence regorge de rivi\u00e8res de qualit\u00e9, vari\u00e9es et favorables \u00e0 la pratique du Rafting. Cependant, face \u00e0 ce grand nombre de ces rivi\u00e8res, le choix peut s&rsquo;av\u00e9rer difficile pour les n\u00e9ophytes comme pour les rafteurs exp\u00e9riment\u00e9s. Vous aussi peinez \u00e0 choisir le meilleur spot pour votre prochaine descente en Rafting en Provence&nbsp;? Crazy Water Rafting vous aide \u00e0 faire le meilleur choix. D\u00e9couvrez notre s\u00e9lection des meilleures destinations pour faire du <strong>Raften in de Provence<\/strong>.<\/p>\n<\/section>\n\n\n\n<section class=\"wp-block-group is-layout-constrained wp-block-group-is-layout-constrained\">\n<div class=\"wp-block-columns are-vertically-aligned-center is-layout-flex wp-container-core-columns-is-layout-28f84493 wp-block-columns-is-layout-flex\">\n<div class=\"wp-block-column is-vertically-aligned-center is-layout-flow wp-block-column-is-layout-flow\" style=\"flex-basis:30%\">\n<figure data-wp-context=\"{&quot;imageId&quot;:&quot;69e01d0c316c3&quot;}\" data-wp-interactive=\"core\/image\" data-wp-key=\"69e01d0c316c3\" class=\"wp-block-image size-large wp-lightbox-container\"><img loading=\"lazy\" decoding=\"async\" width=\"683\" height=\"1024\" data-wp-class--hide=\"state.isContentHidden\" data-wp-class--show=\"state.isContentVisible\" data-wp-init=\"callbacks.setButtonStyles\" data-wp-on--click=\"actions.showLightbox\" data-wp-on--load=\"callbacks.setButtonStyles\" data-wp-on-window--resize=\"callbacks.setButtonStyles\" src=\"https:\/\/www.crazywater-rafting.com\/wordpress\/wp-content\/uploads\/2024\/02\/Rafting-en-Provence-683x1024.jpg\" alt=\"le Rafting qui passe en Provence Alpes sur la rivi\u00e8re Ubaye\" class=\"wp-image-2725\" style=\"aspect-ratio:3\/4;object-fit:cover\" srcset=\"https:\/\/www.crazywater-rafting.com\/wordpress\/wp-content\/uploads\/2024\/02\/Rafting-en-Provence-683x1024.jpg 683w, https:\/\/www.crazywater-rafting.com\/wordpress\/wp-content\/uploads\/2024\/02\/Rafting-en-Provence-200x300.jpg 200w, https:\/\/www.crazywater-rafting.com\/wordpress\/wp-content\/uploads\/2024\/02\/Rafting-en-Provence-768x1152.jpg 768w, https:\/\/www.crazywater-rafting.com\/wordpress\/wp-content\/uploads\/2024\/02\/Rafting-en-Provence-1024x1536.jpg 1024w, https:\/\/www.crazywater-rafting.com\/wordpress\/wp-content\/uploads\/2024\/02\/Rafting-en-Provence-8x12.jpg 8w, https:\/\/www.crazywater-rafting.com\/wordpress\/wp-content\/uploads\/2024\/02\/Rafting-en-Provence.jpg 1280w\" sizes=\"auto, (max-width: 683px) 100vw, 683px\" \/><button\n\t\t\tclass=\"lightbox-trigger\"\n\t\t\ttype=\"button\"\n\t\t\taria-haspopup=\"dialog\"\n\t\t\taria-label=\"Vergroten\"\n\t\t\tdata-wp-init=\"callbacks.initTriggerButton\"\n\t\t\tdata-wp-on--click=\"actions.showLightbox\"\n\t\t\tdata-wp-style--right=\"state.imageButtonRight\"\n\t\t\tdata-wp-style--top=\"state.imageButtonTop\"\n\t\t>\n\t\t\t<svg xmlns=\"http:\/\/www.w3.org\/2000\/svg\" width=\"12\" height=\"12\" fill=\"none\" viewbox=\"0 0 12 12\">\n\t\t\t\t<path fill=\"#fff\" d=\"M2 0a2 2 0 0 0-2 2v2h1.5V2a.5.5 0 0 1 .5-.5h2V0H2Zm2 10.5H2a.5.5 0 0 1-.5-.5V8H0v2a2 2 0 0 0 2 2h2v-1.5ZM8 12v-1.5h2a.5.5 0 0 0 .5-.5V8H12v2a2 2 0 0 1-2 2H8Zm2-12a2 2 0 0 1 2 2v2h-1.5V2a.5.5 0 0 0-.5-.5H8V0h2Z\" \/>\n\t\t\t<\/svg>\n\t\t<\/button><\/figure>\n<\/div>\n\n\n\n<div class=\"wp-block-column is-vertically-aligned-center is-layout-flow wp-block-column-is-layout-flow\">\n<h2 class=\"wp-block-heading\">Raften in de Provence op de Ubaye, het beste!<\/h2>\n\n\n\n<p>De majestueuze rivier Ubaye is een referentie voor de praktijk van raften in de Provence. Tijdens de vakanties en de hele zomer verwelkomt het veel wildwaterliefhebbers.<\/p>\n\n\n\n<p>Als u op zoek bent naar een ideale plek, een prachtige rivier en een aangename plek om te raften in de Provence, raden wij u aan voor Ubaye te kiezen. Deze rivier heeft alles om u tevreden te stellen. Ze biedt je aan <strong>50 kilometer <\/strong>en heeft <strong>veel <a data-type=\"page\" data-id=\"142\" href=\"https:\/\/www.crazywater-rafting.com\/nl\/onze-wildwaterbanen\/\">Parcours<\/a><\/strong> die alle liefhebbers van wildwatersporten die het bezoeken, verrukken. <\/p>\n<\/div>\n<\/div>\n<\/section>\n\n\n\n<section class=\"wp-block-group texte-simple is-layout-constrained wp-block-group-is-layout-constrained\">\n<p>Neem de tijd om de cursussen te identificeren die bij u passen. Het is het beste om met de makkelijke gedeelten te beginnen en te kijken hoe u zich voelt voordat u overweegt door te gaan naar de moeilijke gedeelten. Doen <a href=\"https:\/\/www.crazywater-rafting.com\/nl\/\">Raften op de Ubaye<\/a>, het is ook een droomkans om het prachtige en charmante landschap rondom deze rivier te ontdekken.<\/p>\n\n\n\n<p>Goed ge\u00efnstalleerd op uw vlot en voortbewegend met uw peddel, kunt u de <strong>natuurlijk landschap<\/strong> van de rivier. Bossen, bergen en toppen zullen je gedurende de hele route verblinden. <\/p>\n\n\n\n<p>Dankzij de goed bewaarde natuur zullen liefhebbers van deze leuke activiteit op deze plek een perfecte plek kunnen vinden <strong>veel plezier en laad uw batterijen op<\/strong>.<\/p>\n<\/section>\n\n\n\n<p>\ud83d\udc49 <strong>Lees ook<\/strong> : <a href=\"https:\/\/www.crazywater-rafting.com\/nl\/raften-in-de-buurt-van-kloof\/\" target=\"_blank\" rel=\"noreferrer noopener\">Le rafting pr\u00e8s de Gap<\/a><\/p>\n\n\n\n<section class=\"wp-block-group is-layout-constrained wp-block-group-is-layout-constrained\">\n<div class=\"wp-block-columns are-vertically-aligned-center is-layout-flex wp-container-core-columns-is-layout-28f84493 wp-block-columns-is-layout-flex\">\n<div class=\"wp-block-column is-vertically-aligned-center is-layout-flow wp-block-column-is-layout-flow\" style=\"flex-basis:30%\">\n<figure class=\"wp-block-image size-large\"><img loading=\"lazy\" decoding=\"async\" width=\"768\" height=\"1024\" src=\"https:\/\/www.crazywater-rafting.com\/wordpress\/wp-content\/uploads\/2023\/12\/roya-gorge-ge512e83c5_1920-768x1024.jpg\" alt=\"la Roya qui coule tranquillement en passant sous un pont m\u00e9di\u00e9val\" class=\"wp-image-680\" style=\"aspect-ratio:3\/4;object-fit:cover\" srcset=\"https:\/\/www.crazywater-rafting.com\/wordpress\/wp-content\/uploads\/2023\/12\/roya-gorge-ge512e83c5_1920-768x1024.jpg 768w, https:\/\/www.crazywater-rafting.com\/wordpress\/wp-content\/uploads\/2023\/12\/roya-gorge-ge512e83c5_1920-225x300.jpg 225w, https:\/\/www.crazywater-rafting.com\/wordpress\/wp-content\/uploads\/2023\/12\/roya-gorge-ge512e83c5_1920-1152x1536.jpg 1152w, https:\/\/www.crazywater-rafting.com\/wordpress\/wp-content\/uploads\/2023\/12\/roya-gorge-ge512e83c5_1920.jpg 1440w\" sizes=\"auto, (max-width: 768px) 100vw, 768px\" \/><\/figure>\n<\/div>\n\n\n\n<div class=\"wp-block-column is-vertically-aligned-center is-layout-flow wp-block-column-is-layout-flow\">\n<h2 class=\"wp-block-heading\">De afdaling van de Roya<\/h2>\n\n\n\n<p>Hier is een rivier met helder water die geschikt is voor raften in de Provence, een vallei die de mensen die deze bezoeken verleidt dankzij de vele attracties. <strong>La Roya<\/strong> biedt tal van cursussen voor het beoefenen van raften.<\/p>\n\n\n\n<p>Deze afdalingen zijn technisch met stroomversnellingen die de activiteit sensationeel maken. Als u voor deze afdaling kiest, zult u zeker vol emoties zijn. <\/p>\n\n\n\n<p>La Roya biedt stroomversnellingen van niveau 2 tot 3.<\/p>\n\n\n\n<p>Enfin, si <strong>la Roya<\/strong> attire de nombreux rafteurs, c\u2019est aussi gr\u00e2ce \u00e0 son beau paysage \ud83d\ude0a<\/p>\n\n\n\n<p>Il s\u2019agit d\u2019une vall\u00e9e \u00e0 la v\u00e9g\u00e9tation luxuriante et qui offre \u00e0 tous ses visiteurs, un cadre parfait pour la pratique du<a href=\"https:\/\/www.crazywater-rafting.com\/nl\/lekker-raften\/\" target=\"_blank\" rel=\"noreferrer noopener\"> Rafting \u00e0 Nice<\/a>, mais aussi un environnement naturel, agr\u00e9able et vivable. Une parfaite destination donc pour vous si vous \u00eates amoureux de la nature&nbsp;!<\/p>\n\n\n\n<p>D&rsquo;ailleurs, vous pourrez aussi vous balader du c\u00f4t\u00e9 des affluents de la<strong> Roya<\/strong> si le c\u0153ur vous en dit notamment le Vallon de la Consciente et le Vallon de Groa. Ce dernier proposera aux randonneurs de jolis panoramas !<\/p>\n<\/div>\n<\/div>\n<\/section>\n\n\n\n<section class=\"wp-block-group texte-simple is-layout-constrained wp-block-group-is-layout-constrained\">\n<h2 class=\"wp-block-heading\">Raften in de Provence in de Gorges de Verdon<\/h2>\n\n\n\n<p>Vous avez toujours eu un faible pour le <strong>Raften<\/strong> et vous souhaitez pratiquer votre sport pr\u00e9f\u00e9r\u00e9 cet \u00e9t\u00e9&nbsp;?<\/p>\n\n\n\n<p>Perfect ! <\/p>\n\n\n\n<p>Het is een geweldig idee om je een dag bezig te houden en te schuilen voor de hitte. Maar welke bestemming moet je kiezen? Welke site is het meest geschikt om deze activiteit te beoefenen? Als u in de Provence woont, bieden wij u aan om u naar de <strong>Verdon-kloof<\/strong>. <\/p>\n\n\n\n<p><a href=\"https:\/\/www.crazywater-rafting.com\/nl\/raften-gorges-du-verdon\/\" target=\"_blank\" rel=\"noreferrer noopener\">Gorges du Verdon<\/a> sont tr\u00e8s populaires pour les sports nautiques, en particulier le Rafting, en raison de la beaut\u00e9 naturelle de la r\u00e9gion et de la pr\u00e9sence de rapides stimulants.<\/p>\n<\/section>\n\n\n\n<section class=\"wp-block-group is-layout-constrained wp-block-group-is-layout-constrained\">\n<div class=\"wp-block-columns are-vertically-aligned-center is-layout-flex wp-container-core-columns-is-layout-28f84493 wp-block-columns-is-layout-flex\">\n<div class=\"wp-block-column is-vertically-aligned-center is-layout-flow wp-block-column-is-layout-flow\" style=\"flex-basis:30%\">\n<figure class=\"wp-block-image size-large\"><img loading=\"lazy\" decoding=\"async\" width=\"1024\" height=\"768\" src=\"https:\/\/www.crazywater-rafting.com\/wordpress\/wp-content\/uploads\/2023\/12\/Les-Gorges-du-Verdon-1024x768.jpg\" alt=\"Gorge du Verdon en rafting, on peut apercevoir le verdon qui coule entre deux grande gorges\" class=\"wp-image-1015\" style=\"aspect-ratio:3\/4;object-fit:cover\" srcset=\"https:\/\/www.crazywater-rafting.com\/wordpress\/wp-content\/uploads\/2023\/12\/Les-Gorges-du-Verdon-1024x768.jpg 1024w, https:\/\/www.crazywater-rafting.com\/wordpress\/wp-content\/uploads\/2023\/12\/Les-Gorges-du-Verdon-300x225.jpg 300w, https:\/\/www.crazywater-rafting.com\/wordpress\/wp-content\/uploads\/2023\/12\/Les-Gorges-du-Verdon-768x576.jpg 768w, https:\/\/www.crazywater-rafting.com\/wordpress\/wp-content\/uploads\/2023\/12\/Les-Gorges-du-Verdon-1536x1152.jpg 1536w, https:\/\/www.crazywater-rafting.com\/wordpress\/wp-content\/uploads\/2023\/12\/Les-Gorges-du-Verdon.jpg 2048w\" sizes=\"auto, (max-width: 1024px) 100vw, 1024px\" \/><\/figure>\n<\/div>\n\n\n\n<div class=\"wp-block-column is-vertically-aligned-center is-layout-flow wp-block-column-is-layout-flow\">\n<p>De kloven zelf zijn ongelooflijk indrukwekkend, met hoge rotswanden en kristalhelder water dat door het landschap slingert. <\/p>\n\n\n\n<p>De stroomversnellingen zelf zijn gevarieerd en bieden ervaringen <strong>voor beginners en ervaren roeiers<\/strong>. De niveaus van de stroomversnellingen vari\u00ebren afhankelijk van de toestand van de rivier, maar sommige stroomversnellingen kunnen moeilijkheidsgraden tot klasse III bereiken.<\/p>\n\n\n\n<p>Le parcours de Rafting typique <strong>des Gorges du Verdon<\/strong> comprend plusieurs sections, chacune avec ses propres caract\u00e9ristiques et ses difficult\u00e9s. Le parcours commence g\u00e9n\u00e9ralement \u00e0 Castellane et suit la rivi\u00e8re jusqu&rsquo;au lac de Sainte-Croix. Certains passages notables incluent le \u00ab\u00a0Saut de la Baou\u00a0\u00bb et le \u00ab\u00a0Styx\u00a0\u00bb, qui offrent des rapides de classe IV et III respectivement. Un parcours qui se pratique en Randonn\u00e9e aquatique.<\/p>\n\n\n\n<p>Naast raften zijn er veel dingen te zien en te doen in de regio Gorges du Verdon. Wandelaars kunnen de paden verkennen die rond de kloof slingeren en een fantastisch uitzicht bieden op het omliggende landschap. Er zijn ook verschillende uitkijkposten en schilderachtige uitkijkpunten, zoals de <a href=\"https:\/\/www.verdontourisme.com\/offres\/le-point-sublime-rougon-fr-2987923\/\">Subliem punt<\/a> en het Balcon de la Mescla, dat een adembenemend uitzicht op de kloven biedt.<\/p>\n<\/div>\n<\/div>\n<\/section>\n\n\n\n<section class=\"wp-block-group texte-simple is-layout-constrained wp-block-group-is-layout-constrained\">\n<h2 class=\"wp-block-heading\">Ontdekking van La Durance door te raften<\/h2>\n\n\n\n<p>Onmogelijk om de af te slaan<strong> Durance<\/strong> in een pagina op de vlekken van <strong>Raften in de Provence<\/strong>&nbsp;\ud83d\ude42 <\/p>\n\n\n\n<p>Als u in deze regio wilt raften, moet u bij het kiezen van een plek noodzakelijkerwijs rekening houden met de Durance. Zeer weinig rivieren in de Provence en zelfs in Frankrijk hebben de rust van de Durance.<\/p>\n\n\n\n<p>De talrijke stroomversnellingen, draaikolken en looplijnen van deze rivier maken het tot een bestemming bij uitstek voor een goede ontdekkingsraftingtocht. De Durance biedt raftingliefhebbers verschillende afdalingen waaruit ze de routes kunnen kiezen die het beste bij hen passen.<\/p>\n\n\n\n<p>De andere grote troef van de Durance is het schilderachtige landschap dat aan deze rivier grenst. Als u deze plek kiest voor uw raftingactiviteit, betekent dit dat u de kans krijgt om prachtige natuurlijke landschappen te aanschouwen.<\/p>\n\n\n\n<p>Pr\u00eat pour une partie de<strong> Raften in de Provence<\/strong>&nbsp;? Choisissez le spot qui vous s\u00e9duit et offrez-vous de merveilleux moments.<\/p>\n<\/section>","protected":false},"excerpt":{"rendered":"<p>Raften in de Provence is onmiskenbaar de meest populaire wateractiviteit in de Zuidelijke Alpen. Of het nu in Ubaye, Durance, Verdon of Roya is, de keuze is enorm.<\/p>","protected":false},"author":1,"featured_media":2726,"parent":2004,"menu_order":0,"comment_status":"closed","ping_status":"closed","template":"","meta":{"_acf_changed":false,"footnotes":""},"class_list":["post-1991","page","type-page","status-publish","has-post-thumbnail","hentry"],"blocksy_meta":[],"acf":[],"yoast_head":"<!-- This site is optimized with the Yoast SEO plugin v27.4 - https:\/\/yoast.com\/product\/yoast-seo-wordpress\/ -->\n<title>Rafting en Provence\u00a0: les meilleurs spots \u00e0 consid\u00e9rer - Crazy Water Rafting<\/title>\n<meta name=\"description\" content=\"Embarquez pour une aventure rafting en Provence avec Crazy Water et d\u00e9couvrez les meilleurs spots de la r\u00e9gion !\" \/>\n<meta name=\"robots\" content=\"index, follow, max-snippet:-1, max-image-preview:large, max-video-preview:-1\" \/>\n<link rel=\"canonical\" href=\"https:\/\/www.crazywater-rafting.com\/nl\/raften-04\/raften-in-de-provence\/\" \/>\n<meta property=\"og:locale\" content=\"nl_NL\" \/>\n<meta property=\"og:type\" content=\"article\" \/>\n<meta property=\"og:title\" content=\"Rafting en Provence\u00a0: les meilleurs spots \u00e0 consid\u00e9rer - Crazy Water Rafting\" \/>\n<meta property=\"og:description\" content=\"Embarquez pour une aventure rafting en Provence avec Crazy Water et d\u00e9couvrez les meilleurs spots de la r\u00e9gion !\" \/>\n<meta property=\"og:url\" content=\"https:\/\/www.crazywater-rafting.com\/nl\/raften-04\/raften-in-de-provence\/\" \/>\n<meta property=\"og:site_name\" content=\"Crazy Water Rafting\" \/>\n<meta property=\"article:modified_time\" content=\"2026-03-17T18:37:50+00:00\" \/>\n<meta property=\"og:image\" content=\"https:\/\/www.crazywater-rafting.com\/wordpress\/wp-content\/uploads\/2024\/02\/Rafting-Provence.jpg\" \/>\n\t<meta property=\"og:image:width\" content=\"1920\" \/>\n\t<meta property=\"og:image:height\" content=\"1280\" \/>\n\t<meta property=\"og:image:type\" content=\"image\/jpeg\" \/>\n<meta name=\"twitter:card\" content=\"summary_large_image\" \/>\n<meta name=\"twitter:label1\" content=\"Geschatte leestijd\" \/>\n\t<meta name=\"twitter:data1\" content=\"6 minuten\" \/>\n<script type=\"application\/ld+json\" class=\"yoast-schema-graph\">{\"@context\":\"https:\\\/\\\/schema.org\",\"@graph\":[{\"@type\":\"WebPage\",\"@id\":\"https:\\\/\\\/www.crazywater-rafting.com\\\/rafting-alpes-de-haute-provence\\\/rafting-en-provence\\\/\",\"url\":\"https:\\\/\\\/www.crazywater-rafting.com\\\/rafting-alpes-de-haute-provence\\\/rafting-en-provence\\\/\",\"name\":\"Rafting en Provence\u00a0: les meilleurs spots \u00e0 consid\u00e9rer - Crazy Water Rafting\",\"isPartOf\":{\"@id\":\"https:\\\/\\\/www.crazywater-rafting.com\\\/#website\"},\"primaryImageOfPage\":{\"@id\":\"https:\\\/\\\/www.crazywater-rafting.com\\\/rafting-alpes-de-haute-provence\\\/rafting-en-provence\\\/#primaryimage\"},\"image\":{\"@id\":\"https:\\\/\\\/www.crazywater-rafting.com\\\/rafting-alpes-de-haute-provence\\\/rafting-en-provence\\\/#primaryimage\"},\"thumbnailUrl\":\"https:\\\/\\\/www.crazywater-rafting.com\\\/wordpress\\\/wp-content\\\/uploads\\\/2024\\\/02\\\/Rafting-Provence.jpg\",\"datePublished\":\"2024-01-19T09:02:19+00:00\",\"dateModified\":\"2026-03-17T18:37:50+00:00\",\"description\":\"Embarquez pour une aventure rafting en Provence avec Crazy Water et d\u00e9couvrez les meilleurs spots de la r\u00e9gion !\",\"breadcrumb\":{\"@id\":\"https:\\\/\\\/www.crazywater-rafting.com\\\/rafting-alpes-de-haute-provence\\\/rafting-en-provence\\\/#breadcrumb\"},\"inLanguage\":\"nl-NL\",\"potentialAction\":[{\"@type\":\"ReadAction\",\"target\":[\"https:\\\/\\\/www.crazywater-rafting.com\\\/rafting-alpes-de-haute-provence\\\/rafting-en-provence\\\/\"]}]},{\"@type\":\"ImageObject\",\"inLanguage\":\"nl-NL\",\"@id\":\"https:\\\/\\\/www.crazywater-rafting.com\\\/rafting-alpes-de-haute-provence\\\/rafting-en-provence\\\/#primaryimage\",\"url\":\"https:\\\/\\\/www.crazywater-rafting.com\\\/wordpress\\\/wp-content\\\/uploads\\\/2024\\\/02\\\/Rafting-Provence.jpg\",\"contentUrl\":\"https:\\\/\\\/www.crazywater-rafting.com\\\/wordpress\\\/wp-content\\\/uploads\\\/2024\\\/02\\\/Rafting-Provence.jpg\",\"width\":1920,\"height\":1280,\"caption\":\"Rafting Provence\"},{\"@type\":\"BreadcrumbList\",\"@id\":\"https:\\\/\\\/www.crazywater-rafting.com\\\/rafting-alpes-de-haute-provence\\\/rafting-en-provence\\\/#breadcrumb\",\"itemListElement\":[{\"@type\":\"ListItem\",\"position\":1,\"name\":\"Accueil\",\"item\":\"https:\\\/\\\/www.crazywater-rafting.com\\\/\"},{\"@type\":\"ListItem\",\"position\":2,\"name\":\"Rafting dans les Alpes-de-Haute-Provence\",\"item\":\"https:\\\/\\\/www.crazywater-rafting.com\\\/rafting-alpes-de-haute-provence\\\/\"},{\"@type\":\"ListItem\",\"position\":3,\"name\":\"Rafting en Provence\u00a0: les meilleurs spots \u00e0 consid\u00e9rer\"}]},{\"@type\":\"WebSite\",\"@id\":\"https:\\\/\\\/www.crazywater-rafting.com\\\/#website\",\"url\":\"https:\\\/\\\/www.crazywater-rafting.com\\\/\",\"name\":\"Crazy Water Rafting\",\"description\":\"\",\"publisher\":{\"@id\":\"https:\\\/\\\/www.crazywater-rafting.com\\\/#organization\"},\"potentialAction\":[{\"@type\":\"SearchAction\",\"target\":{\"@type\":\"EntryPoint\",\"urlTemplate\":\"https:\\\/\\\/www.crazywater-rafting.com\\\/?s={search_term_string}\"},\"query-input\":{\"@type\":\"PropertyValueSpecification\",\"valueRequired\":true,\"valueName\":\"search_term_string\"}}],\"inLanguage\":\"nl-NL\"},{\"@type\":\"Organization\",\"@id\":\"https:\\\/\\\/www.crazywater-rafting.com\\\/#organization\",\"name\":\"Crazy Water Rafting\",\"alternateName\":\"Crazy Water Rafting\",\"url\":\"https:\\\/\\\/www.crazywater-rafting.com\\\/\",\"logo\":{\"@type\":\"ImageObject\",\"inLanguage\":\"nl-NL\",\"@id\":\"https:\\\/\\\/www.crazywater-rafting.com\\\/#\\\/schema\\\/logo\\\/image\\\/\",\"url\":\"https:\\\/\\\/www.crazywater-rafting.com\\\/wordpress\\\/wp-content\\\/uploads\\\/2024\\\/02\\\/Logo-Crazy-Water.jpg\",\"contentUrl\":\"https:\\\/\\\/www.crazywater-rafting.com\\\/wordpress\\\/wp-content\\\/uploads\\\/2024\\\/02\\\/Logo-Crazy-Water.jpg\",\"width\":1092,\"height\":592,\"caption\":\"Crazy Water Rafting\"},\"image\":{\"@id\":\"https:\\\/\\\/www.crazywater-rafting.com\\\/#\\\/schema\\\/logo\\\/image\\\/\"},\"sameAs\":[\"https:\\\/\\\/www.reddit.com\\\/user\\\/Crazy-Water-Rafting\\\/\",\"https:\\\/\\\/www.linkedin.com\\\/in\\\/crazy-water-rafting-ubaye-08987b67\\\/\"]}]}<\/script>\n<!-- \/ Yoast SEO plugin. -->","yoast_head_json":{"title":"Raften in de Provence: de beste plekken om te overwegen - Crazy Water Rafting","description":"Beleef een raftingavontuur in de Provence met Crazy Water en ontdek de beste plekjes in de regio!","robots":{"index":"index","follow":"follow","max-snippet":"max-snippet:-1","max-image-preview":"max-image-preview:large","max-video-preview":"max-video-preview:-1"},"canonical":"https:\/\/www.crazywater-rafting.com\/nl\/raften-04\/raften-in-de-provence\/","og_locale":"nl_NL","og_type":"article","og_title":"Rafting en Provence\u00a0: les meilleurs spots \u00e0 consid\u00e9rer - Crazy Water Rafting","og_description":"Embarquez pour une aventure rafting en Provence avec Crazy Water et d\u00e9couvrez les meilleurs spots de la r\u00e9gion !","og_url":"https:\/\/www.crazywater-rafting.com\/nl\/raften-04\/raften-in-de-provence\/","og_site_name":"Crazy Water Rafting","article_modified_time":"2026-03-17T18:37:50+00:00","og_image":[{"width":1920,"height":1280,"url":"https:\/\/www.crazywater-rafting.com\/wordpress\/wp-content\/uploads\/2024\/02\/Rafting-Provence.jpg","type":"image\/jpeg"}],"twitter_card":"summary_large_image","twitter_misc":{"Geschatte leestijd":"6 minuten"},"schema":{"@context":"https:\/\/schema.org","@graph":[{"@type":"WebPage","@id":"https:\/\/www.crazywater-rafting.com\/rafting-alpes-de-haute-provence\/rafting-en-provence\/","url":"https:\/\/www.crazywater-rafting.com\/rafting-alpes-de-haute-provence\/rafting-en-provence\/","name":"Raften in de Provence: de beste plekken om te overwegen - Crazy Water Rafting","isPartOf":{"@id":"https:\/\/www.crazywater-rafting.com\/#website"},"primaryImageOfPage":{"@id":"https:\/\/www.crazywater-rafting.com\/rafting-alpes-de-haute-provence\/rafting-en-provence\/#primaryimage"},"image":{"@id":"https:\/\/www.crazywater-rafting.com\/rafting-alpes-de-haute-provence\/rafting-en-provence\/#primaryimage"},"thumbnailUrl":"https:\/\/www.crazywater-rafting.com\/wordpress\/wp-content\/uploads\/2024\/02\/Rafting-Provence.jpg","datePublished":"2024-01-19T09:02:19+00:00","dateModified":"2026-03-17T18:37:50+00:00","description":"Beleef een raftingavontuur in de Provence met Crazy Water en ontdek de beste plekjes in de regio!","breadcrumb":{"@id":"https:\/\/www.crazywater-rafting.com\/rafting-alpes-de-haute-provence\/rafting-en-provence\/#breadcrumb"},"inLanguage":"nl-NL","potentialAction":[{"@type":"ReadAction","target":["https:\/\/www.crazywater-rafting.com\/rafting-alpes-de-haute-provence\/rafting-en-provence\/"]}]},{"@type":"ImageObject","inLanguage":"nl-NL","@id":"https:\/\/www.crazywater-rafting.com\/rafting-alpes-de-haute-provence\/rafting-en-provence\/#primaryimage","url":"https:\/\/www.crazywater-rafting.com\/wordpress\/wp-content\/uploads\/2024\/02\/Rafting-Provence.jpg","contentUrl":"https:\/\/www.crazywater-rafting.com\/wordpress\/wp-content\/uploads\/2024\/02\/Rafting-Provence.jpg","width":1920,"height":1280,"caption":"Rafting Provence"},{"@type":"BreadcrumbList","@id":"https:\/\/www.crazywater-rafting.com\/rafting-alpes-de-haute-provence\/rafting-en-provence\/#breadcrumb","itemListElement":[{"@type":"ListItem","position":1,"name":"Accueil","item":"https:\/\/www.crazywater-rafting.com\/"},{"@type":"ListItem","position":2,"name":"Rafting dans les Alpes-de-Haute-Provence","item":"https:\/\/www.crazywater-rafting.com\/rafting-alpes-de-haute-provence\/"},{"@type":"ListItem","position":3,"name":"Rafting en Provence\u00a0: les meilleurs spots \u00e0 consid\u00e9rer"}]},{"@type":"WebSite","@id":"https:\/\/www.crazywater-rafting.com\/#website","url":"https:\/\/www.crazywater-rafting.com\/","name":"Gekke waterraften","description":"","publisher":{"@id":"https:\/\/www.crazywater-rafting.com\/#organization"},"potentialAction":[{"@type":"SearchAction","target":{"@type":"EntryPoint","urlTemplate":"https:\/\/www.crazywater-rafting.com\/?s={search_term_string}"},"query-input":{"@type":"PropertyValueSpecification","valueRequired":true,"valueName":"search_term_string"}}],"inLanguage":"nl-NL"},{"@type":"Organization","@id":"https:\/\/www.crazywater-rafting.com\/#organization","name":"Gekke waterraften","alternateName":"Crazy Water Rafting","url":"https:\/\/www.crazywater-rafting.com\/","logo":{"@type":"ImageObject","inLanguage":"nl-NL","@id":"https:\/\/www.crazywater-rafting.com\/#\/schema\/logo\/image\/","url":"https:\/\/www.crazywater-rafting.com\/wordpress\/wp-content\/uploads\/2024\/02\/Logo-Crazy-Water.jpg","contentUrl":"https:\/\/www.crazywater-rafting.com\/wordpress\/wp-content\/uploads\/2024\/02\/Logo-Crazy-Water.jpg","width":1092,"height":592,"caption":"Crazy Water Rafting"},"image":{"@id":"https:\/\/www.crazywater-rafting.com\/#\/schema\/logo\/image\/"},"sameAs":["https:\/\/www.reddit.com\/user\/Crazy-Water-Rafting\/","https:\/\/www.linkedin.com\/in\/crazy-water-rafting-ubaye-08987b67\/"]}]}},"_links":{"self":[{"href":"https:\/\/www.crazywater-rafting.com\/nl\/wp-json\/wp\/v2\/pages\/1991","targetHints":{"allow":["GET"]}}],"collection":[{"href":"https:\/\/www.crazywater-rafting.com\/nl\/wp-json\/wp\/v2\/pages"}],"about":[{"href":"https:\/\/www.crazywater-rafting.com\/nl\/wp-json\/wp\/v2\/types\/page"}],"author":[{"embeddable":true,"href":"https:\/\/www.crazywater-rafting.com\/nl\/wp-json\/wp\/v2\/users\/1"}],"replies":[{"embeddable":true,"href":"https:\/\/www.crazywater-rafting.com\/nl\/wp-json\/wp\/v2\/comments?post=1991"}],"version-history":[{"count":6,"href":"https:\/\/www.crazywater-rafting.com\/nl\/wp-json\/wp\/v2\/pages\/1991\/revisions"}],"predecessor-version":[{"id":3800,"href":"https:\/\/www.crazywater-rafting.com\/nl\/wp-json\/wp\/v2\/pages\/1991\/revisions\/3800"}],"up":[{"embeddable":true,"href":"https:\/\/www.crazywater-rafting.com\/nl\/wp-json\/wp\/v2\/pages\/2004"}],"wp:featuredmedia":[{"embeddable":true,"href":"https:\/\/www.crazywater-rafting.com\/nl\/wp-json\/wp\/v2\/media\/2726"}],"wp:attachment":[{"href":"https:\/\/www.crazywater-rafting.com\/nl\/wp-json\/wp\/v2\/media?parent=1991"}],"curies":[{"name":"wp","href":"https:\/\/api.w.org\/{rel}","templated":true}]}}