{"id":1978,"date":"2024-01-19T10:02:19","date_gmt":"2024-01-19T09:02:19","guid":{"rendered":"https:\/\/crazywater.animal-societe.com\/?page_id=1978"},"modified":"2026-01-18T19:09:06","modified_gmt":"2026-01-18T18:09:06","slug":"hydrospeed-best-of-discovery-cursus","status":"publish","type":"page","link":"https:\/\/www.crazywater-rafting.com\/nl\/product\/hydrospeed-ubaye-barcelonnette\/hydrospeed-best-of-parcours-decouverte\/","title":{"rendered":"Hydrospeed Best Of Discovery-cursus"},"content":{"rendered":"<section class=\"wp-block-group texte-simple is-layout-constrained wp-block-group-is-layout-constrained\">\n<h2 class=\"wp-block-heading\">Ubaye: beleef de Hydrospeed Best-Of Discovery-tour<\/h2>\n\n\n\n<p>De rivier de Ubaye biedt ideale omstandigheden om te oefenen <strong>Hydrospeed voor alle niveaus<\/strong>, beginners en ervaren. Uitgerust met een vlotter en vinnen suist u onder begeleiding van een ervaren gids de rivier af. De Hydrospeed Best-Of Discovery-cursus is de ultieme wildwateractiviteit.<\/p>\n\n\n\n<p>Dompel jezelf onder in een natuurlijke en wilde wereld en geniet van een ervaring rijk aan <strong>spanning<\/strong> in de <strong>Barcelonnette-vallei<\/strong>.<\/p>\n\n\n\n<p class=\"has-large-font-size\">Hydrospeed Best-Of-tarief op Ubaye voor \u20ac 55\/persoon<\/p>\n\n\n\n<p>Deze formule omvat: alle uitrusting, de shuttle en de begeleiding van de riviergids tijdens een afdaling van 2 uur.<\/p>\n<\/section>\n\n\n\n<section class=\"wp-block-group is-layout-constrained wp-block-group-is-layout-constrained\">\n<div class=\"wp-block-columns are-vertically-aligned-center is-layout-flex wp-container-core-columns-is-layout-28f84493 wp-block-columns-is-layout-flex\">\n<div class=\"wp-block-column is-vertically-aligned-center is-layout-flow wp-block-column-is-layout-flow\" style=\"flex-basis:30%\">\n<figure class=\"wp-block-image size-large\"><img loading=\"lazy\" decoding=\"async\" width=\"683\" height=\"1024\" src=\"https:\/\/www.crazywater-rafting.com\/wordpress\/wp-content\/uploads\/2023\/12\/Hydrospeed-le-Lauzet-Ubaye-scaled-1-683x1024.jpg\" alt=\"Hydrospeed op de Ubaye onder de Romaanse brug van Lauzet\" class=\"wp-image-909\" style=\"aspect-ratio:3\/4;object-fit:cover\" srcset=\"https:\/\/www.crazywater-rafting.com\/wordpress\/wp-content\/uploads\/2023\/12\/Hydrospeed-le-Lauzet-Ubaye-scaled-1-683x1024.jpg 683w, https:\/\/www.crazywater-rafting.com\/wordpress\/wp-content\/uploads\/2023\/12\/Hydrospeed-le-Lauzet-Ubaye-scaled-1-200x300.jpg 200w, https:\/\/www.crazywater-rafting.com\/wordpress\/wp-content\/uploads\/2023\/12\/Hydrospeed-le-Lauzet-Ubaye-scaled-1-768x1152.jpg 768w, https:\/\/www.crazywater-rafting.com\/wordpress\/wp-content\/uploads\/2023\/12\/Hydrospeed-le-Lauzet-Ubaye-scaled-1-1024x1536.jpg 1024w, https:\/\/www.crazywater-rafting.com\/wordpress\/wp-content\/uploads\/2023\/12\/Hydrospeed-le-Lauzet-Ubaye-scaled-1-1366x2048.jpg 1366w, https:\/\/www.crazywater-rafting.com\/wordpress\/wp-content\/uploads\/2023\/12\/Hydrospeed-le-Lauzet-Ubaye-scaled-1.jpg 1707w\" sizes=\"auto, (max-width: 683px) 100vw, 683px\" \/><\/figure>\n<\/div>\n\n\n\n<div class=\"wp-block-column is-vertically-aligned-center is-layout-flow wp-block-column-is-layout-flow\">\n<h2 class=\"wp-block-heading\">Wat je moet weten over de Hydrospeed-activiteit in de Barcelonnette-vallei<\/h2>\n\n\n\n<h3 class=\"wp-block-heading\">Welkom op onze wildwaterbasis<\/h3>\n\n\n\n<p>Je hebt een Hydrospeed-sessie geboekt: de bijeenkomst vindt plaats bij Crazy Water Rafting, op Lauzet Ubaye 04340, gelegen bij de ingang van de Barcelonnette-vallei. Als u vroeg bent, kunt u ontspannen met een gratis kopje koffie en ook onze ontdekkingen doen <strong>natuurlijke en ongewone omgeving<\/strong> !<\/p>\n\n\n\n<p>Eenmaal bij de receptie geeft het Crazy Water-team je een neopreen wetsuit en de rest van de uitrusting (vest, helm, vinnen, hydrospeed, enz.). Na de uitrusting hebben we toegang tot het vertrek van de <a href=\"https:\/\/www.crazywater-rafting.com\/nl\/onze-wildwaterbanen\/\">rivier loop<\/a>, met onze minibus met 9 zitplaatsen.<\/p>\n\n\n\n<h3 class=\"wp-block-heading\">Laten we gaan voor het avontuur van de Hydrospeed Best-Of Discovery Course<\/h3>\n\n\n\n<p>Na een toelichting van de riviergids gaat u in een kleine groep het water op. De Hydrospeed-afdaling op de Ubaye is <strong>1u30 verkenning<\/strong> ongelooflijk waar je met je board door de stroomversnellingen raast en midden in een wilde rivier zwemt. De doorgang naar de <strong>smalle kloven van Lauzet<\/strong>, onder de Romeinse bruggen, draagt bij aan deze prachtige route.<\/p>\n<\/div>\n<\/div>\n<\/section>\n\n\n\n<section class=\"wp-block-group texte-simple is-layout-constrained wp-block-group-is-layout-constrained\">\n<h3 class=\"wp-block-heading\">Aquatische sensaties in een bergrivier <\/h3>\n\n\n\n<p>Als het parcours klaar is, goed gespoeld, haalt het minibusje je op bij de finish, om je terug te brengen naar de Crazy Waterbasis. Het is tijd om om te kleden en naar de foto&#039;s te kijken die langs de route zijn gemaakt. Als u dat wenst, kan de <strong>Fotodocumentaire<\/strong> zal beschikbaar zijn voor een zeer redelijke prijs.<\/p>\n\n\n\n<p>Nu je lichaam en geest erg moe zijn van je avontuur, zal het team van Crazy Water je hartelijk bedanken voor dit gedeelde moment en kun je \u201ckinderen\u201d aan het meer van Serre-Pon\u00e7on.<\/p>\n<\/section>\n\n\n\n<section class=\"wp-block-group alignfull is-layout-constrained wp-block-group-is-layout-constrained\">\n<div class=\"wp-block-columns is-layout-flex wp-container-core-columns-is-layout-28f84493 wp-block-columns-is-layout-flex\">\n<div class=\"wp-block-column is-layout-flow wp-block-column-is-layout-flow\" style=\"flex-basis:30%\">\n<h2 class=\"wp-block-heading\">Hydrospeed op het Beste Natuurlijk <\/h2>\n\n\n\n<div class=\"wp-block-buttons is-layout-flex wp-block-buttons-is-layout-flex\">\n<div class=\"wp-block-button\"><a class=\"wp-block-button__link wp-element-button\" href=\"https:\/\/www.crazywater-rafting.com\/nl\/booking\/\" target=\"_blank\" rel=\"noreferrer noopener\">online boeken<\/a><\/div>\n<\/div>\n<\/div>\n\n\n\n<div class=\"wp-block-column is-layout-flow wp-block-column-is-layout-flow\">\n<h3 class=\"wp-block-heading\">Waar is de legendarische baan voor wildwaterzwemmen?<\/h3>\n\n\n\n<p>De Ubaye is de rivier bij uitstek om te oefenen <strong>wildwatersporten in Frankrijk<\/strong>. Zijn reputatie komt van zijn<strong> Parcours<\/strong> gevarieerd met talloze stroomversnellingen en prachtige landschappen.<\/p>\n\n\n\n<p>Onze Crazy Water-ontvangstbasis bevindt zich in Lauzet-Ubaye, bij aankomst van de <strong>Hydrospeed-parcours in de Barcelonnette-vallei<\/strong>, praktisch bij de mond <a href=\"https:\/\/www.crazywater-rafting.com\/nl\/activiteit-van-het-broeikasponconmeer\/\" target=\"_blank\" rel=\"noreferrer noopener\">met het meer van Serre Pon\u00e7on.<\/a> We zijn heel dicht bij de wildwaterbaan van Ubaye, wat shuttle-tijd bespaart en dus meer tijd om plezier te hebben op het water!<\/p>\n\n\n\n<p>Het vertrek bevindt zich zeer precies bij het rustgebied LongeFessol, 2 km onder het dorp Martinet en 15 km van Barcelonnette, dus 6 km stroomopwaarts van de <a href=\"https:\/\/www.lauzetubaye.fr\/\" target=\"_blank\" rel=\"noreferrer noopener\">dorp Lauzet<\/a>. Je kunt de kaart van de Ubaye-rivier bekijken.<\/p>\n<\/div>\n<\/div>\n<\/section>\n\n\n\n<section class=\"wp-block-group is-layout-constrained wp-block-group-is-layout-constrained\">\n<div class=\"wp-block-columns are-vertically-aligned-center is-layout-flex wp-container-core-columns-is-layout-28f84493 wp-block-columns-is-layout-flex\">\n<div class=\"wp-block-column is-vertically-aligned-center is-layout-flow wp-block-column-is-layout-flow\" style=\"flex-basis:30%\">\n<figure class=\"wp-block-image size-large\"><img loading=\"lazy\" decoding=\"async\" width=\"683\" height=\"1024\" src=\"https:\/\/www.crazywater-rafting.com\/wordpress\/wp-content\/uploads\/2023\/12\/Hydrospeed-en-Famille-scaled-1-683x1024.jpg\" alt=\"Hydrospeed in Barcelonnette aan de Ubaye\" class=\"wp-image-906\" style=\"aspect-ratio:3\/4;object-fit:cover\" srcset=\"https:\/\/www.crazywater-rafting.com\/wordpress\/wp-content\/uploads\/2023\/12\/Hydrospeed-en-Famille-scaled-1-683x1024.jpg 683w, https:\/\/www.crazywater-rafting.com\/wordpress\/wp-content\/uploads\/2023\/12\/Hydrospeed-en-Famille-scaled-1-200x300.jpg 200w, https:\/\/www.crazywater-rafting.com\/wordpress\/wp-content\/uploads\/2023\/12\/Hydrospeed-en-Famille-scaled-1-768x1152.jpg 768w, https:\/\/www.crazywater-rafting.com\/wordpress\/wp-content\/uploads\/2023\/12\/Hydrospeed-en-Famille-scaled-1-1024x1536.jpg 1024w, https:\/\/www.crazywater-rafting.com\/wordpress\/wp-content\/uploads\/2023\/12\/Hydrospeed-en-Famille-scaled-1-1366x2048.jpg 1366w, https:\/\/www.crazywater-rafting.com\/wordpress\/wp-content\/uploads\/2023\/12\/Hydrospeed-en-Famille-scaled-1.jpg 1707w\" sizes=\"auto, (max-width: 683px) 100vw, 683px\" \/><\/figure>\n<\/div>\n\n\n\n<div class=\"wp-block-column is-vertically-aligned-center is-layout-flow wp-block-column-is-layout-flow\">\n<h2 class=\"wp-block-heading\">Wanneer kun je Hydrospeed doen op Ubaye?<\/h2>\n\n\n\n<p>C&rsquo;est un parcours de nage en eau-vive qui se navigue en<strong> dessous de 30 m\u00e8tres cubes secondes<\/strong> et jusqu&rsquo;au 6 m\u00e8tres cubes minimum. Nous avons g\u00e9n\u00e9ralement ces niveaux d&rsquo;eau de juillet \u00e0 septembre. C&rsquo;est la p\u00e9riode la plus propice pour d\u00e9couvrir une nature sauvage et glisser entre des incroyables rapides. <\/p>\n\n\n\n<p>Le niveau de l&rsquo;Ubaye nous est donn\u00e9e gr\u00e2ce \u00e0 <a href=\"https:\/\/rdbrmc.com\/hydroreel2\/station.php?codestation=779\" target=\"_blank\" rel=\"noreferrer noopener\">vigicrue<\/a> capt\u00e9 par une cellule \u00e0 <strong>Barcelonanette<\/strong> et une autre \u00e0 l&#8217;embouchure de l&rsquo;Ubaye et du lac de serre pon\u00e7on<\/p>\n\n\n\n<p>Au Printemps, lorsque l&rsquo;Ubaye d\u00e9passe son niveau d&rsquo;eau maximum pour la bonne pratique de l&rsquo;Hydrospeed, nous proposons un autre parcours qui se situe un peu plus haut dans la vall\u00e9e. C&rsquo;est le parcours surnomm\u00e9e \u00ab\u00a0TE-FE\u00a0\u00bb, au d\u00e9part du Village des Thuilles \u00e0 5 km en dessous de<strong> Barcelonanette<\/strong> et jusqu&rsquo;au village de la Fr\u00e9squi\u00e9re. C&rsquo;est un parcours \u00e0 volume, c&rsquo;est \u00e0 dire que l&rsquo;Ubaye est gorg\u00e9e d&rsquo;eau et que les rapides ne sont principalement que des vagues, ainsi vous exp\u00e9rimenterez de nouvelles sensations aquatiques.<\/p>\n\n\n\n<p>\ud83d\udc49\u00a0<strong>Lees ook\u00a0<\/strong>: <a href=\"https:\/\/www.crazywater-rafting.com\/nl\/water-niveau\/\" target=\"_blank\" rel=\"noreferrer noopener\">Waterpeil van de rivier de Ubaye<\/a><\/p>\n<\/div>\n<\/div>\n\n\n\n<section class=\"wp-block-group texte-simple is-layout-constrained wp-block-group-is-layout-constrained\">\n<h2 class=\"wp-block-heading\">5 goede redenen om bergafwaarts te gaan in de Hydrospeed Best-Of Discovery Route op de Ubaye?<\/h2>\n\n\n\n<ul class=\"wp-block-list\">\n<li>Het is een <strong>unieke ervaring<\/strong> : Hydrospeed op de Ubaye is een rivierafdaling die u unieke en exotische sensaties garandeert.<\/li>\n<\/ul>\n\n\n\n<ul class=\"wp-block-list\">\n<li>Ontdekken <strong>grandioze landschappen<\/strong> : door op de Ubaye te varen, profiteert u van een ander beeld van de Barcelonnette-vallei met diepe kloven.<\/li>\n<\/ul>\n\n\n\n<ul class=\"wp-block-list\">\n<li>A <strong>activiteit voor iedereen<\/strong> : vanaf 10 jaar is wildwaterzwemmen een toegankelijke sport die beoefend wordt door beginners. Weten hoe je moet zwemmen is natuurlijk essentieel.<\/li>\n<\/ul>\n\n\n\n<ul class=\"wp-block-list\">\n<li>A <strong>professionele begeleiding<\/strong> : een gediplomeerde zweminstructeur voor een groep van 6 personen. De afdaling op de Ubaye is zeer leerzaam, u leert snel uw vlotter beheersen.<\/li>\n<\/ul>\n\n\n\n<ul class=\"wp-block-list\">\n<li>DE <strong>transcendentie <\/strong>: Hydrospeed is een activiteit die in groepen wordt beoefend maar die individueel blijft, sterker nog, u wordt geadviseerd, maar alleen om uw vlotter onder de knie te krijgen.<\/li>\n<\/ul>\n\n\n\n<p>Hydrospeed is een spannende en verfrissende activiteit die biedt<strong> onvergetelijke ervaring <\/strong>voor alle sportieve en minder sportieve beoefenaars. Boek uw Hydrospeed-afdaling op de Ubaye rechtstreeks op deze site en wij delen deze graag met u <strong>geweldig wildwateravontuur<\/strong>.<\/p>\n<\/section>\n<\/section>","protected":false},"excerpt":{"rendered":"<p>Daal af met hydrospeed op het mooiste parcours van Ubaye in de Barcelonnette-vallei<\/p>","protected":false},"author":1,"featured_media":1040,"parent":1419,"menu_order":0,"comment_status":"closed","ping_status":"closed","template":"","meta":{"_acf_changed":false,"footnotes":""},"class_list":["post-1978","page","type-page","status-publish","has-post-thumbnail","hentry"],"blocksy_meta":[],"acf":[],"yoast_head":"<!-- This site is optimized with the Yoast SEO plugin v27.5 - https:\/\/yoast.com\/product\/yoast-seo-wordpress\/ -->\n<title>Hydrospeed Best Of Parcours d\u00e9couverte sur l&#039;Ubaye - Crazy Water Rafting<\/title>\n<meta name=\"description\" content=\"D\u00e9couvrez l&#039;Hydrospeed Best-Of Parcours D\u00e9couverte. Une exp\u00e9rience ludique et aquatique au Lauzet-Ubaye, \u00e0 20 minutes de Barcelonnette.\" \/>\n<meta name=\"robots\" content=\"index, follow, max-snippet:-1, max-image-preview:large, max-video-preview:-1\" \/>\n<link rel=\"canonical\" href=\"https:\/\/www.crazywater-rafting.com\/nl\/product\/hydrospeed-ubaye-barcelonnette\/hydrospeed-best-of-discovery-cursus\/\" \/>\n<meta property=\"og:locale\" content=\"nl_NL\" \/>\n<meta property=\"og:type\" content=\"article\" \/>\n<meta property=\"og:title\" content=\"Hydrospeed Best Of Parcours d\u00e9couverte sur l&#039;Ubaye - Crazy Water Rafting\" \/>\n<meta property=\"og:description\" content=\"D\u00e9couvrez l&#039;Hydrospeed Best-Of Parcours D\u00e9couverte. Une exp\u00e9rience ludique et aquatique au Lauzet-Ubaye, \u00e0 20 minutes de Barcelonnette.\" \/>\n<meta property=\"og:url\" content=\"https:\/\/www.crazywater-rafting.com\/nl\/product\/hydrospeed-ubaye-barcelonnette\/hydrospeed-best-of-discovery-cursus\/\" \/>\n<meta property=\"og:site_name\" content=\"Crazy Water Rafting\" \/>\n<meta property=\"article:modified_time\" content=\"2026-01-18T18:09:06+00:00\" \/>\n<meta property=\"og:image\" content=\"https:\/\/www.crazywater-rafting.com\/wordpress\/wp-content\/uploads\/2023\/12\/MG_9313-1-scaled-1.jpg\" \/>\n\t<meta property=\"og:image:width\" content=\"2560\" \/>\n\t<meta property=\"og:image:height\" content=\"1707\" \/>\n\t<meta property=\"og:image:type\" content=\"image\/jpeg\" \/>\n<meta name=\"twitter:card\" content=\"summary_large_image\" \/>\n<meta name=\"twitter:label1\" content=\"Geschatte leestijd\" \/>\n\t<meta name=\"twitter:data1\" content=\"6 minuten\" \/>\n<script type=\"application\/ld+json\" class=\"yoast-schema-graph\">{\"@context\":\"https:\\\/\\\/schema.org\",\"@graph\":[{\"@type\":\"WebPage\",\"@id\":\"https:\\\/\\\/www.crazywater-rafting.com\\\/product\\\/hydrospeed-ubaye-barcelonnette\\\/hydrospeed-best-of-parcours-decouverte\\\/\",\"url\":\"https:\\\/\\\/www.crazywater-rafting.com\\\/product\\\/hydrospeed-ubaye-barcelonnette\\\/hydrospeed-best-of-parcours-decouverte\\\/\",\"name\":\"Hydrospeed Best Of Parcours d\u00e9couverte sur l'Ubaye - Crazy Water Rafting\",\"isPartOf\":{\"@id\":\"https:\\\/\\\/www.crazywater-rafting.com\\\/#website\"},\"primaryImageOfPage\":{\"@id\":\"https:\\\/\\\/www.crazywater-rafting.com\\\/product\\\/hydrospeed-ubaye-barcelonnette\\\/hydrospeed-best-of-parcours-decouverte\\\/#primaryimage\"},\"image\":{\"@id\":\"https:\\\/\\\/www.crazywater-rafting.com\\\/product\\\/hydrospeed-ubaye-barcelonnette\\\/hydrospeed-best-of-parcours-decouverte\\\/#primaryimage\"},\"thumbnailUrl\":\"https:\\\/\\\/www.crazywater-rafting.com\\\/wordpress\\\/wp-content\\\/uploads\\\/2023\\\/12\\\/MG_9313-1-scaled-1.jpg\",\"datePublished\":\"2024-01-19T09:02:19+00:00\",\"dateModified\":\"2026-01-18T18:09:06+00:00\",\"description\":\"D\u00e9couvrez l'Hydrospeed Best-Of Parcours D\u00e9couverte. Une exp\u00e9rience ludique et aquatique au Lauzet-Ubaye, \u00e0 20 minutes de Barcelonnette.\",\"breadcrumb\":{\"@id\":\"https:\\\/\\\/www.crazywater-rafting.com\\\/product\\\/hydrospeed-ubaye-barcelonnette\\\/hydrospeed-best-of-parcours-decouverte\\\/#breadcrumb\"},\"inLanguage\":\"nl-NL\",\"potentialAction\":[{\"@type\":\"ReadAction\",\"target\":[\"https:\\\/\\\/www.crazywater-rafting.com\\\/product\\\/hydrospeed-ubaye-barcelonnette\\\/hydrospeed-best-of-parcours-decouverte\\\/\"]}]},{\"@type\":\"ImageObject\",\"inLanguage\":\"nl-NL\",\"@id\":\"https:\\\/\\\/www.crazywater-rafting.com\\\/product\\\/hydrospeed-ubaye-barcelonnette\\\/hydrospeed-best-of-parcours-decouverte\\\/#primaryimage\",\"url\":\"https:\\\/\\\/www.crazywater-rafting.com\\\/wordpress\\\/wp-content\\\/uploads\\\/2023\\\/12\\\/MG_9313-1-scaled-1.jpg\",\"contentUrl\":\"https:\\\/\\\/www.crazywater-rafting.com\\\/wordpress\\\/wp-content\\\/uploads\\\/2023\\\/12\\\/MG_9313-1-scaled-1.jpg\",\"width\":2560,\"height\":1707,\"caption\":\"descente en hydrospeed sur l'Ubaye\"},{\"@type\":\"BreadcrumbList\",\"@id\":\"https:\\\/\\\/www.crazywater-rafting.com\\\/product\\\/hydrospeed-ubaye-barcelonnette\\\/hydrospeed-best-of-parcours-decouverte\\\/#breadcrumb\",\"itemListElement\":[{\"@type\":\"ListItem\",\"position\":1,\"name\":\"Accueil\",\"item\":\"https:\\\/\\\/www.crazywater-rafting.com\\\/\"},{\"@type\":\"ListItem\",\"position\":2,\"name\":\"Product\",\"item\":\"https:\\\/\\\/www.crazywater-rafting.com\\\/product\\\/\"},{\"@type\":\"ListItem\",\"position\":3,\"name\":\"Hydrospeed sur l&rsquo;Ubaye\",\"item\":\"https:\\\/\\\/www.crazywater-rafting.com\\\/product\\\/hydrospeed-ubaye-barcelonnette\\\/\"},{\"@type\":\"ListItem\",\"position\":4,\"name\":\"Hydrospeed Best Of Parcours d\u00e9couverte\"}]},{\"@type\":\"WebSite\",\"@id\":\"https:\\\/\\\/www.crazywater-rafting.com\\\/#website\",\"url\":\"https:\\\/\\\/www.crazywater-rafting.com\\\/\",\"name\":\"Crazy Water Rafting\",\"description\":\"\",\"publisher\":{\"@id\":\"https:\\\/\\\/www.crazywater-rafting.com\\\/#organization\"},\"potentialAction\":[{\"@type\":\"SearchAction\",\"target\":{\"@type\":\"EntryPoint\",\"urlTemplate\":\"https:\\\/\\\/www.crazywater-rafting.com\\\/?s={search_term_string}\"},\"query-input\":{\"@type\":\"PropertyValueSpecification\",\"valueRequired\":true,\"valueName\":\"search_term_string\"}}],\"inLanguage\":\"nl-NL\"},{\"@type\":\"Organization\",\"@id\":\"https:\\\/\\\/www.crazywater-rafting.com\\\/#organization\",\"name\":\"Crazy Water Rafting\",\"alternateName\":\"Crazy Water Rafting\",\"url\":\"https:\\\/\\\/www.crazywater-rafting.com\\\/\",\"logo\":{\"@type\":\"ImageObject\",\"inLanguage\":\"nl-NL\",\"@id\":\"https:\\\/\\\/www.crazywater-rafting.com\\\/#\\\/schema\\\/logo\\\/image\\\/\",\"url\":\"https:\\\/\\\/www.crazywater-rafting.com\\\/wordpress\\\/wp-content\\\/uploads\\\/2024\\\/02\\\/Logo-Crazy-Water.jpg\",\"contentUrl\":\"https:\\\/\\\/www.crazywater-rafting.com\\\/wordpress\\\/wp-content\\\/uploads\\\/2024\\\/02\\\/Logo-Crazy-Water.jpg\",\"width\":1092,\"height\":592,\"caption\":\"Crazy Water Rafting\"},\"image\":{\"@id\":\"https:\\\/\\\/www.crazywater-rafting.com\\\/#\\\/schema\\\/logo\\\/image\\\/\"},\"sameAs\":[\"https:\\\/\\\/www.reddit.com\\\/user\\\/Crazy-Water-Rafting\\\/\",\"https:\\\/\\\/www.linkedin.com\\\/in\\\/crazy-water-rafting-ubaye-08987b67\\\/\"]}]}<\/script>\n<!-- \/ Yoast SEO plugin. -->","yoast_head_json":{"title":"Hydrospeed Best Of Discovery-cursus op de Ubaye - Crazy Water Rafting","description":"Ontdek de Hydrospeed Best-Of Discovery-cursus. Een leuke en waterervaring in Lauzet-Ubaye, op 20 minuten van Barcelonnette.","robots":{"index":"index","follow":"follow","max-snippet":"max-snippet:-1","max-image-preview":"max-image-preview:large","max-video-preview":"max-video-preview:-1"},"canonical":"https:\/\/www.crazywater-rafting.com\/nl\/product\/hydrospeed-ubaye-barcelonnette\/hydrospeed-best-of-discovery-cursus\/","og_locale":"nl_NL","og_type":"article","og_title":"Hydrospeed Best Of Parcours d\u00e9couverte sur l'Ubaye - Crazy Water Rafting","og_description":"D\u00e9couvrez l'Hydrospeed Best-Of Parcours D\u00e9couverte. Une exp\u00e9rience ludique et aquatique au Lauzet-Ubaye, \u00e0 20 minutes de Barcelonnette.","og_url":"https:\/\/www.crazywater-rafting.com\/nl\/product\/hydrospeed-ubaye-barcelonnette\/hydrospeed-best-of-discovery-cursus\/","og_site_name":"Crazy Water Rafting","article_modified_time":"2026-01-18T18:09:06+00:00","og_image":[{"width":2560,"height":1707,"url":"https:\/\/www.crazywater-rafting.com\/wordpress\/wp-content\/uploads\/2023\/12\/MG_9313-1-scaled-1.jpg","type":"image\/jpeg"}],"twitter_card":"summary_large_image","twitter_misc":{"Geschatte leestijd":"6 minuten"},"schema":{"@context":"https:\/\/schema.org","@graph":[{"@type":"WebPage","@id":"https:\/\/www.crazywater-rafting.com\/product\/hydrospeed-ubaye-barcelonnette\/hydrospeed-best-of-parcours-decouverte\/","url":"https:\/\/www.crazywater-rafting.com\/product\/hydrospeed-ubaye-barcelonnette\/hydrospeed-best-of-parcours-decouverte\/","name":"Hydrospeed Best Of Discovery-cursus op de Ubaye - Crazy Water Rafting","isPartOf":{"@id":"https:\/\/www.crazywater-rafting.com\/#website"},"primaryImageOfPage":{"@id":"https:\/\/www.crazywater-rafting.com\/product\/hydrospeed-ubaye-barcelonnette\/hydrospeed-best-of-parcours-decouverte\/#primaryimage"},"image":{"@id":"https:\/\/www.crazywater-rafting.com\/product\/hydrospeed-ubaye-barcelonnette\/hydrospeed-best-of-parcours-decouverte\/#primaryimage"},"thumbnailUrl":"https:\/\/www.crazywater-rafting.com\/wordpress\/wp-content\/uploads\/2023\/12\/MG_9313-1-scaled-1.jpg","datePublished":"2024-01-19T09:02:19+00:00","dateModified":"2026-01-18T18:09:06+00:00","description":"Ontdek de Hydrospeed Best-Of Discovery-cursus. Een leuke en waterervaring in Lauzet-Ubaye, op 20 minuten van Barcelonnette.","breadcrumb":{"@id":"https:\/\/www.crazywater-rafting.com\/product\/hydrospeed-ubaye-barcelonnette\/hydrospeed-best-of-parcours-decouverte\/#breadcrumb"},"inLanguage":"nl-NL","potentialAction":[{"@type":"ReadAction","target":["https:\/\/www.crazywater-rafting.com\/product\/hydrospeed-ubaye-barcelonnette\/hydrospeed-best-of-parcours-decouverte\/"]}]},{"@type":"ImageObject","inLanguage":"nl-NL","@id":"https:\/\/www.crazywater-rafting.com\/product\/hydrospeed-ubaye-barcelonnette\/hydrospeed-best-of-parcours-decouverte\/#primaryimage","url":"https:\/\/www.crazywater-rafting.com\/wordpress\/wp-content\/uploads\/2023\/12\/MG_9313-1-scaled-1.jpg","contentUrl":"https:\/\/www.crazywater-rafting.com\/wordpress\/wp-content\/uploads\/2023\/12\/MG_9313-1-scaled-1.jpg","width":2560,"height":1707,"caption":"descente en hydrospeed sur l'Ubaye"},{"@type":"BreadcrumbList","@id":"https:\/\/www.crazywater-rafting.com\/product\/hydrospeed-ubaye-barcelonnette\/hydrospeed-best-of-parcours-decouverte\/#breadcrumb","itemListElement":[{"@type":"ListItem","position":1,"name":"Accueil","item":"https:\/\/www.crazywater-rafting.com\/"},{"@type":"ListItem","position":2,"name":"Product","item":"https:\/\/www.crazywater-rafting.com\/product\/"},{"@type":"ListItem","position":3,"name":"Hydrospeed sur l&rsquo;Ubaye","item":"https:\/\/www.crazywater-rafting.com\/product\/hydrospeed-ubaye-barcelonnette\/"},{"@type":"ListItem","position":4,"name":"Hydrospeed Best Of Parcours d\u00e9couverte"}]},{"@type":"WebSite","@id":"https:\/\/www.crazywater-rafting.com\/#website","url":"https:\/\/www.crazywater-rafting.com\/","name":"Gekke waterraften","description":"","publisher":{"@id":"https:\/\/www.crazywater-rafting.com\/#organization"},"potentialAction":[{"@type":"SearchAction","target":{"@type":"EntryPoint","urlTemplate":"https:\/\/www.crazywater-rafting.com\/?s={search_term_string}"},"query-input":{"@type":"PropertyValueSpecification","valueRequired":true,"valueName":"search_term_string"}}],"inLanguage":"nl-NL"},{"@type":"Organization","@id":"https:\/\/www.crazywater-rafting.com\/#organization","name":"Gekke waterraften","alternateName":"Crazy Water Rafting","url":"https:\/\/www.crazywater-rafting.com\/","logo":{"@type":"ImageObject","inLanguage":"nl-NL","@id":"https:\/\/www.crazywater-rafting.com\/#\/schema\/logo\/image\/","url":"https:\/\/www.crazywater-rafting.com\/wordpress\/wp-content\/uploads\/2024\/02\/Logo-Crazy-Water.jpg","contentUrl":"https:\/\/www.crazywater-rafting.com\/wordpress\/wp-content\/uploads\/2024\/02\/Logo-Crazy-Water.jpg","width":1092,"height":592,"caption":"Crazy Water Rafting"},"image":{"@id":"https:\/\/www.crazywater-rafting.com\/#\/schema\/logo\/image\/"},"sameAs":["https:\/\/www.reddit.com\/user\/Crazy-Water-Rafting\/","https:\/\/www.linkedin.com\/in\/crazy-water-rafting-ubaye-08987b67\/"]}]}},"_links":{"self":[{"href":"https:\/\/www.crazywater-rafting.com\/nl\/wp-json\/wp\/v2\/pages\/1978","targetHints":{"allow":["GET"]}}],"collection":[{"href":"https:\/\/www.crazywater-rafting.com\/nl\/wp-json\/wp\/v2\/pages"}],"about":[{"href":"https:\/\/www.crazywater-rafting.com\/nl\/wp-json\/wp\/v2\/types\/page"}],"author":[{"embeddable":true,"href":"https:\/\/www.crazywater-rafting.com\/nl\/wp-json\/wp\/v2\/users\/1"}],"replies":[{"embeddable":true,"href":"https:\/\/www.crazywater-rafting.com\/nl\/wp-json\/wp\/v2\/comments?post=1978"}],"version-history":[{"count":7,"href":"https:\/\/www.crazywater-rafting.com\/nl\/wp-json\/wp\/v2\/pages\/1978\/revisions"}],"predecessor-version":[{"id":3681,"href":"https:\/\/www.crazywater-rafting.com\/nl\/wp-json\/wp\/v2\/pages\/1978\/revisions\/3681"}],"up":[{"embeddable":true,"href":"https:\/\/www.crazywater-rafting.com\/nl\/wp-json\/wp\/v2\/pages\/1419"}],"wp:featuredmedia":[{"embeddable":true,"href":"https:\/\/www.crazywater-rafting.com\/nl\/wp-json\/wp\/v2\/media\/1040"}],"wp:attachment":[{"href":"https:\/\/www.crazywater-rafting.com\/nl\/wp-json\/wp\/v2\/media?parent=1978"}],"curies":[{"name":"wp","href":"https:\/\/api.w.org\/{rel}","templated":true}]}}