{"id":1967,"date":"2024-01-19T10:02:18","date_gmt":"2024-01-19T09:02:18","guid":{"rendered":"https:\/\/crazywater.animal-societe.com\/?page_id=1967"},"modified":"2026-01-18T17:45:54","modified_gmt":"2026-01-18T16:45:54","slug":"het-team","status":"publish","type":"page","link":"https:\/\/www.crazywater-rafting.com\/nl\/home-crazy-water-rafting\/lequipe\/","title":{"rendered":"Crazy Waterraften Ubaye"},"content":{"rendered":"<section class=\"wp-block-group texte-simple is-layout-constrained wp-block-group-is-layout-constrained\">\n<h2 class=\"wp-block-heading\">Het gekke waterraftingteam<\/h2>\n\n\n\n<h3 class=\"wp-block-heading\">Wij zijn gek!!<\/h3>\n\n\n\n<p>\u201cWe hebben allemaal hetzelfde gemeen: we worden allemaal gedreven door de \u2018Crazy\u2019-geest. Wij zijn ook reizigers en avonturiers, met dezelfde honger om te ontdekken en vooral om te delen.<\/p>\n\n\n\n<p>Wij houden van menselijke uitwisseling en mensen blij maken! en zoals we vaak zeggen: \u201c\u2026wij zijn het die jullie bedanken, het is dankzij jullie dat we plezier hebben!! \u00bb \u00bb<\/p>\n\n\n\n<p>Het gekke waterraftingteam<\/p>\n<\/section>\n\n\n\n<p>\ud83d\udc49 <strong>Lees ook<\/strong> : <a href=\"https:\/\/www.crazywater-rafting.com\/nl\/offres-emplois-ubaye\/\" target=\"_blank\" rel=\"noreferrer noopener\">Rejoignez la Crazy Familly !<\/a><\/p>\n\n\n\n<h2 class=\"wp-block-heading\">Gekke gidsen<\/h2>\n\n\n\n<section class=\"wp-block-group is-layout-constrained wp-block-group-is-layout-constrained\">\n<div class=\"wp-block-columns are-vertically-aligned-center is-layout-flex wp-container-core-columns-is-layout-28f84493 wp-block-columns-is-layout-flex\">\n<div class=\"wp-block-column is-vertically-aligned-center is-layout-flow wp-block-column-is-layout-flow\" style=\"flex-basis:30%\">\n<figure class=\"wp-block-image size-large\"><img loading=\"lazy\" decoding=\"async\" width=\"1024\" height=\"683\" src=\"https:\/\/www.crazywater-rafting.com\/wordpress\/wp-content\/uploads\/2024\/03\/30082021-IMG_5404-1024x683.jpg\" alt=\"Ubaye gekke waterrafting-team\" class=\"wp-image-3069\" style=\"aspect-ratio:3\/4;object-fit:cover\" srcset=\"https:\/\/www.crazywater-rafting.com\/wordpress\/wp-content\/uploads\/2024\/03\/30082021-IMG_5404-1024x683.jpg 1024w, https:\/\/www.crazywater-rafting.com\/wordpress\/wp-content\/uploads\/2024\/03\/30082021-IMG_5404-300x200.jpg 300w, https:\/\/www.crazywater-rafting.com\/wordpress\/wp-content\/uploads\/2024\/03\/30082021-IMG_5404-768x512.jpg 768w, https:\/\/www.crazywater-rafting.com\/wordpress\/wp-content\/uploads\/2024\/03\/30082021-IMG_5404-1536x1024.jpg 1536w, https:\/\/www.crazywater-rafting.com\/wordpress\/wp-content\/uploads\/2024\/03\/30082021-IMG_5404-18x12.jpg 18w, https:\/\/www.crazywater-rafting.com\/wordpress\/wp-content\/uploads\/2024\/03\/30082021-IMG_5404.jpg 1920w\" sizes=\"auto, (max-width: 1024px) 100vw, 1024px\" \/><\/figure>\n<\/div>\n\n\n\n<div class=\"wp-block-column is-vertically-aligned-center is-layout-flow wp-block-column-is-layout-flow\">\n<h3 class=\"wp-block-heading\">Mat, oprichter van het Crazy Water Rafting-team<\/h3>\n\n\n\n<p>Hij veranderde zijn passie in een bloeiend bedrijf door zijn spannende kajakavonturen en reizen over de hele wereld. Hij is kajakker sinds zijn zevende en voormalig slalomconcurrent en blijft uitblinken in extreme kajakwedstrijden. Tegenwoordig kanaliseert hij deze passie door wildwatertochten in het Crazy-tempo te organiseren en iedereen een onvergetelijke ervaring te bieden. Ga met hem mee om je grenzen te verleggen en spanning te ervaren in de vrije natuur.<\/p>\n\n\n\n<h3 class=\"wp-block-heading\">Roxane bij de receptie<\/h3>\n\n\n\n<p>Maak kennis met Roxane, de gastvrije ziel van <a href=\"https:\/\/www.crazywater-rafting.com\/nl\/\">Gekke waterraften<\/a> en van <a href=\"https:\/\/www.crazybulle.com\/\" target=\"_blank\" rel=\"noreferrer noopener\">gekke bubbel<\/a>. Van telefonische ontvangst tot planningsmanagement, zij serveert u met plezier koffie en verfraait de basis. Tussen twee gesprekken bij uw aankomst beheert zij de gidsen en het beheer van de shuttle, en vindt ze zelfs tijd om per kajak van de Ubaye te genieten. Een gepassioneerde multitasker die de dynamische geest van ons team belichaamt<\/p>\n<\/div>\n<\/div>\n\n\n\n<div class=\"wp-block-columns are-vertically-aligned-center is-layout-flex wp-container-core-columns-is-layout-28f84493 wp-block-columns-is-layout-flex\">\n<div class=\"wp-block-column is-vertically-aligned-center is-layout-flow wp-block-column-is-layout-flow\" style=\"flex-basis:30%\">\n<figure class=\"wp-block-image size-large\"><img loading=\"lazy\" decoding=\"async\" width=\"683\" height=\"1024\" src=\"https:\/\/www.crazywater-rafting.com\/wordpress\/wp-content\/uploads\/2024\/03\/10082021-IMG_2614-683x1024.jpg\" alt=\"Ubaye gekke waterrafting-team\" class=\"wp-image-3000\" style=\"aspect-ratio:3\/4;object-fit:cover\" srcset=\"https:\/\/www.crazywater-rafting.com\/wordpress\/wp-content\/uploads\/2024\/03\/10082021-IMG_2614-683x1024.jpg 683w, https:\/\/www.crazywater-rafting.com\/wordpress\/wp-content\/uploads\/2024\/03\/10082021-IMG_2614-200x300.jpg 200w, https:\/\/www.crazywater-rafting.com\/wordpress\/wp-content\/uploads\/2024\/03\/10082021-IMG_2614-768x1152.jpg 768w, https:\/\/www.crazywater-rafting.com\/wordpress\/wp-content\/uploads\/2024\/03\/10082021-IMG_2614-1024x1536.jpg 1024w, https:\/\/www.crazywater-rafting.com\/wordpress\/wp-content\/uploads\/2024\/03\/10082021-IMG_2614-8x12.jpg 8w, https:\/\/www.crazywater-rafting.com\/wordpress\/wp-content\/uploads\/2024\/03\/10082021-IMG_2614.jpg 1280w\" sizes=\"auto, (max-width: 683px) 100vw, 683px\" \/><\/figure>\n<\/div>\n\n\n\n<div class=\"wp-block-column is-vertically-aligned-center is-layout-flow wp-block-column-is-layout-flow\">\n<h3 class=\"wp-block-heading\">Juju<\/h3>\n\n\n\n<p>Un moniteur sur-vitamin\u00e9 qui ne conna\u00eet pas la pause ! Avec une s\u00e9curit\u00e9 hors pair, il vous fera vivre des moments de pur d\u00e9lire sur la rivi\u00e8re, o\u00f9 le rire est contagieux. Voyageur intr\u00e9pide et kayakiste chevronn\u00e9, il a trac\u00e9 son chemin en ouvrant de nombreuses rivi\u00e8res au N\u00e9pal. Guide de rivi\u00e8res aguerri et moniteur de ski passionn\u00e9, il incarne l&rsquo;esprit \u00ab\u00a0crazy\u00a0\u00bb depuis la cr\u00e9ation de <strong>Gekke waterraften<\/strong>. Pr\u00e9parez-vous \u00e0 une aventure inoubliable et laissez-vous emporter par le flot de l&rsquo;excitation<\/p>\n<\/div>\n<\/div>\n\n\n\n<div class=\"wp-block-columns are-vertically-aligned-center is-layout-flex wp-container-core-columns-is-layout-28f84493 wp-block-columns-is-layout-flex\">\n<div class=\"wp-block-column is-vertically-aligned-center is-layout-flow wp-block-column-is-layout-flow\" style=\"flex-basis:30%\">\n<figure class=\"wp-block-image size-large\"><img loading=\"lazy\" decoding=\"async\" width=\"683\" height=\"1024\" src=\"https:\/\/www.crazywater-rafting.com\/wordpress\/wp-content\/uploads\/2024\/03\/30082021-IMG_5634-683x1024.jpg\" alt=\"ubaye vlotgids\" class=\"wp-image-3002\" style=\"aspect-ratio:3\/4;object-fit:cover\" srcset=\"https:\/\/www.crazywater-rafting.com\/wordpress\/wp-content\/uploads\/2024\/03\/30082021-IMG_5634-683x1024.jpg 683w, https:\/\/www.crazywater-rafting.com\/wordpress\/wp-content\/uploads\/2024\/03\/30082021-IMG_5634-200x300.jpg 200w, https:\/\/www.crazywater-rafting.com\/wordpress\/wp-content\/uploads\/2024\/03\/30082021-IMG_5634-768x1152.jpg 768w, https:\/\/www.crazywater-rafting.com\/wordpress\/wp-content\/uploads\/2024\/03\/30082021-IMG_5634-1024x1536.jpg 1024w, https:\/\/www.crazywater-rafting.com\/wordpress\/wp-content\/uploads\/2024\/03\/30082021-IMG_5634-8x12.jpg 8w, https:\/\/www.crazywater-rafting.com\/wordpress\/wp-content\/uploads\/2024\/03\/30082021-IMG_5634.jpg 1280w\" sizes=\"auto, (max-width: 683px) 100vw, 683px\" \/><\/figure>\n<\/div>\n\n\n\n<div class=\"wp-block-column is-vertically-aligned-center is-layout-flow wp-block-column-is-layout-flow\">\n<h3 class=\"wp-block-heading\">Eva<\/h3>\n\n\n\n<p>D\u00e9couvrez notre jeune prodige, guide de rivi\u00e8re chez Crazy Water, qui a d\u00e9j\u00e0 surpass\u00e9 ses mentors. Apr\u00e8s avoir commenc\u00e9 son aventure chez Crazy Water, il a perfectionn\u00e9 ses comp\u00e9tences en Norv\u00e8ge avant de revenir parmi nous. Sa ma\u00eetrise exceptionnelle, son charisme et sa technique de <strong>conduite des raft <\/strong>sont tout simplement remarquables. Mais ce qui vous captivera le plus, c&rsquo;est sa sensibilit\u00e9, son grand c\u0153ur et ses yeux qui brillent \u00e0 chaque instant de sa vie. Pr\u00e9parez-vous \u00e0 \u00eatre inspir\u00e9 et \u00e9merveill\u00e9 par ce talent exceptionnel qui donne vie \u00e0 chaque aventure sur l&rsquo;eau<\/p>\n<\/div>\n<\/div>\n<\/section>\n\n\n\n<h2 class=\"wp-block-heading\">De Jokers-gidsen<\/h2>\n\n\n\n<h3 class=\"wp-block-heading\">De de<\/h3>\n\n\n\n<p><strong>D\u00e9couvrez la petite s\u0153ur de Crazy Water<\/strong>, qui a fait ses preuves dans les eaux vives de l&rsquo;Ubaye. Technicienne hors pair et comp\u00e9tente, elle poss\u00e8de une intention in\u00e9gal\u00e9e et une capacit\u00e9 \u00e0 g\u00e9rer tous types de groupes, des enterrements de vie de gar\u00e7on aux familles. Son incroyable capacit\u00e9 d&rsquo;adaptation la distingue. Jeune et passionn\u00e9e des rivi\u00e8res, elle ne cesse d&rsquo;am\u00e9liorer sa technique en explorant de nouveaux environnements. Mais vous la trouverez s\u00fbrement chez nous, pr\u00eate \u00e0 vous offrir une exp\u00e9rience inoubliable sur l&rsquo;eau !<\/p>\n\n\n\n<h3 class=\"wp-block-heading\">Marien<\/h3>\n\n\n\n<p><strong>L&rsquo;\u00e9lectron libre par excellence<\/strong>, surnomm\u00e9e la machine du groupe. Cette petite boule d&rsquo;\u00e9nergie est une force inarr\u00eatable dans l&rsquo;encadrement du rafting, avec une expertise hors pair. En plus d&rsquo;\u00eatre une vid\u00e9ographe talentueuse et championne du monde d&rsquo;hydrospeed, elle excelle \u00e9galement en tant que guide de canyon et pisteur. Polyvalente et pleine de surprises, elle sait tout faire et ne manquera pas de vous \u00e9tonner. Pr\u00e9parez-vous \u00e0 vivre une aventure inoubliable en sa compagnie !<\/p>\n\n\n\n<h2 class=\"wp-block-heading\">Crazy Water-ontvangst <\/h2>\n\n\n\n<section class=\"wp-block-group is-layout-constrained wp-block-group-is-layout-constrained\">\n<div class=\"wp-block-columns are-vertically-aligned-center is-layout-flex wp-container-core-columns-is-layout-28f84493 wp-block-columns-is-layout-flex\">\n<div class=\"wp-block-column is-vertically-aligned-center is-layout-flow wp-block-column-is-layout-flow\" style=\"flex-basis:30%\">\n<figure class=\"wp-block-image size-large\"><img loading=\"lazy\" decoding=\"async\" width=\"1024\" height=\"683\" src=\"https:\/\/www.crazywater-rafting.com\/wordpress\/wp-content\/uploads\/2024\/03\/Teina-1024x683.jpg\" alt=\"het gekke waterraftingteam\" class=\"wp-image-3070\" style=\"aspect-ratio:3\/4;object-fit:cover\" srcset=\"https:\/\/www.crazywater-rafting.com\/wordpress\/wp-content\/uploads\/2024\/03\/Teina-1024x683.jpg 1024w, https:\/\/www.crazywater-rafting.com\/wordpress\/wp-content\/uploads\/2024\/03\/Teina-300x200.jpg 300w, https:\/\/www.crazywater-rafting.com\/wordpress\/wp-content\/uploads\/2024\/03\/Teina-768x512.jpg 768w, https:\/\/www.crazywater-rafting.com\/wordpress\/wp-content\/uploads\/2024\/03\/Teina-1536x1024.jpg 1536w, https:\/\/www.crazywater-rafting.com\/wordpress\/wp-content\/uploads\/2024\/03\/Teina-18x12.jpg 18w, https:\/\/www.crazywater-rafting.com\/wordpress\/wp-content\/uploads\/2024\/03\/Teina.jpg 1920w\" sizes=\"auto, (max-width: 1024px) 100vw, 1024px\" \/><\/figure>\n<\/div>\n\n\n\n<div class=\"wp-block-column is-vertically-aligned-center is-layout-flow wp-block-column-is-layout-flow\">\n<h3 class=\"wp-block-heading\">Teina<\/h3>\n\n\n\n<p>Maak kennis met Teina, de Australian Shepherd met een indrukwekkende en glanzende vacht, die je altijd als eerste verwelkomt. Mascotte van het Crazy-team, ze staat altijd klaar om met u in de shuttle te stappen om van de rivieroever te genieten. Hij is een expert op het gebied van dutjes overdag en verbergt zich onder de frisheid van drogende wetsuits. Maar laat je niet misleiden door zijn teddygezichtje, hij wil alleen jouw broodje!<\/p>\n<\/div>\n<\/div>\n<\/section>\n\n\n\n<h2 class=\"wp-block-heading\">KarPat<\/h2>\n\n\n\n<p>Maak kennis met KarPat, het oprichterspaar van Mat, bestaande uit Karine en Patrick, grootste supporters van Crazy Water Rafting. Je zult ze vaak tegenkomen op de basis, de een uitgerust met een hamer om het terrein verder te ontwikkelen en de ander met een boeket brandnetels voor de supertaart. Soms bij de receptie, soms in de shuttle, soms in overleg, de een staat altijd klaar om je welkom te heten en de ander om je te helpen. Ondanks hun drukke schema weten ze toch te genieten van Ubaye en Barcelonnette. Een dynamisch en veelzijdig team dat de geest van Crazy Water Rafting belichaamt.<\/p>","protected":false},"excerpt":{"rendered":"<p>L&rsquo;\u00e9quipe de crazy water rafting Nous sommes crazy !! \u00ab Nous avons tous le m\u00eame point commun, nous sommes tous anim\u00e9s par l&rsquo;esprit \u00ab\u00a0Crazy\u00a0\u00bb. Nous sommes aussi voyageurs et aventuriers, avec la m\u00eame soif de d\u00e9couvrir et surtout de faire partager. Nous aimons l&rsquo;\u00e9change humain et faire plaisir ! et comme on dit souvent : [&hellip;]<\/p>\n","protected":false},"author":1,"featured_media":2996,"parent":459,"menu_order":0,"comment_status":"closed","ping_status":"closed","template":"","meta":{"_acf_changed":false,"footnotes":""},"class_list":["post-1967","page","type-page","status-publish","has-post-thumbnail","hentry"],"blocksy_meta":[],"acf":[],"yoast_head":"<!-- This site is optimized with the Yoast SEO plugin v27.5 - https:\/\/yoast.com\/product\/yoast-seo-wordpress\/ -->\n<title>Crazy Water Rafting Ubaye - Crazy Water Rafting<\/title>\n<meta name=\"description\" content=\"Voici l&#039;\u00e9quipe Crazy Water Rafting dans l&#039;Ubaye. D\u00e9couvrez la crazy aventure des sports d&#039;eau vive dans la vall\u00e9e de Barcelonnette !\" \/>\n<meta name=\"robots\" content=\"index, follow, max-snippet:-1, max-image-preview:large, max-video-preview:-1\" \/>\n<link rel=\"canonical\" href=\"https:\/\/www.crazywater-rafting.com\/nl\/thuis\/het-team\/\" \/>\n<meta property=\"og:locale\" content=\"nl_NL\" \/>\n<meta property=\"og:type\" content=\"article\" \/>\n<meta property=\"og:title\" content=\"Crazy Water Rafting Ubaye - Crazy Water Rafting\" \/>\n<meta property=\"og:description\" content=\"Voici l&#039;\u00e9quipe Crazy Water Rafting dans l&#039;Ubaye. D\u00e9couvrez la crazy aventure des sports d&#039;eau vive dans la vall\u00e9e de Barcelonnette !\" \/>\n<meta property=\"og:url\" content=\"https:\/\/www.crazywater-rafting.com\/nl\/thuis\/het-team\/\" \/>\n<meta property=\"og:site_name\" content=\"Crazy Water Rafting\" \/>\n<meta property=\"article:modified_time\" content=\"2026-01-18T16:45:54+00:00\" \/>\n<meta property=\"og:image\" content=\"https:\/\/www.crazywater-rafting.com\/wordpress\/wp-content\/uploads\/2024\/03\/Equipe-de-raft-Ubaye.jpg\" \/>\n\t<meta property=\"og:image:width\" content=\"960\" \/>\n\t<meta property=\"og:image:height\" content=\"640\" \/>\n\t<meta property=\"og:image:type\" content=\"image\/jpeg\" \/>\n<meta name=\"twitter:card\" content=\"summary_large_image\" \/>\n<meta name=\"twitter:label1\" content=\"Geschatte leestijd\" \/>\n\t<meta name=\"twitter:data1\" content=\"5 minuten\" \/>\n<script type=\"application\/ld+json\" class=\"yoast-schema-graph\">{\"@context\":\"https:\\\/\\\/schema.org\",\"@graph\":[{\"@type\":\"WebPage\",\"@id\":\"https:\\\/\\\/www.crazywater-rafting.com\\\/home-crazy-water-rafting\\\/lequipe\\\/\",\"url\":\"https:\\\/\\\/www.crazywater-rafting.com\\\/home-crazy-water-rafting\\\/lequipe\\\/\",\"name\":\"Crazy Water Rafting Ubaye - Crazy Water Rafting\",\"isPartOf\":{\"@id\":\"https:\\\/\\\/www.crazywater-rafting.com\\\/#website\"},\"primaryImageOfPage\":{\"@id\":\"https:\\\/\\\/www.crazywater-rafting.com\\\/home-crazy-water-rafting\\\/lequipe\\\/#primaryimage\"},\"image\":{\"@id\":\"https:\\\/\\\/www.crazywater-rafting.com\\\/home-crazy-water-rafting\\\/lequipe\\\/#primaryimage\"},\"thumbnailUrl\":\"https:\\\/\\\/www.crazywater-rafting.com\\\/wordpress\\\/wp-content\\\/uploads\\\/2024\\\/03\\\/Equipe-de-raft-Ubaye.jpg\",\"datePublished\":\"2024-01-19T09:02:18+00:00\",\"dateModified\":\"2026-01-18T16:45:54+00:00\",\"description\":\"Voici l'\u00e9quipe Crazy Water Rafting dans l'Ubaye. D\u00e9couvrez la crazy aventure des sports d'eau vive dans la vall\u00e9e de Barcelonnette !\",\"breadcrumb\":{\"@id\":\"https:\\\/\\\/www.crazywater-rafting.com\\\/home-crazy-water-rafting\\\/lequipe\\\/#breadcrumb\"},\"inLanguage\":\"nl-NL\",\"potentialAction\":[{\"@type\":\"ReadAction\",\"target\":[\"https:\\\/\\\/www.crazywater-rafting.com\\\/home-crazy-water-rafting\\\/lequipe\\\/\"]}]},{\"@type\":\"ImageObject\",\"inLanguage\":\"nl-NL\",\"@id\":\"https:\\\/\\\/www.crazywater-rafting.com\\\/home-crazy-water-rafting\\\/lequipe\\\/#primaryimage\",\"url\":\"https:\\\/\\\/www.crazywater-rafting.com\\\/wordpress\\\/wp-content\\\/uploads\\\/2024\\\/03\\\/Equipe-de-raft-Ubaye.jpg\",\"contentUrl\":\"https:\\\/\\\/www.crazywater-rafting.com\\\/wordpress\\\/wp-content\\\/uploads\\\/2024\\\/03\\\/Equipe-de-raft-Ubaye.jpg\",\"width\":960,\"height\":640,\"caption\":\"Equipe de raft Ubaye\"},{\"@type\":\"BreadcrumbList\",\"@id\":\"https:\\\/\\\/www.crazywater-rafting.com\\\/home-crazy-water-rafting\\\/lequipe\\\/#breadcrumb\",\"itemListElement\":[{\"@type\":\"ListItem\",\"position\":1,\"name\":\"Accueil\",\"item\":\"https:\\\/\\\/www.crazywater-rafting.com\\\/\"},{\"@type\":\"ListItem\",\"position\":2,\"name\":\"Accueil\",\"item\":\"https:\\\/\\\/www.crazywater-rafting.com\\\/\"},{\"@type\":\"ListItem\",\"position\":3,\"name\":\"Crazy Water Rafting Ubaye\"}]},{\"@type\":\"WebSite\",\"@id\":\"https:\\\/\\\/www.crazywater-rafting.com\\\/#website\",\"url\":\"https:\\\/\\\/www.crazywater-rafting.com\\\/\",\"name\":\"Crazy Water Rafting\",\"description\":\"\",\"publisher\":{\"@id\":\"https:\\\/\\\/www.crazywater-rafting.com\\\/#organization\"},\"potentialAction\":[{\"@type\":\"SearchAction\",\"target\":{\"@type\":\"EntryPoint\",\"urlTemplate\":\"https:\\\/\\\/www.crazywater-rafting.com\\\/?s={search_term_string}\"},\"query-input\":{\"@type\":\"PropertyValueSpecification\",\"valueRequired\":true,\"valueName\":\"search_term_string\"}}],\"inLanguage\":\"nl-NL\"},{\"@type\":\"Organization\",\"@id\":\"https:\\\/\\\/www.crazywater-rafting.com\\\/#organization\",\"name\":\"Crazy Water Rafting\",\"alternateName\":\"Crazy Water Rafting\",\"url\":\"https:\\\/\\\/www.crazywater-rafting.com\\\/\",\"logo\":{\"@type\":\"ImageObject\",\"inLanguage\":\"nl-NL\",\"@id\":\"https:\\\/\\\/www.crazywater-rafting.com\\\/#\\\/schema\\\/logo\\\/image\\\/\",\"url\":\"https:\\\/\\\/www.crazywater-rafting.com\\\/wordpress\\\/wp-content\\\/uploads\\\/2024\\\/02\\\/Logo-Crazy-Water.jpg\",\"contentUrl\":\"https:\\\/\\\/www.crazywater-rafting.com\\\/wordpress\\\/wp-content\\\/uploads\\\/2024\\\/02\\\/Logo-Crazy-Water.jpg\",\"width\":1092,\"height\":592,\"caption\":\"Crazy Water Rafting\"},\"image\":{\"@id\":\"https:\\\/\\\/www.crazywater-rafting.com\\\/#\\\/schema\\\/logo\\\/image\\\/\"},\"sameAs\":[\"https:\\\/\\\/www.reddit.com\\\/user\\\/Crazy-Water-Rafting\\\/\",\"https:\\\/\\\/www.linkedin.com\\\/in\\\/crazy-water-rafting-ubaye-08987b67\\\/\"]}]}<\/script>\n<!-- \/ Yoast SEO plugin. -->","yoast_head_json":{"title":"Crazy Waterraften Ubaye - Crazy Waterraften","description":"Hier is het Crazy Water Rafting-team in Ubaye. Ontdek het waanzinnige avontuur van wildwatersporten in de Barcelonnette-vallei!","robots":{"index":"index","follow":"follow","max-snippet":"max-snippet:-1","max-image-preview":"max-image-preview:large","max-video-preview":"max-video-preview:-1"},"canonical":"https:\/\/www.crazywater-rafting.com\/nl\/thuis\/het-team\/","og_locale":"nl_NL","og_type":"article","og_title":"Crazy Water Rafting Ubaye - Crazy Water Rafting","og_description":"Voici l'\u00e9quipe Crazy Water Rafting dans l'Ubaye. D\u00e9couvrez la crazy aventure des sports d'eau vive dans la vall\u00e9e de Barcelonnette !","og_url":"https:\/\/www.crazywater-rafting.com\/nl\/thuis\/het-team\/","og_site_name":"Crazy Water Rafting","article_modified_time":"2026-01-18T16:45:54+00:00","og_image":[{"width":960,"height":640,"url":"https:\/\/www.crazywater-rafting.com\/wordpress\/wp-content\/uploads\/2024\/03\/Equipe-de-raft-Ubaye.jpg","type":"image\/jpeg"}],"twitter_card":"summary_large_image","twitter_misc":{"Geschatte leestijd":"5 minuten"},"schema":{"@context":"https:\/\/schema.org","@graph":[{"@type":"WebPage","@id":"https:\/\/www.crazywater-rafting.com\/home-crazy-water-rafting\/lequipe\/","url":"https:\/\/www.crazywater-rafting.com\/home-crazy-water-rafting\/lequipe\/","name":"Crazy Waterraften Ubaye - Crazy Waterraften","isPartOf":{"@id":"https:\/\/www.crazywater-rafting.com\/#website"},"primaryImageOfPage":{"@id":"https:\/\/www.crazywater-rafting.com\/home-crazy-water-rafting\/lequipe\/#primaryimage"},"image":{"@id":"https:\/\/www.crazywater-rafting.com\/home-crazy-water-rafting\/lequipe\/#primaryimage"},"thumbnailUrl":"https:\/\/www.crazywater-rafting.com\/wordpress\/wp-content\/uploads\/2024\/03\/Equipe-de-raft-Ubaye.jpg","datePublished":"2024-01-19T09:02:18+00:00","dateModified":"2026-01-18T16:45:54+00:00","description":"Hier is het Crazy Water Rafting-team in Ubaye. Ontdek het waanzinnige avontuur van wildwatersporten in de Barcelonnette-vallei!","breadcrumb":{"@id":"https:\/\/www.crazywater-rafting.com\/home-crazy-water-rafting\/lequipe\/#breadcrumb"},"inLanguage":"nl-NL","potentialAction":[{"@type":"ReadAction","target":["https:\/\/www.crazywater-rafting.com\/home-crazy-water-rafting\/lequipe\/"]}]},{"@type":"ImageObject","inLanguage":"nl-NL","@id":"https:\/\/www.crazywater-rafting.com\/home-crazy-water-rafting\/lequipe\/#primaryimage","url":"https:\/\/www.crazywater-rafting.com\/wordpress\/wp-content\/uploads\/2024\/03\/Equipe-de-raft-Ubaye.jpg","contentUrl":"https:\/\/www.crazywater-rafting.com\/wordpress\/wp-content\/uploads\/2024\/03\/Equipe-de-raft-Ubaye.jpg","width":960,"height":640,"caption":"Equipe de raft Ubaye"},{"@type":"BreadcrumbList","@id":"https:\/\/www.crazywater-rafting.com\/home-crazy-water-rafting\/lequipe\/#breadcrumb","itemListElement":[{"@type":"ListItem","position":1,"name":"Accueil","item":"https:\/\/www.crazywater-rafting.com\/"},{"@type":"ListItem","position":2,"name":"Accueil","item":"https:\/\/www.crazywater-rafting.com\/"},{"@type":"ListItem","position":3,"name":"Crazy Water Rafting Ubaye"}]},{"@type":"WebSite","@id":"https:\/\/www.crazywater-rafting.com\/#website","url":"https:\/\/www.crazywater-rafting.com\/","name":"Gekke waterraften","description":"","publisher":{"@id":"https:\/\/www.crazywater-rafting.com\/#organization"},"potentialAction":[{"@type":"SearchAction","target":{"@type":"EntryPoint","urlTemplate":"https:\/\/www.crazywater-rafting.com\/?s={search_term_string}"},"query-input":{"@type":"PropertyValueSpecification","valueRequired":true,"valueName":"search_term_string"}}],"inLanguage":"nl-NL"},{"@type":"Organization","@id":"https:\/\/www.crazywater-rafting.com\/#organization","name":"Gekke waterraften","alternateName":"Crazy Water Rafting","url":"https:\/\/www.crazywater-rafting.com\/","logo":{"@type":"ImageObject","inLanguage":"nl-NL","@id":"https:\/\/www.crazywater-rafting.com\/#\/schema\/logo\/image\/","url":"https:\/\/www.crazywater-rafting.com\/wordpress\/wp-content\/uploads\/2024\/02\/Logo-Crazy-Water.jpg","contentUrl":"https:\/\/www.crazywater-rafting.com\/wordpress\/wp-content\/uploads\/2024\/02\/Logo-Crazy-Water.jpg","width":1092,"height":592,"caption":"Crazy Water Rafting"},"image":{"@id":"https:\/\/www.crazywater-rafting.com\/#\/schema\/logo\/image\/"},"sameAs":["https:\/\/www.reddit.com\/user\/Crazy-Water-Rafting\/","https:\/\/www.linkedin.com\/in\/crazy-water-rafting-ubaye-08987b67\/"]}]}},"_links":{"self":[{"href":"https:\/\/www.crazywater-rafting.com\/nl\/wp-json\/wp\/v2\/pages\/1967","targetHints":{"allow":["GET"]}}],"collection":[{"href":"https:\/\/www.crazywater-rafting.com\/nl\/wp-json\/wp\/v2\/pages"}],"about":[{"href":"https:\/\/www.crazywater-rafting.com\/nl\/wp-json\/wp\/v2\/types\/page"}],"author":[{"embeddable":true,"href":"https:\/\/www.crazywater-rafting.com\/nl\/wp-json\/wp\/v2\/users\/1"}],"replies":[{"embeddable":true,"href":"https:\/\/www.crazywater-rafting.com\/nl\/wp-json\/wp\/v2\/comments?post=1967"}],"version-history":[{"count":9,"href":"https:\/\/www.crazywater-rafting.com\/nl\/wp-json\/wp\/v2\/pages\/1967\/revisions"}],"predecessor-version":[{"id":3654,"href":"https:\/\/www.crazywater-rafting.com\/nl\/wp-json\/wp\/v2\/pages\/1967\/revisions\/3654"}],"up":[{"embeddable":true,"href":"https:\/\/www.crazywater-rafting.com\/nl\/wp-json\/wp\/v2\/pages\/459"}],"wp:featuredmedia":[{"embeddable":true,"href":"https:\/\/www.crazywater-rafting.com\/nl\/wp-json\/wp\/v2\/media\/2996"}],"wp:attachment":[{"href":"https:\/\/www.crazywater-rafting.com\/nl\/wp-json\/wp\/v2\/media?parent=1967"}],"curies":[{"name":"wp","href":"https:\/\/api.w.org\/{rel}","templated":true}]}}