{"id":1958,"date":"2024-01-19T10:02:18","date_gmt":"2024-01-19T09:02:18","guid":{"rendered":"https:\/\/crazywater.animal-societe.com\/?page_id=1958"},"modified":"2026-01-18T18:37:17","modified_gmt":"2026-01-18T17:37:17","slug":"raften-prijs-in-ubaye","status":"publish","type":"page","link":"https:\/\/www.crazywater-rafting.com\/nl\/tarif-rafting-en-ubaye\/","title":{"rendered":"prijzen"},"content":{"rendered":"<section class=\"wp-block-group texte-simple is-layout-constrained wp-block-group-is-layout-constrained\">\n<p>Crazy Water verwelkomt u van half maart tot oktober in Lauzet-Ubaye aan de ingang van de Barcelonnette-vallei, vlakbij het meer van Serre-Pon\u00e7on. <a href=\"https:\/\/www.crazywater-rafting.com\/nl\/gekke-waterraftingbasis\/\" target=\"_blank\" rel=\"noreferrer noopener\">Ontdek onze ecologische en ongewone basis<\/a> evenals de voorgestelde prijzen. <\/p>\n<\/section>\n\n\n\n<h2 class=\"wp-block-heading\">prijzen <a href=\"https:\/\/www.crazywater-rafting.com\/nl\/product\/raften-ubaye-barcelonnette\/\" target=\"_blank\" rel=\"noreferrer noopener\">Raften op L&#039;Ubaye<\/a><\/h2>\n\n\n\n<p class=\"has-large-font-size\">Vanaf 5 jaar<\/p>\n\n\n\n<figure class=\"wp-block-table is-style-stripes\"><table><tbody><tr><td>Ontdekkingsafdaling voor volwassenen \u2013 The Best Of<\/td><td>2:00 uur<\/td><td>50\u20ac &nbsp;&nbsp;<\/td><\/tr><tr><td>Ontdekkingsafdaling voor tieners (-16 jaar) \u2013 The Best Of<\/td><td>2:00 uur<\/td><td>45\u20ac<\/td><\/tr><tr><td>Descente d\u00e9couverte enfant (-12 ans) &#8211; La Best Of<\/td><td>2:00 uur<\/td><td>40\u20ac<\/td><\/tr><tr><td>Sport voor volwassenen bergafwaarts<\/td><td>2:00 uur<\/td><td>60\u20ac<\/td><\/tr><tr><td><a href=\"https:\/\/www.crazywater-rafting.com\/nl\/gekke-raften-van-een-halve-dag\/\">The Crazy halve dag (ontdekking + sport) Gratis snacks en genepi!<\/a><\/td><td>3u30<\/td><td>95\u20ac<\/td><\/tr><tr><td><br>Prijzen voor Family Rafting op de Ubaye Best Of-route<br>2 adultes + 2 enfants (-12 ans) 168 \u20ac<br>2 adultes + 3 enfants (-12 ans) 200 \u20ac<br><\/td><td><\/td><td><\/td><\/tr><tr><td><strong>Groepstarieven vanaf 10 personen: \u20ac 45<\/strong><\/td><td><\/td><td><\/td><\/tr><\/tbody><\/table><\/figure>\n\n\n\n<h2 class=\"wp-block-heading\">prijzen <strong><a href=\"https:\/\/www.crazywater-rafting.com\/nl\/product\/kajak-vlot-ubaye\/\" target=\"_blank\" rel=\"noreferrer noopener\">Kajak-vlot<\/a> \/ Luchtboot \/ Hotdog <\/strong><\/h2>\n\n\n\n<p class=\"has-large-font-size\">Vanaf 12 jaar<\/p>\n\n\n\n<figure class=\"wp-block-table is-style-stripes\"><table><tbody><tr><td>Discovery-afdaling \u2013 The Best Of<\/td><td>2:00 uur<\/td><td>55\u20ac<\/td><\/tr><tr><td>Sportieve afkomst**<\/td><td>2:00 uur<\/td><td>70\u20ac<\/td><\/tr><tr><td>The Crazy halve dag (ontdekking + sport)** Gratis snacks en genepi!<\/td><td>3u30<\/td><td>110\u20ac<\/td><\/tr><\/tbody><\/table><\/figure>\n\n\n\n<p>** Afhankelijk van waterniveau.<\/p>\n\n\n\n<h2 class=\"wp-block-heading\">prijzen <strong><a href=\"https:\/\/www.crazywater-rafting.com\/nl\/product\/hydrospeed-ubaye-barcelonnette\/\" target=\"_blank\" rel=\"noreferrer noopener\">Hydrosnelheid<\/a> \/ Wildwaterzwemmen en drijven \u2013 Waterwandeling<\/strong><\/h2>\n\n\n\n<p class=\"has-large-font-size\">Vanaf 10 jaar<\/p>\n\n\n\n<figure class=\"wp-block-table is-style-stripes\"><table><tbody><tr><td>Discovery-afdaling \u2013 The Best Of<\/td><td>2:00 uur<\/td><td>55\u20ac<\/td><\/tr><tr><td>Sportieve afkomst** <\/td><td>2:00 uur<\/td><td>70\u20ac<\/td><\/tr><tr><td>The Crazy halve dag (ontdekking + sport) ** Gratis snacks en genepi!<\/td><td>3u30<\/td><td>110\u20ac<\/td><\/tr><\/tbody><\/table><\/figure>\n\n\n\n<p>** Afhankelijk van waterniveau.<\/p>\n\n\n\n<h2 class=\"wp-block-heading has-text-align-left\"><strong>La sp\u00e9ciale Journ\u00e9e Crazy \u00e0 135 \u20ac<\/strong><\/h2>\n\n\n\n<p class=\"has-text-align-center\">De 9h15-13h00 Demi-journ\u00e9e Crazy en Rafting<\/p>\n\n\n\n<p class=\"has-text-align-center\">De 15h45 &#8211; 17h45 Descente Hydrospeed ou Kayak-Raft (2h00)<\/p>\n\n\n\n<h2 class=\"wp-block-heading has-text-align-left\"><strong>Prijzen wildwatersportcursussen, Barcelonnette Valley<\/strong><\/h2>\n\n\n\n<p class=\"has-text-align-left has-large-font-size\">Multi-activiteiten \u00e0 la carte ontdekkingscursus (Rafting, Hydrospeed, Kayak en Canyoning)<\/p>\n\n\n\n<figure class=\"wp-block-table is-style-stripes\"><table><tbody><tr><td>2 activiteiten<\/td><td>4:00.<\/td><td>95 \u20ac<\/td><\/tr><tr><td>3 activiteiten*<\/td><td>6:00 &#039;s ochtends.<\/td><td>140 \u20ac<\/td><\/tr><tr><td>4 activiteiten*<\/td><td>08:00.<\/td><td>180 \u20ac<\/td><\/tr><tr><td>5 activiteiten*<\/td><td>10:00.<\/td><td>215 \u20ac<\/td><\/tr><tr><td>6 activiteiten*<\/td><td>12:00 uur<\/td><td>255 \u20ac<\/td><\/tr><\/tbody><\/table><figcaption class=\"wp-element-caption\">*De activiteiten zijn verspreid over meerdere dagen (1 tot 2 activiteiten per dag)<\/figcaption><\/figure>\n\n\n\n<figure class=\"wp-block-gallery has-nested-images columns-default is-cropped wp-block-gallery-1 is-layout-flex wp-block-gallery-is-layout-flex\">\n<figure class=\"wp-block-image size-large\"><a href=\"https:\/\/www.crazywater-rafting.com\/wordpress\/wp-content\/uploads\/2022\/03\/YJDH2180-e1648911524467.jpg\"><img decoding=\"async\" data-id=\"2000\" src=\"https:\/\/www.crazywater-rafting.com\/wordpress\/wp-content\/uploads\/2022\/03\/YJDH2180-e1648911524467.jpg\" alt=\"ontdek onze Ubaye Rafting-cursussen in Barcelonnette\" class=\"wp-image-2000\"\/><\/a><\/figure>\n\n\n\n<figure class=\"wp-block-image size-large\"><a href=\"https:\/\/www.crazywater-rafting.com\/wordpress\/wp-content\/uploads\/2022\/03\/Kayak-Raft-Ubaye-scaled.jpg\"><img decoding=\"async\" data-id=\"1599\" src=\"https:\/\/www.crazywater-rafting.com\/wordpress\/wp-content\/uploads\/2022\/03\/Kayak-Raft-Ubaye-1024x683.jpg\" alt=\"Neem deel aan een kajakafdaling op de Ubaye op slechts 20 minuten van Barcelonnette in Lauzet\" class=\"wp-image-1599\"\/><\/a><\/figure>\n\n\n\n<figure class=\"wp-block-image size-large\"><a href=\"https:\/\/www.crazywater-rafting.com\/wordpress\/wp-content\/uploads\/2014\/03\/ubaye-scaled.jpg\"><img decoding=\"async\" data-id=\"1149\" src=\"https:\/\/www.crazywater-rafting.com\/wordpress\/wp-content\/uploads\/2014\/03\/ubaye-1024x768.jpg\" alt=\"Ontdek hydrospeed-surfen op de Ubaye bij Barcelonnette;\" class=\"wp-image-1149\"\/><\/a><\/figure>\n<\/figure>\n\n\n\n<h2 class=\"wp-block-heading\">prijzen <a href=\"https:\/\/www.crazybulle.com\/\" target=\"_blank\" rel=\"noreferrer noopener\">Ongebruikelijke accommodatie<\/a> Gekke bubbel<\/h2>\n\n\n\n<p><strong>2 volwassenen<\/strong><\/p>\n\n\n\n<figure class=\"wp-block-table is-style-stripes\"><table><tbody><tr><td>overnachting in een bubbel + ontbijt<\/td><td>85 \u20ac<\/td><\/tr><tr><td>overnachting + ontbijt + rafttocht (2 uur) <\/td><td>175 \u20ac<\/td><\/tr><\/tbody><\/table><\/figure>\n\n\n\n<p><strong>2 volwassenen en 1 kind (jonger dan 10 jaar)<\/strong><\/p>\n\n\n\n<figure class=\"wp-block-table is-style-stripes\"><table><tbody><tr><td>overnachting in een bubbel + ontbijt<\/td><td>90 \u20ac<\/td><\/tr><tr><td>overnachting + ontbijt + rafttocht (2 uur)<\/td><td>215 \u20ac<\/td><\/tr><\/tbody><\/table><\/figure>\n\n\n\n<p><strong>2 volwassenen en 2 kinderen (jonger dan 10 jaar)<\/strong><\/p>\n\n\n\n<figure class=\"wp-block-table is-style-stripes\"><table><tbody><tr><td>overnachting in een bubbel + ontbijt<\/td><td>95 \u20ac<\/td><\/tr><tr><td>overnachting + ontbijt + raftingtocht (2 uur) <\/td><td>245 \u20ac<\/td><\/tr><\/tbody><\/table><\/figure>\n\n\n\n<figure class=\"wp-block-gallery has-nested-images columns-default is-cropped wp-block-gallery-2 is-layout-flex wp-block-gallery-is-layout-flex\">\n<figure class=\"wp-block-image size-large\"><a href=\"https:\/\/www.crazywater-rafting.com\/wordpress\/wp-content\/uploads\/2023\/02\/Rafting-Lac-de-Serre-Poncon-1-scaled.jpg\"><img decoding=\"async\" data-id=\"3231\" src=\"https:\/\/www.crazywater-rafting.com\/wordpress\/wp-content\/uploads\/2023\/02\/Rafting-Lac-de-Serre-Poncon-1-1024x684.jpg\" alt=\"Beleef een ongelooflijke raftingervaring op de Ubaye\" class=\"wp-image-3231\"\/><\/a><\/figure>\n\n\n\n<figure class=\"wp-block-image size-large\"><a href=\"https:\/\/www.crazywater-rafting.com\/wordpress\/wp-content\/uploads\/2023\/03\/Nuit-en-Bulle.jpg\"><img decoding=\"async\" data-id=\"3365\" src=\"https:\/\/www.crazywater-rafting.com\/wordpress\/wp-content\/uploads\/2023\/03\/Nuit-en-Bulle-1024x1024.jpg\" alt=\"Kom slapen in een bubbel, ongewone accommodatie in Lauzet Ubaye in Barcelonnette\" class=\"wp-image-3365\"\/><\/a><\/figure>\n\n\n\n<figure class=\"wp-block-image size-full\"><a href=\"https:\/\/www.crazywater-rafting.com\/wordpress\/wp-content\/uploads\/2024\/01\/Ubaye-Rafting-1.jpg\"><img loading=\"lazy\" decoding=\"async\" width=\"1024\" height=\"683\" data-id=\"1859\" src=\"https:\/\/www.crazywater-rafting.com\/wordpress\/wp-content\/uploads\/2024\/01\/Ubaye-Rafting-1.jpg\" alt=\"Rafting Barcelonnette prijs\" class=\"wp-image-1859\" srcset=\"https:\/\/www.crazywater-rafting.com\/wordpress\/wp-content\/uploads\/2024\/01\/Ubaye-Rafting-1.jpg 1024w, https:\/\/www.crazywater-rafting.com\/wordpress\/wp-content\/uploads\/2024\/01\/Ubaye-Rafting-1-300x200.jpg 300w, https:\/\/www.crazywater-rafting.com\/wordpress\/wp-content\/uploads\/2024\/01\/Ubaye-Rafting-1-768x512.jpg 768w\" sizes=\"auto, (max-width: 1024px) 100vw, 1024px\" \/><\/a><\/figure>\n<\/figure>\n\n\n\n<p class=\"has-text-align-center\">Als u terug wilt naar de pagina van<a href=\"https:\/\/www.crazywater-rafting.com\/nl\/\">ontvangst<\/a> van Crazy Water Rafting in Ubaye<span contenteditable=\"false\" style=\"pointer-events:none;user-select:none;-webkit-user-select:none;-moz-user-select:none;-ms-user-select:none;\"><\/span><\/p>","protected":false},"excerpt":{"rendered":"<p>Onze diensten omvatten alle neopreenuitrusting, vervoer per minibus, een instructeur tot uw dienst en nog veel meer!!<\/p>","protected":false},"author":1,"featured_media":1884,"parent":0,"menu_order":0,"comment_status":"closed","ping_status":"closed","template":"","meta":{"_acf_changed":false,"footnotes":""},"class_list":["post-1958","page","type-page","status-publish","has-post-thumbnail","hentry"],"blocksy_meta":[],"acf":[],"yoast_head":"<!-- This site is optimized with the Yoast SEO plugin v27.4 - https:\/\/yoast.com\/product\/yoast-seo-wordpress\/ -->\n<title>Tarifs eau vive - Crazy Water Rafting<\/title>\n<meta name=\"description\" content=\"D\u00e9couvrez les tarifs des descentes en rafting sur l&#039;Ubaye, de nos activit\u00e9s d&#039;eaux vives et de notre h\u00e9bergement insolite - Le Lauzet Ubaye\" \/>\n<meta name=\"robots\" content=\"index, follow, max-snippet:-1, max-image-preview:large, max-video-preview:-1\" \/>\n<link rel=\"canonical\" href=\"https:\/\/www.crazywater-rafting.com\/nl\/raften-prijs-in-ubaye\/\" \/>\n<meta property=\"og:locale\" content=\"nl_NL\" \/>\n<meta property=\"og:type\" content=\"article\" \/>\n<meta property=\"og:title\" content=\"Tarifs eau vive - Crazy Water Rafting\" \/>\n<meta property=\"og:description\" content=\"D\u00e9couvrez les tarifs des descentes en rafting sur l&#039;Ubaye, de nos activit\u00e9s d&#039;eaux vives et de notre h\u00e9bergement insolite - Le Lauzet Ubaye\" \/>\n<meta property=\"og:url\" content=\"https:\/\/www.crazywater-rafting.com\/nl\/raften-prijs-in-ubaye\/\" \/>\n<meta property=\"og:site_name\" content=\"Crazy Water Rafting\" \/>\n<meta property=\"article:modified_time\" content=\"2026-01-18T17:37:17+00:00\" \/>\n<meta property=\"og:image\" content=\"https:\/\/www.crazywater-rafting.com\/wordpress\/wp-content\/uploads\/2024\/01\/Base-de-rafting-au-Lauzet.jpg\" \/>\n\t<meta property=\"og:image:width\" content=\"2048\" \/>\n\t<meta property=\"og:image:height\" content=\"1536\" \/>\n\t<meta property=\"og:image:type\" content=\"image\/jpeg\" \/>\n<meta name=\"twitter:card\" content=\"summary_large_image\" \/>\n<meta name=\"twitter:label1\" content=\"Geschatte leestijd\" \/>\n\t<meta name=\"twitter:data1\" content=\"4 minuten\" \/>\n<script type=\"application\/ld+json\" class=\"yoast-schema-graph\">{\"@context\":\"https:\\\/\\\/schema.org\",\"@graph\":[{\"@type\":\"WebPage\",\"@id\":\"https:\\\/\\\/www.crazywater-rafting.com\\\/tarif-rafting-en-ubaye\\\/\",\"url\":\"https:\\\/\\\/www.crazywater-rafting.com\\\/tarif-rafting-en-ubaye\\\/\",\"name\":\"Tarifs eau vive - Crazy Water Rafting\",\"isPartOf\":{\"@id\":\"https:\\\/\\\/www.crazywater-rafting.com\\\/#website\"},\"primaryImageOfPage\":{\"@id\":\"https:\\\/\\\/www.crazywater-rafting.com\\\/tarif-rafting-en-ubaye\\\/#primaryimage\"},\"image\":{\"@id\":\"https:\\\/\\\/www.crazywater-rafting.com\\\/tarif-rafting-en-ubaye\\\/#primaryimage\"},\"thumbnailUrl\":\"https:\\\/\\\/www.crazywater-rafting.com\\\/wordpress\\\/wp-content\\\/uploads\\\/2024\\\/01\\\/Base-de-rafting-au-Lauzet.jpg\",\"datePublished\":\"2024-01-19T09:02:18+00:00\",\"dateModified\":\"2026-01-18T17:37:17+00:00\",\"description\":\"D\u00e9couvrez les tarifs des descentes en rafting sur l'Ubaye, de nos activit\u00e9s d'eaux vives et de notre h\u00e9bergement insolite - Le Lauzet Ubaye\",\"breadcrumb\":{\"@id\":\"https:\\\/\\\/www.crazywater-rafting.com\\\/tarif-rafting-en-ubaye\\\/#breadcrumb\"},\"inLanguage\":\"nl-NL\",\"potentialAction\":[{\"@type\":\"ReadAction\",\"target\":[\"https:\\\/\\\/www.crazywater-rafting.com\\\/tarif-rafting-en-ubaye\\\/\"]}]},{\"@type\":\"ImageObject\",\"inLanguage\":\"nl-NL\",\"@id\":\"https:\\\/\\\/www.crazywater-rafting.com\\\/tarif-rafting-en-ubaye\\\/#primaryimage\",\"url\":\"https:\\\/\\\/www.crazywater-rafting.com\\\/wordpress\\\/wp-content\\\/uploads\\\/2024\\\/01\\\/Base-de-rafting-au-Lauzet.jpg\",\"contentUrl\":\"https:\\\/\\\/www.crazywater-rafting.com\\\/wordpress\\\/wp-content\\\/uploads\\\/2024\\\/01\\\/Base-de-rafting-au-Lauzet.jpg\",\"width\":2048,\"height\":1536,\"caption\":\"Quels est le prix d'une descente en rafting \u00e0 Barcelonnette sur l'Ubaye ? Hydrospeed et kayak\"},{\"@type\":\"BreadcrumbList\",\"@id\":\"https:\\\/\\\/www.crazywater-rafting.com\\\/tarif-rafting-en-ubaye\\\/#breadcrumb\",\"itemListElement\":[{\"@type\":\"ListItem\",\"position\":1,\"name\":\"Accueil\",\"item\":\"https:\\\/\\\/www.crazywater-rafting.com\\\/\"},{\"@type\":\"ListItem\",\"position\":2,\"name\":\"Tarifs\"}]},{\"@type\":\"WebSite\",\"@id\":\"https:\\\/\\\/www.crazywater-rafting.com\\\/#website\",\"url\":\"https:\\\/\\\/www.crazywater-rafting.com\\\/\",\"name\":\"Crazy Water Rafting\",\"description\":\"\",\"publisher\":{\"@id\":\"https:\\\/\\\/www.crazywater-rafting.com\\\/#organization\"},\"potentialAction\":[{\"@type\":\"SearchAction\",\"target\":{\"@type\":\"EntryPoint\",\"urlTemplate\":\"https:\\\/\\\/www.crazywater-rafting.com\\\/?s={search_term_string}\"},\"query-input\":{\"@type\":\"PropertyValueSpecification\",\"valueRequired\":true,\"valueName\":\"search_term_string\"}}],\"inLanguage\":\"nl-NL\"},{\"@type\":\"Organization\",\"@id\":\"https:\\\/\\\/www.crazywater-rafting.com\\\/#organization\",\"name\":\"Crazy Water Rafting\",\"alternateName\":\"Crazy Water Rafting\",\"url\":\"https:\\\/\\\/www.crazywater-rafting.com\\\/\",\"logo\":{\"@type\":\"ImageObject\",\"inLanguage\":\"nl-NL\",\"@id\":\"https:\\\/\\\/www.crazywater-rafting.com\\\/#\\\/schema\\\/logo\\\/image\\\/\",\"url\":\"https:\\\/\\\/www.crazywater-rafting.com\\\/wordpress\\\/wp-content\\\/uploads\\\/2024\\\/02\\\/Logo-Crazy-Water.jpg\",\"contentUrl\":\"https:\\\/\\\/www.crazywater-rafting.com\\\/wordpress\\\/wp-content\\\/uploads\\\/2024\\\/02\\\/Logo-Crazy-Water.jpg\",\"width\":1092,\"height\":592,\"caption\":\"Crazy Water Rafting\"},\"image\":{\"@id\":\"https:\\\/\\\/www.crazywater-rafting.com\\\/#\\\/schema\\\/logo\\\/image\\\/\"},\"sameAs\":[\"https:\\\/\\\/www.reddit.com\\\/user\\\/Crazy-Water-Rafting\\\/\",\"https:\\\/\\\/www.linkedin.com\\\/in\\\/crazy-water-rafting-ubaye-08987b67\\\/\"]}]}<\/script>\n<!-- \/ Yoast SEO plugin. -->","yoast_head_json":{"title":"Wildwatertarieven - Crazy Water Rafting","description":"Ontdek de prijzen voor raftafdalingen op de Ubaye, onze wildwateractiviteiten en onze bijzondere accommodatie - Le Lauzet Ubaye","robots":{"index":"index","follow":"follow","max-snippet":"max-snippet:-1","max-image-preview":"max-image-preview:large","max-video-preview":"max-video-preview:-1"},"canonical":"https:\/\/www.crazywater-rafting.com\/nl\/raften-prijs-in-ubaye\/","og_locale":"nl_NL","og_type":"article","og_title":"Tarifs eau vive - Crazy Water Rafting","og_description":"D\u00e9couvrez les tarifs des descentes en rafting sur l'Ubaye, de nos activit\u00e9s d'eaux vives et de notre h\u00e9bergement insolite - Le Lauzet Ubaye","og_url":"https:\/\/www.crazywater-rafting.com\/nl\/raften-prijs-in-ubaye\/","og_site_name":"Crazy Water Rafting","article_modified_time":"2026-01-18T17:37:17+00:00","og_image":[{"width":2048,"height":1536,"url":"https:\/\/www.crazywater-rafting.com\/wordpress\/wp-content\/uploads\/2024\/01\/Base-de-rafting-au-Lauzet.jpg","type":"image\/jpeg"}],"twitter_card":"summary_large_image","twitter_misc":{"Geschatte leestijd":"4 minuten"},"schema":{"@context":"https:\/\/schema.org","@graph":[{"@type":"WebPage","@id":"https:\/\/www.crazywater-rafting.com\/tarif-rafting-en-ubaye\/","url":"https:\/\/www.crazywater-rafting.com\/tarif-rafting-en-ubaye\/","name":"Wildwatertarieven - Crazy Water Rafting","isPartOf":{"@id":"https:\/\/www.crazywater-rafting.com\/#website"},"primaryImageOfPage":{"@id":"https:\/\/www.crazywater-rafting.com\/tarif-rafting-en-ubaye\/#primaryimage"},"image":{"@id":"https:\/\/www.crazywater-rafting.com\/tarif-rafting-en-ubaye\/#primaryimage"},"thumbnailUrl":"https:\/\/www.crazywater-rafting.com\/wordpress\/wp-content\/uploads\/2024\/01\/Base-de-rafting-au-Lauzet.jpg","datePublished":"2024-01-19T09:02:18+00:00","dateModified":"2026-01-18T17:37:17+00:00","description":"Ontdek de prijzen voor raftafdalingen op de Ubaye, onze wildwateractiviteiten en onze bijzondere accommodatie - Le Lauzet Ubaye","breadcrumb":{"@id":"https:\/\/www.crazywater-rafting.com\/tarif-rafting-en-ubaye\/#breadcrumb"},"inLanguage":"nl-NL","potentialAction":[{"@type":"ReadAction","target":["https:\/\/www.crazywater-rafting.com\/tarif-rafting-en-ubaye\/"]}]},{"@type":"ImageObject","inLanguage":"nl-NL","@id":"https:\/\/www.crazywater-rafting.com\/tarif-rafting-en-ubaye\/#primaryimage","url":"https:\/\/www.crazywater-rafting.com\/wordpress\/wp-content\/uploads\/2024\/01\/Base-de-rafting-au-Lauzet.jpg","contentUrl":"https:\/\/www.crazywater-rafting.com\/wordpress\/wp-content\/uploads\/2024\/01\/Base-de-rafting-au-Lauzet.jpg","width":2048,"height":1536,"caption":"Quels est le prix d'une descente en rafting \u00e0 Barcelonnette sur l'Ubaye ? Hydrospeed et kayak"},{"@type":"BreadcrumbList","@id":"https:\/\/www.crazywater-rafting.com\/tarif-rafting-en-ubaye\/#breadcrumb","itemListElement":[{"@type":"ListItem","position":1,"name":"Accueil","item":"https:\/\/www.crazywater-rafting.com\/"},{"@type":"ListItem","position":2,"name":"Tarifs"}]},{"@type":"WebSite","@id":"https:\/\/www.crazywater-rafting.com\/#website","url":"https:\/\/www.crazywater-rafting.com\/","name":"Gekke waterraften","description":"","publisher":{"@id":"https:\/\/www.crazywater-rafting.com\/#organization"},"potentialAction":[{"@type":"SearchAction","target":{"@type":"EntryPoint","urlTemplate":"https:\/\/www.crazywater-rafting.com\/?s={search_term_string}"},"query-input":{"@type":"PropertyValueSpecification","valueRequired":true,"valueName":"search_term_string"}}],"inLanguage":"nl-NL"},{"@type":"Organization","@id":"https:\/\/www.crazywater-rafting.com\/#organization","name":"Gekke waterraften","alternateName":"Crazy Water Rafting","url":"https:\/\/www.crazywater-rafting.com\/","logo":{"@type":"ImageObject","inLanguage":"nl-NL","@id":"https:\/\/www.crazywater-rafting.com\/#\/schema\/logo\/image\/","url":"https:\/\/www.crazywater-rafting.com\/wordpress\/wp-content\/uploads\/2024\/02\/Logo-Crazy-Water.jpg","contentUrl":"https:\/\/www.crazywater-rafting.com\/wordpress\/wp-content\/uploads\/2024\/02\/Logo-Crazy-Water.jpg","width":1092,"height":592,"caption":"Crazy Water Rafting"},"image":{"@id":"https:\/\/www.crazywater-rafting.com\/#\/schema\/logo\/image\/"},"sameAs":["https:\/\/www.reddit.com\/user\/Crazy-Water-Rafting\/","https:\/\/www.linkedin.com\/in\/crazy-water-rafting-ubaye-08987b67\/"]}]}},"_links":{"self":[{"href":"https:\/\/www.crazywater-rafting.com\/nl\/wp-json\/wp\/v2\/pages\/1958","targetHints":{"allow":["GET"]}}],"collection":[{"href":"https:\/\/www.crazywater-rafting.com\/nl\/wp-json\/wp\/v2\/pages"}],"about":[{"href":"https:\/\/www.crazywater-rafting.com\/nl\/wp-json\/wp\/v2\/types\/page"}],"author":[{"embeddable":true,"href":"https:\/\/www.crazywater-rafting.com\/nl\/wp-json\/wp\/v2\/users\/1"}],"replies":[{"embeddable":true,"href":"https:\/\/www.crazywater-rafting.com\/nl\/wp-json\/wp\/v2\/comments?post=1958"}],"version-history":[{"count":19,"href":"https:\/\/www.crazywater-rafting.com\/nl\/wp-json\/wp\/v2\/pages\/1958\/revisions"}],"predecessor-version":[{"id":3674,"href":"https:\/\/www.crazywater-rafting.com\/nl\/wp-json\/wp\/v2\/pages\/1958\/revisions\/3674"}],"wp:featuredmedia":[{"embeddable":true,"href":"https:\/\/www.crazywater-rafting.com\/nl\/wp-json\/wp\/v2\/media\/1884"}],"wp:attachment":[{"href":"https:\/\/www.crazywater-rafting.com\/nl\/wp-json\/wp\/v2\/media?parent=1958"}],"curies":[{"name":"wp","href":"https:\/\/api.w.org\/{rel}","templated":true}]}}