{"id":2000,"date":"2024-01-19T10:02:20","date_gmt":"2024-01-19T09:02:20","guid":{"rendered":"https:\/\/crazywater.animal-societe.com\/?page_id=2000"},"modified":"2024-02-20T10:27:01","modified_gmt":"2024-02-20T09:27:01","slug":"legal-notice","status":"publish","type":"page","link":"https:\/\/www.crazywater-rafting.com\/en\/mentions-legales\/","title":{"rendered":"Legal Notice"},"content":{"rendered":"<section class=\"wp-block-group texte-simple is-layout-constrained wp-block-group-is-layout-constrained\">\n<h2 class=\"wp-block-heading\">Legal notices of crazy water rafting<\/h2>\n\n\n\n<p>Crazy water rafting Ubaye-Barcelonnette 04340 Le Lauzet Ubaye <\/p>\n\n\n\n<p>Ber\u00e7on Mathieu Crazy water rafting, registered in the INSEE register of the PACA region under number 04017062156, is responsible for processing the data collected on the crazy water rafting Ubaye Site.<\/p>\n\n\n\n<p>The user is notably informed that in accordance with article 32 of the Data Protection Act of January 6, 1978 as amended, the information he communicates using the forms on the crazy water rafting Ubaye Site is necessary to respond to his request. and are intended for the services responsible for responding to the request for purposes of monitoring this request.<\/p>\n\n\n\n<p>In accordance with the provisions of articles 39 and 40 of the \u201cInformatique et Libert\u00e9s\u201d law of January 6, 1978 amended in 2004, the user has the right to access, rectify, update and delete information which concern him, which he can exercise by contacting crazywaterrafting@gmail.com, or by mail to Crazy water rafting Route du Villard 04340 Le Lauzet Ubaye, specifying in the subject of the mail \u201cPersonal rights\u201d and attaching a copy of their proof of identity.<\/p>\n\n\n\n<p>You also have the right to give instructions on the fate of your data after your death.<\/p>\n\n\n\n<p>In accordance with the provisions of article 38 of the \u201cInformatique et Libert\u00e9s\u201d law of January 6, 1978 amended in 2004, the user may also object, for legitimate reasons, to their data being processed. and without reason and without charge, for their data to be used for commercial prospecting purposes.<\/p>\n\n\n\n<p>The user is informed that during his visits to the Site <a href=\"https:\/\/www.crazywater-rafting.com\/en\/\">www.crazywater-rafting.com<\/a>, a cookie may be automatically installed on your browser software.<\/p>\n\n\n\n<p>The information collected on this site will be kept for a period of three years.<\/p>\n\n\n\n<p>The cookie is a block of data which does not identify users but is used to record information relating to their navigation on the site. The configuration of the browser software makes it possible to inform of the presence of cookies and possibly to refuse them in the manner described at the following address www.cnil.fr.<\/p>\n\n\n\n<p>The user has the right to access, withdraw and modify personal data communicated through cookies under the conditions indicated above.<\/p>\n\n\n\n<p>The user of the Crazy water rafting Ubaye Site is required to respect the provisions of the Data Protection Act of January 6, 1978, as amended, violation of which is punishable by criminal sanctions. He must in particular refrain, with regard to the personal information to which he has access, from any collection, from any misuse, and in general, from any act likely to harm the privacy or reputation of individuals. .<\/p>\n<\/section>","protected":false},"excerpt":{"rendered":"<p>Mentions L\u00e9gales de crazy water rafting Crazy water rafting Ubaye-Barcelonnette 04340 Le Lauzet Ubaye Ber\u00e7on Mathieu Crazy water rafting , inscrite au registre de l&rsquo;Insee de la region PACA sous le num\u00e9ro 04017062156, est le responsable du traitement des donn\u00e9es collect\u00e9es sur le Site de crazy water rafting Ubaye. L\u2019utilisateur est notamment inform\u00e9 que conform\u00e9ment [&hellip;]<\/p>\n","protected":false},"author":1,"featured_media":1872,"parent":0,"menu_order":0,"comment_status":"closed","ping_status":"closed","template":"","meta":{"_acf_changed":false,"footnotes":""},"class_list":["post-2000","page","type-page","status-publish","has-post-thumbnail","hentry"],"blocksy_meta":[],"acf":[],"yoast_head":"<!-- This site is optimized with the Yoast SEO plugin v27.4 - https:\/\/yoast.com\/product\/yoast-seo-wordpress\/ -->\n<title>Mentions L\u00e9gales - Crazy Water Rafting<\/title>\n<meta name=\"description\" content=\"Mentions l\u00e9gales du site internet de la compagnie crazy water rafting situ\u00e9e au Lauzet Ubaye dans la vall\u00e9e de Barcelonnette Alpes 04\" \/>\n<meta name=\"robots\" content=\"index, follow, max-snippet:-1, max-image-preview:large, max-video-preview:-1\" \/>\n<link rel=\"canonical\" href=\"https:\/\/www.crazywater-rafting.com\/en\/legal-notice\/\" \/>\n<meta property=\"og:locale\" content=\"en_GB\" \/>\n<meta property=\"og:type\" content=\"article\" \/>\n<meta property=\"og:title\" content=\"Mentions L\u00e9gales - Crazy Water Rafting\" \/>\n<meta property=\"og:description\" content=\"Mentions l\u00e9gales du site internet de la compagnie crazy water rafting situ\u00e9e au Lauzet Ubaye dans la vall\u00e9e de Barcelonnette Alpes 04\" \/>\n<meta property=\"og:url\" content=\"https:\/\/www.crazywater-rafting.com\/en\/legal-notice\/\" \/>\n<meta property=\"og:site_name\" content=\"Crazy Water Rafting\" \/>\n<meta property=\"article:modified_time\" content=\"2024-02-20T09:27:01+00:00\" \/>\n<meta property=\"og:image\" content=\"https:\/\/www.crazywater-rafting.com\/wordpress\/wp-content\/uploads\/2024\/01\/DSC_4466-scaled-1.jpg\" \/>\n\t<meta property=\"og:image:width\" content=\"2560\" \/>\n\t<meta property=\"og:image:height\" content=\"1700\" \/>\n\t<meta property=\"og:image:type\" content=\"image\/jpeg\" \/>\n<meta name=\"twitter:card\" content=\"summary_large_image\" \/>\n<meta name=\"twitter:label1\" content=\"Estimated reading time\" \/>\n\t<meta name=\"twitter:data1\" content=\"3 minutes\" \/>\n<script type=\"application\/ld+json\" class=\"yoast-schema-graph\">{\"@context\":\"https:\\\/\\\/schema.org\",\"@graph\":[{\"@type\":\"WebPage\",\"@id\":\"https:\\\/\\\/www.crazywater-rafting.com\\\/mentions-legales\\\/\",\"url\":\"https:\\\/\\\/www.crazywater-rafting.com\\\/mentions-legales\\\/\",\"name\":\"Mentions L\u00e9gales - Crazy Water Rafting\",\"isPartOf\":{\"@id\":\"https:\\\/\\\/www.crazywater-rafting.com\\\/#website\"},\"primaryImageOfPage\":{\"@id\":\"https:\\\/\\\/www.crazywater-rafting.com\\\/mentions-legales\\\/#primaryimage\"},\"image\":{\"@id\":\"https:\\\/\\\/www.crazywater-rafting.com\\\/mentions-legales\\\/#primaryimage\"},\"thumbnailUrl\":\"https:\\\/\\\/www.crazywater-rafting.com\\\/wordpress\\\/wp-content\\\/uploads\\\/2024\\\/01\\\/DSC_4466-scaled-1.jpg\",\"datePublished\":\"2024-01-19T09:02:20+00:00\",\"dateModified\":\"2024-02-20T09:27:01+00:00\",\"description\":\"Mentions l\u00e9gales du site internet de la compagnie crazy water rafting situ\u00e9e au Lauzet Ubaye dans la vall\u00e9e de Barcelonnette Alpes 04\",\"breadcrumb\":{\"@id\":\"https:\\\/\\\/www.crazywater-rafting.com\\\/mentions-legales\\\/#breadcrumb\"},\"inLanguage\":\"en-GB\",\"potentialAction\":[{\"@type\":\"ReadAction\",\"target\":[\"https:\\\/\\\/www.crazywater-rafting.com\\\/mentions-legales\\\/\"]}]},{\"@type\":\"ImageObject\",\"inLanguage\":\"en-GB\",\"@id\":\"https:\\\/\\\/www.crazywater-rafting.com\\\/mentions-legales\\\/#primaryimage\",\"url\":\"https:\\\/\\\/www.crazywater-rafting.com\\\/wordpress\\\/wp-content\\\/uploads\\\/2024\\\/01\\\/DSC_4466-scaled-1.jpg\",\"contentUrl\":\"https:\\\/\\\/www.crazywater-rafting.com\\\/wordpress\\\/wp-content\\\/uploads\\\/2024\\\/01\\\/DSC_4466-scaled-1.jpg\",\"width\":2560,\"height\":1700,\"caption\":\"Mentions l\u00e9gales du site internet de crazy water rafting\"},{\"@type\":\"BreadcrumbList\",\"@id\":\"https:\\\/\\\/www.crazywater-rafting.com\\\/mentions-legales\\\/#breadcrumb\",\"itemListElement\":[{\"@type\":\"ListItem\",\"position\":1,\"name\":\"Accueil\",\"item\":\"https:\\\/\\\/www.crazywater-rafting.com\\\/\"},{\"@type\":\"ListItem\",\"position\":2,\"name\":\"Mentions L\u00e9gales\"}]},{\"@type\":\"WebSite\",\"@id\":\"https:\\\/\\\/www.crazywater-rafting.com\\\/#website\",\"url\":\"https:\\\/\\\/www.crazywater-rafting.com\\\/\",\"name\":\"Crazy Water Rafting\",\"description\":\"\",\"publisher\":{\"@id\":\"https:\\\/\\\/www.crazywater-rafting.com\\\/#organization\"},\"potentialAction\":[{\"@type\":\"SearchAction\",\"target\":{\"@type\":\"EntryPoint\",\"urlTemplate\":\"https:\\\/\\\/www.crazywater-rafting.com\\\/?s={search_term_string}\"},\"query-input\":{\"@type\":\"PropertyValueSpecification\",\"valueRequired\":true,\"valueName\":\"search_term_string\"}}],\"inLanguage\":\"en-GB\"},{\"@type\":\"Organization\",\"@id\":\"https:\\\/\\\/www.crazywater-rafting.com\\\/#organization\",\"name\":\"Crazy Water Rafting\",\"alternateName\":\"Crazy Water Rafting\",\"url\":\"https:\\\/\\\/www.crazywater-rafting.com\\\/\",\"logo\":{\"@type\":\"ImageObject\",\"inLanguage\":\"en-GB\",\"@id\":\"https:\\\/\\\/www.crazywater-rafting.com\\\/#\\\/schema\\\/logo\\\/image\\\/\",\"url\":\"https:\\\/\\\/www.crazywater-rafting.com\\\/wordpress\\\/wp-content\\\/uploads\\\/2024\\\/02\\\/Logo-Crazy-Water.jpg\",\"contentUrl\":\"https:\\\/\\\/www.crazywater-rafting.com\\\/wordpress\\\/wp-content\\\/uploads\\\/2024\\\/02\\\/Logo-Crazy-Water.jpg\",\"width\":1092,\"height\":592,\"caption\":\"Crazy Water Rafting\"},\"image\":{\"@id\":\"https:\\\/\\\/www.crazywater-rafting.com\\\/#\\\/schema\\\/logo\\\/image\\\/\"},\"sameAs\":[\"https:\\\/\\\/www.reddit.com\\\/user\\\/Crazy-Water-Rafting\\\/\",\"https:\\\/\\\/www.linkedin.com\\\/in\\\/crazy-water-rafting-ubaye-08987b67\\\/\"]}]}<\/script>\n<!-- \/ Yoast SEO plugin. -->","yoast_head_json":{"title":"Legal Notices - Crazy Water Rafting","description":"Legal notices of the website of the crazy water rafting company located in Lauzet Ubaye in the Barcelonnette valley Alpes 04","robots":{"index":"index","follow":"follow","max-snippet":"max-snippet:-1","max-image-preview":"max-image-preview:large","max-video-preview":"max-video-preview:-1"},"canonical":"https:\/\/www.crazywater-rafting.com\/en\/legal-notice\/","og_locale":"en_GB","og_type":"article","og_title":"Mentions L\u00e9gales - Crazy Water Rafting","og_description":"Mentions l\u00e9gales du site internet de la compagnie crazy water rafting situ\u00e9e au Lauzet Ubaye dans la vall\u00e9e de Barcelonnette Alpes 04","og_url":"https:\/\/www.crazywater-rafting.com\/en\/legal-notice\/","og_site_name":"Crazy Water Rafting","article_modified_time":"2024-02-20T09:27:01+00:00","og_image":[{"width":2560,"height":1700,"url":"https:\/\/www.crazywater-rafting.com\/wordpress\/wp-content\/uploads\/2024\/01\/DSC_4466-scaled-1.jpg","type":"image\/jpeg"}],"twitter_card":"summary_large_image","twitter_misc":{"Estimated reading time":"3 minutes"},"schema":{"@context":"https:\/\/schema.org","@graph":[{"@type":"WebPage","@id":"https:\/\/www.crazywater-rafting.com\/mentions-legales\/","url":"https:\/\/www.crazywater-rafting.com\/mentions-legales\/","name":"Legal Notices - Crazy Water Rafting","isPartOf":{"@id":"https:\/\/www.crazywater-rafting.com\/#website"},"primaryImageOfPage":{"@id":"https:\/\/www.crazywater-rafting.com\/mentions-legales\/#primaryimage"},"image":{"@id":"https:\/\/www.crazywater-rafting.com\/mentions-legales\/#primaryimage"},"thumbnailUrl":"https:\/\/www.crazywater-rafting.com\/wordpress\/wp-content\/uploads\/2024\/01\/DSC_4466-scaled-1.jpg","datePublished":"2024-01-19T09:02:20+00:00","dateModified":"2024-02-20T09:27:01+00:00","description":"Legal notices of the website of the crazy water rafting company located in Lauzet Ubaye in the Barcelonnette valley Alpes 04","breadcrumb":{"@id":"https:\/\/www.crazywater-rafting.com\/mentions-legales\/#breadcrumb"},"inLanguage":"en-GB","potentialAction":[{"@type":"ReadAction","target":["https:\/\/www.crazywater-rafting.com\/mentions-legales\/"]}]},{"@type":"ImageObject","inLanguage":"en-GB","@id":"https:\/\/www.crazywater-rafting.com\/mentions-legales\/#primaryimage","url":"https:\/\/www.crazywater-rafting.com\/wordpress\/wp-content\/uploads\/2024\/01\/DSC_4466-scaled-1.jpg","contentUrl":"https:\/\/www.crazywater-rafting.com\/wordpress\/wp-content\/uploads\/2024\/01\/DSC_4466-scaled-1.jpg","width":2560,"height":1700,"caption":"Mentions l\u00e9gales du site internet de crazy water rafting"},{"@type":"BreadcrumbList","@id":"https:\/\/www.crazywater-rafting.com\/mentions-legales\/#breadcrumb","itemListElement":[{"@type":"ListItem","position":1,"name":"Accueil","item":"https:\/\/www.crazywater-rafting.com\/"},{"@type":"ListItem","position":2,"name":"Mentions L\u00e9gales"}]},{"@type":"WebSite","@id":"https:\/\/www.crazywater-rafting.com\/#website","url":"https:\/\/www.crazywater-rafting.com\/","name":"Crazy Water Rafting","description":"","publisher":{"@id":"https:\/\/www.crazywater-rafting.com\/#organization"},"potentialAction":[{"@type":"SearchAction","target":{"@type":"EntryPoint","urlTemplate":"https:\/\/www.crazywater-rafting.com\/?s={search_term_string}"},"query-input":{"@type":"PropertyValueSpecification","valueRequired":true,"valueName":"search_term_string"}}],"inLanguage":"en-GB"},{"@type":"Organization","@id":"https:\/\/www.crazywater-rafting.com\/#organization","name":"Crazy Water Rafting","alternateName":"Crazy Water Rafting","url":"https:\/\/www.crazywater-rafting.com\/","logo":{"@type":"ImageObject","inLanguage":"en-GB","@id":"https:\/\/www.crazywater-rafting.com\/#\/schema\/logo\/image\/","url":"https:\/\/www.crazywater-rafting.com\/wordpress\/wp-content\/uploads\/2024\/02\/Logo-Crazy-Water.jpg","contentUrl":"https:\/\/www.crazywater-rafting.com\/wordpress\/wp-content\/uploads\/2024\/02\/Logo-Crazy-Water.jpg","width":1092,"height":592,"caption":"Crazy Water Rafting"},"image":{"@id":"https:\/\/www.crazywater-rafting.com\/#\/schema\/logo\/image\/"},"sameAs":["https:\/\/www.reddit.com\/user\/Crazy-Water-Rafting\/","https:\/\/www.linkedin.com\/in\/crazy-water-rafting-ubaye-08987b67\/"]}]}},"_links":{"self":[{"href":"https:\/\/www.crazywater-rafting.com\/en\/wp-json\/wp\/v2\/pages\/2000","targetHints":{"allow":["GET"]}}],"collection":[{"href":"https:\/\/www.crazywater-rafting.com\/en\/wp-json\/wp\/v2\/pages"}],"about":[{"href":"https:\/\/www.crazywater-rafting.com\/en\/wp-json\/wp\/v2\/types\/page"}],"author":[{"embeddable":true,"href":"https:\/\/www.crazywater-rafting.com\/en\/wp-json\/wp\/v2\/users\/1"}],"replies":[{"embeddable":true,"href":"https:\/\/www.crazywater-rafting.com\/en\/wp-json\/wp\/v2\/comments?post=2000"}],"version-history":[{"count":2,"href":"https:\/\/www.crazywater-rafting.com\/en\/wp-json\/wp\/v2\/pages\/2000\/revisions"}],"predecessor-version":[{"id":2627,"href":"https:\/\/www.crazywater-rafting.com\/en\/wp-json\/wp\/v2\/pages\/2000\/revisions\/2627"}],"wp:featuredmedia":[{"embeddable":true,"href":"https:\/\/www.crazywater-rafting.com\/en\/wp-json\/wp\/v2\/media\/1872"}],"wp:attachment":[{"href":"https:\/\/www.crazywater-rafting.com\/en\/wp-json\/wp\/v2\/media?parent=2000"}],"curies":[{"name":"wp","href":"https:\/\/api.w.org\/{rel}","templated":true}]}}