{"id":1999,"date":"2024-01-19T10:02:20","date_gmt":"2024-01-19T09:02:20","guid":{"rendered":"https:\/\/crazywater.animal-societe.com\/?page_id=1999"},"modified":"2025-02-20T13:36:29","modified_gmt":"2025-02-20T12:36:29","slug":"divorce-party","status":"publish","type":"page","link":"https:\/\/www.crazywater-rafting.com\/en\/evg-evjf-rafting-ubaye\/divorce-party\/","title":{"rendered":"Divorce party while rafting"},"content":{"rendered":"<section class=\"wp-block-group texte-simple is-layout-constrained wp-block-group-is-layout-constrained\">\n<p><strong>Divorce party<\/strong> ? et oui ! Si vous cherchez une fa\u00e7on unique de c\u00e9l\u00e9brer votre divorce et de passer un bon moment avec vos amis, pourquoi ne pas organiser une \u00ab\u00a0divorce party\u00a0\u00bb en<strong> rafting on the Ubaye<\/strong> ? Cette activit\u00e9 passionnante vous permettra de vous lib\u00e9rer de votre relation pass\u00e9e tout en profitant de l&rsquo;un des plus beaux paysages naturels de France.<\/p>\n<\/section>\n\n\n\n<section class=\"wp-block-group texte-simple is-layout-constrained wp-block-group-is-layout-constrained\">\n<h2 class=\"wp-block-heading\">Rafting on the Ubaye for a \u201cDivorce Party\u201d<\/h2>\n\n\n\n<p><strong>Ubaye<\/strong> est une rivi\u00e8re magnifique situ\u00e9e dans les <strong>Alpes du Sud<\/strong>, en France. Elle est r\u00e9put\u00e9e pour ses eaux cristallines, ses rapides passionnants et ses paysages \u00e0 couper le souffle. Cette r\u00e9gion est \u00e9galement riche en histoire et en culture, avec de nombreuses villes pittoresques \u00e0 proximit\u00e9 qui valent le d\u00e9tour. En optant pour une \u00ab\u00a0<strong>divorce party<\/strong>\u00a0\u00bb en rafting sur l&rsquo;Ubaye, vous pourrez profiter de cette <strong>unique combination of adventure, natural beauty and culture<\/strong>.<\/p>\n<\/section>\n\n\n\n<h3 class=\"wp-block-heading\">How to organize a \u201cDivorce Party\u201d day in PACA?<\/h3>\n\n\n\n<figure class=\"wp-block-gallery has-nested-images columns-default is-cropped wp-block-gallery-1 is-layout-flex wp-block-gallery-is-layout-flex\">\n<figure class=\"wp-block-image size-large\"><a href=\"https:\/\/www.crazywater-rafting.com\/wordpress\/wp-content\/uploads\/2023\/05\/Equipement-rafting-scaled.jpg\"><img decoding=\"async\" data-id=\"3998\" src=\"https:\/\/www.crazywater-rafting.com\/wordpress\/wp-content\/uploads\/2023\/05\/Equipement-rafting-1024x683.jpg\" alt=\"Celebrate your divorce party by rafting in the Ubaye valley.\" class=\"wp-image-3998\"\/><\/a><\/figure>\n\n\n\n<figure class=\"wp-block-image size-large\"><a href=\"https:\/\/www.crazywater-rafting.com\/wordpress\/wp-content\/uploads\/2024\/02\/Divorce-party.jpg\"><img loading=\"lazy\" decoding=\"async\" width=\"1024\" height=\"680\" data-id=\"2732\" src=\"https:\/\/www.crazywater-rafting.com\/wordpress\/wp-content\/uploads\/2024\/02\/Divorce-party-1024x680.jpg\" alt=\"Divorce Party\" class=\"wp-image-2732\" srcset=\"https:\/\/www.crazywater-rafting.com\/wordpress\/wp-content\/uploads\/2024\/02\/Divorce-party-1024x680.jpg 1024w, https:\/\/www.crazywater-rafting.com\/wordpress\/wp-content\/uploads\/2024\/02\/Divorce-party-300x199.jpg 300w, https:\/\/www.crazywater-rafting.com\/wordpress\/wp-content\/uploads\/2024\/02\/Divorce-party-768x510.jpg 768w, https:\/\/www.crazywater-rafting.com\/wordpress\/wp-content\/uploads\/2024\/02\/Divorce-party-1536x1020.jpg 1536w, https:\/\/www.crazywater-rafting.com\/wordpress\/wp-content\/uploads\/2024\/02\/Divorce-party-18x12.jpg 18w, https:\/\/www.crazywater-rafting.com\/wordpress\/wp-content\/uploads\/2024\/02\/Divorce-party.jpg 1920w\" sizes=\"auto, (max-width: 1024px) 100vw, 1024px\" \/><\/a><\/figure>\n\n\n\n<figure class=\"wp-block-image size-large\"><a href=\"https:\/\/www.crazywater-rafting.com\/wordpress\/wp-content\/uploads\/2023\/02\/Activite-en-famille-a-Barcelonnette-scaled.jpg\"><img decoding=\"async\" data-id=\"3193\" src=\"https:\/\/www.crazywater-rafting.com\/wordpress\/wp-content\/uploads\/2023\/02\/Activite-en-famille-a-Barcelonnette-1024x683.jpg\" alt=\"What to do as a family in Ubaye?\" class=\"wp-image-3193\"\/><\/a><\/figure>\n<\/figure>\n\n\n\n<section class=\"wp-block-group texte-simple is-layout-constrained wp-block-group-is-layout-constrained\">\n<p>To organize a <strong>Divorce Party in Rafting on the Ubaye<\/strong>, you must first reserve your <a href=\"https:\/\/www.crazywater-rafting.com\/en\/product\/rafting-ubaye-barcelonnette\/\" target=\"_blank\" rel=\"noreferrer noopener\">rafting slot<\/a> on our dedicated page indicating the number of participants. Make sure you <strong>Reserve in advance <\/strong>to ensure that you will have enough places for you and your friends.<\/p>\n\n\n\n<p>Once you have booked your excursion, you can begin planning the details of your event. You can bring snacks and drinks for your group, or even plan a barbecue at our Crazy Water whitewater base.<\/p>\n\n\n\n<h3 class=\"wp-block-heading\">Why do a whitewater activity in the Alps?<\/h3>\n\n\n\n<p>First of all it&#039;s a good excuse to<strong>meet up with friends and party<\/strong> ! Then it&#039;s a great opportunity to come together to share an adventure activity in the great outdoors.<\/p>\n\n\n\n<p>Lors de votre \u00ab\u00a0<strong>divorce party<\/strong>\u00a0\u00bb en rafting sur l&rsquo;Ubaye, vous pourrez profiter de vues spectaculaires sur les montagnes environnantes et de rapides excitants qui vous feront sentir vivant et libre. Vous pourrez \u00e9galement passer du temps avec vos ami(e)s les plus proches et vous amuser tout en vous lib\u00e9rant de votre relation pass\u00e9e. Apr\u00e8s l&rsquo;activit\u00e9 rafting, vous pourrez profiter d&rsquo;un <strong>swimming at <a href=\"https:\/\/www.serreponcon.com\/\" target=\"_blank\" rel=\"noreferrer noopener\">Serre Pon\u00e7on Lake<\/a><\/strong> and take a real breath of fresh air in the mountains.<\/p>\n\n\n\n<p>A <strong>divorce party<\/strong> en rafting sur l&rsquo;Ubaye est une excellente fa\u00e7on de c\u00e9l\u00e9brer la fin d&rsquo;une relation tout en profitant d&rsquo;une <strong>outdoor adventure<\/strong> unforgettable. So, book your tour today and get ready for an experience you&#039;ll never forget!<\/p>\n<\/section>\n\n\n\n<p>\ud83d\udc49 <strong>Read also<\/strong> : <a href=\"https:\/\/www.crazywater-rafting.com\/en\/evjf\/\" target=\"_blank\" rel=\"noreferrer noopener\">Descente en rafting pour un EVJF<\/a><\/p>\n\n\n\n<h2 class=\"wp-block-heading\">What is a \u201cDivorce party\u201d for?<\/h2>\n\n\n\n<figure class=\"wp-block-gallery has-nested-images columns-default is-cropped wp-block-gallery-2 is-layout-flex wp-block-gallery-is-layout-flex\">\n<figure class=\"wp-block-image size-large\"><a href=\"https:\/\/www.crazywater-rafting.com\/wordpress\/wp-content\/uploads\/2014\/03\/Le-Lauzet-Ubaye-1-scaled.jpg\"><img decoding=\"async\" data-id=\"896\" src=\"https:\/\/www.crazywater-rafting.com\/wordpress\/wp-content\/uploads\/2014\/03\/Le-Lauzet-Ubaye-1-680x1024.jpg\" alt=\"rafting au Lauzet Ubaye passage sous le pont pour une divorce party\" class=\"wp-image-896\"\/><\/a><\/figure>\n\n\n\n<figure class=\"wp-block-image size-large\"><a href=\"https:\/\/www.crazywater-rafting.com\/wordpress\/wp-content\/uploads\/2024\/02\/Rafting-party.jpg\"><img loading=\"lazy\" decoding=\"async\" width=\"683\" height=\"1024\" data-id=\"2733\" src=\"https:\/\/www.crazywater-rafting.com\/wordpress\/wp-content\/uploads\/2024\/02\/Rafting-party-683x1024.jpg\" alt=\"Divorce Party en rafting un rafteur saute du rocher dans la rivi\u00e8re ubaye\" class=\"wp-image-2733\" srcset=\"https:\/\/www.crazywater-rafting.com\/wordpress\/wp-content\/uploads\/2024\/02\/Rafting-party-683x1024.jpg 683w, https:\/\/www.crazywater-rafting.com\/wordpress\/wp-content\/uploads\/2024\/02\/Rafting-party-200x300.jpg 200w, https:\/\/www.crazywater-rafting.com\/wordpress\/wp-content\/uploads\/2024\/02\/Rafting-party-768x1152.jpg 768w, https:\/\/www.crazywater-rafting.com\/wordpress\/wp-content\/uploads\/2024\/02\/Rafting-party-1024x1536.jpg 1024w, https:\/\/www.crazywater-rafting.com\/wordpress\/wp-content\/uploads\/2024\/02\/Rafting-party-8x12.jpg 8w, https:\/\/www.crazywater-rafting.com\/wordpress\/wp-content\/uploads\/2024\/02\/Rafting-party.jpg 1280w\" sizes=\"auto, (max-width: 683px) 100vw, 683px\" \/><\/a><\/figure>\n\n\n\n<figure class=\"wp-block-image size-large\"><a href=\"https:\/\/www.crazywater-rafting.com\/wordpress\/wp-content\/uploads\/2022\/03\/Riviere-Ubaye-scaled.jpg\"><img decoding=\"async\" data-id=\"1978\" src=\"https:\/\/www.crazywater-rafting.com\/wordpress\/wp-content\/uploads\/2022\/03\/Riviere-Ubaye-728x1024.jpg\" alt=\"Discover the Ubaye river plan in the Barcelonnette valley\" class=\"wp-image-1978\"\/><\/a><\/figure>\n<\/figure>\n\n\n\n<section class=\"wp-block-group texte-simple is-layout-constrained wp-block-group-is-layout-constrained\">\n<p>Si vous cherchez \u00e0 c\u00e9l\u00e9brer <strong>la fin d&rsquo;une relation conjugale<\/strong> de mani\u00e8re ludique, une \u00ab\u00a0divorce party\u00a0\u00bb peut \u00eatre la solution id\u00e9ale. Les \u00ab\u00a0divorce parties\u00a0\u00bb sont une tendance \u00e9mergente qui permettent aux gens de <strong>free themselves from their past relationship<\/strong> and of <strong>start to envision a more positive future<\/strong>.<\/p>\n\n\n\n<p>Il est important de comprendre que les <strong>divorces parties<\/strong> ne sont pas seulement pour ceux qui ont connu une rupture difficile. Elles peuvent \u00eatre organis\u00e9es pour toute personne qui souhaite c\u00e9l\u00e9brer la fin d&rsquo;une relation et le d\u00e9but d&rsquo;une nouvelle phase de sa vie. Cela peut inclure des <strong>divorces, separations or even romantic breakups<\/strong>.<\/p>\n\n\n\n<p>THE<strong> divorces parties<\/strong> peuvent inclure<a href=\"https:\/\/www.crazywater-rafting.com\/en\/activities-in-ubaye\/\"> a variety of activities<\/a>. You can organize games that emphasize the fun side of life after a breakup, like wedding ring toss or broken heart pinatas. You can also host a dinner or brunch and invite close friends over to share a meal and memories. The key is to create a relaxed and happy atmosphere so everyone can enjoy the moment.<\/p>\n<\/section>\n\n\n\n<section class=\"wp-block-group texte-simple is-layout-constrained wp-block-group-is-layout-constrained\">\n<h2 class=\"wp-block-heading\">To do what ?<\/h2>\n\n\n\n<p>There <strong>Divorce Party<\/strong> est une <strong>fun and happy way to celebrate the end of a relationship<\/strong> and the start of a new life.<\/p>\n\n\n\n<p>Il est important de se rappeler que les divorces parties  peuvent \u00eatre un <strong>moyen de tourner la page<\/strong> sur une relation difficile et d&#8217;embrasser une nouvelle \u00e9tape de la vie. C&rsquo;est bien de c\u00e9l\u00e9brer la fin d&rsquo;une relation, c&rsquo;est encore mieux de se concentrer sur l&rsquo;avenir et les opportunit\u00e9s qu&rsquo;il peut offrir. En encourageant les invit\u00e9s \u00e0 se focaliser sur les aspects positifs de leur vie, vous pouvez faire de votre \u00ab\u00a0divorce party\u00a0\u00bb une exp\u00e9rience inoubliable pour tous ceux qui y participent.<\/p>\n\n\n\n<p>By carefully planning activities, clearly communicating the tone of the party, and encouraging guests to focus on the future, you can host a <strong>memorable day of activities<\/strong> for everyone who participates.<\/p>\n<\/section>\n\n\n\n<p>\ud83d\udc49 <strong>\u00c0 lire<\/strong> : <a href=\"https:\/\/www.crazywater-rafting.com\/en\/venir-en-ubaye\/\" target=\"_blank\" rel=\"noreferrer noopener\">Comment venir dans la vall\u00e9e de l&rsquo;Ubaye<\/a><\/p>","protected":false},"excerpt":{"rendered":"<p>Party to mark a new stage in your life with a divorce party! Gather your loved ones, leave your worries behind and turn the page with joy and optimism.<\/p>","protected":false},"author":1,"featured_media":2734,"parent":1492,"menu_order":0,"comment_status":"closed","ping_status":"closed","template":"","meta":{"_acf_changed":false,"footnotes":""},"class_list":["post-1999","page","type-page","status-publish","has-post-thumbnail","hentry"],"blocksy_meta":[],"acf":[],"yoast_head":"<!-- This site is optimized with the Yoast SEO plugin v27.5 - https:\/\/yoast.com\/product\/yoast-seo-wordpress\/ -->\n<title>Divorce party en rafting - Crazy Water Rafting<\/title>\n<meta name=\"description\" content=\"C\u00e9l\u00e9brez la libert\u00e9 retrouv\u00e9e avec une divorce party ! Une occasion de tourner la page et de c\u00e9l\u00e9brer une nouvelle vie avec positivit\u00e9.\" \/>\n<meta name=\"robots\" content=\"index, follow, max-snippet:-1, max-image-preview:large, max-video-preview:-1\" \/>\n<link rel=\"canonical\" href=\"https:\/\/www.crazywater-rafting.com\/en\/evg-evjf-rafting-ubaye\/divorce-party\/\" \/>\n<meta property=\"og:locale\" content=\"en_GB\" \/>\n<meta property=\"og:type\" content=\"article\" \/>\n<meta property=\"og:title\" content=\"Divorce party en rafting - Crazy Water Rafting\" \/>\n<meta property=\"og:description\" content=\"C\u00e9l\u00e9brez la libert\u00e9 retrouv\u00e9e avec une divorce party ! Une occasion de tourner la page et de c\u00e9l\u00e9brer une nouvelle vie avec positivit\u00e9.\" \/>\n<meta property=\"og:url\" content=\"https:\/\/www.crazywater-rafting.com\/en\/evg-evjf-rafting-ubaye\/divorce-party\/\" \/>\n<meta property=\"og:site_name\" content=\"Crazy Water Rafting\" \/>\n<meta property=\"article:modified_time\" content=\"2025-02-20T12:36:29+00:00\" \/>\n<meta property=\"og:image\" content=\"https:\/\/www.crazywater-rafting.com\/wordpress\/wp-content\/uploads\/2024\/02\/Divorce-party-1.jpg\" \/>\n\t<meta property=\"og:image:width\" content=\"1920\" \/>\n\t<meta property=\"og:image:height\" content=\"1280\" \/>\n\t<meta property=\"og:image:type\" content=\"image\/jpeg\" \/>\n<meta name=\"twitter:card\" content=\"summary_large_image\" \/>\n<meta name=\"twitter:label1\" content=\"Estimated reading time\" \/>\n\t<meta name=\"twitter:data1\" content=\"6 minutes\" \/>\n<script type=\"application\/ld+json\" class=\"yoast-schema-graph\">{\"@context\":\"https:\\\/\\\/schema.org\",\"@graph\":[{\"@type\":\"WebPage\",\"@id\":\"https:\\\/\\\/www.crazywater-rafting.com\\\/evg-evjf-rafting-ubaye\\\/divorce-party\\\/\",\"url\":\"https:\\\/\\\/www.crazywater-rafting.com\\\/evg-evjf-rafting-ubaye\\\/divorce-party\\\/\",\"name\":\"Divorce party en rafting - Crazy Water Rafting\",\"isPartOf\":{\"@id\":\"https:\\\/\\\/www.crazywater-rafting.com\\\/#website\"},\"primaryImageOfPage\":{\"@id\":\"https:\\\/\\\/www.crazywater-rafting.com\\\/evg-evjf-rafting-ubaye\\\/divorce-party\\\/#primaryimage\"},\"image\":{\"@id\":\"https:\\\/\\\/www.crazywater-rafting.com\\\/evg-evjf-rafting-ubaye\\\/divorce-party\\\/#primaryimage\"},\"thumbnailUrl\":\"https:\\\/\\\/www.crazywater-rafting.com\\\/wordpress\\\/wp-content\\\/uploads\\\/2024\\\/02\\\/Divorce-party-1.jpg\",\"datePublished\":\"2024-01-19T09:02:20+00:00\",\"dateModified\":\"2025-02-20T12:36:29+00:00\",\"description\":\"C\u00e9l\u00e9brez la libert\u00e9 retrouv\u00e9e avec une divorce party ! Une occasion de tourner la page et de c\u00e9l\u00e9brer une nouvelle vie avec positivit\u00e9.\",\"breadcrumb\":{\"@id\":\"https:\\\/\\\/www.crazywater-rafting.com\\\/evg-evjf-rafting-ubaye\\\/divorce-party\\\/#breadcrumb\"},\"inLanguage\":\"en-GB\",\"potentialAction\":[{\"@type\":\"ReadAction\",\"target\":[\"https:\\\/\\\/www.crazywater-rafting.com\\\/evg-evjf-rafting-ubaye\\\/divorce-party\\\/\"]}]},{\"@type\":\"ImageObject\",\"inLanguage\":\"en-GB\",\"@id\":\"https:\\\/\\\/www.crazywater-rafting.com\\\/evg-evjf-rafting-ubaye\\\/divorce-party\\\/#primaryimage\",\"url\":\"https:\\\/\\\/www.crazywater-rafting.com\\\/wordpress\\\/wp-content\\\/uploads\\\/2024\\\/02\\\/Divorce-party-1.jpg\",\"contentUrl\":\"https:\\\/\\\/www.crazywater-rafting.com\\\/wordpress\\\/wp-content\\\/uploads\\\/2024\\\/02\\\/Divorce-party-1.jpg\",\"width\":1920,\"height\":1280,\"caption\":\"Divorce party en Ubaye\"},{\"@type\":\"BreadcrumbList\",\"@id\":\"https:\\\/\\\/www.crazywater-rafting.com\\\/evg-evjf-rafting-ubaye\\\/divorce-party\\\/#breadcrumb\",\"itemListElement\":[{\"@type\":\"ListItem\",\"position\":1,\"name\":\"Accueil\",\"item\":\"https:\\\/\\\/www.crazywater-rafting.com\\\/\"},{\"@type\":\"ListItem\",\"position\":2,\"name\":\"EVG\\\/EVJF en Ubaye : descente en Rafting\",\"item\":\"https:\\\/\\\/www.crazywater-rafting.com\\\/evg-evjf-rafting-ubaye\\\/\"},{\"@type\":\"ListItem\",\"position\":3,\"name\":\"Divorce party en rafting\"}]},{\"@type\":\"WebSite\",\"@id\":\"https:\\\/\\\/www.crazywater-rafting.com\\\/#website\",\"url\":\"https:\\\/\\\/www.crazywater-rafting.com\\\/\",\"name\":\"Crazy Water Rafting\",\"description\":\"\",\"publisher\":{\"@id\":\"https:\\\/\\\/www.crazywater-rafting.com\\\/#organization\"},\"potentialAction\":[{\"@type\":\"SearchAction\",\"target\":{\"@type\":\"EntryPoint\",\"urlTemplate\":\"https:\\\/\\\/www.crazywater-rafting.com\\\/?s={search_term_string}\"},\"query-input\":{\"@type\":\"PropertyValueSpecification\",\"valueRequired\":true,\"valueName\":\"search_term_string\"}}],\"inLanguage\":\"en-GB\"},{\"@type\":\"Organization\",\"@id\":\"https:\\\/\\\/www.crazywater-rafting.com\\\/#organization\",\"name\":\"Crazy Water Rafting\",\"alternateName\":\"Crazy Water Rafting\",\"url\":\"https:\\\/\\\/www.crazywater-rafting.com\\\/\",\"logo\":{\"@type\":\"ImageObject\",\"inLanguage\":\"en-GB\",\"@id\":\"https:\\\/\\\/www.crazywater-rafting.com\\\/#\\\/schema\\\/logo\\\/image\\\/\",\"url\":\"https:\\\/\\\/www.crazywater-rafting.com\\\/wordpress\\\/wp-content\\\/uploads\\\/2024\\\/02\\\/Logo-Crazy-Water.jpg\",\"contentUrl\":\"https:\\\/\\\/www.crazywater-rafting.com\\\/wordpress\\\/wp-content\\\/uploads\\\/2024\\\/02\\\/Logo-Crazy-Water.jpg\",\"width\":1092,\"height\":592,\"caption\":\"Crazy Water Rafting\"},\"image\":{\"@id\":\"https:\\\/\\\/www.crazywater-rafting.com\\\/#\\\/schema\\\/logo\\\/image\\\/\"},\"sameAs\":[\"https:\\\/\\\/www.reddit.com\\\/user\\\/Crazy-Water-Rafting\\\/\",\"https:\\\/\\\/www.linkedin.com\\\/in\\\/crazy-water-rafting-ubaye-08987b67\\\/\"]}]}<\/script>\n<!-- \/ Yoast SEO plugin. -->","yoast_head_json":{"title":"Divorce party rafting - Crazy Water Rafting","description":"Celebrate newfound freedom with a divorce party! An opportunity to turn the page and celebrate a new life with positivity.","robots":{"index":"index","follow":"follow","max-snippet":"max-snippet:-1","max-image-preview":"max-image-preview:large","max-video-preview":"max-video-preview:-1"},"canonical":"https:\/\/www.crazywater-rafting.com\/en\/evg-evjf-rafting-ubaye\/divorce-party\/","og_locale":"en_GB","og_type":"article","og_title":"Divorce party en rafting - Crazy Water Rafting","og_description":"C\u00e9l\u00e9brez la libert\u00e9 retrouv\u00e9e avec une divorce party ! Une occasion de tourner la page et de c\u00e9l\u00e9brer une nouvelle vie avec positivit\u00e9.","og_url":"https:\/\/www.crazywater-rafting.com\/en\/evg-evjf-rafting-ubaye\/divorce-party\/","og_site_name":"Crazy Water Rafting","article_modified_time":"2025-02-20T12:36:29+00:00","og_image":[{"width":1920,"height":1280,"url":"https:\/\/www.crazywater-rafting.com\/wordpress\/wp-content\/uploads\/2024\/02\/Divorce-party-1.jpg","type":"image\/jpeg"}],"twitter_card":"summary_large_image","twitter_misc":{"Estimated reading time":"6 minutes"},"schema":{"@context":"https:\/\/schema.org","@graph":[{"@type":"WebPage","@id":"https:\/\/www.crazywater-rafting.com\/evg-evjf-rafting-ubaye\/divorce-party\/","url":"https:\/\/www.crazywater-rafting.com\/evg-evjf-rafting-ubaye\/divorce-party\/","name":"Divorce party rafting - Crazy Water Rafting","isPartOf":{"@id":"https:\/\/www.crazywater-rafting.com\/#website"},"primaryImageOfPage":{"@id":"https:\/\/www.crazywater-rafting.com\/evg-evjf-rafting-ubaye\/divorce-party\/#primaryimage"},"image":{"@id":"https:\/\/www.crazywater-rafting.com\/evg-evjf-rafting-ubaye\/divorce-party\/#primaryimage"},"thumbnailUrl":"https:\/\/www.crazywater-rafting.com\/wordpress\/wp-content\/uploads\/2024\/02\/Divorce-party-1.jpg","datePublished":"2024-01-19T09:02:20+00:00","dateModified":"2025-02-20T12:36:29+00:00","description":"Celebrate newfound freedom with a divorce party! An opportunity to turn the page and celebrate a new life with positivity.","breadcrumb":{"@id":"https:\/\/www.crazywater-rafting.com\/evg-evjf-rafting-ubaye\/divorce-party\/#breadcrumb"},"inLanguage":"en-GB","potentialAction":[{"@type":"ReadAction","target":["https:\/\/www.crazywater-rafting.com\/evg-evjf-rafting-ubaye\/divorce-party\/"]}]},{"@type":"ImageObject","inLanguage":"en-GB","@id":"https:\/\/www.crazywater-rafting.com\/evg-evjf-rafting-ubaye\/divorce-party\/#primaryimage","url":"https:\/\/www.crazywater-rafting.com\/wordpress\/wp-content\/uploads\/2024\/02\/Divorce-party-1.jpg","contentUrl":"https:\/\/www.crazywater-rafting.com\/wordpress\/wp-content\/uploads\/2024\/02\/Divorce-party-1.jpg","width":1920,"height":1280,"caption":"Divorce party en Ubaye"},{"@type":"BreadcrumbList","@id":"https:\/\/www.crazywater-rafting.com\/evg-evjf-rafting-ubaye\/divorce-party\/#breadcrumb","itemListElement":[{"@type":"ListItem","position":1,"name":"Accueil","item":"https:\/\/www.crazywater-rafting.com\/"},{"@type":"ListItem","position":2,"name":"EVG\/EVJF en Ubaye : descente en Rafting","item":"https:\/\/www.crazywater-rafting.com\/evg-evjf-rafting-ubaye\/"},{"@type":"ListItem","position":3,"name":"Divorce party en rafting"}]},{"@type":"WebSite","@id":"https:\/\/www.crazywater-rafting.com\/#website","url":"https:\/\/www.crazywater-rafting.com\/","name":"Crazy Water Rafting","description":"","publisher":{"@id":"https:\/\/www.crazywater-rafting.com\/#organization"},"potentialAction":[{"@type":"SearchAction","target":{"@type":"EntryPoint","urlTemplate":"https:\/\/www.crazywater-rafting.com\/?s={search_term_string}"},"query-input":{"@type":"PropertyValueSpecification","valueRequired":true,"valueName":"search_term_string"}}],"inLanguage":"en-GB"},{"@type":"Organization","@id":"https:\/\/www.crazywater-rafting.com\/#organization","name":"Crazy Water Rafting","alternateName":"Crazy Water Rafting","url":"https:\/\/www.crazywater-rafting.com\/","logo":{"@type":"ImageObject","inLanguage":"en-GB","@id":"https:\/\/www.crazywater-rafting.com\/#\/schema\/logo\/image\/","url":"https:\/\/www.crazywater-rafting.com\/wordpress\/wp-content\/uploads\/2024\/02\/Logo-Crazy-Water.jpg","contentUrl":"https:\/\/www.crazywater-rafting.com\/wordpress\/wp-content\/uploads\/2024\/02\/Logo-Crazy-Water.jpg","width":1092,"height":592,"caption":"Crazy Water Rafting"},"image":{"@id":"https:\/\/www.crazywater-rafting.com\/#\/schema\/logo\/image\/"},"sameAs":["https:\/\/www.reddit.com\/user\/Crazy-Water-Rafting\/","https:\/\/www.linkedin.com\/in\/crazy-water-rafting-ubaye-08987b67\/"]}]}},"_links":{"self":[{"href":"https:\/\/www.crazywater-rafting.com\/en\/wp-json\/wp\/v2\/pages\/1999","targetHints":{"allow":["GET"]}}],"collection":[{"href":"https:\/\/www.crazywater-rafting.com\/en\/wp-json\/wp\/v2\/pages"}],"about":[{"href":"https:\/\/www.crazywater-rafting.com\/en\/wp-json\/wp\/v2\/types\/page"}],"author":[{"embeddable":true,"href":"https:\/\/www.crazywater-rafting.com\/en\/wp-json\/wp\/v2\/users\/1"}],"replies":[{"embeddable":true,"href":"https:\/\/www.crazywater-rafting.com\/en\/wp-json\/wp\/v2\/comments?post=1999"}],"version-history":[{"count":4,"href":"https:\/\/www.crazywater-rafting.com\/en\/wp-json\/wp\/v2\/pages\/1999\/revisions"}],"predecessor-version":[{"id":3479,"href":"https:\/\/www.crazywater-rafting.com\/en\/wp-json\/wp\/v2\/pages\/1999\/revisions\/3479"}],"up":[{"embeddable":true,"href":"https:\/\/www.crazywater-rafting.com\/en\/wp-json\/wp\/v2\/pages\/1492"}],"wp:featuredmedia":[{"embeddable":true,"href":"https:\/\/www.crazywater-rafting.com\/en\/wp-json\/wp\/v2\/media\/2734"}],"wp:attachment":[{"href":"https:\/\/www.crazywater-rafting.com\/en\/wp-json\/wp\/v2\/media?parent=1999"}],"curies":[{"name":"wp","href":"https:\/\/api.w.org\/{rel}","templated":true}]}}