{"id":1995,"date":"2024-01-19T10:02:19","date_gmt":"2024-01-19T09:02:19","guid":{"rendered":"https:\/\/crazywater.animal-societe.com\/?page_id=1995"},"modified":"2026-03-17T19:34:22","modified_gmt":"2026-03-17T18:34:22","slug":"rafting-near-gap","status":"publish","type":"page","link":"https:\/\/www.crazywater-rafting.com\/en\/rafting-pres-de-gap\/","title":{"rendered":"Rafting near Gap: the best spots!"},"content":{"rendered":"<section class=\"wp-block-group texte-simple is-layout-constrained wp-block-group-is-layout-constrained\">\n<h2 class=\"wp-block-heading\">Rafting descent near Gap<\/h2>\n\n\n\n<p>Are you considering doing<strong> Rafting near Gap<\/strong>&nbsp;and you don&#039;t know how to go about choosing your destination? There are, in fact, numerous possibilities for practicing Rafting just a stone&#039;s throw from Gap. Crazy Water Rafting invites you to discover these magnificent places where you can <strong>enjoy sailing.<\/strong><\/p>\n\n\n\n<h2 class=\"wp-block-heading\">The best spots for rafting near Gap<\/h2>\n\n\n\n<p>Choosing the right spot always proves difficult for beginners and even for some Rafting regulars. <\/p>\n\n\n\n<p>The multitude of rivers close to Gap and suitable for rafting further complicates things. Well advised who will know how to make a wise choice! <\/p>\n\n\n\n<p>Crazy Water Rafting spares you any hassle or worry. <\/p>\n\n\n\n<p>We have <strong>selected for you the best destinations near Gap<\/strong> where you can practice Rafting. Discover them now!<\/p>\n<\/section>\n\n\n\n<p>\ud83d\udc49 <strong>Read also<\/strong> : <a href=\"https:\/\/www.crazywater-rafting.com\/en\/rafting-04\/rafting-in-the-paca-region\/\" target=\"_blank\" rel=\"noreferrer noopener\">D\u00e9couvrez les descentes en rafting en r\u00e9gion PACA<\/a><\/p>\n\n\n\n<div class=\"wp-block-stackable-columns alignfull stk-block-columns stk-block stk-7a2b114 stk-block-background stk--has-background-overlay\" data-block-id=\"7a2b114\"><style>.stk-7a2b114 {background-color:#f8f9fb !important;background-image:url(https:\/\/www.crazywater-rafting.com\/wordpress\/wp-content\/uploads\/2020\/04\/topography.svg) !important;background-size:1000px !important;padding-top:120px !important;padding-bottom:120px !important;margin-bottom:0px !important;}.stk-7a2b114:before{background-color:#f8f9fb !important;opacity:0 !important;}@media screen and (max-width:999px){.stk-7a2b114 {padding-top:80px !important;padding-bottom:80px !important;}}<\/style><div class=\"stk-row stk-inner-blocks has-text-align-center-mobile stk-block-content stk-content-align stk-7a2b114-column\">\n<div class=\"wp-block-stackable-column stk-block-column stk-column stk-block stk-3d9712f\" data-v=\"4\" data-block-id=\"3d9712f\"><style>.stk-3d9712f-container{margin-top:0px !important;margin-right:0px !important;margin-bottom:0px !important;margin-left:0px !important;}<\/style><div class=\"stk-column-wrapper stk-block-column__content stk-container stk-3d9712f-container stk--no-background stk--no-padding\"><div class=\"stk-block-content stk-inner-blocks stk-3d9712f-inner-blocks\">\n<div class=\"wp-block-stackable-columns stk-block-columns stk-block stk-c4c5927\" data-block-id=\"c4c5927\"><style>.stk-c4c5927 .stk--block-align-c4c5927{align-items:center !important;}.stk-c4c5927 {margin-bottom:0px !important;}.stk-c4c5927-column{--stk-column-gap:35px !important;row-gap:60px !important;}<\/style><div class=\"stk-row stk-inner-blocks stk--block-align-c4c5927 stk-block-content stk-content-align stk-c4c5927-column\">\n<div class=\"wp-block-stackable-column stk-block-column stk-column stk-block stk-adc88c6\" data-v=\"4\" data-block-id=\"adc88c6\"><style>.stk-adc88c6-container{margin-top:0px !important;margin-right:0px !important;margin-bottom:0px !important;margin-left:0px !important;}.stk-adc88c6 {padding-right:30px !important;padding-left:30px !important;}@media screen and (min-width:690px) and (max-width:999px){.stk-adc88c6 {flex:var(--stk-flex-grow, 1) 1 calc(100% - var(--stk-column-gap, 0px) * 0 \/ 1 ) !important;}}@media screen and (max-width:999px){.stk-adc88c6 {padding-top:0px !important;padding-right:0px !important;padding-bottom:0px !important;padding-left:0px !important;}}<\/style><div class=\"stk-column-wrapper stk-block-column__content stk-container stk-adc88c6-container stk--no-background stk--no-padding\"><div class=\"has-text-align-center-mobile stk-block-content stk-inner-blocks stk-adc88c6-inner-blocks\">\n<h2 class=\"wp-block-heading\">The Ubaye, a river 49 minutes from Gap<\/h2>\n\n\n\n<p>Are you a fan of Rafting, your last practice of this sport was several weeks ago and you therefore want to reconnect with your passion as quickly as possible? If you are looking for a <strong>spot near Gap <\/strong>to do your Rafting, don&#039;t hesitate any longer! The Ubaye is the ideal river. This one<strong> is located 49 minutes from Gap town hall.<\/strong> It is therefore perfectly suited for an afternoon of whitewater activity.<\/p>\n\n\n\n<p>Opt for a session of <a href=\"https:\/\/www.crazywater-rafting.com\/en\/\">Rafting on the Ubaye<\/a>, it is choosing to live a <strong>thrilling adventure<\/strong> full of emotions and thrills. This tumultuous river offers a host of routes to rafting enthusiasts.<\/p>\n\n\n\n<p><strong>Ubaye<\/strong> est le spot parfait aussi bien pour les sportifs exp\u00e9riment\u00e9s que pour les d\u00e9butants.<\/p>\n\n\n\n<p>If you are taking your first steps in this activity, we recommend that you start with the less difficult routes. You will have more fun while maintaining a maximum level of safety. <\/p>\n\n\n\n<p>Some Ubaye routes are actually dotted <strong>obstacles and rapids<\/strong>, which makes the descents of this river difficult and sensational. <\/p>\n\n\n\n<p><strong>It is the ideal spot for those who wish to progress quickly and become the kings of Rafting.<\/strong><\/p>\n<\/div><\/div><\/div>\n\n\n\n<div class=\"wp-block-stackable-column stk-block-column stk-column stk-block stk-aaf56fc\" data-v=\"4\" data-block-id=\"aaf56fc\"><style>.stk-aaf56fc-container{margin-top:0px !important;margin-right:0px !important;margin-bottom:0px !important;margin-left:0px !important;}@media screen and (min-width:690px) and (max-width:999px){.stk-aaf56fc {flex:var(--stk-flex-grow, 1) 1 calc(100% - var(--stk-column-gap, 0px) * 0 \/ 1 ) !important;}}<\/style><div class=\"stk-column-wrapper stk-block-column__content stk-container stk-aaf56fc-container stk--no-background stk--no-padding\"><div class=\"stk-block-content stk-inner-blocks stk-aaf56fc-inner-blocks\">\n<div class=\"wp-block-stackable-video-popup stk-block-video-popup stk-block stk-e931be3\" data-video=\"https:\/\/youtu.be\/3ugOUcdb_qI?si=LShVfaZOj2OovaLK\" data-block-id=\"e931be3\"><div class=\"stk-block-video-popup__overlay stk-row stk-inner-blocks stk-block-content stk-hover-parent\" aria-label=\"Play video\" tabindex=\"0\" role=\"button\">\n\n<div class=\"wp-block-stackable-icon stk-block-icon has-text-align-center stk-block stk-2beee4d\" data-block-id=\"2beee4d\"><style>.stk-2beee4d .stk--svg-wrapper .stk--inner-svg svg:last-child{height:56px !important;width:56px !important}.stk-2beee4d .stk--svg-wrapper .stk--inner-svg svg:last-child,.stk-2beee4d .stk--svg-wrapper .stk--inner-svg svg:last-child :is(g,path,rect,polygon,ellipse){fill:var(--theme-palette-color-8,#ffffff) !important}<\/style><span class=\"stk--svg-wrapper\"><div class=\"stk--inner-svg\"><svg style=\"height:0;width:0\"><defs><lineargradient id=\"linear-gradient-2beee4d\" x1=\"0\" x2=\"100%\" y1=\"0\" y2=\"0\"><stop offset=\"0%\" style=\"stop-opacity:1;stop-color:var(--linear-gradient-2-beee-4-d-color-1)\"><\/stop><stop offset=\"100%\" style=\"stop-opacity:1;stop-color:var(--linear-gradient-2-beee-4-d-color-2)\"><\/stop><\/lineargradient><\/defs><\/svg><svg data-prefix=\"fas\" data-icon=\"play\" class=\"svg-inline--fa fa-play fa-w-14\" xmlns=\"http:\/\/www.w3.org\/2000\/svg\" viewbox=\"0 0 448 512\" aria-hidden=\"true\" width=\"32\" height=\"32\"><path fill=\"currentColor\" d=\"M424.4 214.7L72.4 6.6C43.8-10.3 0 6.1 0 47.9V464c0 37.5 40.7 60.1 72.4 41.3l352-208c31.4-18.5 31.5-64.1 0-82.6z\"><\/path><\/svg><\/div><\/span><\/div>\n\n\n<div class=\"wp-block-stackable-image stk-block-image stk-block stk-7955e8b\" data-block-id=\"7955e8b\"><style>.stk-7955e8b .stk-img-wrapper img{border-radius:21px !important}<\/style><figure><span class=\"stk-img-wrapper stk-image--shape-stretch\"><img loading=\"lazy\" decoding=\"async\" class=\"stk-img wp-image-1096\" src=\"https:\/\/www.crazywater-rafting.com\/wordpress\/wp-content\/uploads\/2023\/12\/Rafting-Barcelonnette-Ubaye-scaled-1.jpg\" width=\"1920\" height=\"1280\" alt=\"Rafting near Gap\" srcset=\"https:\/\/www.crazywater-rafting.com\/wordpress\/wp-content\/uploads\/2023\/12\/Rafting-Barcelonnette-Ubaye-scaled-1.jpg 1920w, https:\/\/www.crazywater-rafting.com\/wordpress\/wp-content\/uploads\/2023\/12\/Rafting-Barcelonnette-Ubaye-scaled-1-300x200.jpg 300w, https:\/\/www.crazywater-rafting.com\/wordpress\/wp-content\/uploads\/2023\/12\/Rafting-Barcelonnette-Ubaye-scaled-1-1024x683.jpg 1024w, https:\/\/www.crazywater-rafting.com\/wordpress\/wp-content\/uploads\/2023\/12\/Rafting-Barcelonnette-Ubaye-scaled-1-768x512.jpg 768w, https:\/\/www.crazywater-rafting.com\/wordpress\/wp-content\/uploads\/2023\/12\/Rafting-Barcelonnette-Ubaye-scaled-1-1536x1024.jpg 1536w\" sizes=\"auto, (max-width: 1920px) 100vw, 1920px\" \/><\/span><\/figure><\/div>\n\n<\/div><\/div>\n<\/div><\/div><\/div>\n<\/div><\/div>\n<\/div><\/div><\/div>\n<\/div><\/div>\n\n\n\n<p><\/p>\n\n\n\n<section class=\"wp-block-group texte-simple is-layout-constrained wp-block-group-is-layout-constrained\">\n<h2 class=\"wp-block-heading\">Le Drac 20 minutes from Gap<\/h2>\n\n\n\n<p>THE <strong>Drac <\/strong>is also one of the best destinations for Rafting <strong>near Gap<\/strong>. It is a wonderful river which appeals to rafting enthusiasts thanks to its many attractions. <\/p>\n\n\n\n<p>Courses for beginners, whirlpools, breathtaking rapids, the Drac has many advantages making it an essential Rafting spot. You can go to this river <strong>with family <\/strong>or with <strong>your friends <\/strong>to experience unforgettable moments.<\/p>\n\n\n\n<p>With your loved ones and under the supervision of a guide, you will have the chance to explore this river and stroll on its tumultuous waters. <\/p>\n\n\n\n<p>You are also free to multiply the descents as you wish. No limits are imposed on you. So go to the Drac if you want to practice your Rafting activity to the fullest.<\/p>\n<\/section>\n\n\n\n<p><\/p>\n\n\n\n<section class=\"wp-block-group texte-simple is-layout-constrained wp-block-group-is-layout-constrained\">\n<h2 class=\"wp-block-heading\">La Durance 1 hour from Gap<\/h2>\n\n\n\n<p>Last spot in our selection: the <strong>Durance<\/strong>. We also recommend this magnificent river which offers many long routes. The distances of these routes vary depending on the level of difficulty of the descents.<\/p>\n\n\n\n<p>La Durance is located <strong>1h03 from Gap town hall<\/strong>, it is therefore a river a little further away than those mentioned previously, but it is very interesting for Rafting. It therefore has its place in our list of<strong> rivers ideal for Rafting near Gap.<\/strong><\/p>\n\n\n\n<p>During your ride on the Durance, you will be confronted with rapids and numerous whirlpools. Prepare to descend a<strong> smooth or turbulent river<\/strong>, depending on the route chosen. A descent of <a href=\"https:\/\/www.provence7.com\/portails\/nature\/fleuves-et-rivieres-en-provence\/la-durance\/\">Durance<\/a>, it&#039;s a getaway that you will inevitably appreciate as this river has so many fascinating attractions. Moments of laughter, joy, fear and exhilaration will be part of your trip.<\/p>\n\n\n\n<p>Furthermore, the Durance also seduces with the beauty of its landscape. <\/p>\n\n\n\n<p>In addition to giving you strong sensations, this river rewards you with its <strong>picturesque landscapes<\/strong>. The mountains and vegetation combine with the river to form a sublime landscape that you can admire during your Rafting outings near Gap.<\/p>\n<\/section>","protected":false},"excerpt":{"rendered":"<p>Descente en Rafting pr\u00e9s de Gap Vous envisagez de faire du Rafting pr\u00e8s de Gap&nbsp;et vous ne savez pas comment vous y prendre pour choisir votre destination&nbsp;? Il existe, en effet, de nombreuses possibilit\u00e9s pour pratiquer le Rafting \u00e0 quelques encablures de Gap. Crazy Water Rafting vous propose de d\u00e9couvrir ces magnifiques endroits o\u00f9 vous [&hellip;]<\/p>\n","protected":false},"author":1,"featured_media":2536,"parent":0,"menu_order":0,"comment_status":"closed","ping_status":"closed","template":"","meta":{"_acf_changed":false,"footnotes":""},"class_list":["post-1995","page","type-page","status-publish","has-post-thumbnail","hentry"],"blocksy_meta":[],"acf":[],"yoast_head":"<!-- This site is optimized with the Yoast SEO plugin v27.4 - https:\/\/yoast.com\/product\/yoast-seo-wordpress\/ -->\n<title>Rafting pr\u00e8s de Gap : les meilleurs spots ! - Crazy Water Rafting<\/title>\n<meta name=\"description\" content=\"Crazy Water vous propose de d\u00e9couvrir ces magnifiques endroits propices pour votre descente en rafting pr\u00e9s de gap.\" \/>\n<meta name=\"robots\" content=\"index, follow, max-snippet:-1, max-image-preview:large, max-video-preview:-1\" \/>\n<link rel=\"canonical\" href=\"https:\/\/www.crazywater-rafting.com\/en\/rafting-near-gap\/\" \/>\n<meta property=\"og:locale\" content=\"en_GB\" \/>\n<meta property=\"og:type\" content=\"article\" \/>\n<meta property=\"og:title\" content=\"Rafting pr\u00e8s de Gap : les meilleurs spots ! - Crazy Water Rafting\" \/>\n<meta property=\"og:description\" content=\"Crazy Water vous propose de d\u00e9couvrir ces magnifiques endroits propices pour votre descente en rafting pr\u00e9s de gap.\" \/>\n<meta property=\"og:url\" content=\"https:\/\/www.crazywater-rafting.com\/en\/rafting-near-gap\/\" \/>\n<meta property=\"og:site_name\" content=\"Crazy Water Rafting\" \/>\n<meta property=\"article:modified_time\" content=\"2026-03-17T18:34:22+00:00\" \/>\n<meta property=\"og:image\" content=\"https:\/\/www.crazywater-rafting.com\/wordpress\/wp-content\/uploads\/2024\/02\/Rafting-1.jpg\" \/>\n\t<meta property=\"og:image:width\" content=\"1920\" \/>\n\t<meta property=\"og:image:height\" content=\"1280\" \/>\n\t<meta property=\"og:image:type\" content=\"image\/jpeg\" \/>\n<meta name=\"twitter:card\" content=\"summary_large_image\" \/>\n<meta name=\"twitter:label1\" content=\"Estimated reading time\" \/>\n\t<meta name=\"twitter:data1\" content=\"4 minutes\" \/>\n<script type=\"application\/ld+json\" class=\"yoast-schema-graph\">{\"@context\":\"https:\\\/\\\/schema.org\",\"@graph\":[{\"@type\":\"WebPage\",\"@id\":\"https:\\\/\\\/www.crazywater-rafting.com\\\/rafting-pres-de-gap\\\/\",\"url\":\"https:\\\/\\\/www.crazywater-rafting.com\\\/rafting-pres-de-gap\\\/\",\"name\":\"Rafting pr\u00e8s de Gap : les meilleurs spots ! - Crazy Water Rafting\",\"isPartOf\":{\"@id\":\"https:\\\/\\\/www.crazywater-rafting.com\\\/#website\"},\"primaryImageOfPage\":{\"@id\":\"https:\\\/\\\/www.crazywater-rafting.com\\\/rafting-pres-de-gap\\\/#primaryimage\"},\"image\":{\"@id\":\"https:\\\/\\\/www.crazywater-rafting.com\\\/rafting-pres-de-gap\\\/#primaryimage\"},\"thumbnailUrl\":\"https:\\\/\\\/www.crazywater-rafting.com\\\/wordpress\\\/wp-content\\\/uploads\\\/2024\\\/02\\\/Rafting-1.jpg\",\"datePublished\":\"2024-01-19T09:02:19+00:00\",\"dateModified\":\"2026-03-17T18:34:22+00:00\",\"description\":\"Crazy Water vous propose de d\u00e9couvrir ces magnifiques endroits propices pour votre descente en rafting pr\u00e9s de gap.\",\"breadcrumb\":{\"@id\":\"https:\\\/\\\/www.crazywater-rafting.com\\\/rafting-pres-de-gap\\\/#breadcrumb\"},\"inLanguage\":\"en-GB\",\"potentialAction\":[{\"@type\":\"ReadAction\",\"target\":[\"https:\\\/\\\/www.crazywater-rafting.com\\\/rafting-pres-de-gap\\\/\"]}]},{\"@type\":\"ImageObject\",\"inLanguage\":\"en-GB\",\"@id\":\"https:\\\/\\\/www.crazywater-rafting.com\\\/rafting-pres-de-gap\\\/#primaryimage\",\"url\":\"https:\\\/\\\/www.crazywater-rafting.com\\\/wordpress\\\/wp-content\\\/uploads\\\/2024\\\/02\\\/Rafting-1.jpg\",\"contentUrl\":\"https:\\\/\\\/www.crazywater-rafting.com\\\/wordpress\\\/wp-content\\\/uploads\\\/2024\\\/02\\\/Rafting-1.jpg\",\"width\":1920,\"height\":1280,\"caption\":\"Rafting pr\u00e9s de Gap\"},{\"@type\":\"BreadcrumbList\",\"@id\":\"https:\\\/\\\/www.crazywater-rafting.com\\\/rafting-pres-de-gap\\\/#breadcrumb\",\"itemListElement\":[{\"@type\":\"ListItem\",\"position\":1,\"name\":\"Accueil\",\"item\":\"https:\\\/\\\/www.crazywater-rafting.com\\\/\"},{\"@type\":\"ListItem\",\"position\":2,\"name\":\"Rafting pr\u00e8s de Gap : les meilleurs spots !\"}]},{\"@type\":\"WebSite\",\"@id\":\"https:\\\/\\\/www.crazywater-rafting.com\\\/#website\",\"url\":\"https:\\\/\\\/www.crazywater-rafting.com\\\/\",\"name\":\"Crazy Water Rafting\",\"description\":\"\",\"publisher\":{\"@id\":\"https:\\\/\\\/www.crazywater-rafting.com\\\/#organization\"},\"potentialAction\":[{\"@type\":\"SearchAction\",\"target\":{\"@type\":\"EntryPoint\",\"urlTemplate\":\"https:\\\/\\\/www.crazywater-rafting.com\\\/?s={search_term_string}\"},\"query-input\":{\"@type\":\"PropertyValueSpecification\",\"valueRequired\":true,\"valueName\":\"search_term_string\"}}],\"inLanguage\":\"en-GB\"},{\"@type\":\"Organization\",\"@id\":\"https:\\\/\\\/www.crazywater-rafting.com\\\/#organization\",\"name\":\"Crazy Water Rafting\",\"alternateName\":\"Crazy Water Rafting\",\"url\":\"https:\\\/\\\/www.crazywater-rafting.com\\\/\",\"logo\":{\"@type\":\"ImageObject\",\"inLanguage\":\"en-GB\",\"@id\":\"https:\\\/\\\/www.crazywater-rafting.com\\\/#\\\/schema\\\/logo\\\/image\\\/\",\"url\":\"https:\\\/\\\/www.crazywater-rafting.com\\\/wordpress\\\/wp-content\\\/uploads\\\/2024\\\/02\\\/Logo-Crazy-Water.jpg\",\"contentUrl\":\"https:\\\/\\\/www.crazywater-rafting.com\\\/wordpress\\\/wp-content\\\/uploads\\\/2024\\\/02\\\/Logo-Crazy-Water.jpg\",\"width\":1092,\"height\":592,\"caption\":\"Crazy Water Rafting\"},\"image\":{\"@id\":\"https:\\\/\\\/www.crazywater-rafting.com\\\/#\\\/schema\\\/logo\\\/image\\\/\"},\"sameAs\":[\"https:\\\/\\\/www.reddit.com\\\/user\\\/Crazy-Water-Rafting\\\/\",\"https:\\\/\\\/www.linkedin.com\\\/in\\\/crazy-water-rafting-ubaye-08987b67\\\/\"]}]}<\/script>\n<!-- \/ Yoast SEO plugin. -->","yoast_head_json":{"title":"Rafting near Gap: the best spots! - Crazy Water Rafting","description":"Crazy Water invites you to discover these magnificent places suitable for your rafting descent near gap.","robots":{"index":"index","follow":"follow","max-snippet":"max-snippet:-1","max-image-preview":"max-image-preview:large","max-video-preview":"max-video-preview:-1"},"canonical":"https:\/\/www.crazywater-rafting.com\/en\/rafting-near-gap\/","og_locale":"en_GB","og_type":"article","og_title":"Rafting pr\u00e8s de Gap : les meilleurs spots ! - Crazy Water Rafting","og_description":"Crazy Water vous propose de d\u00e9couvrir ces magnifiques endroits propices pour votre descente en rafting pr\u00e9s de gap.","og_url":"https:\/\/www.crazywater-rafting.com\/en\/rafting-near-gap\/","og_site_name":"Crazy Water Rafting","article_modified_time":"2026-03-17T18:34:22+00:00","og_image":[{"width":1920,"height":1280,"url":"https:\/\/www.crazywater-rafting.com\/wordpress\/wp-content\/uploads\/2024\/02\/Rafting-1.jpg","type":"image\/jpeg"}],"twitter_card":"summary_large_image","twitter_misc":{"Estimated reading time":"4 minutes"},"schema":{"@context":"https:\/\/schema.org","@graph":[{"@type":"WebPage","@id":"https:\/\/www.crazywater-rafting.com\/rafting-pres-de-gap\/","url":"https:\/\/www.crazywater-rafting.com\/rafting-pres-de-gap\/","name":"Rafting near Gap: the best spots! - Crazy Water Rafting","isPartOf":{"@id":"https:\/\/www.crazywater-rafting.com\/#website"},"primaryImageOfPage":{"@id":"https:\/\/www.crazywater-rafting.com\/rafting-pres-de-gap\/#primaryimage"},"image":{"@id":"https:\/\/www.crazywater-rafting.com\/rafting-pres-de-gap\/#primaryimage"},"thumbnailUrl":"https:\/\/www.crazywater-rafting.com\/wordpress\/wp-content\/uploads\/2024\/02\/Rafting-1.jpg","datePublished":"2024-01-19T09:02:19+00:00","dateModified":"2026-03-17T18:34:22+00:00","description":"Crazy Water invites you to discover these magnificent places suitable for your rafting descent near gap.","breadcrumb":{"@id":"https:\/\/www.crazywater-rafting.com\/rafting-pres-de-gap\/#breadcrumb"},"inLanguage":"en-GB","potentialAction":[{"@type":"ReadAction","target":["https:\/\/www.crazywater-rafting.com\/rafting-pres-de-gap\/"]}]},{"@type":"ImageObject","inLanguage":"en-GB","@id":"https:\/\/www.crazywater-rafting.com\/rafting-pres-de-gap\/#primaryimage","url":"https:\/\/www.crazywater-rafting.com\/wordpress\/wp-content\/uploads\/2024\/02\/Rafting-1.jpg","contentUrl":"https:\/\/www.crazywater-rafting.com\/wordpress\/wp-content\/uploads\/2024\/02\/Rafting-1.jpg","width":1920,"height":1280,"caption":"Rafting pr\u00e9s de Gap"},{"@type":"BreadcrumbList","@id":"https:\/\/www.crazywater-rafting.com\/rafting-pres-de-gap\/#breadcrumb","itemListElement":[{"@type":"ListItem","position":1,"name":"Accueil","item":"https:\/\/www.crazywater-rafting.com\/"},{"@type":"ListItem","position":2,"name":"Rafting pr\u00e8s de Gap : les meilleurs spots !"}]},{"@type":"WebSite","@id":"https:\/\/www.crazywater-rafting.com\/#website","url":"https:\/\/www.crazywater-rafting.com\/","name":"Crazy Water Rafting","description":"","publisher":{"@id":"https:\/\/www.crazywater-rafting.com\/#organization"},"potentialAction":[{"@type":"SearchAction","target":{"@type":"EntryPoint","urlTemplate":"https:\/\/www.crazywater-rafting.com\/?s={search_term_string}"},"query-input":{"@type":"PropertyValueSpecification","valueRequired":true,"valueName":"search_term_string"}}],"inLanguage":"en-GB"},{"@type":"Organization","@id":"https:\/\/www.crazywater-rafting.com\/#organization","name":"Crazy Water Rafting","alternateName":"Crazy Water Rafting","url":"https:\/\/www.crazywater-rafting.com\/","logo":{"@type":"ImageObject","inLanguage":"en-GB","@id":"https:\/\/www.crazywater-rafting.com\/#\/schema\/logo\/image\/","url":"https:\/\/www.crazywater-rafting.com\/wordpress\/wp-content\/uploads\/2024\/02\/Logo-Crazy-Water.jpg","contentUrl":"https:\/\/www.crazywater-rafting.com\/wordpress\/wp-content\/uploads\/2024\/02\/Logo-Crazy-Water.jpg","width":1092,"height":592,"caption":"Crazy Water Rafting"},"image":{"@id":"https:\/\/www.crazywater-rafting.com\/#\/schema\/logo\/image\/"},"sameAs":["https:\/\/www.reddit.com\/user\/Crazy-Water-Rafting\/","https:\/\/www.linkedin.com\/in\/crazy-water-rafting-ubaye-08987b67\/"]}]}},"_links":{"self":[{"href":"https:\/\/www.crazywater-rafting.com\/en\/wp-json\/wp\/v2\/pages\/1995","targetHints":{"allow":["GET"]}}],"collection":[{"href":"https:\/\/www.crazywater-rafting.com\/en\/wp-json\/wp\/v2\/pages"}],"about":[{"href":"https:\/\/www.crazywater-rafting.com\/en\/wp-json\/wp\/v2\/types\/page"}],"author":[{"embeddable":true,"href":"https:\/\/www.crazywater-rafting.com\/en\/wp-json\/wp\/v2\/users\/1"}],"replies":[{"embeddable":true,"href":"https:\/\/www.crazywater-rafting.com\/en\/wp-json\/wp\/v2\/comments?post=1995"}],"version-history":[{"count":7,"href":"https:\/\/www.crazywater-rafting.com\/en\/wp-json\/wp\/v2\/pages\/1995\/revisions"}],"predecessor-version":[{"id":3798,"href":"https:\/\/www.crazywater-rafting.com\/en\/wp-json\/wp\/v2\/pages\/1995\/revisions\/3798"}],"wp:featuredmedia":[{"embeddable":true,"href":"https:\/\/www.crazywater-rafting.com\/en\/wp-json\/wp\/v2\/media\/2536"}],"wp:attachment":[{"href":"https:\/\/www.crazywater-rafting.com\/en\/wp-json\/wp\/v2\/media?parent=1995"}],"curies":[{"name":"wp","href":"https:\/\/api.w.org\/{rel}","templated":true}]}}