{"id":1991,"date":"2024-01-19T10:02:19","date_gmt":"2024-01-19T09:02:19","guid":{"rendered":"https:\/\/crazywater.animal-societe.com\/?page_id=1991"},"modified":"2026-03-17T19:37:50","modified_gmt":"2026-03-17T18:37:50","slug":"rafting-in-provence","status":"publish","type":"page","link":"https:\/\/www.crazywater-rafting.com\/en\/rafting-alpes-de-haute-provence\/rafting-en-provence\/","title":{"rendered":"Rafting in Provence: the best spots to consider"},"content":{"rendered":"<section class=\"wp-block-group texte-simple is-layout-constrained wp-block-group-is-layout-constrained\">\n<h2 class=\"wp-block-heading\">Rafting in Provence Alpes 04<\/h2>\n\n\n\n<p>La Provence regorge de rivi\u00e8res de qualit\u00e9, vari\u00e9es et favorables \u00e0 la pratique du Rafting. Cependant, face \u00e0 ce grand nombre de ces rivi\u00e8res, le choix peut s&rsquo;av\u00e9rer difficile pour les n\u00e9ophytes comme pour les rafteurs exp\u00e9riment\u00e9s. Vous aussi peinez \u00e0 choisir le meilleur spot pour votre prochaine descente en Rafting en Provence&nbsp;? Crazy Water Rafting vous aide \u00e0 faire le meilleur choix. D\u00e9couvrez notre s\u00e9lection des meilleures destinations pour faire du <strong>Rafting in Provence<\/strong>.<\/p>\n<\/section>\n\n\n\n<section class=\"wp-block-group is-layout-constrained wp-block-group-is-layout-constrained\">\n<div class=\"wp-block-columns are-vertically-aligned-center is-layout-flex wp-container-core-columns-is-layout-28f84493 wp-block-columns-is-layout-flex\">\n<div class=\"wp-block-column is-vertically-aligned-center is-layout-flow wp-block-column-is-layout-flow\" style=\"flex-basis:30%\">\n<figure data-wp-context=\"{&quot;imageId&quot;:&quot;69e01db28b26d&quot;}\" data-wp-interactive=\"core\/image\" data-wp-key=\"69e01db28b26d\" class=\"wp-block-image size-large wp-lightbox-container\"><img loading=\"lazy\" decoding=\"async\" width=\"683\" height=\"1024\" data-wp-class--hide=\"state.isContentHidden\" data-wp-class--show=\"state.isContentVisible\" data-wp-init=\"callbacks.setButtonStyles\" data-wp-on--click=\"actions.showLightbox\" data-wp-on--load=\"callbacks.setButtonStyles\" data-wp-on-window--resize=\"callbacks.setButtonStyles\" src=\"https:\/\/www.crazywater-rafting.com\/wordpress\/wp-content\/uploads\/2024\/02\/Rafting-en-Provence-683x1024.jpg\" alt=\"le Rafting qui passe en Provence Alpes sur la rivi\u00e8re Ubaye\" class=\"wp-image-2725\" style=\"aspect-ratio:3\/4;object-fit:cover\" srcset=\"https:\/\/www.crazywater-rafting.com\/wordpress\/wp-content\/uploads\/2024\/02\/Rafting-en-Provence-683x1024.jpg 683w, https:\/\/www.crazywater-rafting.com\/wordpress\/wp-content\/uploads\/2024\/02\/Rafting-en-Provence-200x300.jpg 200w, https:\/\/www.crazywater-rafting.com\/wordpress\/wp-content\/uploads\/2024\/02\/Rafting-en-Provence-768x1152.jpg 768w, https:\/\/www.crazywater-rafting.com\/wordpress\/wp-content\/uploads\/2024\/02\/Rafting-en-Provence-1024x1536.jpg 1024w, https:\/\/www.crazywater-rafting.com\/wordpress\/wp-content\/uploads\/2024\/02\/Rafting-en-Provence-8x12.jpg 8w, https:\/\/www.crazywater-rafting.com\/wordpress\/wp-content\/uploads\/2024\/02\/Rafting-en-Provence.jpg 1280w\" sizes=\"auto, (max-width: 683px) 100vw, 683px\" \/><button\n\t\t\tclass=\"lightbox-trigger\"\n\t\t\ttype=\"button\"\n\t\t\taria-haspopup=\"dialog\"\n\t\t\taria-label=\"Enlarge\"\n\t\t\tdata-wp-init=\"callbacks.initTriggerButton\"\n\t\t\tdata-wp-on--click=\"actions.showLightbox\"\n\t\t\tdata-wp-style--right=\"state.imageButtonRight\"\n\t\t\tdata-wp-style--top=\"state.imageButtonTop\"\n\t\t>\n\t\t\t<svg xmlns=\"http:\/\/www.w3.org\/2000\/svg\" width=\"12\" height=\"12\" fill=\"none\" viewbox=\"0 0 12 12\">\n\t\t\t\t<path fill=\"#fff\" d=\"M2 0a2 2 0 0 0-2 2v2h1.5V2a.5.5 0 0 1 .5-.5h2V0H2Zm2 10.5H2a.5.5 0 0 1-.5-.5V8H0v2a2 2 0 0 0 2 2h2v-1.5ZM8 12v-1.5h2a.5.5 0 0 0 .5-.5V8H12v2a2 2 0 0 1-2 2H8Zm2-12a2 2 0 0 1 2 2v2h-1.5V2a.5.5 0 0 0-.5-.5H8V0h2Z\" \/>\n\t\t\t<\/svg>\n\t\t<\/button><\/figure>\n<\/div>\n\n\n\n<div class=\"wp-block-column is-vertically-aligned-center is-layout-flow wp-block-column-is-layout-flow\">\n<h2 class=\"wp-block-heading\">Rafting in Provence on the Ubaye, the best!<\/h2>\n\n\n\n<p>Majestic river, the Ubaye is a reference for the practice of Rafting in Provence. During the holidays and throughout the summer, it welcomes many whitewater enthusiasts.<\/p>\n\n\n\n<p>If you are looking for an ideal spot, a beautiful river and a pleasant place for rafting in Provence, we recommend that you choose Ubaye. This river has everything to satisfy you. She offers you <strong>50 kilometers <\/strong>and has <strong>many <a data-type=\"page\" data-id=\"142\" href=\"https:\/\/www.crazywater-rafting.com\/en\/our-white-water-courses\/\">course<\/a><\/strong> which delight all lovers of whitewater sports who visit it. <\/p>\n<\/div>\n<\/div>\n<\/section>\n\n\n\n<section class=\"wp-block-group texte-simple is-layout-constrained wp-block-group-is-layout-constrained\">\n<p>Take the time to identify the routes that suit you. Preferably start with the easy sections and see how you feel before considering moving on to the difficult sections. Do <a href=\"https:\/\/www.crazywater-rafting.com\/en\/\">Rafting on the Ubaye<\/a>, it is also a dream opportunity to discover the beautiful and charming landscape that surrounds this river.<\/p>\n\n\n\n<p>Well installed on your raft and moving forward using your paddle, you will be able to observe the <strong>natural landscape<\/strong> from the river. Forests, mountains and peaks will dazzle you throughout the route. <\/p>\n\n\n\n<p>Thanks to the well-preserved nature, lovers of this fun activity will be able to find in this place a perfect place to <strong>have fun and recharge your batteries<\/strong>.<\/p>\n<\/section>\n\n\n\n<p>\ud83d\udc49 <strong>Read also<\/strong> : <a href=\"https:\/\/www.crazywater-rafting.com\/en\/rafting-near-gap\/\" target=\"_blank\" rel=\"noreferrer noopener\">Le rafting pr\u00e8s de Gap<\/a><\/p>\n\n\n\n<section class=\"wp-block-group is-layout-constrained wp-block-group-is-layout-constrained\">\n<div class=\"wp-block-columns are-vertically-aligned-center is-layout-flex wp-container-core-columns-is-layout-28f84493 wp-block-columns-is-layout-flex\">\n<div class=\"wp-block-column is-vertically-aligned-center is-layout-flow wp-block-column-is-layout-flow\" style=\"flex-basis:30%\">\n<figure class=\"wp-block-image size-large\"><img loading=\"lazy\" decoding=\"async\" width=\"768\" height=\"1024\" src=\"https:\/\/www.crazywater-rafting.com\/wordpress\/wp-content\/uploads\/2023\/12\/roya-gorge-ge512e83c5_1920-768x1024.jpg\" alt=\"la Roya qui coule tranquillement en passant sous un pont m\u00e9di\u00e9val\" class=\"wp-image-680\" style=\"aspect-ratio:3\/4;object-fit:cover\" srcset=\"https:\/\/www.crazywater-rafting.com\/wordpress\/wp-content\/uploads\/2023\/12\/roya-gorge-ge512e83c5_1920-768x1024.jpg 768w, https:\/\/www.crazywater-rafting.com\/wordpress\/wp-content\/uploads\/2023\/12\/roya-gorge-ge512e83c5_1920-225x300.jpg 225w, https:\/\/www.crazywater-rafting.com\/wordpress\/wp-content\/uploads\/2023\/12\/roya-gorge-ge512e83c5_1920-1152x1536.jpg 1152w, https:\/\/www.crazywater-rafting.com\/wordpress\/wp-content\/uploads\/2023\/12\/roya-gorge-ge512e83c5_1920.jpg 1440w\" sizes=\"auto, (max-width: 768px) 100vw, 768px\" \/><\/figure>\n<\/div>\n\n\n\n<div class=\"wp-block-column is-vertically-aligned-center is-layout-flow wp-block-column-is-layout-flow\">\n<h2 class=\"wp-block-heading\">The descent of the Roya<\/h2>\n\n\n\n<p>Here is a river with clear water suitable for Rafting in Provence, a valley which seduces the people who frequent it thanks to its many attractions. <strong>La Roya<\/strong> offers numerous courses for practicing Rafting.<\/p>\n\n\n\n<p>These descents are technical with rapids that make the activity sensational. You will certainly be full of emotions if you opt for this descent. <\/p>\n\n\n\n<p>La Roya offers level 2 to 3 rapids.<\/p>\n\n\n\n<p>Enfin, si <strong>la Roya<\/strong> attire de nombreux rafteurs, c\u2019est aussi gr\u00e2ce \u00e0 son beau paysage \ud83d\ude0a<\/p>\n\n\n\n<p>Il s\u2019agit d\u2019une vall\u00e9e \u00e0 la v\u00e9g\u00e9tation luxuriante et qui offre \u00e0 tous ses visiteurs, un cadre parfait pour la pratique du<a href=\"https:\/\/www.crazywater-rafting.com\/en\/rafting-nice\/\" target=\"_blank\" rel=\"noreferrer noopener\"> Rafting \u00e0 Nice<\/a>, mais aussi un environnement naturel, agr\u00e9able et vivable. Une parfaite destination donc pour vous si vous \u00eates amoureux de la nature&nbsp;!<\/p>\n\n\n\n<p>D&rsquo;ailleurs, vous pourrez aussi vous balader du c\u00f4t\u00e9 des affluents de la<strong> Roya<\/strong> si le c\u0153ur vous en dit notamment le Vallon de la Consciente et le Vallon de Groa. Ce dernier proposera aux randonneurs de jolis panoramas !<\/p>\n<\/div>\n<\/div>\n<\/section>\n\n\n\n<section class=\"wp-block-group texte-simple is-layout-constrained wp-block-group-is-layout-constrained\">\n<h2 class=\"wp-block-heading\">Rafting in Provence in the Gorges de Verdon<\/h2>\n\n\n\n<p>Vous avez toujours eu un faible pour le <strong>Rafting<\/strong> et vous souhaitez pratiquer votre sport pr\u00e9f\u00e9r\u00e9 cet \u00e9t\u00e9&nbsp;?<\/p>\n\n\n\n<p>Perfect ! <\/p>\n\n\n\n<p>It&#039;s a great idea to keep you busy and shelter from the heat for a day. But which destination should you choose? Which site is best suited to practicing this activity? If you live in Provence, we offer to take you to the <strong>Verdon Gorge<\/strong>. <\/p>\n\n\n\n<p><a href=\"https:\/\/www.crazywater-rafting.com\/en\/rafting-gorges-du-verdon\/\" target=\"_blank\" rel=\"noreferrer noopener\">Gorges du Verdon<\/a> sont tr\u00e8s populaires pour les sports nautiques, en particulier le Rafting, en raison de la beaut\u00e9 naturelle de la r\u00e9gion et de la pr\u00e9sence de rapides stimulants.<\/p>\n<\/section>\n\n\n\n<section class=\"wp-block-group is-layout-constrained wp-block-group-is-layout-constrained\">\n<div class=\"wp-block-columns are-vertically-aligned-center is-layout-flex wp-container-core-columns-is-layout-28f84493 wp-block-columns-is-layout-flex\">\n<div class=\"wp-block-column is-vertically-aligned-center is-layout-flow wp-block-column-is-layout-flow\" style=\"flex-basis:30%\">\n<figure class=\"wp-block-image size-large\"><img loading=\"lazy\" decoding=\"async\" width=\"1024\" height=\"768\" src=\"https:\/\/www.crazywater-rafting.com\/wordpress\/wp-content\/uploads\/2023\/12\/Les-Gorges-du-Verdon-1024x768.jpg\" alt=\"Gorge du Verdon en rafting, on peut apercevoir le verdon qui coule entre deux grande gorges\" class=\"wp-image-1015\" style=\"aspect-ratio:3\/4;object-fit:cover\" srcset=\"https:\/\/www.crazywater-rafting.com\/wordpress\/wp-content\/uploads\/2023\/12\/Les-Gorges-du-Verdon-1024x768.jpg 1024w, https:\/\/www.crazywater-rafting.com\/wordpress\/wp-content\/uploads\/2023\/12\/Les-Gorges-du-Verdon-300x225.jpg 300w, https:\/\/www.crazywater-rafting.com\/wordpress\/wp-content\/uploads\/2023\/12\/Les-Gorges-du-Verdon-768x576.jpg 768w, https:\/\/www.crazywater-rafting.com\/wordpress\/wp-content\/uploads\/2023\/12\/Les-Gorges-du-Verdon-1536x1152.jpg 1536w, https:\/\/www.crazywater-rafting.com\/wordpress\/wp-content\/uploads\/2023\/12\/Les-Gorges-du-Verdon.jpg 2048w\" sizes=\"auto, (max-width: 1024px) 100vw, 1024px\" \/><\/figure>\n<\/div>\n\n\n\n<div class=\"wp-block-column is-vertically-aligned-center is-layout-flow wp-block-column-is-layout-flow\">\n<p>The gorges themselves are incredibly impressive, with soaring rock walls and crystal clear waters meandering through the landscape. <\/p>\n\n\n\n<p>The rapids themselves are varied, offering experiences <strong>for beginners and experienced paddlers<\/strong>. Rapid levels vary depending on river conditions, but some rapids can reach difficulty levels up to Class III.<\/p>\n\n\n\n<p>Le parcours de Rafting typique <strong>des Gorges du Verdon<\/strong> comprend plusieurs sections, chacune avec ses propres caract\u00e9ristiques et ses difficult\u00e9s. Le parcours commence g\u00e9n\u00e9ralement \u00e0 Castellane et suit la rivi\u00e8re jusqu&rsquo;au lac de Sainte-Croix. Certains passages notables incluent le \u00ab\u00a0Saut de la Baou\u00a0\u00bb et le \u00ab\u00a0Styx\u00a0\u00bb, qui offrent des rapides de classe IV et III respectivement. Un parcours qui se pratique en Randonn\u00e9e aquatique.<\/p>\n\n\n\n<p>In addition to Rafting, there are many things to see and do in the Verdon Gorges region. Hikers can explore the trails that wind around the gorge, offering incredible views of the surrounding landscape. There are also several lookouts and scenic viewpoints, such as the <a href=\"https:\/\/www.verdontourisme.com\/offres\/le-point-sublime-rougon-fr-2987923\/\">Sublime Point<\/a> and the Balcon de la Mescla, which offer breathtaking views of the gorges.<\/p>\n<\/div>\n<\/div>\n<\/section>\n\n\n\n<section class=\"wp-block-group texte-simple is-layout-constrained wp-block-group-is-layout-constrained\">\n<h2 class=\"wp-block-heading\">Discovery of La Durance by rafting<\/h2>\n\n\n\n<p>Impossible to snub the<strong> Durance<\/strong> in a page on the spots of <strong>Rafting in Provence<\/strong>&nbsp;\ud83d\ude42 <\/p>\n\n\n\n<p>If you want to go rafting in this region, you must necessarily consider the Durance when choosing a spot. Very few rivers in Provence and even in France have the calm of the Durance.<\/p>\n\n\n\n<p>The numerous rapids, whirlpools and courses of this river make it a destination of choice for a good discovery rafting trip. The Durance offers rafting enthusiasts several descents from which they can choose the routes that suit them best.<\/p>\n\n\n\n<p>The other major asset of the Durance is the picturesque landscape which borders this river. Choosing this spot for your rafting activity means offering you the opportunity to contemplate magnificent natural landscapes.<\/p>\n\n\n\n<p>Pr\u00eat pour une partie de<strong> Rafting in Provence<\/strong>&nbsp;? Choisissez le spot qui vous s\u00e9duit et offrez-vous de merveilleux moments.<\/p>\n<\/section>","protected":false},"excerpt":{"rendered":"<p>Rafting in Provence is undeniably the most popular aquatic activity in the Southern Alps. Whether in Ubaye, Durance, Verdon or Roya, the choice is vast.<\/p>","protected":false},"author":1,"featured_media":2726,"parent":2004,"menu_order":0,"comment_status":"closed","ping_status":"closed","template":"","meta":{"_acf_changed":false,"footnotes":""},"class_list":["post-1991","page","type-page","status-publish","has-post-thumbnail","hentry"],"blocksy_meta":[],"acf":[],"yoast_head":"<!-- This site is optimized with the Yoast SEO plugin v27.4 - https:\/\/yoast.com\/product\/yoast-seo-wordpress\/ -->\n<title>Rafting en Provence\u00a0: les meilleurs spots \u00e0 consid\u00e9rer - Crazy Water Rafting<\/title>\n<meta name=\"description\" content=\"Embarquez pour une aventure rafting en Provence avec Crazy Water et d\u00e9couvrez les meilleurs spots de la r\u00e9gion !\" \/>\n<meta name=\"robots\" content=\"index, follow, max-snippet:-1, max-image-preview:large, max-video-preview:-1\" \/>\n<link rel=\"canonical\" href=\"https:\/\/www.crazywater-rafting.com\/en\/rafting-04\/rafting-in-provence\/\" \/>\n<meta property=\"og:locale\" content=\"en_GB\" \/>\n<meta property=\"og:type\" content=\"article\" \/>\n<meta property=\"og:title\" content=\"Rafting en Provence\u00a0: les meilleurs spots \u00e0 consid\u00e9rer - Crazy Water Rafting\" \/>\n<meta property=\"og:description\" content=\"Embarquez pour une aventure rafting en Provence avec Crazy Water et d\u00e9couvrez les meilleurs spots de la r\u00e9gion !\" \/>\n<meta property=\"og:url\" content=\"https:\/\/www.crazywater-rafting.com\/en\/rafting-04\/rafting-in-provence\/\" \/>\n<meta property=\"og:site_name\" content=\"Crazy Water Rafting\" \/>\n<meta property=\"article:modified_time\" content=\"2026-03-17T18:37:50+00:00\" \/>\n<meta property=\"og:image\" content=\"https:\/\/www.crazywater-rafting.com\/wordpress\/wp-content\/uploads\/2024\/02\/Rafting-Provence.jpg\" \/>\n\t<meta property=\"og:image:width\" content=\"1920\" \/>\n\t<meta property=\"og:image:height\" content=\"1280\" \/>\n\t<meta property=\"og:image:type\" content=\"image\/jpeg\" \/>\n<meta name=\"twitter:card\" content=\"summary_large_image\" \/>\n<meta name=\"twitter:label1\" content=\"Estimated reading time\" \/>\n\t<meta name=\"twitter:data1\" content=\"6 minutes\" \/>\n<script type=\"application\/ld+json\" class=\"yoast-schema-graph\">{\"@context\":\"https:\\\/\\\/schema.org\",\"@graph\":[{\"@type\":\"WebPage\",\"@id\":\"https:\\\/\\\/www.crazywater-rafting.com\\\/rafting-alpes-de-haute-provence\\\/rafting-en-provence\\\/\",\"url\":\"https:\\\/\\\/www.crazywater-rafting.com\\\/rafting-alpes-de-haute-provence\\\/rafting-en-provence\\\/\",\"name\":\"Rafting en Provence\u00a0: les meilleurs spots \u00e0 consid\u00e9rer - Crazy Water Rafting\",\"isPartOf\":{\"@id\":\"https:\\\/\\\/www.crazywater-rafting.com\\\/#website\"},\"primaryImageOfPage\":{\"@id\":\"https:\\\/\\\/www.crazywater-rafting.com\\\/rafting-alpes-de-haute-provence\\\/rafting-en-provence\\\/#primaryimage\"},\"image\":{\"@id\":\"https:\\\/\\\/www.crazywater-rafting.com\\\/rafting-alpes-de-haute-provence\\\/rafting-en-provence\\\/#primaryimage\"},\"thumbnailUrl\":\"https:\\\/\\\/www.crazywater-rafting.com\\\/wordpress\\\/wp-content\\\/uploads\\\/2024\\\/02\\\/Rafting-Provence.jpg\",\"datePublished\":\"2024-01-19T09:02:19+00:00\",\"dateModified\":\"2026-03-17T18:37:50+00:00\",\"description\":\"Embarquez pour une aventure rafting en Provence avec Crazy Water et d\u00e9couvrez les meilleurs spots de la r\u00e9gion !\",\"breadcrumb\":{\"@id\":\"https:\\\/\\\/www.crazywater-rafting.com\\\/rafting-alpes-de-haute-provence\\\/rafting-en-provence\\\/#breadcrumb\"},\"inLanguage\":\"en-GB\",\"potentialAction\":[{\"@type\":\"ReadAction\",\"target\":[\"https:\\\/\\\/www.crazywater-rafting.com\\\/rafting-alpes-de-haute-provence\\\/rafting-en-provence\\\/\"]}]},{\"@type\":\"ImageObject\",\"inLanguage\":\"en-GB\",\"@id\":\"https:\\\/\\\/www.crazywater-rafting.com\\\/rafting-alpes-de-haute-provence\\\/rafting-en-provence\\\/#primaryimage\",\"url\":\"https:\\\/\\\/www.crazywater-rafting.com\\\/wordpress\\\/wp-content\\\/uploads\\\/2024\\\/02\\\/Rafting-Provence.jpg\",\"contentUrl\":\"https:\\\/\\\/www.crazywater-rafting.com\\\/wordpress\\\/wp-content\\\/uploads\\\/2024\\\/02\\\/Rafting-Provence.jpg\",\"width\":1920,\"height\":1280,\"caption\":\"Rafting Provence\"},{\"@type\":\"BreadcrumbList\",\"@id\":\"https:\\\/\\\/www.crazywater-rafting.com\\\/rafting-alpes-de-haute-provence\\\/rafting-en-provence\\\/#breadcrumb\",\"itemListElement\":[{\"@type\":\"ListItem\",\"position\":1,\"name\":\"Accueil\",\"item\":\"https:\\\/\\\/www.crazywater-rafting.com\\\/\"},{\"@type\":\"ListItem\",\"position\":2,\"name\":\"Rafting dans les Alpes-de-Haute-Provence\",\"item\":\"https:\\\/\\\/www.crazywater-rafting.com\\\/rafting-alpes-de-haute-provence\\\/\"},{\"@type\":\"ListItem\",\"position\":3,\"name\":\"Rafting en Provence\u00a0: les meilleurs spots \u00e0 consid\u00e9rer\"}]},{\"@type\":\"WebSite\",\"@id\":\"https:\\\/\\\/www.crazywater-rafting.com\\\/#website\",\"url\":\"https:\\\/\\\/www.crazywater-rafting.com\\\/\",\"name\":\"Crazy Water Rafting\",\"description\":\"\",\"publisher\":{\"@id\":\"https:\\\/\\\/www.crazywater-rafting.com\\\/#organization\"},\"potentialAction\":[{\"@type\":\"SearchAction\",\"target\":{\"@type\":\"EntryPoint\",\"urlTemplate\":\"https:\\\/\\\/www.crazywater-rafting.com\\\/?s={search_term_string}\"},\"query-input\":{\"@type\":\"PropertyValueSpecification\",\"valueRequired\":true,\"valueName\":\"search_term_string\"}}],\"inLanguage\":\"en-GB\"},{\"@type\":\"Organization\",\"@id\":\"https:\\\/\\\/www.crazywater-rafting.com\\\/#organization\",\"name\":\"Crazy Water Rafting\",\"alternateName\":\"Crazy Water Rafting\",\"url\":\"https:\\\/\\\/www.crazywater-rafting.com\\\/\",\"logo\":{\"@type\":\"ImageObject\",\"inLanguage\":\"en-GB\",\"@id\":\"https:\\\/\\\/www.crazywater-rafting.com\\\/#\\\/schema\\\/logo\\\/image\\\/\",\"url\":\"https:\\\/\\\/www.crazywater-rafting.com\\\/wordpress\\\/wp-content\\\/uploads\\\/2024\\\/02\\\/Logo-Crazy-Water.jpg\",\"contentUrl\":\"https:\\\/\\\/www.crazywater-rafting.com\\\/wordpress\\\/wp-content\\\/uploads\\\/2024\\\/02\\\/Logo-Crazy-Water.jpg\",\"width\":1092,\"height\":592,\"caption\":\"Crazy Water Rafting\"},\"image\":{\"@id\":\"https:\\\/\\\/www.crazywater-rafting.com\\\/#\\\/schema\\\/logo\\\/image\\\/\"},\"sameAs\":[\"https:\\\/\\\/www.reddit.com\\\/user\\\/Crazy-Water-Rafting\\\/\",\"https:\\\/\\\/www.linkedin.com\\\/in\\\/crazy-water-rafting-ubaye-08987b67\\\/\"]}]}<\/script>\n<!-- \/ Yoast SEO plugin. -->","yoast_head_json":{"title":"Rafting in Provence: the best spots to consider - Crazy Water Rafting","description":"Embark on a rafting adventure in Provence with Crazy Water and discover the best spots in the region!","robots":{"index":"index","follow":"follow","max-snippet":"max-snippet:-1","max-image-preview":"max-image-preview:large","max-video-preview":"max-video-preview:-1"},"canonical":"https:\/\/www.crazywater-rafting.com\/en\/rafting-04\/rafting-in-provence\/","og_locale":"en_GB","og_type":"article","og_title":"Rafting en Provence\u00a0: les meilleurs spots \u00e0 consid\u00e9rer - Crazy Water Rafting","og_description":"Embarquez pour une aventure rafting en Provence avec Crazy Water et d\u00e9couvrez les meilleurs spots de la r\u00e9gion !","og_url":"https:\/\/www.crazywater-rafting.com\/en\/rafting-04\/rafting-in-provence\/","og_site_name":"Crazy Water Rafting","article_modified_time":"2026-03-17T18:37:50+00:00","og_image":[{"width":1920,"height":1280,"url":"https:\/\/www.crazywater-rafting.com\/wordpress\/wp-content\/uploads\/2024\/02\/Rafting-Provence.jpg","type":"image\/jpeg"}],"twitter_card":"summary_large_image","twitter_misc":{"Estimated reading time":"6 minutes"},"schema":{"@context":"https:\/\/schema.org","@graph":[{"@type":"WebPage","@id":"https:\/\/www.crazywater-rafting.com\/rafting-alpes-de-haute-provence\/rafting-en-provence\/","url":"https:\/\/www.crazywater-rafting.com\/rafting-alpes-de-haute-provence\/rafting-en-provence\/","name":"Rafting in Provence: the best spots to consider - Crazy Water Rafting","isPartOf":{"@id":"https:\/\/www.crazywater-rafting.com\/#website"},"primaryImageOfPage":{"@id":"https:\/\/www.crazywater-rafting.com\/rafting-alpes-de-haute-provence\/rafting-en-provence\/#primaryimage"},"image":{"@id":"https:\/\/www.crazywater-rafting.com\/rafting-alpes-de-haute-provence\/rafting-en-provence\/#primaryimage"},"thumbnailUrl":"https:\/\/www.crazywater-rafting.com\/wordpress\/wp-content\/uploads\/2024\/02\/Rafting-Provence.jpg","datePublished":"2024-01-19T09:02:19+00:00","dateModified":"2026-03-17T18:37:50+00:00","description":"Embark on a rafting adventure in Provence with Crazy Water and discover the best spots in the region!","breadcrumb":{"@id":"https:\/\/www.crazywater-rafting.com\/rafting-alpes-de-haute-provence\/rafting-en-provence\/#breadcrumb"},"inLanguage":"en-GB","potentialAction":[{"@type":"ReadAction","target":["https:\/\/www.crazywater-rafting.com\/rafting-alpes-de-haute-provence\/rafting-en-provence\/"]}]},{"@type":"ImageObject","inLanguage":"en-GB","@id":"https:\/\/www.crazywater-rafting.com\/rafting-alpes-de-haute-provence\/rafting-en-provence\/#primaryimage","url":"https:\/\/www.crazywater-rafting.com\/wordpress\/wp-content\/uploads\/2024\/02\/Rafting-Provence.jpg","contentUrl":"https:\/\/www.crazywater-rafting.com\/wordpress\/wp-content\/uploads\/2024\/02\/Rafting-Provence.jpg","width":1920,"height":1280,"caption":"Rafting Provence"},{"@type":"BreadcrumbList","@id":"https:\/\/www.crazywater-rafting.com\/rafting-alpes-de-haute-provence\/rafting-en-provence\/#breadcrumb","itemListElement":[{"@type":"ListItem","position":1,"name":"Accueil","item":"https:\/\/www.crazywater-rafting.com\/"},{"@type":"ListItem","position":2,"name":"Rafting dans les Alpes-de-Haute-Provence","item":"https:\/\/www.crazywater-rafting.com\/rafting-alpes-de-haute-provence\/"},{"@type":"ListItem","position":3,"name":"Rafting en Provence\u00a0: les meilleurs spots \u00e0 consid\u00e9rer"}]},{"@type":"WebSite","@id":"https:\/\/www.crazywater-rafting.com\/#website","url":"https:\/\/www.crazywater-rafting.com\/","name":"Crazy Water Rafting","description":"","publisher":{"@id":"https:\/\/www.crazywater-rafting.com\/#organization"},"potentialAction":[{"@type":"SearchAction","target":{"@type":"EntryPoint","urlTemplate":"https:\/\/www.crazywater-rafting.com\/?s={search_term_string}"},"query-input":{"@type":"PropertyValueSpecification","valueRequired":true,"valueName":"search_term_string"}}],"inLanguage":"en-GB"},{"@type":"Organization","@id":"https:\/\/www.crazywater-rafting.com\/#organization","name":"Crazy Water Rafting","alternateName":"Crazy Water Rafting","url":"https:\/\/www.crazywater-rafting.com\/","logo":{"@type":"ImageObject","inLanguage":"en-GB","@id":"https:\/\/www.crazywater-rafting.com\/#\/schema\/logo\/image\/","url":"https:\/\/www.crazywater-rafting.com\/wordpress\/wp-content\/uploads\/2024\/02\/Logo-Crazy-Water.jpg","contentUrl":"https:\/\/www.crazywater-rafting.com\/wordpress\/wp-content\/uploads\/2024\/02\/Logo-Crazy-Water.jpg","width":1092,"height":592,"caption":"Crazy Water Rafting"},"image":{"@id":"https:\/\/www.crazywater-rafting.com\/#\/schema\/logo\/image\/"},"sameAs":["https:\/\/www.reddit.com\/user\/Crazy-Water-Rafting\/","https:\/\/www.linkedin.com\/in\/crazy-water-rafting-ubaye-08987b67\/"]}]}},"_links":{"self":[{"href":"https:\/\/www.crazywater-rafting.com\/en\/wp-json\/wp\/v2\/pages\/1991","targetHints":{"allow":["GET"]}}],"collection":[{"href":"https:\/\/www.crazywater-rafting.com\/en\/wp-json\/wp\/v2\/pages"}],"about":[{"href":"https:\/\/www.crazywater-rafting.com\/en\/wp-json\/wp\/v2\/types\/page"}],"author":[{"embeddable":true,"href":"https:\/\/www.crazywater-rafting.com\/en\/wp-json\/wp\/v2\/users\/1"}],"replies":[{"embeddable":true,"href":"https:\/\/www.crazywater-rafting.com\/en\/wp-json\/wp\/v2\/comments?post=1991"}],"version-history":[{"count":6,"href":"https:\/\/www.crazywater-rafting.com\/en\/wp-json\/wp\/v2\/pages\/1991\/revisions"}],"predecessor-version":[{"id":3800,"href":"https:\/\/www.crazywater-rafting.com\/en\/wp-json\/wp\/v2\/pages\/1991\/revisions\/3800"}],"up":[{"embeddable":true,"href":"https:\/\/www.crazywater-rafting.com\/en\/wp-json\/wp\/v2\/pages\/2004"}],"wp:featuredmedia":[{"embeddable":true,"href":"https:\/\/www.crazywater-rafting.com\/en\/wp-json\/wp\/v2\/media\/2726"}],"wp:attachment":[{"href":"https:\/\/www.crazywater-rafting.com\/en\/wp-json\/wp\/v2\/media?parent=1991"}],"curies":[{"name":"wp","href":"https:\/\/api.w.org\/{rel}","templated":true}]}}