{"id":1990,"date":"2024-01-19T10:02:19","date_gmt":"2024-01-19T09:02:19","guid":{"rendered":"https:\/\/crazywater.animal-societe.com\/?page_id=1990"},"modified":"2026-01-19T17:49:18","modified_gmt":"2026-01-19T16:49:18","slug":"the-lauzet-ubaye","status":"publish","type":"page","link":"https:\/\/www.crazywater-rafting.com\/en\/le-lauzet-ubaye\/","title":{"rendered":"Le Lauzet-Ubaye"},"content":{"rendered":"<section class=\"wp-block-group texte-simple is-layout-constrained wp-block-group-is-layout-constrained\">\n<h2 class=\"wp-block-heading\">Le Lauzet-Ubaye, entrance to the Barcelonnette valley<\/h2>\n\n\n\n<p>THE <strong>Lauzet-Ubaye<\/strong> is a small village located in the <a href=\"https:\/\/www.tourisme-alpes-haute-provence.com\/\" target=\"_blank\" rel=\"noreferrer noopener\">Alpes de Haute-Provence (04)<\/a>, in Ubaye, in the Barcelonnette valley. Surrounded by majestic mountains and magnificent landscapes, it is a popular meeting place for <strong>nature and adventure lovers<\/strong>. It is the village at the entrance to the valley at the mouth of the Ubaye river and the Serre Pon\u00e7on lake. Nicknamed the <strong>capital of rafting and white water sports<\/strong>, the Lauzet is indeed the arrival of the most beautiful raft course in Ubaye.<\/p>\n\n\n\n<p><strong>The village of Lauzet<\/strong> It itself is charming, with traditional stone houses and narrow, winding streets that snake through the hills. There is a small central square where locals gather for coffee and chat, and where tourists can wander around and experience the local atmosphere.<\/p>\n<\/section>\n\n\n\n<section class=\"wp-block-group is-layout-constrained wp-block-group-is-layout-constrained\">\n<div class=\"wp-block-columns are-vertically-aligned-center is-layout-flex wp-container-core-columns-is-layout-28f84493 wp-block-columns-is-layout-flex\">\n<div class=\"wp-block-column is-vertically-aligned-center is-layout-flow wp-block-column-is-layout-flow\" style=\"flex-basis:30%\">\n<figure class=\"wp-block-image size-full\"><img loading=\"lazy\" decoding=\"async\" width=\"770\" height=\"310\" src=\"https:\/\/www.crazywater-rafting.com\/wordpress\/wp-content\/uploads\/2023\/12\/Lac-du-Lauzet.jpeg\" alt=\"Lac du Lauzet Ubaye a recommended destination during the summer\" class=\"wp-image-1004\" style=\"aspect-ratio:3\/4;object-fit:cover\" srcset=\"https:\/\/www.crazywater-rafting.com\/wordpress\/wp-content\/uploads\/2023\/12\/Lac-du-Lauzet.jpeg 770w, https:\/\/www.crazywater-rafting.com\/wordpress\/wp-content\/uploads\/2023\/12\/Lac-du-Lauzet-300x121.jpeg 300w, https:\/\/www.crazywater-rafting.com\/wordpress\/wp-content\/uploads\/2023\/12\/Lac-du-Lauzet-768x309.jpeg 768w\" sizes=\"auto, (max-width: 770px) 100vw, 770px\" \/><\/figure>\n<\/div>\n\n\n\n<div class=\"wp-block-column is-vertically-aligned-center is-layout-flow wp-block-column-is-layout-flow\">\n<h2 class=\"wp-block-heading\">Lake Lauzet-Ubaye<\/h2>\n\n\n\n<p><strong><a href=\"https:\/\/www.lauzetubaye.fr\/lac-lauzet\" target=\"_blank\" rel=\"noreferrer noopener\">Lake Lauzet<\/a> <\/strong>is a must-see place to visit in the region. It is a mountain lake located at an altitude of 890 m and is 340 meters long. It is of icehouse origin and is supplied all year round by 7 sources.<\/p>\n\n\n\n<p>With its crystal clear waters and its preserved natural setting of the Alpes de Haute Provence, it is ideal for swimming, free fishing offered by the town, picnics and canoe and pedal boat rides. the commune of Lauzet has developed a tour of the lake. It is now <strong>Accessible to people with reduced mobility<\/strong> and has a natural swimming pool supervised in July and August for the greatest pleasure of families. The surrounding mountains also offer plenty of hiking, climbing and mountain biking opportunities.<\/p>\n<\/div>\n<\/div>\n<\/section>\n\n\n\n<div class=\"wp-block-media-text is-stacked-on-mobile is-image-fill-element\" style=\"grid-template-columns:30% auto\"><figure class=\"wp-block-media-text__media\"><img loading=\"lazy\" decoding=\"async\" width=\"683\" height=\"1024\" src=\"https:\/\/www.crazywater-rafting.com\/wordpress\/wp-content\/uploads\/2026\/01\/lauzet_pont_romain.jpg\" alt=\"pont roman au lauzet ubaye\" class=\"wp-image-3695 size-full\" style=\"object-position:50% 50%\" srcset=\"https:\/\/www.crazywater-rafting.com\/wordpress\/wp-content\/uploads\/2026\/01\/lauzet_pont_romain.jpg 683w, https:\/\/www.crazywater-rafting.com\/wordpress\/wp-content\/uploads\/2026\/01\/lauzet_pont_romain-200x300.jpg 200w, https:\/\/www.crazywater-rafting.com\/wordpress\/wp-content\/uploads\/2026\/01\/lauzet_pont_romain-8x12.jpg 8w\" sizes=\"auto, (max-width: 683px) 100vw, 683px\" \/><\/figure><div class=\"wp-block-media-text__content\">\n<h2 class=\"wp-block-heading\">Le pont Romain ( m\u00e9di\u00e9val )<\/h2>\n\n\n\n<p>Situ\u00e9 \u00e0 l\u2019entr\u00e9e du Lauzet-Ubaye, le <strong><a href=\"https:\/\/www.crazywater-rafting.com\/en\/le-pont-romain-au-lauzet-ubaye\/\" target=\"_blank\" rel=\"noreferrer noopener\">pont dit romain<\/a><\/strong> est l\u2019un des embl\u00e8mes du village. Bien que traditionnellement qualifi\u00e9 de \u00ab romain \u00bb, il serait en r\u00e9alit\u00e9 <strong>d\u2019origine m\u00e9di\u00e9vale<\/strong>, construit sur un ancien axe de passage strat\u00e9gique reliant la vall\u00e9e de l\u2019Ubaye aux Alpes du Sud. Avec sa <strong>vo\u00fbte unique en pierre<\/strong> \u00e9l\u00e9gamment \u00e9lanc\u00e9e au-dessus de l\u2019Ubaye, il t\u00e9moigne d\u2019un savoir-faire ancien et d\u2019une architecture pens\u00e9e pour r\u00e9sister aux crues et au temps. Aujourd\u2019hui encore, ce pont charg\u00e9 d\u2019histoire offre un point de vue remarquable sur la rivi\u00e8re et les montagnes environnantes, et constitue une halte incontournable lors d\u2019une promenade ou d\u2019une randonn\u00e9e autour du Lauzet.<\/p>\n<\/div><\/div>\n\n\n\n<div class=\"wp-block-media-text is-stacked-on-mobile\" style=\"grid-template-columns:30% auto\"><figure class=\"wp-block-media-text__media\"><img loading=\"lazy\" decoding=\"async\" width=\"768\" height=\"1024\" src=\"https:\/\/www.crazywater-rafting.com\/wordpress\/wp-content\/uploads\/2025\/05\/cascades-costeplane-768x1024.jpg\" alt=\"un couple regarde les belles cascades de l'ubaye au lauzet\" class=\"wp-image-3610 size-full\" srcset=\"https:\/\/www.crazywater-rafting.com\/wordpress\/wp-content\/uploads\/2025\/05\/cascades-costeplane-768x1024.jpg 768w, https:\/\/www.crazywater-rafting.com\/wordpress\/wp-content\/uploads\/2025\/05\/cascades-costeplane-225x300.jpg 225w, https:\/\/www.crazywater-rafting.com\/wordpress\/wp-content\/uploads\/2025\/05\/cascades-costeplane-1152x1536.jpg 1152w, https:\/\/www.crazywater-rafting.com\/wordpress\/wp-content\/uploads\/2025\/05\/cascades-costeplane-9x12.jpg 9w, https:\/\/www.crazywater-rafting.com\/wordpress\/wp-content\/uploads\/2025\/05\/cascades-costeplane.jpg 1440w\" sizes=\"auto, (max-width: 768px) 100vw, 768px\" \/><\/figure><div class=\"wp-block-media-text__content\">\n<h2 class=\"wp-block-heading\">Cascades de Costeplanes<\/h2>\n\n\n\n<p>Nich\u00e9es au-dessus du Lauzet-Ubaye, les <strong>Costeplane waterfalls<\/strong> offrent un spectacle naturel sauvage et rafra\u00eechissant. Aliment\u00e9es par les eaux de fonte et les ruisseaux d\u2019altitude, elles d\u00e9valent la montagne en plusieurs ressauts, creusant la roche et formant des vasques cristallines. Le sentier qui y m\u00e8ne, parfois raide et escarp\u00e9, ajoute une dimension aventure \u00e0 la d\u00e9couverte, tandis que la fra\u00eecheur de l\u2019eau et le bruit des chutes contrastent avec l\u2019ambiance alpine environnante. Lieu encore relativement pr\u00e9serv\u00e9, les cascades de Costeplane s\u00e9duisent par leur caract\u00e8re authentique et constituent une belle r\u00e9compense pour les amateurs de randonn\u00e9e et de nature brute.<\/p>\n<\/div><\/div>\n\n\n\n<section class=\"wp-block-group is-layout-constrained wp-block-group-is-layout-constrained\">\n<div class=\"wp-block-columns are-vertically-aligned-center is-layout-flex wp-container-core-columns-is-layout-28f84493 wp-block-columns-is-layout-flex\">\n<div class=\"wp-block-column is-vertically-aligned-center is-layout-flow wp-block-column-is-layout-flow\" style=\"flex-basis:30%\">\n<figure class=\"wp-block-image size-large\"><img loading=\"lazy\" decoding=\"async\" width=\"683\" height=\"1024\" src=\"https:\/\/www.crazywater-rafting.com\/wordpress\/wp-content\/uploads\/2024\/02\/DSC_0083-683x1024.jpg\" alt=\"Ubaye Serre Pon\u00e7on: explore the many hikes in Lauzet\" class=\"wp-image-2329\" style=\"aspect-ratio:3\/4;object-fit:cover\" srcset=\"https:\/\/www.crazywater-rafting.com\/wordpress\/wp-content\/uploads\/2024\/02\/DSC_0083-683x1024.jpg 683w, https:\/\/www.crazywater-rafting.com\/wordpress\/wp-content\/uploads\/2024\/02\/DSC_0083-200x300.jpg 200w, https:\/\/www.crazywater-rafting.com\/wordpress\/wp-content\/uploads\/2024\/02\/DSC_0083-768x1152.jpg 768w, https:\/\/www.crazywater-rafting.com\/wordpress\/wp-content\/uploads\/2024\/02\/DSC_0083-1024x1536.jpg 1024w, https:\/\/www.crazywater-rafting.com\/wordpress\/wp-content\/uploads\/2024\/02\/DSC_0083-8x12.jpg 8w, https:\/\/www.crazywater-rafting.com\/wordpress\/wp-content\/uploads\/2024\/02\/DSC_0083.jpg 1280w\" sizes=\"auto, (max-width: 683px) 100vw, 683px\" \/><\/figure>\n<\/div>\n\n\n\n<div class=\"wp-block-column is-vertically-aligned-center is-layout-flow wp-block-column-is-layout-flow\">\n<h2 class=\"wp-block-heading\">Hiking in Lauzet-Ubaye<\/h2>\n\n\n\n<p>The Municipality of Lauzet-Ubaye is a <strong>paradise for hikers<\/strong>. <a href=\"https:\/\/www.crazywater-rafting.com\/en\/hikes-at-lauzet-ubaye\/\" target=\"_blank\" rel=\"noreferrer noopener\">Walks<\/a> varied and adapted to all levels are to be discovered in the town of Ubaye Serre-Pon\u00e7on. Markings are updated regularly and trails are maintained. You will be able to discover a <strong>abundant flora and fauna<\/strong>, as well as a rich cultural heritage, with isolated habitats, chapels, forts, mountain pastures, sheepfolds, bread ovens and sundials.<\/p>\n\n\n\n<p>Vous trouverez des grandes randonn\u00e9es, comme le Col Bas et les 3 lacs, la Batterie de Dormillouse, les alpages de la Gourette, la T\u00eate de l&rsquo;Estrop, le Morgon, le Tour du Lac de Serre Pon\u00e7on. Vous pourrez \u00e9galement opter pour des petites randonn\u00e9es familiales comme les hameaux isol\u00e9s de la Mandeysse ou de Dramonasc o\u00f9 bien encore le tour du village avec les <a href=\"https:\/\/www.crazywater-rafting.com\/en\/les-cascades-de-costeplane\/\" target=\"_blank\" rel=\"noreferrer noopener\">Costeplane waterfalls<\/a> And <strong>le pont romain<\/strong>. Vous pourrez m\u00eame randonner dans les anciens tunnels de la voie ferr\u00e9e.<\/p>\n<\/div>\n<\/div>\n<\/section>\n\n\n\n<section class=\"wp-block-group texte-simple is-layout-constrained wp-block-group-is-layout-constrained\">\n<h2 class=\"wp-block-heading\">An ideally located village<\/h2>\n\n\n\n<p>Winter sports enthusiasts can also enjoy the southern Alps region, with several <strong>Ski stations <\/strong>renowned nearby. The resorts of Pra-Loup, le Sauze, St jean de Montclard, are some of the largest in the region. They offer slopes for all skill levels, as well as quality equipment for skiers. The <strong>Lauzet-Ubaye<\/strong> allows you to benefit from affordable accommodation, hotels, lodges.<\/p>\n\n\n\n<p><strong>Le Lauzet-Ubaye<\/strong> is also an ideal starting point for exploring the surrounding region. The <strong>historic town of Barcelonnette<\/strong>, located just a few kilometers away, 20 minutes by car, offers a<strong> rich cultural heritage<\/strong> and numerous museums, art galleries and historical sites to visit. The spa town of <strong>Gr\u00e9oux-les-Bains<\/strong> is also nearby, offering <strong>natural hot springs <\/strong>to relax and recharge your batteries.<\/p>\n\n\n\n<p>There<strong> local gastronomy <\/strong>is also a must-see for visitors to the region. Regional specialties include hearty mountain dishes such as raclette, tartiflette and fondue Savoyarde, as well as local products such as honey, cheese and wine. In the 19th century, the populations of Ubaye and Barcelonnette left to try their luck at <strong>Mexico<\/strong> in textiles. After making their fortune, they then returned to Ubaye bringing Mexican culture back in their suitcases. So don&#039;t be surprised if some restaurants in Barcelonnette offer you a real taste journey.<\/p>\n<\/section>\n\n\n\n<section class=\"wp-block-group texte-simple is-layout-constrained wp-block-group-is-layout-constrained\">\n<h2 class=\"wp-block-heading\">A dream destination<\/h2>\n\n\n\n<p>In summary, <strong>Lauzet-Ubaye<\/strong> is a destination of <a href=\"https:\/\/www.crazywater-rafting.com\/en\/the-10-essential-ubaye\/\">ideal holiday<\/a> for nature lovers, adventure seekers and history and culture enthusiasts. In addition to being the starting point for activities of <a href=\"https:\/\/www.crazywater-rafting.com\/en\/rafting-ubaye-best-of\/rafting-ubaye-spring\/\">Rafting<\/a>, Hydrospeed and Kayak of the Alpes-de-Haute-Provence, The <strong>Lauzet-Ubaye<\/strong> also welcomes climbers for <strong>climbing<\/strong> on natural cliffs. 3 spots are already well known to climbers.<\/p>\n\n\n\n<p>With its preserved natural setting, its quality outdoor activities and its authentic charm, this village will undoubtedly seduce you! <\/p>\n<\/section>\n\n\n\n<p><\/p>","protected":false},"excerpt":{"rendered":"<p>The Village of Lauzet Ubaye gateway to the Barcelonnette valley. Waterfalls, lake, hiking, climbing and white water sports.<\/p>","protected":false},"author":1,"featured_media":1010,"parent":0,"menu_order":0,"comment_status":"closed","ping_status":"closed","template":"","meta":{"_acf_changed":false,"footnotes":""},"class_list":["post-1990","page","type-page","status-publish","has-post-thumbnail","hentry"],"blocksy_meta":[],"acf":[],"yoast_head":"<!-- This site is optimized with the Yoast SEO plugin v27.3 - https:\/\/yoast.com\/product\/yoast-seo-wordpress\/ -->\n<title>Le Lauzet-Ubaye - Crazy Water Rafting<\/title>\n<meta name=\"description\" content=\"Arr\u00eatez vous au Lauzet-Ubaye, le village de l&#039;entr\u00e9e de la vall\u00e9e de Barcelonnette ! Cascades, randonn\u00e9es, escalade, lac et Rafting.\" \/>\n<meta name=\"robots\" content=\"index, follow, max-snippet:-1, max-image-preview:large, max-video-preview:-1\" \/>\n<link rel=\"canonical\" href=\"https:\/\/www.crazywater-rafting.com\/en\/the-lauzet-ubaye\/\" \/>\n<meta property=\"og:locale\" content=\"en_GB\" \/>\n<meta property=\"og:type\" content=\"article\" \/>\n<meta property=\"og:title\" content=\"Le Lauzet-Ubaye - Crazy Water Rafting\" \/>\n<meta property=\"og:description\" content=\"Arr\u00eatez vous au Lauzet-Ubaye, le village de l&#039;entr\u00e9e de la vall\u00e9e de Barcelonnette ! Cascades, randonn\u00e9es, escalade, lac et Rafting.\" \/>\n<meta property=\"og:url\" content=\"https:\/\/www.crazywater-rafting.com\/en\/the-lauzet-ubaye\/\" \/>\n<meta property=\"og:site_name\" content=\"Crazy Water Rafting\" \/>\n<meta property=\"article:modified_time\" content=\"2026-01-19T16:49:18+00:00\" \/>\n<meta property=\"og:image\" content=\"https:\/\/www.crazywater-rafting.com\/wordpress\/wp-content\/uploads\/2023\/12\/Le-Lauzet-Ubaye-04.jpg\" \/>\n\t<meta property=\"og:image:width\" content=\"1600\" \/>\n\t<meta property=\"og:image:height\" content=\"900\" \/>\n\t<meta property=\"og:image:type\" content=\"image\/jpeg\" \/>\n<meta name=\"twitter:card\" content=\"summary_large_image\" \/>\n<meta name=\"twitter:label1\" content=\"Estimated reading time\" \/>\n\t<meta name=\"twitter:data1\" content=\"6 minutes\" \/>\n<script type=\"application\/ld+json\" class=\"yoast-schema-graph\">{\"@context\":\"https:\\\/\\\/schema.org\",\"@graph\":[{\"@type\":\"WebPage\",\"@id\":\"https:\\\/\\\/www.crazywater-rafting.com\\\/le-lauzet-ubaye\\\/\",\"url\":\"https:\\\/\\\/www.crazywater-rafting.com\\\/le-lauzet-ubaye\\\/\",\"name\":\"Le Lauzet-Ubaye - Crazy Water Rafting\",\"isPartOf\":{\"@id\":\"https:\\\/\\\/www.crazywater-rafting.com\\\/#website\"},\"primaryImageOfPage\":{\"@id\":\"https:\\\/\\\/www.crazywater-rafting.com\\\/le-lauzet-ubaye\\\/#primaryimage\"},\"image\":{\"@id\":\"https:\\\/\\\/www.crazywater-rafting.com\\\/le-lauzet-ubaye\\\/#primaryimage\"},\"thumbnailUrl\":\"https:\\\/\\\/www.crazywater-rafting.com\\\/wordpress\\\/wp-content\\\/uploads\\\/2023\\\/12\\\/Le-Lauzet-Ubaye-04.jpg\",\"datePublished\":\"2024-01-19T09:02:19+00:00\",\"dateModified\":\"2026-01-19T16:49:18+00:00\",\"description\":\"Arr\u00eatez vous au Lauzet-Ubaye, le village de l'entr\u00e9e de la vall\u00e9e de Barcelonnette ! Cascades, randonn\u00e9es, escalade, lac et Rafting.\",\"breadcrumb\":{\"@id\":\"https:\\\/\\\/www.crazywater-rafting.com\\\/le-lauzet-ubaye\\\/#breadcrumb\"},\"inLanguage\":\"en-GB\",\"potentialAction\":[{\"@type\":\"ReadAction\",\"target\":[\"https:\\\/\\\/www.crazywater-rafting.com\\\/le-lauzet-ubaye\\\/\"]}]},{\"@type\":\"ImageObject\",\"inLanguage\":\"en-GB\",\"@id\":\"https:\\\/\\\/www.crazywater-rafting.com\\\/le-lauzet-ubaye\\\/#primaryimage\",\"url\":\"https:\\\/\\\/www.crazywater-rafting.com\\\/wordpress\\\/wp-content\\\/uploads\\\/2023\\\/12\\\/Le-Lauzet-Ubaye-04.jpg\",\"contentUrl\":\"https:\\\/\\\/www.crazywater-rafting.com\\\/wordpress\\\/wp-content\\\/uploads\\\/2023\\\/12\\\/Le-Lauzet-Ubaye-04.jpg\",\"width\":1600,\"height\":900,\"caption\":\"Village du Lauzet Ubaye\"},{\"@type\":\"BreadcrumbList\",\"@id\":\"https:\\\/\\\/www.crazywater-rafting.com\\\/le-lauzet-ubaye\\\/#breadcrumb\",\"itemListElement\":[{\"@type\":\"ListItem\",\"position\":1,\"name\":\"Accueil\",\"item\":\"https:\\\/\\\/www.crazywater-rafting.com\\\/\"},{\"@type\":\"ListItem\",\"position\":2,\"name\":\"Le Lauzet-Ubaye\"}]},{\"@type\":\"WebSite\",\"@id\":\"https:\\\/\\\/www.crazywater-rafting.com\\\/#website\",\"url\":\"https:\\\/\\\/www.crazywater-rafting.com\\\/\",\"name\":\"Crazy Water Rafting\",\"description\":\"\",\"publisher\":{\"@id\":\"https:\\\/\\\/www.crazywater-rafting.com\\\/#organization\"},\"potentialAction\":[{\"@type\":\"SearchAction\",\"target\":{\"@type\":\"EntryPoint\",\"urlTemplate\":\"https:\\\/\\\/www.crazywater-rafting.com\\\/?s={search_term_string}\"},\"query-input\":{\"@type\":\"PropertyValueSpecification\",\"valueRequired\":true,\"valueName\":\"search_term_string\"}}],\"inLanguage\":\"en-GB\"},{\"@type\":\"Organization\",\"@id\":\"https:\\\/\\\/www.crazywater-rafting.com\\\/#organization\",\"name\":\"Crazy Water Rafting\",\"alternateName\":\"Crazy Water Rafting\",\"url\":\"https:\\\/\\\/www.crazywater-rafting.com\\\/\",\"logo\":{\"@type\":\"ImageObject\",\"inLanguage\":\"en-GB\",\"@id\":\"https:\\\/\\\/www.crazywater-rafting.com\\\/#\\\/schema\\\/logo\\\/image\\\/\",\"url\":\"https:\\\/\\\/www.crazywater-rafting.com\\\/wordpress\\\/wp-content\\\/uploads\\\/2024\\\/02\\\/Logo-Crazy-Water.jpg\",\"contentUrl\":\"https:\\\/\\\/www.crazywater-rafting.com\\\/wordpress\\\/wp-content\\\/uploads\\\/2024\\\/02\\\/Logo-Crazy-Water.jpg\",\"width\":1092,\"height\":592,\"caption\":\"Crazy Water Rafting\"},\"image\":{\"@id\":\"https:\\\/\\\/www.crazywater-rafting.com\\\/#\\\/schema\\\/logo\\\/image\\\/\"},\"sameAs\":[\"https:\\\/\\\/www.reddit.com\\\/user\\\/Crazy-Water-Rafting\\\/\",\"https:\\\/\\\/www.linkedin.com\\\/in\\\/crazy-water-rafting-ubaye-08987b67\\\/\"]}]}<\/script>\n<!-- \/ Yoast SEO plugin. -->","yoast_head_json":{"title":"Le Lauzet-Ubaye - Crazy Water Rafting","description":"Stop at Lauzet-Ubaye, the village at the entrance to the Barcelonnette valley! Waterfalls, hikes, climbing, lake and Rafting.","robots":{"index":"index","follow":"follow","max-snippet":"max-snippet:-1","max-image-preview":"max-image-preview:large","max-video-preview":"max-video-preview:-1"},"canonical":"https:\/\/www.crazywater-rafting.com\/en\/the-lauzet-ubaye\/","og_locale":"en_GB","og_type":"article","og_title":"Le Lauzet-Ubaye - Crazy Water Rafting","og_description":"Arr\u00eatez vous au Lauzet-Ubaye, le village de l'entr\u00e9e de la vall\u00e9e de Barcelonnette ! Cascades, randonn\u00e9es, escalade, lac et Rafting.","og_url":"https:\/\/www.crazywater-rafting.com\/en\/the-lauzet-ubaye\/","og_site_name":"Crazy Water Rafting","article_modified_time":"2026-01-19T16:49:18+00:00","og_image":[{"width":1600,"height":900,"url":"https:\/\/www.crazywater-rafting.com\/wordpress\/wp-content\/uploads\/2023\/12\/Le-Lauzet-Ubaye-04.jpg","type":"image\/jpeg"}],"twitter_card":"summary_large_image","twitter_misc":{"Estimated reading time":"6 minutes"},"schema":{"@context":"https:\/\/schema.org","@graph":[{"@type":"WebPage","@id":"https:\/\/www.crazywater-rafting.com\/le-lauzet-ubaye\/","url":"https:\/\/www.crazywater-rafting.com\/le-lauzet-ubaye\/","name":"Le Lauzet-Ubaye - Crazy Water Rafting","isPartOf":{"@id":"https:\/\/www.crazywater-rafting.com\/#website"},"primaryImageOfPage":{"@id":"https:\/\/www.crazywater-rafting.com\/le-lauzet-ubaye\/#primaryimage"},"image":{"@id":"https:\/\/www.crazywater-rafting.com\/le-lauzet-ubaye\/#primaryimage"},"thumbnailUrl":"https:\/\/www.crazywater-rafting.com\/wordpress\/wp-content\/uploads\/2023\/12\/Le-Lauzet-Ubaye-04.jpg","datePublished":"2024-01-19T09:02:19+00:00","dateModified":"2026-01-19T16:49:18+00:00","description":"Stop at Lauzet-Ubaye, the village at the entrance to the Barcelonnette valley! Waterfalls, hikes, climbing, lake and Rafting.","breadcrumb":{"@id":"https:\/\/www.crazywater-rafting.com\/le-lauzet-ubaye\/#breadcrumb"},"inLanguage":"en-GB","potentialAction":[{"@type":"ReadAction","target":["https:\/\/www.crazywater-rafting.com\/le-lauzet-ubaye\/"]}]},{"@type":"ImageObject","inLanguage":"en-GB","@id":"https:\/\/www.crazywater-rafting.com\/le-lauzet-ubaye\/#primaryimage","url":"https:\/\/www.crazywater-rafting.com\/wordpress\/wp-content\/uploads\/2023\/12\/Le-Lauzet-Ubaye-04.jpg","contentUrl":"https:\/\/www.crazywater-rafting.com\/wordpress\/wp-content\/uploads\/2023\/12\/Le-Lauzet-Ubaye-04.jpg","width":1600,"height":900,"caption":"Village du Lauzet Ubaye"},{"@type":"BreadcrumbList","@id":"https:\/\/www.crazywater-rafting.com\/le-lauzet-ubaye\/#breadcrumb","itemListElement":[{"@type":"ListItem","position":1,"name":"Accueil","item":"https:\/\/www.crazywater-rafting.com\/"},{"@type":"ListItem","position":2,"name":"Le Lauzet-Ubaye"}]},{"@type":"WebSite","@id":"https:\/\/www.crazywater-rafting.com\/#website","url":"https:\/\/www.crazywater-rafting.com\/","name":"Crazy Water Rafting","description":"","publisher":{"@id":"https:\/\/www.crazywater-rafting.com\/#organization"},"potentialAction":[{"@type":"SearchAction","target":{"@type":"EntryPoint","urlTemplate":"https:\/\/www.crazywater-rafting.com\/?s={search_term_string}"},"query-input":{"@type":"PropertyValueSpecification","valueRequired":true,"valueName":"search_term_string"}}],"inLanguage":"en-GB"},{"@type":"Organization","@id":"https:\/\/www.crazywater-rafting.com\/#organization","name":"Crazy Water Rafting","alternateName":"Crazy Water Rafting","url":"https:\/\/www.crazywater-rafting.com\/","logo":{"@type":"ImageObject","inLanguage":"en-GB","@id":"https:\/\/www.crazywater-rafting.com\/#\/schema\/logo\/image\/","url":"https:\/\/www.crazywater-rafting.com\/wordpress\/wp-content\/uploads\/2024\/02\/Logo-Crazy-Water.jpg","contentUrl":"https:\/\/www.crazywater-rafting.com\/wordpress\/wp-content\/uploads\/2024\/02\/Logo-Crazy-Water.jpg","width":1092,"height":592,"caption":"Crazy Water Rafting"},"image":{"@id":"https:\/\/www.crazywater-rafting.com\/#\/schema\/logo\/image\/"},"sameAs":["https:\/\/www.reddit.com\/user\/Crazy-Water-Rafting\/","https:\/\/www.linkedin.com\/in\/crazy-water-rafting-ubaye-08987b67\/"]}]}},"_links":{"self":[{"href":"https:\/\/www.crazywater-rafting.com\/en\/wp-json\/wp\/v2\/pages\/1990","targetHints":{"allow":["GET"]}}],"collection":[{"href":"https:\/\/www.crazywater-rafting.com\/en\/wp-json\/wp\/v2\/pages"}],"about":[{"href":"https:\/\/www.crazywater-rafting.com\/en\/wp-json\/wp\/v2\/types\/page"}],"author":[{"embeddable":true,"href":"https:\/\/www.crazywater-rafting.com\/en\/wp-json\/wp\/v2\/users\/1"}],"replies":[{"embeddable":true,"href":"https:\/\/www.crazywater-rafting.com\/en\/wp-json\/wp\/v2\/comments?post=1990"}],"version-history":[{"count":7,"href":"https:\/\/www.crazywater-rafting.com\/en\/wp-json\/wp\/v2\/pages\/1990\/revisions"}],"predecessor-version":[{"id":3717,"href":"https:\/\/www.crazywater-rafting.com\/en\/wp-json\/wp\/v2\/pages\/1990\/revisions\/3717"}],"wp:featuredmedia":[{"embeddable":true,"href":"https:\/\/www.crazywater-rafting.com\/en\/wp-json\/wp\/v2\/media\/1010"}],"wp:attachment":[{"href":"https:\/\/www.crazywater-rafting.com\/en\/wp-json\/wp\/v2\/media?parent=1990"}],"curies":[{"name":"wp","href":"https:\/\/api.w.org\/{rel}","templated":true}]}}