{"id":1988,"date":"2024-01-19T10:02:19","date_gmt":"2024-01-19T09:02:19","guid":{"rendered":"https:\/\/crazywater.animal-societe.com\/?page_id=1988"},"modified":"2025-02-27T11:01:14","modified_gmt":"2025-02-27T10:01:14","slug":"rafting-at-lac-de-serre-poncon","status":"publish","type":"page","link":"https:\/\/www.crazywater-rafting.com\/en\/rafting-au-lac-de-serre-poncon\/","title":{"rendered":"Rafting at Lake Serre-Pon\u00e7on"},"content":{"rendered":"<section class=\"wp-block-group texte-simple is-layout-constrained wp-block-group-is-layout-constrained\">\n<h2 class=\"wp-block-heading\">Lake Serre-Pon\u00e7on: a favorable spot for rafting<\/h2>\n\n\n\n<p>Located in the <strong>High mountains<\/strong> and 20 km long, Lake <strong>Serre-Pon\u00e7on<\/strong> is suitable for the practice of several nautical activities. Among these is obviously <strong>rafting<\/strong>&nbsp;! Lake Serre-Pon\u00e7on welcomes enthusiasts of this fun activity and provides them with unique moments. Professionals, beginners and simply curious people meet at Lake Serre-Pon\u00e7on to indulge in their favorite leisure activity.<\/p>\n\n\n\n<p>Around <strong>Serre-Pon\u00e7on lake<\/strong>, rafters can confront numerous rapids on different routes. Lake Serre-Pon\u00e7on serves as a starting point for several rivers such as <strong>Ubaye and Durance<\/strong>. Which makes this site a destination of choice for any enthusiast who truly wishes to practice this sport and benefit from its many benefits.<\/p>\n<\/section>\n\n\n\n<div class=\"wp-block-stackable-columns alignfull stk-block-columns stk-block stk-7a2b114 stk-block-background stk--has-background-overlay\" data-block-id=\"7a2b114\"><style>.stk-7a2b114 {background-color:#f8f9fb !important;background-image:url(https:\/\/www.crazywater-rafting.com\/wordpress\/wp-content\/uploads\/2020\/04\/topography.svg) !important;background-size:1000px !important;padding-top:120px !important;padding-bottom:120px !important;margin-bottom:0px !important;}.stk-7a2b114:before{background-color:#f8f9fb !important;opacity:0 !important;}@media screen and (max-width:999px){.stk-7a2b114 {padding-top:80px !important;padding-bottom:80px !important;}}<\/style><div class=\"stk-row stk-inner-blocks has-text-align-center-mobile stk-block-content stk-content-align stk-7a2b114-column\">\n<div class=\"wp-block-stackable-column stk-block-column stk-column stk-block stk-3d9712f\" data-v=\"4\" data-block-id=\"3d9712f\"><style>.stk-3d9712f-container{margin-top:0px !important;margin-right:0px !important;margin-bottom:0px !important;margin-left:0px !important;}<\/style><div class=\"stk-column-wrapper stk-block-column__content stk-container stk-3d9712f-container stk--no-background stk--no-padding\"><div class=\"stk-block-content stk-inner-blocks stk-3d9712f-inner-blocks\">\n<div class=\"wp-block-stackable-columns stk-block-columns stk-block stk-c4c5927\" data-block-id=\"c4c5927\"><style>.stk-c4c5927 .stk--block-align-c4c5927{align-items:center !important;}.stk-c4c5927 {margin-bottom:0px !important;}.stk-c4c5927-column{--stk-column-gap:35px !important;row-gap:60px !important;}<\/style><div class=\"stk-row stk-inner-blocks stk--block-align-c4c5927 stk-block-content stk-content-align stk-c4c5927-column\">\n<div class=\"wp-block-stackable-column stk-block-column stk-column stk-block stk-adc88c6\" data-v=\"4\" data-block-id=\"adc88c6\"><style>.stk-adc88c6-container{margin-top:0px !important;margin-right:0px !important;margin-bottom:0px !important;margin-left:0px !important;}.stk-adc88c6 {padding-right:30px !important;padding-left:30px !important;}@media screen and (min-width:690px) and (max-width:999px){.stk-adc88c6 {flex:var(--stk-flex-grow, 1) 1 calc(100% - var(--stk-column-gap, 0px) * 0 \/ 1 ) !important;}}@media screen and (max-width:999px){.stk-adc88c6 {padding-top:0px !important;padding-right:0px !important;padding-bottom:0px !important;padding-left:0px !important;}}<\/style><div class=\"stk-column-wrapper stk-block-column__content stk-container stk-adc88c6-container stk--no-background stk--no-padding\"><div class=\"has-text-align-center-mobile stk-block-content stk-inner-blocks stk-adc88c6-inner-blocks\">\n<div class=\"wp-block-stackable-heading stk-block-heading stk-block-heading--v2 stk-block stk-474cdea\" id=\"rafting-au-lac-de-serre-poncon\" data-block-id=\"474cdea\"><style>.stk-474cdea {margin-bottom:30px !important;}.stk-474cdea .stk-block-heading__text{line-height:1.2em !important;}<\/style><h2 class=\"stk-block-heading__text stk-block-heading--use-theme-margins\">Rafting at Lake Serre-Pon\u00e7on<\/h2><\/div>\n\n\n\n<p>The other particularity of Lake Serre-Pon\u00e7on (and which makes it a reference site for rafting): its <strong>beautiful landscapes<\/strong>. Les visiteurs qui s\u2019y rendent peuvent t\u00e9moigner de la beaut\u00e9 de ces derniers.&nbsp;Dans la r\u00e9gion, vous verrez des cascades, des montagnes, des lacs d\u2019altitudes et de petites v\u00e9g\u00e9tations agr\u00e9ables \u00e0 l\u2019\u0153il.<\/p>\n<\/div><\/div><\/div>\n\n\n\n<div class=\"wp-block-stackable-column stk-block-column stk-column stk-block stk-aaf56fc\" data-v=\"4\" data-block-id=\"aaf56fc\"><style>.stk-aaf56fc-container{margin-top:0px !important;margin-right:0px !important;margin-bottom:0px !important;margin-left:0px !important;}@media screen and (min-width:690px) and (max-width:999px){.stk-aaf56fc {flex:var(--stk-flex-grow, 1) 1 calc(100% - var(--stk-column-gap, 0px) * 0 \/ 1 ) !important;}}<\/style><div class=\"stk-column-wrapper stk-block-column__content stk-container stk-aaf56fc-container stk--no-background stk--no-padding\"><div class=\"stk-block-content stk-inner-blocks stk-aaf56fc-inner-blocks\">\n<div class=\"wp-block-stackable-video-popup stk-block-video-popup stk-block stk-e931be3\" data-video=\"https:\/\/youtu.be\/ZKFQzyeu3so\" data-block-id=\"e931be3\"><div class=\"stk-block-video-popup__overlay stk-row stk-inner-blocks stk-block-content stk-hover-parent\" aria-label=\"Play video\" tabindex=\"0\" role=\"button\">\n<div class=\"wp-block-stackable-icon stk-block-icon has-text-align-center stk-block stk-2beee4d\" data-block-id=\"2beee4d\"><style>.stk-2beee4d .stk--svg-wrapper .stk--inner-svg svg:last-child{height:56px !important;width:56px !important;}.stk-2beee4d .stk--svg-wrapper .stk--inner-svg svg:last-child, .stk-2beee4d .stk--svg-wrapper .stk--inner-svg svg:last-child :is(g, path, rect, polygon, ellipse){fill:var(--theme-palette-color-8, #ffffff) !important;}<\/style><span class=\"stk--svg-wrapper\"><div class=\"stk--inner-svg\"><svg style=\"height:0;width:0\"><defs><lineargradient id=\"linear-gradient-2beee4d\" x1=\"0\" x2=\"100%\" y1=\"0\" y2=\"0\"><stop offset=\"0%\" style=\"stop-opacity:1;stop-color:var(--linear-gradient-2-beee-4-d-color-1)\"><\/stop><stop offset=\"100%\" style=\"stop-opacity:1;stop-color:var(--linear-gradient-2-beee-4-d-color-2)\"><\/stop><\/lineargradient><\/defs><\/svg><svg data-prefix=\"fas\" data-icon=\"play\" class=\"svg-inline--fa fa-play fa-w-14\" xmlns=\"http:\/\/www.w3.org\/2000\/svg\" viewbox=\"0 0 448 512\" aria-hidden=\"true\" width=\"32\" height=\"32\"><path fill=\"currentColor\" d=\"M424.4 214.7L72.4 6.6C43.8-10.3 0 6.1 0 47.9V464c0 37.5 40.7 60.1 72.4 41.3l352-208c31.4-18.5 31.5-64.1 0-82.6z\"><\/path><\/svg><\/div><\/span><\/div>\n\n\n\n<div class=\"wp-block-stackable-image stk-block-image stk-block stk-7955e8b\" data-block-id=\"7955e8b\"><style>.stk-7955e8b .stk-img-wrapper img{border-radius:21px !important;}<\/style><figure><span class=\"stk-img-wrapper stk-image--shape-stretch\"><img loading=\"lazy\" decoding=\"async\" class=\"stk-img wp-image-2734\" src=\"https:\/\/www.crazywater-rafting.com\/wordpress\/wp-content\/uploads\/2024\/02\/Divorce-party-1.jpg\" width=\"1920\" height=\"1280\" alt=\"Rafting Serre Pon\u00e7on\" srcset=\"https:\/\/www.crazywater-rafting.com\/wordpress\/wp-content\/uploads\/2024\/02\/Divorce-party-1.jpg 1920w, https:\/\/www.crazywater-rafting.com\/wordpress\/wp-content\/uploads\/2024\/02\/Divorce-party-1-300x200.jpg 300w, https:\/\/www.crazywater-rafting.com\/wordpress\/wp-content\/uploads\/2024\/02\/Divorce-party-1-1024x683.jpg 1024w, https:\/\/www.crazywater-rafting.com\/wordpress\/wp-content\/uploads\/2024\/02\/Divorce-party-1-768x512.jpg 768w, https:\/\/www.crazywater-rafting.com\/wordpress\/wp-content\/uploads\/2024\/02\/Divorce-party-1-1536x1024.jpg 1536w, https:\/\/www.crazywater-rafting.com\/wordpress\/wp-content\/uploads\/2024\/02\/Divorce-party-1-18x12.jpg 18w\" sizes=\"auto, (max-width: 1920px) 100vw, 1920px\" \/><\/span><\/figure><\/div>\n<\/div><\/div>\n<\/div><\/div><\/div>\n<\/div><\/div>\n<\/div><\/div><\/div>\n<\/div><\/div>\n\n\n\n<figure class=\"wp-block-image aligncenter size-large is-resized\"><a href=\"https:\/\/www.crazywater-rafting.com\/wordpress\/wp-content\/uploads\/2023\/03\/Le-Lauzet-Ubaye-scaled.jpg\"><img decoding=\"async\" src=\"https:\/\/www.crazywater-rafting.com\/wordpress\/wp-content\/uploads\/2023\/03\/Le-Lauzet-Ubaye-1024x684.jpg\" alt=\"Photos of the descent of a rapid on the Ubaye, during a practical day of Rafting at Lake Serre-Pon\u00e7on.\" class=\"wp-image-3615\" style=\"width:916px;height:auto\"\/><\/a><\/figure>\n\n\n\n<section class=\"wp-block-group texte-simple is-layout-constrained wp-block-group-is-layout-constrained\">\n<h2 class=\"wp-block-heading\">3 other magnificent rivers for rafting at Lake Serre-Pon\u00e7on<\/h2>\n\n\n\n<p>There are many other rivers suitable for the practice of<strong> <a data-type=\"product\" data-id=\"16\" href=\"https:\/\/www.crazywater-rafting.com\/en\/product\/rafting-ubaye-barcelonnette\/\" target=\"_blank\" rel=\"noreferrer noopener\">Rafting<\/a> at Lake Serre-Pon\u00e7on<\/strong>. They each have their particularities. Here are three of them where you&#039;ll be sure to have a wonderful time outdoors. <\/p>\n<\/section>\n\n\n\n<div class=\"wp-block-group alignfull has-background is-layout-flow wp-block-group-is-layout-flow\" style=\"background-color:#fafafa;padding-top:30px;padding-right:30px;padding-bottom:30px;padding-left:30px\">\n<figure class=\"wp-block-gallery has-nested-images columns-4 is-cropped wp-block-gallery-1 is-layout-flex wp-block-gallery-is-layout-flex\">\n<figure class=\"wp-block-image size-large\"><img decoding=\"async\" data-id=\"4090\" src=\"https:\/\/www.crazywater-rafting.com\/wordpress\/wp-content\/uploads\/2023\/05\/rafting-au-lac-de-Serre-Poncon-1024x683.jpg\" alt=\"Rafting at Lake Serre-Pon\u00e7on is the flagship activity near Gap\" class=\"wp-image-4090\"\/><\/figure>\n\n\n\n<figure class=\"wp-block-image size-large\"><img decoding=\"async\" data-id=\"4091\" src=\"https:\/\/www.crazywater-rafting.com\/wordpress\/wp-content\/uploads\/2023\/05\/Rafting-sur-la-Durance-1024x683.jpg\" alt=\"Rafting down the Durance at Lake Serre-pon\u00e7on\" class=\"wp-image-4091\"\/><\/figure>\n\n\n\n<figure class=\"wp-block-image size-large\"><img decoding=\"async\" data-id=\"4092\" src=\"https:\/\/www.crazywater-rafting.com\/wordpress\/wp-content\/uploads\/2023\/05\/Rafting-sur-le-Guil-1024x683.jpg\" alt=\"Une famille descend en raft sur l'Ubaye\" class=\"wp-image-4092\"\/><\/figure>\n<\/figure>\n<\/div>\n\n\n\n<h3 class=\"wp-block-heading\">Ubaye<\/h3>\n\n\n\n<p>There <strong>Ubaye river<\/strong> offers a pleasant and fascinating atmosphere. It is distinguished from other rivers by its <strong>natural flow<\/strong>. What do we particularly like? The plurality and diversity of paths.<\/p>\n\n\n\n<p>It&#039;s a river <strong>accessible to everyone<\/strong>. All rafters can therefore go to the site whatever their levels. Some sections of the river are suitable for beginners. These are short courses with fewer rapids. The routes reserved for experienced rafters extend over several kilometers with numerous rapids. Discover here our <a data-type=\"page\" data-id=\"142\" href=\"https:\/\/www.crazywater-rafting.com\/en\/our-white-water-courses\/\">rafting course<\/a>.<\/p>\n\n\n\n<h3 class=\"wp-block-heading\">The Durance<\/h3>\n\n\n\n<p>There<strong> Durance<\/strong> is also a very popular river. Its classic rafting routes cover Saint-Cl\u00e9ment-sur-Durance and Embrun. This is a distance of approximately<strong> 16 kilometers of whitewater<\/strong> with the Rabioux Wave.<\/p>\n\n\n\n<p>Elle est aliment\u00e9e par l&rsquo;eau de pluie, la fonte des neiges et les glaciers. La Durance vous propose une eau turquoise qui donne envie de naviguer. Elle a pour source principale le Montgen\u00e8vre. Comme le lac de Serre-Pon\u00e7on,&nbsp;la Durance a aussi de magnifiques paysages que les rafteurs peuvent contempler tout au long de la descente.<\/p>\n\n\n\n<h3 class=\"wp-block-heading\">Le Guil<\/h3>\n\n\n\n<p>THE <strong>Gil<\/strong> has gained popularity in the Hautes-Alpes and is today considered one of the best destinations for Rafting. We invite you to take a trip there to develop your Rafting practice. This river has a very attractive landscape and impressive rapids. Its particularity is that it also passes through sensational white water. The route goes from Ch\u00e2teau-Queyras to Maison du Roy lake with a distance of almost 16 kilometers.<\/p>\n\n\n\n<p>There are also several other courses that whitewater sports enthusiasts can descend using small boats such as kayaks. The water flow of the Guil increases considerably in spring unlike in summer when it is much lower.<\/p>\n\n\n\n<figure class=\"wp-block-embed is-type-video is-provider-youtube wp-block-embed-youtube wp-embed-aspect-16-9 wp-has-aspect-ratio\"><div class=\"wp-block-embed__wrapper\">\n<iframe loading=\"lazy\" title=\"Rafting on the Guil - Hautes-Alpes\" width=\"1290\" height=\"726\" src=\"https:\/\/www.youtube.com\/embed\/wp9EOB0LHmQ?feature=oembed\" frameborder=\"0\" allow=\"accelerometer; autoplay; clipboard-write; encrypted-media; gyroscope; picture-in-picture; web-share\" referrerpolicy=\"strict-origin-when-cross-origin\" allowfullscreen><\/iframe>\n<\/div><\/figure>\n\n\n\n<p>\ud83d\udc49 <strong>Read also<\/strong> : <a href=\"https:\/\/www.crazywater-rafting.com\/en\/rafting-04\/\" target=\"_blank\" rel=\"noreferrer noopener\">Rafting in the Alpes-de-Haute-Provence<\/a><\/p>\n\n\n\n<section class=\"wp-block-group texte-simple is-layout-constrained wp-block-group-is-layout-constrained\">\n<h2 class=\"wp-block-heading\">Some precautions for a successful rafting at Lake Serre-Pon\u00e7on<\/h2>\n\n\n\n<p>Rafting at Lake Serre-Pon\u00e7on is a fun and sensational sport. Rafters must face rapids and numerous obstacles on tumultuous waters. For your own safety, some precautions are necessary.<\/p>\n\n\n\n<p>To succeed in your games of <strong>Rafting at Lake Serre-Pon\u00e7on,<\/strong> The ideal is to bring your own equipment. This includes your swimsuit, your towel and a pair of shoes suitable for practicing this sporting activity. You can also bring a helmet and a life jacket in case the Rafting base you have chosen does not provide you with this equipment.<\/p>\n\n\n\n<p>In order to succeed in your Rafting activity at Lake Serre-Pon\u00e7on, you must also be accompanied by competent professionals like Crazy Water Rafting. <a href=\"https:\/\/www.crazywater-rafting.com\/en\/contact\/\" target=\"_blank\" rel=\"noreferrer noopener\">Call<\/a> to us and we will offer you the best possible assistance. OUR <strong>team of qualified professionals<\/strong> will help you succeed in your fun activity and have great times.<\/p>\n\n\n\n<p>Top photo credit:<a href=\"https:\/\/www.flickr.com\/photos\/jeffweb\/6648144581\" target=\"_blank\" rel=\"noreferrer noopener\"> https:\/\/www.flickr.com\/photos\/jeffweb\/6648144581<\/a><\/p>\n<\/section>","protected":false},"excerpt":{"rendered":"<p>Faire du Rafting au lac de Serre-Pon\u00e7on\u00a0: c\u2019est la journ\u00e9e id\u00e9ale pour tous les passionn\u00e9s de ce sport. D\u00e9couvrez ce spot, d\u2019autres rivi\u00e8res environnantes ainsi que quelques pr\u00e9cautions pour r\u00e9ussir votre journ\u00e9e Rafting au lac de Serre-Pon\u00e7on.<\/p>","protected":false},"author":1,"featured_media":2885,"parent":0,"menu_order":0,"comment_status":"closed","ping_status":"closed","template":"","meta":{"_acf_changed":false,"footnotes":""},"class_list":["post-1988","page","type-page","status-publish","has-post-thumbnail","hentry"],"blocksy_meta":[],"acf":[],"yoast_head":"<!-- This site is optimized with the Yoast SEO plugin v27.5 - https:\/\/yoast.com\/product\/yoast-seo-wordpress\/ -->\n<title>Rafting au lac de Serre-Pon\u00e7on - Crazy Water Rafting<\/title>\n<meta name=\"description\" content=\"Vivez l&#039;aventure unique du Rafting au lac de Serre-Pon\u00e7on ! Des eaux limpides, des rapides sensationnels, r\u00e9servez d\u00e8s maintenant !\" \/>\n<meta name=\"robots\" content=\"index, follow, max-snippet:-1, max-image-preview:large, max-video-preview:-1\" \/>\n<link rel=\"canonical\" href=\"https:\/\/www.crazywater-rafting.com\/en\/rafting-at-lac-de-serre-poncon\/\" \/>\n<meta property=\"og:locale\" content=\"en_GB\" \/>\n<meta property=\"og:type\" content=\"article\" \/>\n<meta property=\"og:title\" content=\"Rafting au lac de Serre-Pon\u00e7on - Crazy Water Rafting\" \/>\n<meta property=\"og:description\" content=\"Vivez l&#039;aventure unique du Rafting au lac de Serre-Pon\u00e7on ! Des eaux limpides, des rapides sensationnels, r\u00e9servez d\u00e8s maintenant !\" \/>\n<meta property=\"og:url\" content=\"https:\/\/www.crazywater-rafting.com\/en\/rafting-at-lac-de-serre-poncon\/\" \/>\n<meta property=\"og:site_name\" content=\"Crazy Water Rafting\" \/>\n<meta property=\"article:modified_time\" content=\"2025-02-27T10:01:14+00:00\" \/>\n<meta property=\"og:image\" content=\"https:\/\/www.crazywater-rafting.com\/wordpress\/wp-content\/uploads\/2024\/03\/rafting-Serre-Poncon.jpg\" \/>\n\t<meta property=\"og:image:width\" content=\"1024\" \/>\n\t<meta property=\"og:image:height\" content=\"681\" \/>\n\t<meta property=\"og:image:type\" content=\"image\/jpeg\" \/>\n<meta name=\"twitter:card\" content=\"summary_large_image\" \/>\n<meta name=\"twitter:label1\" content=\"Estimated reading time\" \/>\n\t<meta name=\"twitter:data1\" content=\"5 minutes\" \/>\n<script type=\"application\/ld+json\" class=\"yoast-schema-graph\">{\"@context\":\"https:\\\/\\\/schema.org\",\"@graph\":[{\"@type\":\"WebPage\",\"@id\":\"https:\\\/\\\/www.crazywater-rafting.com\\\/rafting-au-lac-de-serre-poncon\\\/\",\"url\":\"https:\\\/\\\/www.crazywater-rafting.com\\\/rafting-au-lac-de-serre-poncon\\\/\",\"name\":\"Rafting au lac de Serre-Pon\u00e7on - Crazy Water Rafting\",\"isPartOf\":{\"@id\":\"https:\\\/\\\/www.crazywater-rafting.com\\\/#website\"},\"primaryImageOfPage\":{\"@id\":\"https:\\\/\\\/www.crazywater-rafting.com\\\/rafting-au-lac-de-serre-poncon\\\/#primaryimage\"},\"image\":{\"@id\":\"https:\\\/\\\/www.crazywater-rafting.com\\\/rafting-au-lac-de-serre-poncon\\\/#primaryimage\"},\"thumbnailUrl\":\"https:\\\/\\\/www.crazywater-rafting.com\\\/wordpress\\\/wp-content\\\/uploads\\\/2024\\\/03\\\/rafting-Serre-Poncon.jpg\",\"datePublished\":\"2024-01-19T09:02:19+00:00\",\"dateModified\":\"2025-02-27T10:01:14+00:00\",\"description\":\"Vivez l'aventure unique du Rafting au lac de Serre-Pon\u00e7on ! Des eaux limpides, des rapides sensationnels, r\u00e9servez d\u00e8s maintenant !\",\"breadcrumb\":{\"@id\":\"https:\\\/\\\/www.crazywater-rafting.com\\\/rafting-au-lac-de-serre-poncon\\\/#breadcrumb\"},\"inLanguage\":\"en-GB\",\"potentialAction\":[{\"@type\":\"ReadAction\",\"target\":[\"https:\\\/\\\/www.crazywater-rafting.com\\\/rafting-au-lac-de-serre-poncon\\\/\"]}]},{\"@type\":\"ImageObject\",\"inLanguage\":\"en-GB\",\"@id\":\"https:\\\/\\\/www.crazywater-rafting.com\\\/rafting-au-lac-de-serre-poncon\\\/#primaryimage\",\"url\":\"https:\\\/\\\/www.crazywater-rafting.com\\\/wordpress\\\/wp-content\\\/uploads\\\/2024\\\/03\\\/rafting-Serre-Poncon.jpg\",\"contentUrl\":\"https:\\\/\\\/www.crazywater-rafting.com\\\/wordpress\\\/wp-content\\\/uploads\\\/2024\\\/03\\\/rafting-Serre-Poncon.jpg\",\"width\":1024,\"height\":681,\"caption\":\"Rafting Serre Pon\u00e7on ici l'arriv\u00e9e de la descente dans le lac\"},{\"@type\":\"BreadcrumbList\",\"@id\":\"https:\\\/\\\/www.crazywater-rafting.com\\\/rafting-au-lac-de-serre-poncon\\\/#breadcrumb\",\"itemListElement\":[{\"@type\":\"ListItem\",\"position\":1,\"name\":\"Accueil\",\"item\":\"https:\\\/\\\/www.crazywater-rafting.com\\\/\"},{\"@type\":\"ListItem\",\"position\":2,\"name\":\"Rafting au lac de Serre-Pon\u00e7on\"}]},{\"@type\":\"WebSite\",\"@id\":\"https:\\\/\\\/www.crazywater-rafting.com\\\/#website\",\"url\":\"https:\\\/\\\/www.crazywater-rafting.com\\\/\",\"name\":\"Crazy Water Rafting\",\"description\":\"\",\"publisher\":{\"@id\":\"https:\\\/\\\/www.crazywater-rafting.com\\\/#organization\"},\"potentialAction\":[{\"@type\":\"SearchAction\",\"target\":{\"@type\":\"EntryPoint\",\"urlTemplate\":\"https:\\\/\\\/www.crazywater-rafting.com\\\/?s={search_term_string}\"},\"query-input\":{\"@type\":\"PropertyValueSpecification\",\"valueRequired\":true,\"valueName\":\"search_term_string\"}}],\"inLanguage\":\"en-GB\"},{\"@type\":\"Organization\",\"@id\":\"https:\\\/\\\/www.crazywater-rafting.com\\\/#organization\",\"name\":\"Crazy Water Rafting\",\"alternateName\":\"Crazy Water Rafting\",\"url\":\"https:\\\/\\\/www.crazywater-rafting.com\\\/\",\"logo\":{\"@type\":\"ImageObject\",\"inLanguage\":\"en-GB\",\"@id\":\"https:\\\/\\\/www.crazywater-rafting.com\\\/#\\\/schema\\\/logo\\\/image\\\/\",\"url\":\"https:\\\/\\\/www.crazywater-rafting.com\\\/wordpress\\\/wp-content\\\/uploads\\\/2024\\\/02\\\/Logo-Crazy-Water.jpg\",\"contentUrl\":\"https:\\\/\\\/www.crazywater-rafting.com\\\/wordpress\\\/wp-content\\\/uploads\\\/2024\\\/02\\\/Logo-Crazy-Water.jpg\",\"width\":1092,\"height\":592,\"caption\":\"Crazy Water Rafting\"},\"image\":{\"@id\":\"https:\\\/\\\/www.crazywater-rafting.com\\\/#\\\/schema\\\/logo\\\/image\\\/\"},\"sameAs\":[\"https:\\\/\\\/www.reddit.com\\\/user\\\/Crazy-Water-Rafting\\\/\",\"https:\\\/\\\/www.linkedin.com\\\/in\\\/crazy-water-rafting-ubaye-08987b67\\\/\"]}]}<\/script>\n<!-- \/ Yoast SEO plugin. -->","yoast_head_json":{"title":"Rafting at Lake Serre-Pon\u00e7on - Crazy Water Rafting","description":"Experience the unique adventure of Rafting at Lake Serre-Pon\u00e7on! Clear waters, sensational rapids, book now!","robots":{"index":"index","follow":"follow","max-snippet":"max-snippet:-1","max-image-preview":"max-image-preview:large","max-video-preview":"max-video-preview:-1"},"canonical":"https:\/\/www.crazywater-rafting.com\/en\/rafting-at-lac-de-serre-poncon\/","og_locale":"en_GB","og_type":"article","og_title":"Rafting au lac de Serre-Pon\u00e7on - Crazy Water Rafting","og_description":"Vivez l'aventure unique du Rafting au lac de Serre-Pon\u00e7on ! Des eaux limpides, des rapides sensationnels, r\u00e9servez d\u00e8s maintenant !","og_url":"https:\/\/www.crazywater-rafting.com\/en\/rafting-at-lac-de-serre-poncon\/","og_site_name":"Crazy Water Rafting","article_modified_time":"2025-02-27T10:01:14+00:00","og_image":[{"width":1024,"height":681,"url":"https:\/\/www.crazywater-rafting.com\/wordpress\/wp-content\/uploads\/2024\/03\/rafting-Serre-Poncon.jpg","type":"image\/jpeg"}],"twitter_card":"summary_large_image","twitter_misc":{"Estimated reading time":"5 minutes"},"schema":{"@context":"https:\/\/schema.org","@graph":[{"@type":"WebPage","@id":"https:\/\/www.crazywater-rafting.com\/rafting-au-lac-de-serre-poncon\/","url":"https:\/\/www.crazywater-rafting.com\/rafting-au-lac-de-serre-poncon\/","name":"Rafting at Lake Serre-Pon\u00e7on - Crazy Water Rafting","isPartOf":{"@id":"https:\/\/www.crazywater-rafting.com\/#website"},"primaryImageOfPage":{"@id":"https:\/\/www.crazywater-rafting.com\/rafting-au-lac-de-serre-poncon\/#primaryimage"},"image":{"@id":"https:\/\/www.crazywater-rafting.com\/rafting-au-lac-de-serre-poncon\/#primaryimage"},"thumbnailUrl":"https:\/\/www.crazywater-rafting.com\/wordpress\/wp-content\/uploads\/2024\/03\/rafting-Serre-Poncon.jpg","datePublished":"2024-01-19T09:02:19+00:00","dateModified":"2025-02-27T10:01:14+00:00","description":"Experience the unique adventure of Rafting at Lake Serre-Pon\u00e7on! Clear waters, sensational rapids, book now!","breadcrumb":{"@id":"https:\/\/www.crazywater-rafting.com\/rafting-au-lac-de-serre-poncon\/#breadcrumb"},"inLanguage":"en-GB","potentialAction":[{"@type":"ReadAction","target":["https:\/\/www.crazywater-rafting.com\/rafting-au-lac-de-serre-poncon\/"]}]},{"@type":"ImageObject","inLanguage":"en-GB","@id":"https:\/\/www.crazywater-rafting.com\/rafting-au-lac-de-serre-poncon\/#primaryimage","url":"https:\/\/www.crazywater-rafting.com\/wordpress\/wp-content\/uploads\/2024\/03\/rafting-Serre-Poncon.jpg","contentUrl":"https:\/\/www.crazywater-rafting.com\/wordpress\/wp-content\/uploads\/2024\/03\/rafting-Serre-Poncon.jpg","width":1024,"height":681,"caption":"Rafting Serre Pon\u00e7on ici l'arriv\u00e9e de la descente dans le lac"},{"@type":"BreadcrumbList","@id":"https:\/\/www.crazywater-rafting.com\/rafting-au-lac-de-serre-poncon\/#breadcrumb","itemListElement":[{"@type":"ListItem","position":1,"name":"Accueil","item":"https:\/\/www.crazywater-rafting.com\/"},{"@type":"ListItem","position":2,"name":"Rafting au lac de Serre-Pon\u00e7on"}]},{"@type":"WebSite","@id":"https:\/\/www.crazywater-rafting.com\/#website","url":"https:\/\/www.crazywater-rafting.com\/","name":"Crazy Water Rafting","description":"","publisher":{"@id":"https:\/\/www.crazywater-rafting.com\/#organization"},"potentialAction":[{"@type":"SearchAction","target":{"@type":"EntryPoint","urlTemplate":"https:\/\/www.crazywater-rafting.com\/?s={search_term_string}"},"query-input":{"@type":"PropertyValueSpecification","valueRequired":true,"valueName":"search_term_string"}}],"inLanguage":"en-GB"},{"@type":"Organization","@id":"https:\/\/www.crazywater-rafting.com\/#organization","name":"Crazy Water Rafting","alternateName":"Crazy Water Rafting","url":"https:\/\/www.crazywater-rafting.com\/","logo":{"@type":"ImageObject","inLanguage":"en-GB","@id":"https:\/\/www.crazywater-rafting.com\/#\/schema\/logo\/image\/","url":"https:\/\/www.crazywater-rafting.com\/wordpress\/wp-content\/uploads\/2024\/02\/Logo-Crazy-Water.jpg","contentUrl":"https:\/\/www.crazywater-rafting.com\/wordpress\/wp-content\/uploads\/2024\/02\/Logo-Crazy-Water.jpg","width":1092,"height":592,"caption":"Crazy Water Rafting"},"image":{"@id":"https:\/\/www.crazywater-rafting.com\/#\/schema\/logo\/image\/"},"sameAs":["https:\/\/www.reddit.com\/user\/Crazy-Water-Rafting\/","https:\/\/www.linkedin.com\/in\/crazy-water-rafting-ubaye-08987b67\/"]}]}},"_links":{"self":[{"href":"https:\/\/www.crazywater-rafting.com\/en\/wp-json\/wp\/v2\/pages\/1988","targetHints":{"allow":["GET"]}}],"collection":[{"href":"https:\/\/www.crazywater-rafting.com\/en\/wp-json\/wp\/v2\/pages"}],"about":[{"href":"https:\/\/www.crazywater-rafting.com\/en\/wp-json\/wp\/v2\/types\/page"}],"author":[{"embeddable":true,"href":"https:\/\/www.crazywater-rafting.com\/en\/wp-json\/wp\/v2\/users\/1"}],"replies":[{"embeddable":true,"href":"https:\/\/www.crazywater-rafting.com\/en\/wp-json\/wp\/v2\/comments?post=1988"}],"version-history":[{"count":6,"href":"https:\/\/www.crazywater-rafting.com\/en\/wp-json\/wp\/v2\/pages\/1988\/revisions"}],"predecessor-version":[{"id":3532,"href":"https:\/\/www.crazywater-rafting.com\/en\/wp-json\/wp\/v2\/pages\/1988\/revisions\/3532"}],"wp:featuredmedia":[{"embeddable":true,"href":"https:\/\/www.crazywater-rafting.com\/en\/wp-json\/wp\/v2\/media\/2885"}],"wp:attachment":[{"href":"https:\/\/www.crazywater-rafting.com\/en\/wp-json\/wp\/v2\/media?parent=1988"}],"curies":[{"name":"wp","href":"https:\/\/api.w.org\/{rel}","templated":true}]}}