{"id":1979,"date":"2024-01-19T10:02:19","date_gmt":"2024-01-19T09:02:19","guid":{"rendered":"https:\/\/crazywater.animal-societe.com\/?page_id=1979"},"modified":"2026-01-18T19:16:16","modified_gmt":"2026-01-18T18:16:16","slug":"hydrospeed-with-family-on-lubaye","status":"publish","type":"page","link":"https:\/\/www.crazywater-rafting.com\/en\/product\/hydrospeed-ubaye-barcelonnette\/hydrospeed-en-famille-sur-lubaye\/","title":{"rendered":"Hydrospeed with the family on the Ubaye"},"content":{"rendered":"<section class=\"wp-block-group texte-simple is-layout-constrained wp-block-group-is-layout-constrained\">\n<h2 class=\"wp-block-heading\">Hydrospeed with the family: an unmissable adventure<\/h2>\n\n\n\n<p>Come and discover Hydrospeed with your family on the Ubaye river, it\u2019s a <strong>sporting and fun activity to share together<\/strong>. Led by the river guide, the <strong>whitewater swimming<\/strong> is an unforgettable moment for young and old. It is a unique experience that offers thrills while allowing you to reconnect with nature.<\/p>\n\n\n\n<p>Tarif sp\u00e9cial hydrospeed pour 2 adultes et 2 enfants -12ans : 200\u20ac<\/p>\n\n\n\n<p>This formula includes: all the equipment, the shuttle and the accompaniment of the river guide for a 2-hour descent<\/p>\n<\/section>\n\n\n\n<section class=\"wp-block-group is-layout-constrained wp-block-group-is-layout-constrained\">\n<div class=\"wp-block-columns are-vertically-aligned-center is-layout-flex wp-container-core-columns-is-layout-28f84493 wp-block-columns-is-layout-flex\">\n<div class=\"wp-block-column is-vertically-aligned-center is-layout-flow wp-block-column-is-layout-flow\" style=\"flex-basis:30%\">\n<figure class=\"wp-block-image size-large\"><img loading=\"lazy\" decoding=\"async\" width=\"1024\" height=\"683\" src=\"https:\/\/www.crazywater-rafting.com\/wordpress\/wp-content\/uploads\/2024\/02\/Hydrospeed-37-1024x683.jpg\" alt=\"Hydrospeed in Barcelonnette sur l&#039;Ubaye is practiced with children, here with his yellow helmet\" class=\"wp-image-2391\" style=\"aspect-ratio:3\/4;object-fit:cover\" srcset=\"https:\/\/www.crazywater-rafting.com\/wordpress\/wp-content\/uploads\/2024\/02\/Hydrospeed-37-1024x683.jpg 1024w, https:\/\/www.crazywater-rafting.com\/wordpress\/wp-content\/uploads\/2024\/02\/Hydrospeed-37-300x200.jpg 300w, https:\/\/www.crazywater-rafting.com\/wordpress\/wp-content\/uploads\/2024\/02\/Hydrospeed-37-768x512.jpg 768w, https:\/\/www.crazywater-rafting.com\/wordpress\/wp-content\/uploads\/2024\/02\/Hydrospeed-37-1536x1024.jpg 1536w, https:\/\/www.crazywater-rafting.com\/wordpress\/wp-content\/uploads\/2024\/02\/Hydrospeed-37-18x12.jpg 18w, https:\/\/www.crazywater-rafting.com\/wordpress\/wp-content\/uploads\/2024\/02\/Hydrospeed-37.jpg 1920w\" sizes=\"auto, (max-width: 1024px) 100vw, 1024px\" \/><\/figure>\n<\/div>\n\n\n\n<div class=\"wp-block-column is-vertically-aligned-center is-layout-flow wp-block-column-is-layout-flow\">\n<h2 class=\"wp-block-heading\">Doing Hydrospeed with children  <\/h2>\n\n\n\n<p>Hydrospeed is an exciting and refreshing activity that offers <strong>fun sliding experience for children<\/strong>. The Ubaye river being powerful, this activity is possible <strong>From 10 years old<\/strong>, depending on the size of the child.<\/p>\n\n\n\n<p class=\"has-large-font-size\">In children, knowing how to palm is innate! Like frogs!<\/p>\n\n\n\n<p>The descent on the Ubaye river is very dynamic and eventful, which is why your guide accompanies you to ensure total safety on the river. It will make you spend a magical moment of sport and relaxation, surrounded by nature. Lying in the river on your Hydrospeed, you can admire the <strong>wild setting of the Barcelonnette valley<\/strong>.<\/p>\n\n\n\n<p>You are hesitant to make the descent in relation to the age of your children or their <a href=\"https:\/\/www.crazywater-rafting.com\/en\/the-basics-of-hydrospeed\/\">physical abilities<\/a> ? Then contact us by phone, we will listen to you and advise you.<\/p>\n\n\n\n<p>You can also discover the whitewater environment on the Ubaye by starting with <a href=\"https:\/\/www.crazywater-rafting.com\/en\/family-rafting-on-lubaye\/\" target=\"_blank\" rel=\"noreferrer noopener\">Rafting activity<\/a> which is well suited to families. The Rafting descent allows you to discover the river with less apprehension, because the children are accompanied by their parents and the guide, together in the same inflatable boat.<\/p>\n<\/div>\n<\/div>\n<\/section>\n\n\n\n<section class=\"wp-block-group texte-simple is-layout-constrained wp-block-group-is-layout-constrained\">\n<h2 class=\"wp-block-heading\">Organizing a Family Hydrospeed outing <\/h2>\n\n\n\n<p class=\"has-large-font-size\">Welcome to our whitewater base in Lauzet-Ubaye<\/p>\n\n\n\n<p>We welcome you to our base at <strong>village of Lauzet-Ubaye<\/strong>, between Gap and Barcelonnette, at the time reserved in advance. You will find a parking space on site, at the top of the small climb to Crazy Water. For large vehicles, parking is available below our base, just along the D 900 road.<\/p>\n\n\n\n<p>You are ahead ? Take advantage of our <strong>original eco-base<\/strong> and relax in our hammocks and small outdoor lounges. Our reception area is an unusual site with ecological constructions, with dry toilets, physto-purification and solar shower. Coffee will be offered to you at our little refreshment bar!<\/p>\n\n\n\n<p>The Crazy Water team will give you a wetsuit in your size and the rest of the equipment: vest, helmet, fins and the hydrospeed board. The neoprene suit is reinforced at the legs, very thick to keep you warm in the river and specially designed for whitewater swimming. Once equipped, we access the start of the Ubaye river route, with our Crazy 9-seater mini-bus.<\/p>\n<\/section>\n\n\n\n<section class=\"wp-block-group texte-simple is-layout-constrained wp-block-group-is-layout-constrained\">\n<h2 class=\"wp-block-heading\">Explore the Ubaye River in complete safety <\/h2>\n\n\n\n<p>After an explanatory briefing from the river guide, you leave for <strong>1h30<\/strong> on the water, in the wild part of the Barcelonnette valley. Hydrospeed involves going down the river using a foam board and fins. It is a unique experience that allows you to<strong> get closer to nature<\/strong> while letting off steam at the same time.<\/p>\n\n\n\n<p>The landscapes of Ubaye are breathtaking and the water is crystal clear. The Ubaye River offers an ideal route for practicing Hydrospeed in a dynamic way, with rapids for the most courageous and calmer areas for those who prefer to take their time. Your guide accompanies you throughout this exploration, to keep you safe and <strong>learn the activity of whitewater swimming on the Ubaye<\/strong>.<\/p>\n\n\n\n<p>Our Crazy mini-bus picks you up at the finish of the whitewater course, to bring you back <a href=\"https:\/\/www.crazywater-rafting.com\/en\/crazy-water-rafting-base\/\">at the base of Crazy Water<\/a>, in Lauzet-Ubaye. It&#039;s time to change, look at the photos and hug the guide with whom you shared this great adventure.<\/p>\n<\/section>\n\n\n\n<section class=\"wp-block-group is-layout-constrained wp-block-group-is-layout-constrained\">\n<div class=\"wp-block-columns are-vertically-aligned-center is-layout-flex wp-container-core-columns-is-layout-28f84493 wp-block-columns-is-layout-flex\">\n<div class=\"wp-block-column is-vertically-aligned-center is-layout-flow wp-block-column-is-layout-flow\" style=\"flex-basis:30%\">\n<figure class=\"wp-block-image size-large\"><img loading=\"lazy\" decoding=\"async\" width=\"1024\" height=\"683\" src=\"https:\/\/www.crazywater-rafting.com\/wordpress\/wp-content\/uploads\/2023\/12\/Hydrospeed-a-Ubaye-scaled-1-1024x683.jpg\" alt=\"Hydrospeed descent for children on white water in the Alps with a smile.\" class=\"wp-image-900\" style=\"aspect-ratio:3\/4;object-fit:cover\" srcset=\"https:\/\/www.crazywater-rafting.com\/wordpress\/wp-content\/uploads\/2023\/12\/Hydrospeed-a-Ubaye-scaled-1-1024x683.jpg 1024w, https:\/\/www.crazywater-rafting.com\/wordpress\/wp-content\/uploads\/2023\/12\/Hydrospeed-a-Ubaye-scaled-1-300x200.jpg 300w, https:\/\/www.crazywater-rafting.com\/wordpress\/wp-content\/uploads\/2023\/12\/Hydrospeed-a-Ubaye-scaled-1-768x512.jpg 768w, https:\/\/www.crazywater-rafting.com\/wordpress\/wp-content\/uploads\/2023\/12\/Hydrospeed-a-Ubaye-scaled-1-1536x1024.jpg 1536w, https:\/\/www.crazywater-rafting.com\/wordpress\/wp-content\/uploads\/2023\/12\/Hydrospeed-a-Ubaye-scaled-1-2048x1366.jpg 2048w\" sizes=\"auto, (max-width: 1024px) 100vw, 1024px\" \/><\/figure>\n<\/div>\n\n\n\n<div class=\"wp-block-column is-vertically-aligned-center is-layout-flow wp-block-column-is-layout-flow\">\n<h2 class=\"wp-block-heading\">A moment of shared happiness: the Hydrospeed Famille in Ubaye<\/h2>\n\n\n\n<p>We will then advise you to go and rest and enjoy a quiet moment,<a href=\"https:\/\/www.serreponcon.com\/\"> near the lake of Serre Pon\u00e7on<\/a>. Located at <strong>village of Lauzet-Ubaye<\/strong>, you will find all the amenities to eat on site, or to take away for a picnic at Lake Lauzet.<\/p>\n<\/div>\n<\/div>\n<\/section>\n\n\n\n<div class=\"wp-block-stackable-heading stk-block-heading stk-block-heading--v2 stk-block stk-c95f204\" id=\"faq-speciale-hydrospeed-en-famille\" data-block-id=\"c95f204\"><h2 class=\"stk-block-heading__text\">Special Family Hydrospeed FAQ<\/h2><\/div>\n\n\n\n<section class=\"wp-block-group texte-simple is-layout-constrained wp-block-group-is-layout-constrained\">\n<h3 class=\"wp-block-heading\">What physical ability must a child have to do Hydrospeed?<\/h3>\n\n\n\n<p>We make it a point to ensure that the child is motivated, because the river is an impressive element and we want to offer them the best possible experience. He must obviously be a good swimmer, dynamic and in good physical condition. It is preferable that the child already has experience using fins in a swimming pool or at sea. The river guide leaves himself the right to choose whether or not to accompany a family in Hydrospeed, when one of the children is too large. little. Indeed, water levels change on a natural river like the Ubaye, and sometimes the force of the current is too strong for children. In this case, your guide will direct you towards an alternative activity such as Rafting or aquatic adventure which is a kind of aqua hiking but very aquatic.<\/p>\n<\/section>\n\n\n\n<section class=\"wp-block-group texte-simple is-layout-constrained wp-block-group-is-layout-constrained\">\n<h3 class=\"wp-block-heading\">Where is the Hydrospeed Family course?<\/h3>\n\n\n\n<p>The start of the legendary Ubaye Hydrospeed course is 6 km above our Crazy Water Rafting whitewater base, in Lauzet. This is the route which begins at Longe Fessol, to a place called La Source, in the village of Lauzet. We are therefore ideally located and avoid long shuttle journeys. More precisely, we find ourselves at the arrival of <a href=\"https:\/\/www.crazywater-rafting.com\/en\/our-white-water-courses\/\">river course<\/a>, at the level of the Roman bridges, close to the mouth with Lake Serre-Pon\u00e7on.<\/p>\n<\/section>\n\n\n\n<section class=\"wp-block-group texte-simple is-layout-constrained wp-block-group-is-layout-constrained\">\n<h3 class=\"wp-block-heading\">When to practice Hydrospeed on Ubaye?<\/h3>\n\n\n\n<p>Whitewater swimming is a great way to spend time together, have fun and create lasting memories. To fully enjoy this activity as a family, it is recommended to p<strong>practice whitewater swimming between early and mid-summer<\/strong>, when the water level and conditions are suitable. The water is warmer and crystal clear and the power of the river current is suitable for a family trip.<\/p>\n\n\n\n<p>It is difficult to know in advance whether the activity will be suitable for your family after mid-August, as water levels change seasonally. The ideal is to contact us by telephone, we will advise you and offer you alternative activities such as Aquatic Adventure, it is a very fun \u201cfloating\u201d activity, Rafting or Kayak-Air.<\/p>\n\n\n\n<p>In summary, Hydrospeed as a family is a <strong>unique aquatic experience<\/strong> where you reconnect with your children and benefit from the supervision of qualified professionals. To live a <strong>family adventure<\/strong>, don&#039;t hesitate to try this activity and enjoy the magnificent landscapes offered by this region of the Southern Alps.<span contenteditable=\"false\" style=\"pointer-events:none;user-select:none;-webkit-user-select:none;-moz-user-select:none;-ms-user-select:none;\"><\/span><\/p>\n<\/section>","protected":false},"excerpt":{"rendered":"<p>L\u2019Hydrospeed en famille : une aventure incontournable Venez d\u00e9couvrir l&rsquo;Hydrospeed en famille sur la rivi\u00e8re de l&rsquo;Ubaye, c&rsquo;est une activit\u00e9 sportive et ludique \u00e0 partager tous ensemble. Anim\u00e9e par le guide de rivi\u00e8re, la nage en eau-vive est un moment inoubliable pour petits et grands. C&rsquo;est une exp\u00e9rience unique qui offre des sensations fortes tout [&hellip;]<\/p>\n","protected":false},"author":1,"featured_media":2750,"parent":1419,"menu_order":0,"comment_status":"closed","ping_status":"closed","template":"","meta":{"_acf_changed":false,"footnotes":""},"class_list":["post-1979","page","type-page","status-publish","has-post-thumbnail","hentry"],"blocksy_meta":[],"acf":[],"yoast_head":"<!-- This site is optimized with the Yoast SEO plugin v27.3 - https:\/\/yoast.com\/product\/yoast-seo-wordpress\/ -->\n<title>Hydrospeed en famille sur l&#039;Ubaye Vall\u00e9e de Barcelonnette - Crazy Water Rafting<\/title>\n<meta name=\"description\" content=\"Venez tenter l&#039;aventure Hydrospeed en famille sur l&#039;Ubaye, la rivi\u00e8res des Alpes-du-Sud, pr\u00e8s de Barcelonnette.\" \/>\n<meta name=\"robots\" content=\"index, follow, max-snippet:-1, max-image-preview:large, max-video-preview:-1\" \/>\n<link rel=\"canonical\" href=\"https:\/\/www.crazywater-rafting.com\/en\/product\/hydrospeed-ubaye-barcelonnette\/hydrospeed-with-family-on-lubaye\/\" \/>\n<meta property=\"og:locale\" content=\"en_GB\" \/>\n<meta property=\"og:type\" content=\"article\" \/>\n<meta property=\"og:title\" content=\"Hydrospeed en famille sur l&#039;Ubaye Vall\u00e9e de Barcelonnette - Crazy Water Rafting\" \/>\n<meta property=\"og:description\" content=\"Venez tenter l&#039;aventure Hydrospeed en famille sur l&#039;Ubaye, la rivi\u00e8res des Alpes-du-Sud, pr\u00e8s de Barcelonnette.\" \/>\n<meta property=\"og:url\" content=\"https:\/\/www.crazywater-rafting.com\/en\/product\/hydrospeed-ubaye-barcelonnette\/hydrospeed-with-family-on-lubaye\/\" \/>\n<meta property=\"og:site_name\" content=\"Crazy Water Rafting\" \/>\n<meta property=\"article:modified_time\" content=\"2026-01-18T18:16:16+00:00\" \/>\n<meta property=\"og:image\" content=\"https:\/\/www.crazywater-rafting.com\/wordpress\/wp-content\/uploads\/2024\/02\/Hydrospeed.jpg\" \/>\n\t<meta property=\"og:image:width\" content=\"1920\" \/>\n\t<meta property=\"og:image:height\" content=\"1280\" \/>\n\t<meta property=\"og:image:type\" content=\"image\/jpeg\" \/>\n<meta name=\"twitter:card\" content=\"summary_large_image\" \/>\n<meta name=\"twitter:label1\" content=\"Estimated reading time\" \/>\n\t<meta name=\"twitter:data1\" content=\"7 minutes\" \/>\n<script type=\"application\/ld+json\" class=\"yoast-schema-graph\">{\"@context\":\"https:\\\/\\\/schema.org\",\"@graph\":[{\"@type\":\"WebPage\",\"@id\":\"https:\\\/\\\/www.crazywater-rafting.com\\\/product\\\/hydrospeed-ubaye-barcelonnette\\\/hydrospeed-en-famille-sur-lubaye\\\/\",\"url\":\"https:\\\/\\\/www.crazywater-rafting.com\\\/product\\\/hydrospeed-ubaye-barcelonnette\\\/hydrospeed-en-famille-sur-lubaye\\\/\",\"name\":\"Hydrospeed en famille sur l'Ubaye Vall\u00e9e de Barcelonnette - Crazy Water Rafting\",\"isPartOf\":{\"@id\":\"https:\\\/\\\/www.crazywater-rafting.com\\\/#website\"},\"primaryImageOfPage\":{\"@id\":\"https:\\\/\\\/www.crazywater-rafting.com\\\/product\\\/hydrospeed-ubaye-barcelonnette\\\/hydrospeed-en-famille-sur-lubaye\\\/#primaryimage\"},\"image\":{\"@id\":\"https:\\\/\\\/www.crazywater-rafting.com\\\/product\\\/hydrospeed-ubaye-barcelonnette\\\/hydrospeed-en-famille-sur-lubaye\\\/#primaryimage\"},\"thumbnailUrl\":\"https:\\\/\\\/www.crazywater-rafting.com\\\/wordpress\\\/wp-content\\\/uploads\\\/2024\\\/02\\\/Hydrospeed.jpg\",\"datePublished\":\"2024-01-19T09:02:19+00:00\",\"dateModified\":\"2026-01-18T18:16:16+00:00\",\"description\":\"Venez tenter l'aventure Hydrospeed en famille sur l'Ubaye, la rivi\u00e8res des Alpes-du-Sud, pr\u00e8s de Barcelonnette.\",\"breadcrumb\":{\"@id\":\"https:\\\/\\\/www.crazywater-rafting.com\\\/product\\\/hydrospeed-ubaye-barcelonnette\\\/hydrospeed-en-famille-sur-lubaye\\\/#breadcrumb\"},\"inLanguage\":\"en-GB\",\"potentialAction\":[{\"@type\":\"ReadAction\",\"target\":[\"https:\\\/\\\/www.crazywater-rafting.com\\\/product\\\/hydrospeed-ubaye-barcelonnette\\\/hydrospeed-en-famille-sur-lubaye\\\/\"]}]},{\"@type\":\"ImageObject\",\"inLanguage\":\"en-GB\",\"@id\":\"https:\\\/\\\/www.crazywater-rafting.com\\\/product\\\/hydrospeed-ubaye-barcelonnette\\\/hydrospeed-en-famille-sur-lubaye\\\/#primaryimage\",\"url\":\"https:\\\/\\\/www.crazywater-rafting.com\\\/wordpress\\\/wp-content\\\/uploads\\\/2024\\\/02\\\/Hydrospeed.jpg\",\"contentUrl\":\"https:\\\/\\\/www.crazywater-rafting.com\\\/wordpress\\\/wp-content\\\/uploads\\\/2024\\\/02\\\/Hydrospeed.jpg\",\"width\":1920,\"height\":1280,\"caption\":\"Stage hydrospeed\"},{\"@type\":\"BreadcrumbList\",\"@id\":\"https:\\\/\\\/www.crazywater-rafting.com\\\/product\\\/hydrospeed-ubaye-barcelonnette\\\/hydrospeed-en-famille-sur-lubaye\\\/#breadcrumb\",\"itemListElement\":[{\"@type\":\"ListItem\",\"position\":1,\"name\":\"Accueil\",\"item\":\"https:\\\/\\\/www.crazywater-rafting.com\\\/\"},{\"@type\":\"ListItem\",\"position\":2,\"name\":\"Product\",\"item\":\"https:\\\/\\\/www.crazywater-rafting.com\\\/product\\\/\"},{\"@type\":\"ListItem\",\"position\":3,\"name\":\"Hydrospeed sur l&rsquo;Ubaye\",\"item\":\"https:\\\/\\\/www.crazywater-rafting.com\\\/product\\\/hydrospeed-ubaye-barcelonnette\\\/\"},{\"@type\":\"ListItem\",\"position\":4,\"name\":\"Hydrospeed en famille sur l&rsquo;Ubaye\"}]},{\"@type\":\"WebSite\",\"@id\":\"https:\\\/\\\/www.crazywater-rafting.com\\\/#website\",\"url\":\"https:\\\/\\\/www.crazywater-rafting.com\\\/\",\"name\":\"Crazy Water Rafting\",\"description\":\"\",\"publisher\":{\"@id\":\"https:\\\/\\\/www.crazywater-rafting.com\\\/#organization\"},\"potentialAction\":[{\"@type\":\"SearchAction\",\"target\":{\"@type\":\"EntryPoint\",\"urlTemplate\":\"https:\\\/\\\/www.crazywater-rafting.com\\\/?s={search_term_string}\"},\"query-input\":{\"@type\":\"PropertyValueSpecification\",\"valueRequired\":true,\"valueName\":\"search_term_string\"}}],\"inLanguage\":\"en-GB\"},{\"@type\":\"Organization\",\"@id\":\"https:\\\/\\\/www.crazywater-rafting.com\\\/#organization\",\"name\":\"Crazy Water Rafting\",\"alternateName\":\"Crazy Water Rafting\",\"url\":\"https:\\\/\\\/www.crazywater-rafting.com\\\/\",\"logo\":{\"@type\":\"ImageObject\",\"inLanguage\":\"en-GB\",\"@id\":\"https:\\\/\\\/www.crazywater-rafting.com\\\/#\\\/schema\\\/logo\\\/image\\\/\",\"url\":\"https:\\\/\\\/www.crazywater-rafting.com\\\/wordpress\\\/wp-content\\\/uploads\\\/2024\\\/02\\\/Logo-Crazy-Water.jpg\",\"contentUrl\":\"https:\\\/\\\/www.crazywater-rafting.com\\\/wordpress\\\/wp-content\\\/uploads\\\/2024\\\/02\\\/Logo-Crazy-Water.jpg\",\"width\":1092,\"height\":592,\"caption\":\"Crazy Water Rafting\"},\"image\":{\"@id\":\"https:\\\/\\\/www.crazywater-rafting.com\\\/#\\\/schema\\\/logo\\\/image\\\/\"},\"sameAs\":[\"https:\\\/\\\/www.reddit.com\\\/user\\\/Crazy-Water-Rafting\\\/\",\"https:\\\/\\\/www.linkedin.com\\\/in\\\/crazy-water-rafting-ubaye-08987b67\\\/\"]}]}<\/script>\n<!-- \/ Yoast SEO plugin. -->","yoast_head_json":{"title":"Family hydrospeed on the Ubaye Vall\u00e9e de Barcelonnette - Crazy Water Rafting","description":"Come and try the Hydrospeed adventure with your family on the Ubaye, the rivers of the Southern Alps, near Barcelonnette.","robots":{"index":"index","follow":"follow","max-snippet":"max-snippet:-1","max-image-preview":"max-image-preview:large","max-video-preview":"max-video-preview:-1"},"canonical":"https:\/\/www.crazywater-rafting.com\/en\/product\/hydrospeed-ubaye-barcelonnette\/hydrospeed-with-family-on-lubaye\/","og_locale":"en_GB","og_type":"article","og_title":"Hydrospeed en famille sur l'Ubaye Vall\u00e9e de Barcelonnette - Crazy Water Rafting","og_description":"Venez tenter l'aventure Hydrospeed en famille sur l'Ubaye, la rivi\u00e8res des Alpes-du-Sud, pr\u00e8s de Barcelonnette.","og_url":"https:\/\/www.crazywater-rafting.com\/en\/product\/hydrospeed-ubaye-barcelonnette\/hydrospeed-with-family-on-lubaye\/","og_site_name":"Crazy Water Rafting","article_modified_time":"2026-01-18T18:16:16+00:00","og_image":[{"width":1920,"height":1280,"url":"https:\/\/www.crazywater-rafting.com\/wordpress\/wp-content\/uploads\/2024\/02\/Hydrospeed.jpg","type":"image\/jpeg"}],"twitter_card":"summary_large_image","twitter_misc":{"Estimated reading time":"7 minutes"},"schema":{"@context":"https:\/\/schema.org","@graph":[{"@type":"WebPage","@id":"https:\/\/www.crazywater-rafting.com\/product\/hydrospeed-ubaye-barcelonnette\/hydrospeed-en-famille-sur-lubaye\/","url":"https:\/\/www.crazywater-rafting.com\/product\/hydrospeed-ubaye-barcelonnette\/hydrospeed-en-famille-sur-lubaye\/","name":"Family hydrospeed on the Ubaye Vall\u00e9e de Barcelonnette - Crazy Water Rafting","isPartOf":{"@id":"https:\/\/www.crazywater-rafting.com\/#website"},"primaryImageOfPage":{"@id":"https:\/\/www.crazywater-rafting.com\/product\/hydrospeed-ubaye-barcelonnette\/hydrospeed-en-famille-sur-lubaye\/#primaryimage"},"image":{"@id":"https:\/\/www.crazywater-rafting.com\/product\/hydrospeed-ubaye-barcelonnette\/hydrospeed-en-famille-sur-lubaye\/#primaryimage"},"thumbnailUrl":"https:\/\/www.crazywater-rafting.com\/wordpress\/wp-content\/uploads\/2024\/02\/Hydrospeed.jpg","datePublished":"2024-01-19T09:02:19+00:00","dateModified":"2026-01-18T18:16:16+00:00","description":"Come and try the Hydrospeed adventure with your family on the Ubaye, the rivers of the Southern Alps, near Barcelonnette.","breadcrumb":{"@id":"https:\/\/www.crazywater-rafting.com\/product\/hydrospeed-ubaye-barcelonnette\/hydrospeed-en-famille-sur-lubaye\/#breadcrumb"},"inLanguage":"en-GB","potentialAction":[{"@type":"ReadAction","target":["https:\/\/www.crazywater-rafting.com\/product\/hydrospeed-ubaye-barcelonnette\/hydrospeed-en-famille-sur-lubaye\/"]}]},{"@type":"ImageObject","inLanguage":"en-GB","@id":"https:\/\/www.crazywater-rafting.com\/product\/hydrospeed-ubaye-barcelonnette\/hydrospeed-en-famille-sur-lubaye\/#primaryimage","url":"https:\/\/www.crazywater-rafting.com\/wordpress\/wp-content\/uploads\/2024\/02\/Hydrospeed.jpg","contentUrl":"https:\/\/www.crazywater-rafting.com\/wordpress\/wp-content\/uploads\/2024\/02\/Hydrospeed.jpg","width":1920,"height":1280,"caption":"Stage hydrospeed"},{"@type":"BreadcrumbList","@id":"https:\/\/www.crazywater-rafting.com\/product\/hydrospeed-ubaye-barcelonnette\/hydrospeed-en-famille-sur-lubaye\/#breadcrumb","itemListElement":[{"@type":"ListItem","position":1,"name":"Accueil","item":"https:\/\/www.crazywater-rafting.com\/"},{"@type":"ListItem","position":2,"name":"Product","item":"https:\/\/www.crazywater-rafting.com\/product\/"},{"@type":"ListItem","position":3,"name":"Hydrospeed sur l&rsquo;Ubaye","item":"https:\/\/www.crazywater-rafting.com\/product\/hydrospeed-ubaye-barcelonnette\/"},{"@type":"ListItem","position":4,"name":"Hydrospeed en famille sur l&rsquo;Ubaye"}]},{"@type":"WebSite","@id":"https:\/\/www.crazywater-rafting.com\/#website","url":"https:\/\/www.crazywater-rafting.com\/","name":"Crazy Water Rafting","description":"","publisher":{"@id":"https:\/\/www.crazywater-rafting.com\/#organization"},"potentialAction":[{"@type":"SearchAction","target":{"@type":"EntryPoint","urlTemplate":"https:\/\/www.crazywater-rafting.com\/?s={search_term_string}"},"query-input":{"@type":"PropertyValueSpecification","valueRequired":true,"valueName":"search_term_string"}}],"inLanguage":"en-GB"},{"@type":"Organization","@id":"https:\/\/www.crazywater-rafting.com\/#organization","name":"Crazy Water Rafting","alternateName":"Crazy Water Rafting","url":"https:\/\/www.crazywater-rafting.com\/","logo":{"@type":"ImageObject","inLanguage":"en-GB","@id":"https:\/\/www.crazywater-rafting.com\/#\/schema\/logo\/image\/","url":"https:\/\/www.crazywater-rafting.com\/wordpress\/wp-content\/uploads\/2024\/02\/Logo-Crazy-Water.jpg","contentUrl":"https:\/\/www.crazywater-rafting.com\/wordpress\/wp-content\/uploads\/2024\/02\/Logo-Crazy-Water.jpg","width":1092,"height":592,"caption":"Crazy Water Rafting"},"image":{"@id":"https:\/\/www.crazywater-rafting.com\/#\/schema\/logo\/image\/"},"sameAs":["https:\/\/www.reddit.com\/user\/Crazy-Water-Rafting\/","https:\/\/www.linkedin.com\/in\/crazy-water-rafting-ubaye-08987b67\/"]}]}},"_links":{"self":[{"href":"https:\/\/www.crazywater-rafting.com\/en\/wp-json\/wp\/v2\/pages\/1979","targetHints":{"allow":["GET"]}}],"collection":[{"href":"https:\/\/www.crazywater-rafting.com\/en\/wp-json\/wp\/v2\/pages"}],"about":[{"href":"https:\/\/www.crazywater-rafting.com\/en\/wp-json\/wp\/v2\/types\/page"}],"author":[{"embeddable":true,"href":"https:\/\/www.crazywater-rafting.com\/en\/wp-json\/wp\/v2\/users\/1"}],"replies":[{"embeddable":true,"href":"https:\/\/www.crazywater-rafting.com\/en\/wp-json\/wp\/v2\/comments?post=1979"}],"version-history":[{"count":10,"href":"https:\/\/www.crazywater-rafting.com\/en\/wp-json\/wp\/v2\/pages\/1979\/revisions"}],"predecessor-version":[{"id":3688,"href":"https:\/\/www.crazywater-rafting.com\/en\/wp-json\/wp\/v2\/pages\/1979\/revisions\/3688"}],"up":[{"embeddable":true,"href":"https:\/\/www.crazywater-rafting.com\/en\/wp-json\/wp\/v2\/pages\/1419"}],"wp:featuredmedia":[{"embeddable":true,"href":"https:\/\/www.crazywater-rafting.com\/en\/wp-json\/wp\/v2\/media\/2750"}],"wp:attachment":[{"href":"https:\/\/www.crazywater-rafting.com\/en\/wp-json\/wp\/v2\/media?parent=1979"}],"curies":[{"name":"wp","href":"https:\/\/api.w.org\/{rel}","templated":true}]}}