{"id":1978,"date":"2024-01-19T10:02:19","date_gmt":"2024-01-19T09:02:19","guid":{"rendered":"https:\/\/crazywater.animal-societe.com\/?page_id=1978"},"modified":"2026-01-18T19:09:06","modified_gmt":"2026-01-18T18:09:06","slug":"hydrospeed-best-of-discovery-course","status":"publish","type":"page","link":"https:\/\/www.crazywater-rafting.com\/en\/product\/hydrospeed-ubaye-barcelonnette\/hydrospeed-best-of-parcours-decouverte\/","title":{"rendered":"Hydrospeed Best Of Discovery course"},"content":{"rendered":"<section class=\"wp-block-group texte-simple is-layout-constrained wp-block-group-is-layout-constrained\">\n<h2 class=\"wp-block-heading\">Ubaye: Experience the Hydrospeed Best-Of Discovery tour<\/h2>\n\n\n\n<p>The Ubaye river offers ideal conditions for practicing <strong>Hydrospeed for all levels<\/strong>, beginners and experienced. Equipped with a float and fins, you hurtle down the river, accompanied by an experienced guide. The Hydrospeed Best-Of Discovery Course is the ultimate whitewater aquatic activity.<\/p>\n\n\n\n<p>Immerse yourself in a natural and wild world and enjoy an experience rich in <strong>thrills<\/strong> in the <strong>Barcelonnette valley<\/strong>.<\/p>\n\n\n\n<p class=\"has-large-font-size\">Hydrospeed Best-Of rate on Ubaye at \u20ac55\/person<\/p>\n\n\n\n<p>This formula includes: all the equipment, the shuttle and the accompaniment of the river guide on a 2-hour descent.<\/p>\n<\/section>\n\n\n\n<section class=\"wp-block-group is-layout-constrained wp-block-group-is-layout-constrained\">\n<div class=\"wp-block-columns are-vertically-aligned-center is-layout-flex wp-container-core-columns-is-layout-28f84493 wp-block-columns-is-layout-flex\">\n<div class=\"wp-block-column is-vertically-aligned-center is-layout-flow wp-block-column-is-layout-flow\" style=\"flex-basis:30%\">\n<figure class=\"wp-block-image size-large\"><img loading=\"lazy\" decoding=\"async\" width=\"683\" height=\"1024\" src=\"https:\/\/www.crazywater-rafting.com\/wordpress\/wp-content\/uploads\/2023\/12\/Hydrospeed-le-Lauzet-Ubaye-scaled-1-683x1024.jpg\" alt=\"Hydrospeed on the Ubaye under the Romanesque bridge of Lauzet\" class=\"wp-image-909\" style=\"aspect-ratio:3\/4;object-fit:cover\" srcset=\"https:\/\/www.crazywater-rafting.com\/wordpress\/wp-content\/uploads\/2023\/12\/Hydrospeed-le-Lauzet-Ubaye-scaled-1-683x1024.jpg 683w, https:\/\/www.crazywater-rafting.com\/wordpress\/wp-content\/uploads\/2023\/12\/Hydrospeed-le-Lauzet-Ubaye-scaled-1-200x300.jpg 200w, https:\/\/www.crazywater-rafting.com\/wordpress\/wp-content\/uploads\/2023\/12\/Hydrospeed-le-Lauzet-Ubaye-scaled-1-768x1152.jpg 768w, https:\/\/www.crazywater-rafting.com\/wordpress\/wp-content\/uploads\/2023\/12\/Hydrospeed-le-Lauzet-Ubaye-scaled-1-1024x1536.jpg 1024w, https:\/\/www.crazywater-rafting.com\/wordpress\/wp-content\/uploads\/2023\/12\/Hydrospeed-le-Lauzet-Ubaye-scaled-1-1366x2048.jpg 1366w, https:\/\/www.crazywater-rafting.com\/wordpress\/wp-content\/uploads\/2023\/12\/Hydrospeed-le-Lauzet-Ubaye-scaled-1.jpg 1707w\" sizes=\"auto, (max-width: 683px) 100vw, 683px\" \/><\/figure>\n<\/div>\n\n\n\n<div class=\"wp-block-column is-vertically-aligned-center is-layout-flow wp-block-column-is-layout-flow\">\n<h2 class=\"wp-block-heading\">What you need to know about the Hydrospeed activity in the Barcelonnette Valley<\/h2>\n\n\n\n<h3 class=\"wp-block-heading\">Welcome to our whitewater base<\/h3>\n\n\n\n<p>You have booked a Hydrospeed session: the meeting is at Crazy Water Rafting, at Lauzet Ubaye 04340 which is located at the entrance to the Barcelonnette valley. If you are early, you can relax with a complimentary coffee and also discover our <strong>natural and unusual environment<\/strong> !<\/p>\n\n\n\n<p>Once at reception, the Crazy Water team gives you a neoprene wetsuit and the rest of the equipment (vest, helmet, fins, hydrospeed, etc.). After the equipment, we access the departure of the <a href=\"https:\/\/www.crazywater-rafting.com\/en\/our-white-water-courses\/\">river course<\/a>, with our 9-seater mini-bus.<\/p>\n\n\n\n<h3 class=\"wp-block-heading\">Let&#039;s go for the adventure of Hydrospeed Best-Of Discovery Course<\/h3>\n\n\n\n<p>After an explanatory briefing from the river guide, you set off on the water in a small group. The Hydrospeed descent on the Ubaye is <strong>1h30 of exploration<\/strong> incredible where you hurtle down the rapids with your board and swim in the middle of a wild river. The passage into the <strong>narrow gorges of Lauzet<\/strong>, under the Roman bridges, adds to this magnificent route.<\/p>\n<\/div>\n<\/div>\n<\/section>\n\n\n\n<section class=\"wp-block-group texte-simple is-layout-constrained wp-block-group-is-layout-constrained\">\n<h3 class=\"wp-block-heading\">Aquatic sensations in a mountain river <\/h3>\n\n\n\n<p>Once the course is finished, rinsed well, the mini-bus picks you up at the finish, to take you back to the Crazy Water base. It&#039;s time to change and look at the photos that were taken along the route. If you wish, the <strong>Photo documentary<\/strong> will be available for a very reasonable price.<\/p>\n\n\n\n<p>With your body and mind very tired from your adventure, the Crazy Water team will thank you warmly for this shared moment and you will be able to \u201cChiller\u201d at Lake Serre-Pon\u00e7on.<\/p>\n<\/section>\n\n\n\n<section class=\"wp-block-group alignfull is-layout-constrained wp-block-group-is-layout-constrained\">\n<div class=\"wp-block-columns is-layout-flex wp-container-core-columns-is-layout-28f84493 wp-block-columns-is-layout-flex\">\n<div class=\"wp-block-column is-layout-flow wp-block-column-is-layout-flow\" style=\"flex-basis:30%\">\n<h2 class=\"wp-block-heading\">Hydrospeed on the Best Of course <\/h2>\n\n\n\n<div class=\"wp-block-buttons is-layout-flex wp-block-buttons-is-layout-flex\">\n<div class=\"wp-block-button\"><a class=\"wp-block-button__link wp-element-button\" href=\"https:\/\/www.crazywater-rafting.com\/en\/booking\/\" target=\"_blank\" rel=\"noreferrer noopener\">book online<\/a><\/div>\n<\/div>\n<\/div>\n\n\n\n<div class=\"wp-block-column is-layout-flow wp-block-column-is-layout-flow\">\n<h3 class=\"wp-block-heading\">Where is the legendary course for white water swimming?<\/h3>\n\n\n\n<p>The Ubaye is the river par excellence for practicing <strong>whitewater sports in France<\/strong>. Its reputation comes from its<strong> course<\/strong> varied with numerous rapids and beautiful landscapes.<\/p>\n\n\n\n<p>Our Crazy Water reception base is located in Lauzet-Ubaye, at the arrival of the <strong>Hydrospeed course in the Barcelonnette Valley<\/strong>, practically at the mouth <a href=\"https:\/\/www.crazywater-rafting.com\/en\/greenhouse-poncon-lake-activity\/\" target=\"_blank\" rel=\"noreferrer noopener\">with the Serre Pon\u00e7on lake.<\/a> We are very close to the Ubaye whitewater course, which saves shuttle time and therefore more time to have fun on the water!<\/p>\n\n\n\n<p>The departure is located very precisely at the LongeFessol rest area which is 2 km below the village of Martinet and 15 km from Barcelonnette, therefore 6 km upstream of the <a href=\"https:\/\/www.lauzetubaye.fr\/\" target=\"_blank\" rel=\"noreferrer noopener\">village of Lauzet<\/a>. You can see the map of the Ubaye river.<\/p>\n<\/div>\n<\/div>\n<\/section>\n\n\n\n<section class=\"wp-block-group is-layout-constrained wp-block-group-is-layout-constrained\">\n<div class=\"wp-block-columns are-vertically-aligned-center is-layout-flex wp-container-core-columns-is-layout-28f84493 wp-block-columns-is-layout-flex\">\n<div class=\"wp-block-column is-vertically-aligned-center is-layout-flow wp-block-column-is-layout-flow\" style=\"flex-basis:30%\">\n<figure class=\"wp-block-image size-large\"><img loading=\"lazy\" decoding=\"async\" width=\"683\" height=\"1024\" src=\"https:\/\/www.crazywater-rafting.com\/wordpress\/wp-content\/uploads\/2023\/12\/Hydrospeed-en-Famille-scaled-1-683x1024.jpg\" alt=\"Hydrospeed in Barcelonnette on the Ubaye\" class=\"wp-image-906\" style=\"aspect-ratio:3\/4;object-fit:cover\" srcset=\"https:\/\/www.crazywater-rafting.com\/wordpress\/wp-content\/uploads\/2023\/12\/Hydrospeed-en-Famille-scaled-1-683x1024.jpg 683w, https:\/\/www.crazywater-rafting.com\/wordpress\/wp-content\/uploads\/2023\/12\/Hydrospeed-en-Famille-scaled-1-200x300.jpg 200w, https:\/\/www.crazywater-rafting.com\/wordpress\/wp-content\/uploads\/2023\/12\/Hydrospeed-en-Famille-scaled-1-768x1152.jpg 768w, https:\/\/www.crazywater-rafting.com\/wordpress\/wp-content\/uploads\/2023\/12\/Hydrospeed-en-Famille-scaled-1-1024x1536.jpg 1024w, https:\/\/www.crazywater-rafting.com\/wordpress\/wp-content\/uploads\/2023\/12\/Hydrospeed-en-Famille-scaled-1-1366x2048.jpg 1366w, https:\/\/www.crazywater-rafting.com\/wordpress\/wp-content\/uploads\/2023\/12\/Hydrospeed-en-Famille-scaled-1.jpg 1707w\" sizes=\"auto, (max-width: 683px) 100vw, 683px\" \/><\/figure>\n<\/div>\n\n\n\n<div class=\"wp-block-column is-vertically-aligned-center is-layout-flow wp-block-column-is-layout-flow\">\n<h2 class=\"wp-block-heading\">When can you do Hydrospeed on Ubaye?<\/h2>\n\n\n\n<p>C&rsquo;est un parcours de nage en eau-vive qui se navigue en<strong> dessous de 30 m\u00e8tres cubes secondes<\/strong> et jusqu&rsquo;au 6 m\u00e8tres cubes minimum. Nous avons g\u00e9n\u00e9ralement ces niveaux d&rsquo;eau de juillet \u00e0 septembre. C&rsquo;est la p\u00e9riode la plus propice pour d\u00e9couvrir une nature sauvage et glisser entre des incroyables rapides. <\/p>\n\n\n\n<p>Le niveau de l&rsquo;Ubaye nous est donn\u00e9e gr\u00e2ce \u00e0 <a href=\"https:\/\/rdbrmc.com\/hydroreel2\/station.php?codestation=779\" target=\"_blank\" rel=\"noreferrer noopener\">vigicrue<\/a> capt\u00e9 par une cellule \u00e0 <strong>Barcelonnette<\/strong> et une autre \u00e0 l&#8217;embouchure de l&rsquo;Ubaye et du lac de serre pon\u00e7on<\/p>\n\n\n\n<p>Au Printemps, lorsque l&rsquo;Ubaye d\u00e9passe son niveau d&rsquo;eau maximum pour la bonne pratique de l&rsquo;Hydrospeed, nous proposons un autre parcours qui se situe un peu plus haut dans la vall\u00e9e. C&rsquo;est le parcours surnomm\u00e9e \u00ab\u00a0TE-FE\u00a0\u00bb, au d\u00e9part du Village des Thuilles \u00e0 5 km en dessous de<strong> Barcelonnette<\/strong> et jusqu&rsquo;au village de la Fr\u00e9squi\u00e9re. C&rsquo;est un parcours \u00e0 volume, c&rsquo;est \u00e0 dire que l&rsquo;Ubaye est gorg\u00e9e d&rsquo;eau et que les rapides ne sont principalement que des vagues, ainsi vous exp\u00e9rimenterez de nouvelles sensations aquatiques.<\/p>\n\n\n\n<p>\ud83d\udc49\u00a0<strong>Read also\u00a0<\/strong>: <a href=\"https:\/\/www.crazywater-rafting.com\/en\/water-level\/\" target=\"_blank\" rel=\"noreferrer noopener\">Water level of the Ubaye River<\/a><\/p>\n<\/div>\n<\/div>\n\n\n\n<section class=\"wp-block-group texte-simple is-layout-constrained wp-block-group-is-layout-constrained\">\n<h2 class=\"wp-block-heading\">5 good reasons to go downhill in Hydrospeed Best-Of Discovery Route on the Ubaye?<\/h2>\n\n\n\n<ul class=\"wp-block-list\">\n<li>It&#039;s a <strong>unique experience<\/strong> : Hydrospeed on the Ubaye is a river descent that guarantees you unique and exotic sensations.<\/li>\n<\/ul>\n\n\n\n<ul class=\"wp-block-list\">\n<li>Discover <strong>grandiose landscapes<\/strong> : by sailing on the Ubaye, you will benefit from another vision of the Barcelonnette valley with deep gorges.<\/li>\n<\/ul>\n\n\n\n<ul class=\"wp-block-list\">\n<li>A <strong>activity for all<\/strong> : from 10 years old, whitewater swimming is an accessible sport which is practiced by beginners. Knowing how to swim is of course essential.<\/li>\n<\/ul>\n\n\n\n<ul class=\"wp-block-list\">\n<li>A <strong>professional supervision<\/strong> : a qualified swimming instructor for a group of 6. The descent on the Ubaye is very educational, you will quickly learn to control your float.<\/li>\n<\/ul>\n\n\n\n<ul class=\"wp-block-list\">\n<li>THE <strong>transcendence <\/strong>: Hydrospeed is an activity that is practiced in groups but which remains individual, in fact you will be advised, but alone to master your float.<\/li>\n<\/ul>\n\n\n\n<p>Hydrospeed is an exciting and refreshing activity that offers<strong> unforgettable experience <\/strong>for all sporty and less sporty practitioners. Book your Hydrospeed descent on the Ubaye directly on this site and we will be happy to share this with you <strong>great whitewater adventure<\/strong>.<\/p>\n<\/section>\n<\/section>","protected":false},"excerpt":{"rendered":"<p>Go down by hydrospeed on the most beautiful course of Ubaye in the Barcelonnette valley<\/p>","protected":false},"author":1,"featured_media":1040,"parent":1419,"menu_order":0,"comment_status":"closed","ping_status":"closed","template":"","meta":{"_acf_changed":false,"footnotes":""},"class_list":["post-1978","page","type-page","status-publish","has-post-thumbnail","hentry"],"blocksy_meta":[],"acf":[],"yoast_head":"<!-- This site is optimized with the Yoast SEO plugin v27.3 - https:\/\/yoast.com\/product\/yoast-seo-wordpress\/ -->\n<title>Hydrospeed Best Of Parcours d\u00e9couverte sur l&#039;Ubaye - Crazy Water Rafting<\/title>\n<meta name=\"description\" content=\"D\u00e9couvrez l&#039;Hydrospeed Best-Of Parcours D\u00e9couverte. Une exp\u00e9rience ludique et aquatique au Lauzet-Ubaye, \u00e0 20 minutes de Barcelonnette.\" \/>\n<meta name=\"robots\" content=\"index, follow, max-snippet:-1, max-image-preview:large, max-video-preview:-1\" \/>\n<link rel=\"canonical\" href=\"https:\/\/www.crazywater-rafting.com\/en\/product\/hydrospeed-ubaye-barcelonnette\/hydrospeed-best-of-discovery-course\/\" \/>\n<meta property=\"og:locale\" content=\"en_GB\" \/>\n<meta property=\"og:type\" content=\"article\" \/>\n<meta property=\"og:title\" content=\"Hydrospeed Best Of Parcours d\u00e9couverte sur l&#039;Ubaye - Crazy Water Rafting\" \/>\n<meta property=\"og:description\" content=\"D\u00e9couvrez l&#039;Hydrospeed Best-Of Parcours D\u00e9couverte. Une exp\u00e9rience ludique et aquatique au Lauzet-Ubaye, \u00e0 20 minutes de Barcelonnette.\" \/>\n<meta property=\"og:url\" content=\"https:\/\/www.crazywater-rafting.com\/en\/product\/hydrospeed-ubaye-barcelonnette\/hydrospeed-best-of-discovery-course\/\" \/>\n<meta property=\"og:site_name\" content=\"Crazy Water Rafting\" \/>\n<meta property=\"article:modified_time\" content=\"2026-01-18T18:09:06+00:00\" \/>\n<meta property=\"og:image\" content=\"https:\/\/www.crazywater-rafting.com\/wordpress\/wp-content\/uploads\/2023\/12\/MG_9313-1-scaled-1.jpg\" \/>\n\t<meta property=\"og:image:width\" content=\"2560\" \/>\n\t<meta property=\"og:image:height\" content=\"1707\" \/>\n\t<meta property=\"og:image:type\" content=\"image\/jpeg\" \/>\n<meta name=\"twitter:card\" content=\"summary_large_image\" \/>\n<meta name=\"twitter:label1\" content=\"Estimated reading time\" \/>\n\t<meta name=\"twitter:data1\" content=\"6 minutes\" \/>\n<script type=\"application\/ld+json\" class=\"yoast-schema-graph\">{\"@context\":\"https:\\\/\\\/schema.org\",\"@graph\":[{\"@type\":\"WebPage\",\"@id\":\"https:\\\/\\\/www.crazywater-rafting.com\\\/product\\\/hydrospeed-ubaye-barcelonnette\\\/hydrospeed-best-of-parcours-decouverte\\\/\",\"url\":\"https:\\\/\\\/www.crazywater-rafting.com\\\/product\\\/hydrospeed-ubaye-barcelonnette\\\/hydrospeed-best-of-parcours-decouverte\\\/\",\"name\":\"Hydrospeed Best Of Parcours d\u00e9couverte sur l'Ubaye - Crazy Water Rafting\",\"isPartOf\":{\"@id\":\"https:\\\/\\\/www.crazywater-rafting.com\\\/#website\"},\"primaryImageOfPage\":{\"@id\":\"https:\\\/\\\/www.crazywater-rafting.com\\\/product\\\/hydrospeed-ubaye-barcelonnette\\\/hydrospeed-best-of-parcours-decouverte\\\/#primaryimage\"},\"image\":{\"@id\":\"https:\\\/\\\/www.crazywater-rafting.com\\\/product\\\/hydrospeed-ubaye-barcelonnette\\\/hydrospeed-best-of-parcours-decouverte\\\/#primaryimage\"},\"thumbnailUrl\":\"https:\\\/\\\/www.crazywater-rafting.com\\\/wordpress\\\/wp-content\\\/uploads\\\/2023\\\/12\\\/MG_9313-1-scaled-1.jpg\",\"datePublished\":\"2024-01-19T09:02:19+00:00\",\"dateModified\":\"2026-01-18T18:09:06+00:00\",\"description\":\"D\u00e9couvrez l'Hydrospeed Best-Of Parcours D\u00e9couverte. Une exp\u00e9rience ludique et aquatique au Lauzet-Ubaye, \u00e0 20 minutes de Barcelonnette.\",\"breadcrumb\":{\"@id\":\"https:\\\/\\\/www.crazywater-rafting.com\\\/product\\\/hydrospeed-ubaye-barcelonnette\\\/hydrospeed-best-of-parcours-decouverte\\\/#breadcrumb\"},\"inLanguage\":\"en-GB\",\"potentialAction\":[{\"@type\":\"ReadAction\",\"target\":[\"https:\\\/\\\/www.crazywater-rafting.com\\\/product\\\/hydrospeed-ubaye-barcelonnette\\\/hydrospeed-best-of-parcours-decouverte\\\/\"]}]},{\"@type\":\"ImageObject\",\"inLanguage\":\"en-GB\",\"@id\":\"https:\\\/\\\/www.crazywater-rafting.com\\\/product\\\/hydrospeed-ubaye-barcelonnette\\\/hydrospeed-best-of-parcours-decouverte\\\/#primaryimage\",\"url\":\"https:\\\/\\\/www.crazywater-rafting.com\\\/wordpress\\\/wp-content\\\/uploads\\\/2023\\\/12\\\/MG_9313-1-scaled-1.jpg\",\"contentUrl\":\"https:\\\/\\\/www.crazywater-rafting.com\\\/wordpress\\\/wp-content\\\/uploads\\\/2023\\\/12\\\/MG_9313-1-scaled-1.jpg\",\"width\":2560,\"height\":1707,\"caption\":\"descente en hydrospeed sur l'Ubaye\"},{\"@type\":\"BreadcrumbList\",\"@id\":\"https:\\\/\\\/www.crazywater-rafting.com\\\/product\\\/hydrospeed-ubaye-barcelonnette\\\/hydrospeed-best-of-parcours-decouverte\\\/#breadcrumb\",\"itemListElement\":[{\"@type\":\"ListItem\",\"position\":1,\"name\":\"Accueil\",\"item\":\"https:\\\/\\\/www.crazywater-rafting.com\\\/\"},{\"@type\":\"ListItem\",\"position\":2,\"name\":\"Product\",\"item\":\"https:\\\/\\\/www.crazywater-rafting.com\\\/product\\\/\"},{\"@type\":\"ListItem\",\"position\":3,\"name\":\"Hydrospeed sur l&rsquo;Ubaye\",\"item\":\"https:\\\/\\\/www.crazywater-rafting.com\\\/product\\\/hydrospeed-ubaye-barcelonnette\\\/\"},{\"@type\":\"ListItem\",\"position\":4,\"name\":\"Hydrospeed Best Of Parcours d\u00e9couverte\"}]},{\"@type\":\"WebSite\",\"@id\":\"https:\\\/\\\/www.crazywater-rafting.com\\\/#website\",\"url\":\"https:\\\/\\\/www.crazywater-rafting.com\\\/\",\"name\":\"Crazy Water Rafting\",\"description\":\"\",\"publisher\":{\"@id\":\"https:\\\/\\\/www.crazywater-rafting.com\\\/#organization\"},\"potentialAction\":[{\"@type\":\"SearchAction\",\"target\":{\"@type\":\"EntryPoint\",\"urlTemplate\":\"https:\\\/\\\/www.crazywater-rafting.com\\\/?s={search_term_string}\"},\"query-input\":{\"@type\":\"PropertyValueSpecification\",\"valueRequired\":true,\"valueName\":\"search_term_string\"}}],\"inLanguage\":\"en-GB\"},{\"@type\":\"Organization\",\"@id\":\"https:\\\/\\\/www.crazywater-rafting.com\\\/#organization\",\"name\":\"Crazy Water Rafting\",\"alternateName\":\"Crazy Water Rafting\",\"url\":\"https:\\\/\\\/www.crazywater-rafting.com\\\/\",\"logo\":{\"@type\":\"ImageObject\",\"inLanguage\":\"en-GB\",\"@id\":\"https:\\\/\\\/www.crazywater-rafting.com\\\/#\\\/schema\\\/logo\\\/image\\\/\",\"url\":\"https:\\\/\\\/www.crazywater-rafting.com\\\/wordpress\\\/wp-content\\\/uploads\\\/2024\\\/02\\\/Logo-Crazy-Water.jpg\",\"contentUrl\":\"https:\\\/\\\/www.crazywater-rafting.com\\\/wordpress\\\/wp-content\\\/uploads\\\/2024\\\/02\\\/Logo-Crazy-Water.jpg\",\"width\":1092,\"height\":592,\"caption\":\"Crazy Water Rafting\"},\"image\":{\"@id\":\"https:\\\/\\\/www.crazywater-rafting.com\\\/#\\\/schema\\\/logo\\\/image\\\/\"},\"sameAs\":[\"https:\\\/\\\/www.reddit.com\\\/user\\\/Crazy-Water-Rafting\\\/\",\"https:\\\/\\\/www.linkedin.com\\\/in\\\/crazy-water-rafting-ubaye-08987b67\\\/\"]}]}<\/script>\n<!-- \/ Yoast SEO plugin. -->","yoast_head_json":{"title":"Hydrospeed Best Of Discovery course on the Ubaye - Crazy Water Rafting","description":"Discover the Hydrospeed Best-Of Discovery Course. A fun and aquatic experience in Lauzet-Ubaye, 20 minutes from Barcelonnette.","robots":{"index":"index","follow":"follow","max-snippet":"max-snippet:-1","max-image-preview":"max-image-preview:large","max-video-preview":"max-video-preview:-1"},"canonical":"https:\/\/www.crazywater-rafting.com\/en\/product\/hydrospeed-ubaye-barcelonnette\/hydrospeed-best-of-discovery-course\/","og_locale":"en_GB","og_type":"article","og_title":"Hydrospeed Best Of Parcours d\u00e9couverte sur l'Ubaye - Crazy Water Rafting","og_description":"D\u00e9couvrez l'Hydrospeed Best-Of Parcours D\u00e9couverte. Une exp\u00e9rience ludique et aquatique au Lauzet-Ubaye, \u00e0 20 minutes de Barcelonnette.","og_url":"https:\/\/www.crazywater-rafting.com\/en\/product\/hydrospeed-ubaye-barcelonnette\/hydrospeed-best-of-discovery-course\/","og_site_name":"Crazy Water Rafting","article_modified_time":"2026-01-18T18:09:06+00:00","og_image":[{"width":2560,"height":1707,"url":"https:\/\/www.crazywater-rafting.com\/wordpress\/wp-content\/uploads\/2023\/12\/MG_9313-1-scaled-1.jpg","type":"image\/jpeg"}],"twitter_card":"summary_large_image","twitter_misc":{"Estimated reading time":"6 minutes"},"schema":{"@context":"https:\/\/schema.org","@graph":[{"@type":"WebPage","@id":"https:\/\/www.crazywater-rafting.com\/product\/hydrospeed-ubaye-barcelonnette\/hydrospeed-best-of-parcours-decouverte\/","url":"https:\/\/www.crazywater-rafting.com\/product\/hydrospeed-ubaye-barcelonnette\/hydrospeed-best-of-parcours-decouverte\/","name":"Hydrospeed Best Of Discovery course on the Ubaye - Crazy Water Rafting","isPartOf":{"@id":"https:\/\/www.crazywater-rafting.com\/#website"},"primaryImageOfPage":{"@id":"https:\/\/www.crazywater-rafting.com\/product\/hydrospeed-ubaye-barcelonnette\/hydrospeed-best-of-parcours-decouverte\/#primaryimage"},"image":{"@id":"https:\/\/www.crazywater-rafting.com\/product\/hydrospeed-ubaye-barcelonnette\/hydrospeed-best-of-parcours-decouverte\/#primaryimage"},"thumbnailUrl":"https:\/\/www.crazywater-rafting.com\/wordpress\/wp-content\/uploads\/2023\/12\/MG_9313-1-scaled-1.jpg","datePublished":"2024-01-19T09:02:19+00:00","dateModified":"2026-01-18T18:09:06+00:00","description":"Discover the Hydrospeed Best-Of Discovery Course. A fun and aquatic experience in Lauzet-Ubaye, 20 minutes from Barcelonnette.","breadcrumb":{"@id":"https:\/\/www.crazywater-rafting.com\/product\/hydrospeed-ubaye-barcelonnette\/hydrospeed-best-of-parcours-decouverte\/#breadcrumb"},"inLanguage":"en-GB","potentialAction":[{"@type":"ReadAction","target":["https:\/\/www.crazywater-rafting.com\/product\/hydrospeed-ubaye-barcelonnette\/hydrospeed-best-of-parcours-decouverte\/"]}]},{"@type":"ImageObject","inLanguage":"en-GB","@id":"https:\/\/www.crazywater-rafting.com\/product\/hydrospeed-ubaye-barcelonnette\/hydrospeed-best-of-parcours-decouverte\/#primaryimage","url":"https:\/\/www.crazywater-rafting.com\/wordpress\/wp-content\/uploads\/2023\/12\/MG_9313-1-scaled-1.jpg","contentUrl":"https:\/\/www.crazywater-rafting.com\/wordpress\/wp-content\/uploads\/2023\/12\/MG_9313-1-scaled-1.jpg","width":2560,"height":1707,"caption":"descente en hydrospeed sur l'Ubaye"},{"@type":"BreadcrumbList","@id":"https:\/\/www.crazywater-rafting.com\/product\/hydrospeed-ubaye-barcelonnette\/hydrospeed-best-of-parcours-decouverte\/#breadcrumb","itemListElement":[{"@type":"ListItem","position":1,"name":"Accueil","item":"https:\/\/www.crazywater-rafting.com\/"},{"@type":"ListItem","position":2,"name":"Product","item":"https:\/\/www.crazywater-rafting.com\/product\/"},{"@type":"ListItem","position":3,"name":"Hydrospeed sur l&rsquo;Ubaye","item":"https:\/\/www.crazywater-rafting.com\/product\/hydrospeed-ubaye-barcelonnette\/"},{"@type":"ListItem","position":4,"name":"Hydrospeed Best Of Parcours d\u00e9couverte"}]},{"@type":"WebSite","@id":"https:\/\/www.crazywater-rafting.com\/#website","url":"https:\/\/www.crazywater-rafting.com\/","name":"Crazy Water Rafting","description":"","publisher":{"@id":"https:\/\/www.crazywater-rafting.com\/#organization"},"potentialAction":[{"@type":"SearchAction","target":{"@type":"EntryPoint","urlTemplate":"https:\/\/www.crazywater-rafting.com\/?s={search_term_string}"},"query-input":{"@type":"PropertyValueSpecification","valueRequired":true,"valueName":"search_term_string"}}],"inLanguage":"en-GB"},{"@type":"Organization","@id":"https:\/\/www.crazywater-rafting.com\/#organization","name":"Crazy Water Rafting","alternateName":"Crazy Water Rafting","url":"https:\/\/www.crazywater-rafting.com\/","logo":{"@type":"ImageObject","inLanguage":"en-GB","@id":"https:\/\/www.crazywater-rafting.com\/#\/schema\/logo\/image\/","url":"https:\/\/www.crazywater-rafting.com\/wordpress\/wp-content\/uploads\/2024\/02\/Logo-Crazy-Water.jpg","contentUrl":"https:\/\/www.crazywater-rafting.com\/wordpress\/wp-content\/uploads\/2024\/02\/Logo-Crazy-Water.jpg","width":1092,"height":592,"caption":"Crazy Water Rafting"},"image":{"@id":"https:\/\/www.crazywater-rafting.com\/#\/schema\/logo\/image\/"},"sameAs":["https:\/\/www.reddit.com\/user\/Crazy-Water-Rafting\/","https:\/\/www.linkedin.com\/in\/crazy-water-rafting-ubaye-08987b67\/"]}]}},"_links":{"self":[{"href":"https:\/\/www.crazywater-rafting.com\/en\/wp-json\/wp\/v2\/pages\/1978","targetHints":{"allow":["GET"]}}],"collection":[{"href":"https:\/\/www.crazywater-rafting.com\/en\/wp-json\/wp\/v2\/pages"}],"about":[{"href":"https:\/\/www.crazywater-rafting.com\/en\/wp-json\/wp\/v2\/types\/page"}],"author":[{"embeddable":true,"href":"https:\/\/www.crazywater-rafting.com\/en\/wp-json\/wp\/v2\/users\/1"}],"replies":[{"embeddable":true,"href":"https:\/\/www.crazywater-rafting.com\/en\/wp-json\/wp\/v2\/comments?post=1978"}],"version-history":[{"count":7,"href":"https:\/\/www.crazywater-rafting.com\/en\/wp-json\/wp\/v2\/pages\/1978\/revisions"}],"predecessor-version":[{"id":3681,"href":"https:\/\/www.crazywater-rafting.com\/en\/wp-json\/wp\/v2\/pages\/1978\/revisions\/3681"}],"up":[{"embeddable":true,"href":"https:\/\/www.crazywater-rafting.com\/en\/wp-json\/wp\/v2\/pages\/1419"}],"wp:featuredmedia":[{"embeddable":true,"href":"https:\/\/www.crazywater-rafting.com\/en\/wp-json\/wp\/v2\/media\/1040"}],"wp:attachment":[{"href":"https:\/\/www.crazywater-rafting.com\/en\/wp-json\/wp\/v2\/media?parent=1978"}],"curies":[{"name":"wp","href":"https:\/\/api.w.org\/{rel}","templated":true}]}}