{"id":1972,"date":"2024-01-19T10:02:18","date_gmt":"2024-01-19T09:02:18","guid":{"rendered":"https:\/\/crazywater.animal-societe.com\/?page_id=1972"},"modified":"2025-04-17T14:31:25","modified_gmt":"2025-04-17T12:31:25","slug":"activities-in-ubaye","status":"publish","type":"page","link":"https:\/\/www.crazywater-rafting.com\/en\/activites-en-ubaye\/","title":{"rendered":"Activities to do in Ubaye"},"content":{"rendered":"<section class=\"wp-block-group texte-simple is-layout-constrained wp-block-group-is-layout-constrained\">\n<h2 class=\"wp-block-heading\">Activities to do in Ubaye \u2013 Serre-Pon\u00e7on<\/h2>\n\n\n\n<p>If you like them <strong>outdoor activities<\/strong>, be in contact with nature, you will find your happiness in our magnificent region <a href=\"https:\/\/www.crazywater-rafting.com\/en\/activities-in-barcelonnette\/\">from Ubaye-Serre-Pon\u00e7on<\/a>, close to <a href=\"https:\/\/www.crazywater-rafting.com\/en\/activities-in-barcelonnette\/\">Barcelonnette<\/a> : <a href=\"https:\/\/www.crazywater-rafting.com\/en\/rafting-serre-poncon\/\" target=\"_blank\" rel=\"noreferrer noopener\">White water sports<\/a>, dans les Aires, sur la terre et l&rsquo;eau plate, il y en a pour tout les gouts \u00e0 <strong>Ubaye greenhouse Pon\u00e7on<\/strong>.<\/p>\n\n\n\n<p>D\u00e9couvrez les <strong>partenaires d&rsquo;activit\u00e9s<\/strong> que nous recommandons pour votre s\u00e9jour en Ubaye. Vous pourrez profiter de la vall\u00e9e de <strong>Barcelonnette<\/strong>, du <strong>Serre Pon\u00e7on lake<\/strong> et de la <strong>Vall\u00e9e de la blanche<\/strong>, \u00e0 proximit\u00e9 de notre <a href=\"https:\/\/www.crazywater-rafting.com\/en\/crazy-water-rafting-base\/\" target=\"_blank\" rel=\"noreferrer noopener\">base<\/a> of Crazy Water Rafting in Lauzet-Ubaye.<\/p>\n<\/section>\n\n\n\n<h2 class=\"wp-block-heading\">Activities to do in Ubaye<\/h2>\n\n\n\n<section class=\"wp-block-group is-layout-constrained wp-block-group-is-layout-constrained\">\n<div class=\"wp-block-columns are-vertically-aligned-center is-layout-flex wp-container-core-columns-is-layout-28f84493 wp-block-columns-is-layout-flex\">\n<div class=\"wp-block-column is-vertically-aligned-center is-layout-flow wp-block-column-is-layout-flow\" style=\"flex-basis:30%\">\n<figure class=\"wp-block-image size-large\"><img loading=\"lazy\" decoding=\"async\" width=\"1024\" height=\"536\" src=\"https:\/\/www.crazywater-rafting.com\/wordpress\/wp-content\/uploads\/2023\/12\/et-pourquoi-ne-pas-1024x536.png\" alt=\"A really fun activity in Ubaye is the treetop adventure park\" class=\"wp-image-849\" style=\"aspect-ratio:16\/9;object-fit:cover\" srcset=\"https:\/\/www.crazywater-rafting.com\/wordpress\/wp-content\/uploads\/2023\/12\/et-pourquoi-ne-pas-1024x536.png 1024w, https:\/\/www.crazywater-rafting.com\/wordpress\/wp-content\/uploads\/2023\/12\/et-pourquoi-ne-pas-300x157.png 300w, https:\/\/www.crazywater-rafting.com\/wordpress\/wp-content\/uploads\/2023\/12\/et-pourquoi-ne-pas-768x402.png 768w, https:\/\/www.crazywater-rafting.com\/wordpress\/wp-content\/uploads\/2023\/12\/et-pourquoi-ne-pas.png 1200w\" sizes=\"auto, (max-width: 1024px) 100vw, 1024px\" \/><\/figure>\n<\/div>\n\n\n\n<div class=\"wp-block-column is-vertically-aligned-center is-layout-flow wp-block-column-is-layout-flow\">\n<h2 class=\"wp-block-heading\"><a href=\"http:\/\/parcdesecureuilsmontclar.e-monsite.com\/\" target=\"_blank\" rel=\"noreferrer noopener nofollow\">Treetop Park<\/a><\/h2>\n\n\n\n<p>In Saint Jean de Montclard 04140 the treetop adventure park for all levels 15 minutes from Lauzet Ubaye. You can enjoy several courses, for all levels whether you are beginners or experts. In the larch forest, you will spend a dynamic and rejuvenating half-day in the heart of nature.<\/p>\n<\/div>\n<\/div>\n<\/section>\n\n\n\n<section class=\"wp-block-group is-layout-constrained wp-block-group-is-layout-constrained\">\n<div class=\"wp-block-columns are-vertically-aligned-center is-layout-flex wp-container-core-columns-is-layout-28f84493 wp-block-columns-is-layout-flex\">\n<div class=\"wp-block-column is-vertically-aligned-center is-layout-flow wp-block-column-is-layout-flow\" style=\"flex-basis:30%\">\n<figure class=\"wp-block-image size-full\"><img loading=\"lazy\" decoding=\"async\" width=\"225\" height=\"225\" src=\"https:\/\/www.crazywater-rafting.com\/wordpress\/wp-content\/uploads\/2023\/12\/VTT-Ubaye.jpg\" alt=\"discover cycling an activity on the Ubaye which climbs\" class=\"wp-image-724\" style=\"aspect-ratio:16\/9;object-fit:cover\" srcset=\"https:\/\/www.crazywater-rafting.com\/wordpress\/wp-content\/uploads\/2023\/12\/VTT-Ubaye.jpg 225w, https:\/\/www.crazywater-rafting.com\/wordpress\/wp-content\/uploads\/2023\/12\/VTT-Ubaye-150x150.jpg 150w\" sizes=\"auto, (max-width: 225px) 100vw, 225px\" \/><\/figure>\n<\/div>\n\n\n\n<div class=\"wp-block-column is-vertically-aligned-center is-layout-flow wp-block-column-is-layout-flow\">\n<h2 class=\"wp-block-heading\">Mountain Evasion \u2013 Mountain biking<\/h2>\n\n\n\n<p>Mountain bike support around Lake Serre-Pon\u00e7on. Downhill course in St Jean de Montclar, Rousset and Chorges. Fran\u00e7ois Xavier, your mountain bike instructor will help you discover the best tips of the valley and the trails at your level.<\/p>\n<\/div>\n<\/div>\n<\/section>\n\n\n\n<section class=\"wp-block-group is-layout-constrained wp-block-group-is-layout-constrained\">\n<div class=\"wp-block-columns are-vertically-aligned-center is-layout-flex wp-container-core-columns-is-layout-28f84493 wp-block-columns-is-layout-flex\">\n<div class=\"wp-block-column is-vertically-aligned-center is-layout-flow wp-block-column-is-layout-flow\" style=\"flex-basis:30%\">\n<figure class=\"wp-block-image size-large\"><img loading=\"lazy\" decoding=\"async\" width=\"1024\" height=\"1024\" src=\"https:\/\/www.crazywater-rafting.com\/wordpress\/wp-content\/uploads\/2023\/12\/Canyon05-logo-final-texture-web-1024x1024.jpg\" alt=\"Canyoning in Ubaye, the summer activity\" class=\"wp-image-774\" style=\"aspect-ratio:16\/9;object-fit:cover\" srcset=\"https:\/\/www.crazywater-rafting.com\/wordpress\/wp-content\/uploads\/2023\/12\/Canyon05-logo-final-texture-web-1024x1024.jpg 1024w, https:\/\/www.crazywater-rafting.com\/wordpress\/wp-content\/uploads\/2023\/12\/Canyon05-logo-final-texture-web-300x300.jpg 300w, https:\/\/www.crazywater-rafting.com\/wordpress\/wp-content\/uploads\/2023\/12\/Canyon05-logo-final-texture-web-150x150.jpg 150w, https:\/\/www.crazywater-rafting.com\/wordpress\/wp-content\/uploads\/2023\/12\/Canyon05-logo-final-texture-web-768x768.jpg 768w, https:\/\/www.crazywater-rafting.com\/wordpress\/wp-content\/uploads\/2023\/12\/Canyon05-logo-final-texture-web-1536x1536.jpg 1536w, https:\/\/www.crazywater-rafting.com\/wordpress\/wp-content\/uploads\/2023\/12\/Canyon05-logo-final-texture-web-2048x2048.jpg 2048w\" sizes=\"auto, (max-width: 1024px) 100vw, 1024px\" \/><\/figure>\n<\/div>\n\n\n\n<div class=\"wp-block-column is-vertically-aligned-center is-layout-flow wp-block-column-is-layout-flow\">\n<h2 class=\"wp-block-heading\">Activity <a href=\"https:\/\/www.canyon05.com\/\" target=\"_blank\" rel=\"noreferrer noopener\">Descent into Canyon 04<\/a><\/h2>\n\n\n\n<p>Discover the most beautiful canyons of Lake Serre Pon\u00e7on and the canyons of Ubaye Barcelonnette. You will be accompanied by Canyon guides who are specialists in the region. The canyon courses are for all levels.<\/p>\n<\/div>\n<\/div>\n<\/section>\n\n\n\n<section class=\"wp-block-group is-layout-constrained wp-block-group-is-layout-constrained\">\n<div class=\"wp-block-columns are-vertically-aligned-center is-layout-flex wp-container-core-columns-is-layout-28f84493 wp-block-columns-is-layout-flex\">\n<div class=\"wp-block-column is-vertically-aligned-center is-layout-flow wp-block-column-is-layout-flow\" style=\"flex-basis:30%\">\n<figure class=\"wp-block-image size-full\"><img loading=\"lazy\" decoding=\"async\" width=\"420\" height=\"120\" src=\"https:\/\/www.crazywater-rafting.com\/wordpress\/wp-content\/uploads\/2023\/12\/telechargement-4.png\" alt=\"st jean de monclar station\" class=\"wp-image-695\" style=\"aspect-ratio:16\/9;object-fit:cover\" srcset=\"https:\/\/www.crazywater-rafting.com\/wordpress\/wp-content\/uploads\/2023\/12\/telechargement-4.png 420w, https:\/\/www.crazywater-rafting.com\/wordpress\/wp-content\/uploads\/2023\/12\/telechargement-4-300x86.png 300w\" sizes=\"auto, (max-width: 420px) 100vw, 420px\" \/><\/figure>\n<\/div>\n\n\n\n<div class=\"wp-block-column is-vertically-aligned-center is-layout-flow wp-block-column-is-layout-flow\">\n<h2 class=\"wp-block-heading\">Ubaye mountain bike, scooter activity\u2026<\/h2>\n\n\n\n<p>The Saint Jean Montclar family ski resort welcomes you in the summer for mountain bike, hybrid bike and scooter descents, for the entire period from May to October (see chairlift opening times).<\/p>\n<\/div>\n<\/div>\n<\/section>\n\n\n\n<section class=\"wp-block-group is-layout-constrained wp-block-group-is-layout-constrained\">\n<div class=\"wp-block-columns are-vertically-aligned-center is-layout-flex wp-container-core-columns-is-layout-28f84493 wp-block-columns-is-layout-flex\">\n<div class=\"wp-block-column is-vertically-aligned-center is-layout-flow wp-block-column-is-layout-flow\" style=\"flex-basis:30%\">\n<figure class=\"wp-block-image size-full\"><img loading=\"lazy\" decoding=\"async\" width=\"327\" height=\"154\" src=\"https:\/\/www.crazywater-rafting.com\/wordpress\/wp-content\/uploads\/2023\/12\/telechargement-3.png\" alt=\"buoy towed on the lake of Serre Pon\u00e7on\" class=\"wp-image-693\" style=\"aspect-ratio:16\/9;object-fit:cover\" srcset=\"https:\/\/www.crazywater-rafting.com\/wordpress\/wp-content\/uploads\/2023\/12\/telechargement-3.png 327w, https:\/\/www.crazywater-rafting.com\/wordpress\/wp-content\/uploads\/2023\/12\/telechargement-3-300x141.png 300w\" sizes=\"auto, (max-width: 327px) 100vw, 327px\" \/><\/figure>\n<\/div>\n\n\n\n<div class=\"wp-block-column is-vertically-aligned-center is-layout-flow wp-block-column-is-layout-flow\">\n<h2 class=\"wp-block-heading\"><a href=\"https:\/\/www.naturoll.fr\/\" target=\"_blank\" rel=\"noreferrer noopener nofollow\">Towed buoy-water ski<\/a><\/h2>\n\n\n\n<p>Towed buoy, wake board at the old wood beach 05190 Rousset at Lake Serre Pon\u00e7on. For incredible sliding sensations on Lake Serre Pon\u00e7on.<\/p>\n<\/div>\n<\/div>\n<\/section>\n\n\n\n<section class=\"wp-block-group is-layout-constrained wp-block-group-is-layout-constrained\">\n<div class=\"wp-block-columns are-vertically-aligned-center is-layout-flex wp-container-core-columns-is-layout-28f84493 wp-block-columns-is-layout-flex\">\n<div class=\"wp-block-column is-vertically-aligned-center is-layout-flow wp-block-column-is-layout-flow\" style=\"flex-basis:30%\">\n<figure class=\"wp-block-image size-full\"><img loading=\"lazy\" decoding=\"async\" width=\"210\" height=\"94\" src=\"https:\/\/www.crazywater-rafting.com\/wordpress\/wp-content\/uploads\/2023\/12\/telechargement-4.jpg\" alt=\"Paragliding activity in Ubaye\" class=\"wp-image-694\" style=\"aspect-ratio:16\/9;object-fit:cover\"\/><\/figure>\n<\/div>\n\n\n\n<div class=\"wp-block-column is-vertically-aligned-center is-layout-flow wp-block-column-is-layout-flow\">\n<h2 class=\"wp-block-heading\">Activity to do in Ubaye: Paragliding flight<\/h2>\n\n\n\n<p>Discover the top of Serre Pon\u00e7on Ubaye lake by paragliding. In St Jean de Montclar, 15 minutes from Lauzet Ubaye, you can do your first tandem paragliding experience, accompanied by an instructor.<\/p>\n<\/div>\n<\/div>\n<\/section>\n\n\n\n<section class=\"wp-block-group is-layout-constrained wp-block-group-is-layout-constrained\">\n<div class=\"wp-block-columns are-vertically-aligned-center is-layout-flex wp-container-core-columns-is-layout-28f84493 wp-block-columns-is-layout-flex\">\n<div class=\"wp-block-column is-vertically-aligned-center is-layout-flow wp-block-column-is-layout-flow\" style=\"flex-basis:30%\">\n<figure class=\"wp-block-image size-full\"><img loading=\"lazy\" decoding=\"async\" width=\"612\" height=\"407\" src=\"https:\/\/www.crazywater-rafting.com\/wordpress\/wp-content\/uploads\/2024\/01\/lac-de-serre-Poncon.jpg\" alt=\"Pon\u00e7on greenhouse lake\" class=\"wp-image-2652\" style=\"aspect-ratio:16\/9;object-fit:cover\" srcset=\"https:\/\/www.crazywater-rafting.com\/wordpress\/wp-content\/uploads\/2024\/01\/lac-de-serre-Poncon.jpg 612w, https:\/\/www.crazywater-rafting.com\/wordpress\/wp-content\/uploads\/2024\/01\/lac-de-serre-Poncon-300x200.jpg 300w, https:\/\/www.crazywater-rafting.com\/wordpress\/wp-content\/uploads\/2024\/01\/lac-de-serre-Poncon-18x12.jpg 18w\" sizes=\"auto, (max-width: 612px) 100vw, 612px\" \/><\/figure>\n<\/div>\n\n\n\n<div class=\"wp-block-column is-vertically-aligned-center is-layout-flow wp-block-column-is-layout-flow\">\n<h2 class=\"wp-block-heading\">Activity in Ubaye: Water park \u2013 Games<\/h2>\n\n\n\n<p>On Lake Serre Poncon at the beach of Saint Vincent les Forts 04340, come and jump and swim on inflatable modules. Children and adults alike are welcome for a moment of relaxation and fun in the refreshing water of Lake Serre Pon\u00e7on.<\/p>\n<\/div>\n<\/div>\n<\/section>\n\n\n\n<p><\/p>","protected":false},"excerpt":{"rendered":"<p>Les Activit\u00e9s \u00e0 faire en Ubaye &#8211; Serre-Pon\u00e7on Si vous aimez les activit\u00e9s de plein air, \u00eatre au contact de la nature, vous trouverez votre bonheur dans notre magnifique r\u00e9gion d&rsquo;Ubaye-Serre-Pon\u00e7on, proche de Barcelonnette : Sports d&rsquo;eau vive, dans les Aires, sur la terre et l&rsquo;eau plate, il y en a pour tout les gouts [&hellip;]<\/p>\n","protected":false},"author":1,"featured_media":3096,"parent":0,"menu_order":0,"comment_status":"closed","ping_status":"closed","template":"","meta":{"_acf_changed":false,"footnotes":""},"class_list":["post-1972","page","type-page","status-publish","has-post-thumbnail","hentry"],"blocksy_meta":[],"acf":[],"yoast_head":"<!-- This site is optimized with the Yoast SEO plugin v27.4 - https:\/\/yoast.com\/product\/yoast-seo-wordpress\/ -->\n<title>Activit\u00e9s \u00e0 faire en Ubaye - Crazy Water Rafting<\/title>\n<meta name=\"description\" content=\"Explorez la multitude d&#039;activit\u00e9s \u00e0 faire en Ubaye : VTT, parapente, accrobranche, jeux aquatiques et plus encore.\" \/>\n<meta name=\"robots\" content=\"index, follow, max-snippet:-1, max-image-preview:large, max-video-preview:-1\" \/>\n<link rel=\"canonical\" href=\"https:\/\/www.crazywater-rafting.com\/en\/activities-in-ubaye\/\" \/>\n<meta property=\"og:locale\" content=\"en_GB\" \/>\n<meta property=\"og:type\" content=\"article\" \/>\n<meta property=\"og:title\" content=\"Activit\u00e9s \u00e0 faire en Ubaye - Crazy Water Rafting\" \/>\n<meta property=\"og:description\" content=\"Explorez la multitude d&#039;activit\u00e9s \u00e0 faire en Ubaye : VTT, parapente, accrobranche, jeux aquatiques et plus encore.\" \/>\n<meta property=\"og:url\" content=\"https:\/\/www.crazywater-rafting.com\/en\/activities-in-ubaye\/\" \/>\n<meta property=\"og:site_name\" content=\"Crazy Water Rafting\" \/>\n<meta property=\"article:modified_time\" content=\"2025-04-17T12:31:25+00:00\" \/>\n<meta property=\"og:image\" content=\"https:\/\/www.crazywater-rafting.com\/wordpress\/wp-content\/uploads\/2024\/03\/Hydrospeed-Alpes.jpg\" \/>\n\t<meta property=\"og:image:width\" content=\"1920\" \/>\n\t<meta property=\"og:image:height\" content=\"1280\" \/>\n\t<meta property=\"og:image:type\" content=\"image\/jpeg\" \/>\n<meta name=\"twitter:card\" content=\"summary_large_image\" \/>\n<meta name=\"twitter:label1\" content=\"Estimated reading time\" \/>\n\t<meta name=\"twitter:data1\" content=\"4 minutes\" \/>\n<script type=\"application\/ld+json\" class=\"yoast-schema-graph\">{\"@context\":\"https:\\\/\\\/schema.org\",\"@graph\":[{\"@type\":\"WebPage\",\"@id\":\"https:\\\/\\\/www.crazywater-rafting.com\\\/activites-en-ubaye\\\/\",\"url\":\"https:\\\/\\\/www.crazywater-rafting.com\\\/activites-en-ubaye\\\/\",\"name\":\"Activit\u00e9s \u00e0 faire en Ubaye - Crazy Water Rafting\",\"isPartOf\":{\"@id\":\"https:\\\/\\\/www.crazywater-rafting.com\\\/#website\"},\"primaryImageOfPage\":{\"@id\":\"https:\\\/\\\/www.crazywater-rafting.com\\\/activites-en-ubaye\\\/#primaryimage\"},\"image\":{\"@id\":\"https:\\\/\\\/www.crazywater-rafting.com\\\/activites-en-ubaye\\\/#primaryimage\"},\"thumbnailUrl\":\"https:\\\/\\\/www.crazywater-rafting.com\\\/wordpress\\\/wp-content\\\/uploads\\\/2024\\\/03\\\/Hydrospeed-Alpes.jpg\",\"datePublished\":\"2024-01-19T09:02:18+00:00\",\"dateModified\":\"2025-04-17T12:31:25+00:00\",\"description\":\"Explorez la multitude d'activit\u00e9s \u00e0 faire en Ubaye : VTT, parapente, accrobranche, jeux aquatiques et plus encore.\",\"breadcrumb\":{\"@id\":\"https:\\\/\\\/www.crazywater-rafting.com\\\/activites-en-ubaye\\\/#breadcrumb\"},\"inLanguage\":\"en-GB\",\"potentialAction\":[{\"@type\":\"ReadAction\",\"target\":[\"https:\\\/\\\/www.crazywater-rafting.com\\\/activites-en-ubaye\\\/\"]}]},{\"@type\":\"ImageObject\",\"inLanguage\":\"en-GB\",\"@id\":\"https:\\\/\\\/www.crazywater-rafting.com\\\/activites-en-ubaye\\\/#primaryimage\",\"url\":\"https:\\\/\\\/www.crazywater-rafting.com\\\/wordpress\\\/wp-content\\\/uploads\\\/2024\\\/03\\\/Hydrospeed-Alpes.jpg\",\"contentUrl\":\"https:\\\/\\\/www.crazywater-rafting.com\\\/wordpress\\\/wp-content\\\/uploads\\\/2024\\\/03\\\/Hydrospeed-Alpes.jpg\",\"width\":1920,\"height\":1280,\"caption\":\"Activit\u00e9 \u00e0 faire en Ubaye, d\u00e9couvrez l'hydrospeed\"},{\"@type\":\"BreadcrumbList\",\"@id\":\"https:\\\/\\\/www.crazywater-rafting.com\\\/activites-en-ubaye\\\/#breadcrumb\",\"itemListElement\":[{\"@type\":\"ListItem\",\"position\":1,\"name\":\"Accueil\",\"item\":\"https:\\\/\\\/www.crazywater-rafting.com\\\/\"},{\"@type\":\"ListItem\",\"position\":2,\"name\":\"Activit\u00e9s \u00e0 faire en Ubaye\"}]},{\"@type\":\"WebSite\",\"@id\":\"https:\\\/\\\/www.crazywater-rafting.com\\\/#website\",\"url\":\"https:\\\/\\\/www.crazywater-rafting.com\\\/\",\"name\":\"Crazy Water Rafting\",\"description\":\"\",\"publisher\":{\"@id\":\"https:\\\/\\\/www.crazywater-rafting.com\\\/#organization\"},\"potentialAction\":[{\"@type\":\"SearchAction\",\"target\":{\"@type\":\"EntryPoint\",\"urlTemplate\":\"https:\\\/\\\/www.crazywater-rafting.com\\\/?s={search_term_string}\"},\"query-input\":{\"@type\":\"PropertyValueSpecification\",\"valueRequired\":true,\"valueName\":\"search_term_string\"}}],\"inLanguage\":\"en-GB\"},{\"@type\":\"Organization\",\"@id\":\"https:\\\/\\\/www.crazywater-rafting.com\\\/#organization\",\"name\":\"Crazy Water Rafting\",\"alternateName\":\"Crazy Water Rafting\",\"url\":\"https:\\\/\\\/www.crazywater-rafting.com\\\/\",\"logo\":{\"@type\":\"ImageObject\",\"inLanguage\":\"en-GB\",\"@id\":\"https:\\\/\\\/www.crazywater-rafting.com\\\/#\\\/schema\\\/logo\\\/image\\\/\",\"url\":\"https:\\\/\\\/www.crazywater-rafting.com\\\/wordpress\\\/wp-content\\\/uploads\\\/2024\\\/02\\\/Logo-Crazy-Water.jpg\",\"contentUrl\":\"https:\\\/\\\/www.crazywater-rafting.com\\\/wordpress\\\/wp-content\\\/uploads\\\/2024\\\/02\\\/Logo-Crazy-Water.jpg\",\"width\":1092,\"height\":592,\"caption\":\"Crazy Water Rafting\"},\"image\":{\"@id\":\"https:\\\/\\\/www.crazywater-rafting.com\\\/#\\\/schema\\\/logo\\\/image\\\/\"},\"sameAs\":[\"https:\\\/\\\/www.reddit.com\\\/user\\\/Crazy-Water-Rafting\\\/\",\"https:\\\/\\\/www.linkedin.com\\\/in\\\/crazy-water-rafting-ubaye-08987b67\\\/\"]}]}<\/script>\n<!-- \/ Yoast SEO plugin. -->","yoast_head_json":{"title":"Activities to do in Ubaye - Crazy Water Rafting","description":"Explore the multitude of activities to do in Ubaye: mountain biking, paragliding, tree climbing, water games and more.","robots":{"index":"index","follow":"follow","max-snippet":"max-snippet:-1","max-image-preview":"max-image-preview:large","max-video-preview":"max-video-preview:-1"},"canonical":"https:\/\/www.crazywater-rafting.com\/en\/activities-in-ubaye\/","og_locale":"en_GB","og_type":"article","og_title":"Activit\u00e9s \u00e0 faire en Ubaye - Crazy Water Rafting","og_description":"Explorez la multitude d'activit\u00e9s \u00e0 faire en Ubaye : VTT, parapente, accrobranche, jeux aquatiques et plus encore.","og_url":"https:\/\/www.crazywater-rafting.com\/en\/activities-in-ubaye\/","og_site_name":"Crazy Water Rafting","article_modified_time":"2025-04-17T12:31:25+00:00","og_image":[{"width":1920,"height":1280,"url":"https:\/\/www.crazywater-rafting.com\/wordpress\/wp-content\/uploads\/2024\/03\/Hydrospeed-Alpes.jpg","type":"image\/jpeg"}],"twitter_card":"summary_large_image","twitter_misc":{"Estimated reading time":"4 minutes"},"schema":{"@context":"https:\/\/schema.org","@graph":[{"@type":"WebPage","@id":"https:\/\/www.crazywater-rafting.com\/activites-en-ubaye\/","url":"https:\/\/www.crazywater-rafting.com\/activites-en-ubaye\/","name":"Activities to do in Ubaye - Crazy Water Rafting","isPartOf":{"@id":"https:\/\/www.crazywater-rafting.com\/#website"},"primaryImageOfPage":{"@id":"https:\/\/www.crazywater-rafting.com\/activites-en-ubaye\/#primaryimage"},"image":{"@id":"https:\/\/www.crazywater-rafting.com\/activites-en-ubaye\/#primaryimage"},"thumbnailUrl":"https:\/\/www.crazywater-rafting.com\/wordpress\/wp-content\/uploads\/2024\/03\/Hydrospeed-Alpes.jpg","datePublished":"2024-01-19T09:02:18+00:00","dateModified":"2025-04-17T12:31:25+00:00","description":"Explore the multitude of activities to do in Ubaye: mountain biking, paragliding, tree climbing, water games and more.","breadcrumb":{"@id":"https:\/\/www.crazywater-rafting.com\/activites-en-ubaye\/#breadcrumb"},"inLanguage":"en-GB","potentialAction":[{"@type":"ReadAction","target":["https:\/\/www.crazywater-rafting.com\/activites-en-ubaye\/"]}]},{"@type":"ImageObject","inLanguage":"en-GB","@id":"https:\/\/www.crazywater-rafting.com\/activites-en-ubaye\/#primaryimage","url":"https:\/\/www.crazywater-rafting.com\/wordpress\/wp-content\/uploads\/2024\/03\/Hydrospeed-Alpes.jpg","contentUrl":"https:\/\/www.crazywater-rafting.com\/wordpress\/wp-content\/uploads\/2024\/03\/Hydrospeed-Alpes.jpg","width":1920,"height":1280,"caption":"Activit\u00e9 \u00e0 faire en Ubaye, d\u00e9couvrez l'hydrospeed"},{"@type":"BreadcrumbList","@id":"https:\/\/www.crazywater-rafting.com\/activites-en-ubaye\/#breadcrumb","itemListElement":[{"@type":"ListItem","position":1,"name":"Accueil","item":"https:\/\/www.crazywater-rafting.com\/"},{"@type":"ListItem","position":2,"name":"Activit\u00e9s \u00e0 faire en Ubaye"}]},{"@type":"WebSite","@id":"https:\/\/www.crazywater-rafting.com\/#website","url":"https:\/\/www.crazywater-rafting.com\/","name":"Crazy Water Rafting","description":"","publisher":{"@id":"https:\/\/www.crazywater-rafting.com\/#organization"},"potentialAction":[{"@type":"SearchAction","target":{"@type":"EntryPoint","urlTemplate":"https:\/\/www.crazywater-rafting.com\/?s={search_term_string}"},"query-input":{"@type":"PropertyValueSpecification","valueRequired":true,"valueName":"search_term_string"}}],"inLanguage":"en-GB"},{"@type":"Organization","@id":"https:\/\/www.crazywater-rafting.com\/#organization","name":"Crazy Water Rafting","alternateName":"Crazy Water Rafting","url":"https:\/\/www.crazywater-rafting.com\/","logo":{"@type":"ImageObject","inLanguage":"en-GB","@id":"https:\/\/www.crazywater-rafting.com\/#\/schema\/logo\/image\/","url":"https:\/\/www.crazywater-rafting.com\/wordpress\/wp-content\/uploads\/2024\/02\/Logo-Crazy-Water.jpg","contentUrl":"https:\/\/www.crazywater-rafting.com\/wordpress\/wp-content\/uploads\/2024\/02\/Logo-Crazy-Water.jpg","width":1092,"height":592,"caption":"Crazy Water Rafting"},"image":{"@id":"https:\/\/www.crazywater-rafting.com\/#\/schema\/logo\/image\/"},"sameAs":["https:\/\/www.reddit.com\/user\/Crazy-Water-Rafting\/","https:\/\/www.linkedin.com\/in\/crazy-water-rafting-ubaye-08987b67\/"]}]}},"_links":{"self":[{"href":"https:\/\/www.crazywater-rafting.com\/en\/wp-json\/wp\/v2\/pages\/1972","targetHints":{"allow":["GET"]}}],"collection":[{"href":"https:\/\/www.crazywater-rafting.com\/en\/wp-json\/wp\/v2\/pages"}],"about":[{"href":"https:\/\/www.crazywater-rafting.com\/en\/wp-json\/wp\/v2\/types\/page"}],"author":[{"embeddable":true,"href":"https:\/\/www.crazywater-rafting.com\/en\/wp-json\/wp\/v2\/users\/1"}],"replies":[{"embeddable":true,"href":"https:\/\/www.crazywater-rafting.com\/en\/wp-json\/wp\/v2\/comments?post=1972"}],"version-history":[{"count":5,"href":"https:\/\/www.crazywater-rafting.com\/en\/wp-json\/wp\/v2\/pages\/1972\/revisions"}],"predecessor-version":[{"id":3587,"href":"https:\/\/www.crazywater-rafting.com\/en\/wp-json\/wp\/v2\/pages\/1972\/revisions\/3587"}],"wp:featuredmedia":[{"embeddable":true,"href":"https:\/\/www.crazywater-rafting.com\/en\/wp-json\/wp\/v2\/media\/3096"}],"wp:attachment":[{"href":"https:\/\/www.crazywater-rafting.com\/en\/wp-json\/wp\/v2\/media?parent=1972"}],"curies":[{"name":"wp","href":"https:\/\/api.w.org\/{rel}","templated":true}]}}