{"id":1958,"date":"2024-01-19T10:02:18","date_gmt":"2024-01-19T09:02:18","guid":{"rendered":"https:\/\/crazywater.animal-societe.com\/?page_id=1958"},"modified":"2026-01-18T18:37:17","modified_gmt":"2026-01-18T17:37:17","slug":"rafting-price-in-ubaye","status":"publish","type":"page","link":"https:\/\/www.crazywater-rafting.com\/en\/tarif-rafting-en-ubaye\/","title":{"rendered":"Prices"},"content":{"rendered":"<section class=\"wp-block-group texte-simple is-layout-constrained wp-block-group-is-layout-constrained\">\n<p>Crazy Water welcomes you from mid-March to October in Lauzet-Ubaye at the entrance to the Barcelonnette valley, near Lake Serre-Pon\u00e7on. <a href=\"https:\/\/www.crazywater-rafting.com\/en\/crazy-water-rafting-base\/\" target=\"_blank\" rel=\"noreferrer noopener\">Discover our ecological and unusual base<\/a> as well as the proposed prices. <\/p>\n<\/section>\n\n\n\n<h2 class=\"wp-block-heading\">Prices <a href=\"https:\/\/www.crazywater-rafting.com\/en\/product\/rafting-ubaye-barcelonnette\/\" target=\"_blank\" rel=\"noreferrer noopener\">Rafting on L&#039;Ubaye<\/a><\/h2>\n\n\n\n<p class=\"has-large-font-size\">From 5 years<\/p>\n\n\n\n<figure class=\"wp-block-table is-style-stripes\"><table><tbody><tr><td>Adult discovery descent \u2013 The Best Of<\/td><td>2:00<\/td><td>50\u20ac &nbsp;&nbsp;<\/td><\/tr><tr><td>Discovery descent for teenagers (-16 years old) \u2013 The Best Of<\/td><td>2:00<\/td><td>45\u20ac<\/td><\/tr><tr><td>Descente d\u00e9couverte enfant (-12 ans) &#8211; La Best Of<\/td><td>2:00<\/td><td>40\u20ac<\/td><\/tr><tr><td>Adult sports downhill<\/td><td>2:00<\/td><td>60\u20ac<\/td><\/tr><tr><td><a href=\"https:\/\/www.crazywater-rafting.com\/en\/crazy-half-day-rafting\/\">The Crazy half-day (discovery + sport) Free snacks and genepi!<\/a><\/td><td>3h30<\/td><td>95\u20ac<\/td><\/tr><tr><td><br>Prices for Family Rafting on the Ubaye Best Of route<br>2 adultes + 2 enfants (-12 ans) 168 \u20ac<br>2 adultes + 3 enfants (-12 ans) 200 \u20ac<br><\/td><td><\/td><td><\/td><\/tr><tr><td><strong>Group rates from 10 people: \u20ac45<\/strong><\/td><td><\/td><td><\/td><\/tr><\/tbody><\/table><\/figure>\n\n\n\n<h2 class=\"wp-block-heading\">Prices <strong><a href=\"https:\/\/www.crazywater-rafting.com\/en\/product\/kayak-raft-ubaye\/\" target=\"_blank\" rel=\"noreferrer noopener\">Kayak-Raft<\/a> \/ Air Boat \/ Hot Dog <\/strong><\/h2>\n\n\n\n<p class=\"has-large-font-size\">From 12 years old<\/p>\n\n\n\n<figure class=\"wp-block-table is-style-stripes\"><table><tbody><tr><td>Discovery descent \u2013 The Best Of<\/td><td>2:00<\/td><td>55\u20ac<\/td><\/tr><tr><td>Sporty Descent**<\/td><td>2:00<\/td><td>70\u20ac<\/td><\/tr><tr><td>The Crazy half-day (discovery + sport)** Free snacks and genepi!<\/td><td>3h30<\/td><td>110\u20ac<\/td><\/tr><\/tbody><\/table><\/figure>\n\n\n\n<p>** Depending on water level.<\/p>\n\n\n\n<h2 class=\"wp-block-heading\">Prices <strong><a href=\"https:\/\/www.crazywater-rafting.com\/en\/product\/hydrospeed-ubaye-barcelonnette\/\" target=\"_blank\" rel=\"noreferrer noopener\">Hydrospeed<\/a> \/ Whitewater swimming and floating \u2013 Water hike<\/strong><\/h2>\n\n\n\n<p class=\"has-large-font-size\">From 10 years old<\/p>\n\n\n\n<figure class=\"wp-block-table is-style-stripes\"><table><tbody><tr><td>Discovery descent \u2013 The Best Of<\/td><td>2:00<\/td><td>55\u20ac<\/td><\/tr><tr><td>Sporty descent ** <\/td><td>2:00<\/td><td>70\u20ac<\/td><\/tr><tr><td>The Crazy half-day (discovery + sport) ** Free snacks and genepi!<\/td><td>3h30<\/td><td>110\u20ac<\/td><\/tr><\/tbody><\/table><\/figure>\n\n\n\n<p>** Depending on water level.<\/p>\n\n\n\n<h2 class=\"wp-block-heading has-text-align-left\"><strong>La sp\u00e9ciale Journ\u00e9e Crazy \u00e0 135 \u20ac<\/strong><\/h2>\n\n\n\n<p class=\"has-text-align-center\">De 9h15-13h00 Demi-journ\u00e9e Crazy en Rafting<\/p>\n\n\n\n<p class=\"has-text-align-center\">De 15h45 &#8211; 17h45 Descente Hydrospeed ou Kayak-Raft (2h00)<\/p>\n\n\n\n<h2 class=\"wp-block-heading has-text-align-left\"><strong>Whitewater sports course prices, Barcelonnette Valley<\/strong><\/h2>\n\n\n\n<p class=\"has-text-align-left has-large-font-size\">Multi-activities \u00e0 la carte discovery course (Rafting, Hydrospeed, Kayaking and Canyoning)<\/p>\n\n\n\n<figure class=\"wp-block-table is-style-stripes\"><table><tbody><tr><td>2 activities<\/td><td>4:00 a.m.<\/td><td>95 \u20ac<\/td><\/tr><tr><td>3 activities*<\/td><td>6:00 a.m.<\/td><td>140 \u20ac<\/td><\/tr><tr><td>4 activities*<\/td><td>8:00 a.m.<\/td><td>180 \u20ac<\/td><\/tr><tr><td>5 activities*<\/td><td>10:00 a.m.<\/td><td>215 \u20ac<\/td><\/tr><tr><td>6 activities*<\/td><td>12:00 p.m.<\/td><td>255 \u20ac<\/td><\/tr><\/tbody><\/table><figcaption class=\"wp-element-caption\">*The activities are to be done over several days (1 to 2 activities per day)<\/figcaption><\/figure>\n\n\n\n<figure class=\"wp-block-gallery has-nested-images columns-default is-cropped wp-block-gallery-1 is-layout-flex wp-block-gallery-is-layout-flex\">\n<figure class=\"wp-block-image size-large\"><a href=\"https:\/\/www.crazywater-rafting.com\/wordpress\/wp-content\/uploads\/2022\/03\/YJDH2180-e1648911524467.jpg\"><img decoding=\"async\" data-id=\"2000\" src=\"https:\/\/www.crazywater-rafting.com\/wordpress\/wp-content\/uploads\/2022\/03\/YJDH2180-e1648911524467.jpg\" alt=\"discover our Ubaye Rafting courses in Barcelonnette\" class=\"wp-image-2000\"\/><\/a><\/figure>\n\n\n\n<figure class=\"wp-block-image size-large\"><a href=\"https:\/\/www.crazywater-rafting.com\/wordpress\/wp-content\/uploads\/2022\/03\/Kayak-Raft-Ubaye-scaled.jpg\"><img decoding=\"async\" data-id=\"1599\" src=\"https:\/\/www.crazywater-rafting.com\/wordpress\/wp-content\/uploads\/2022\/03\/Kayak-Raft-Ubaye-1024x683.jpg\" alt=\"Take part in a Kayak raft descent on the Ubaye only 20 minutes from Barcelonnette in Lauzet\" class=\"wp-image-1599\"\/><\/a><\/figure>\n\n\n\n<figure class=\"wp-block-image size-large\"><a href=\"https:\/\/www.crazywater-rafting.com\/wordpress\/wp-content\/uploads\/2014\/03\/ubaye-scaled.jpg\"><img decoding=\"async\" data-id=\"1149\" src=\"https:\/\/www.crazywater-rafting.com\/wordpress\/wp-content\/uploads\/2014\/03\/ubaye-1024x768.jpg\" alt=\"Discover hydrospeed surfing on the Ubaye near Barcelonnette;\" class=\"wp-image-1149\"\/><\/a><\/figure>\n<\/figure>\n\n\n\n<h2 class=\"wp-block-heading\">Prices <a href=\"https:\/\/www.crazybulle.com\/\" target=\"_blank\" rel=\"noreferrer noopener\">Unusual accommodation<\/a> Crazy Bubble<\/h2>\n\n\n\n<p><strong>2 Adults<\/strong><\/p>\n\n\n\n<figure class=\"wp-block-table is-style-stripes\"><table><tbody><tr><td>night in a bubble + breakfast<\/td><td>85 \u20ac<\/td><\/tr><tr><td>night + breakfast + rafting trip (2 hours) <\/td><td>175 \u20ac<\/td><\/tr><\/tbody><\/table><\/figure>\n\n\n\n<p><strong>2 adults and 1 child (under 10 years old)<\/strong><\/p>\n\n\n\n<figure class=\"wp-block-table is-style-stripes\"><table><tbody><tr><td>night in a bubble + breakfast<\/td><td>90 \u20ac<\/td><\/tr><tr><td>night + breakfast + rafting trip (2 hours)<\/td><td>215 \u20ac<\/td><\/tr><\/tbody><\/table><\/figure>\n\n\n\n<p><strong>2 adults and 2 children (under 10 years old)<\/strong><\/p>\n\n\n\n<figure class=\"wp-block-table is-style-stripes\"><table><tbody><tr><td>night in a bubble + breakfast<\/td><td>95 \u20ac<\/td><\/tr><tr><td>overnight + breakfast + rafting trip (2 hours) <\/td><td>245 \u20ac<\/td><\/tr><\/tbody><\/table><\/figure>\n\n\n\n<figure class=\"wp-block-gallery has-nested-images columns-default is-cropped wp-block-gallery-2 is-layout-flex wp-block-gallery-is-layout-flex\">\n<figure class=\"wp-block-image size-large\"><a href=\"https:\/\/www.crazywater-rafting.com\/wordpress\/wp-content\/uploads\/2023\/02\/Rafting-Lac-de-Serre-Poncon-1-scaled.jpg\"><img decoding=\"async\" data-id=\"3231\" src=\"https:\/\/www.crazywater-rafting.com\/wordpress\/wp-content\/uploads\/2023\/02\/Rafting-Lac-de-Serre-Poncon-1-1024x684.jpg\" alt=\"Live an incredible rafting experience on the Ubaye\" class=\"wp-image-3231\"\/><\/a><\/figure>\n\n\n\n<figure class=\"wp-block-image size-large\"><a href=\"https:\/\/www.crazywater-rafting.com\/wordpress\/wp-content\/uploads\/2023\/03\/Nuit-en-Bulle.jpg\"><img decoding=\"async\" data-id=\"3365\" src=\"https:\/\/www.crazywater-rafting.com\/wordpress\/wp-content\/uploads\/2023\/03\/Nuit-en-Bulle-1024x1024.jpg\" alt=\"Come and sleep in a bubble, unusual accommodation at Lauzet Ubaye in Barcelonnette\" class=\"wp-image-3365\"\/><\/a><\/figure>\n\n\n\n<figure class=\"wp-block-image size-full\"><a href=\"https:\/\/www.crazywater-rafting.com\/wordpress\/wp-content\/uploads\/2024\/01\/Ubaye-Rafting-1.jpg\"><img loading=\"lazy\" decoding=\"async\" width=\"1024\" height=\"683\" data-id=\"1859\" src=\"https:\/\/www.crazywater-rafting.com\/wordpress\/wp-content\/uploads\/2024\/01\/Ubaye-Rafting-1.jpg\" alt=\"Rafting Barcelonnette price\" class=\"wp-image-1859\" srcset=\"https:\/\/www.crazywater-rafting.com\/wordpress\/wp-content\/uploads\/2024\/01\/Ubaye-Rafting-1.jpg 1024w, https:\/\/www.crazywater-rafting.com\/wordpress\/wp-content\/uploads\/2024\/01\/Ubaye-Rafting-1-300x200.jpg 300w, https:\/\/www.crazywater-rafting.com\/wordpress\/wp-content\/uploads\/2024\/01\/Ubaye-Rafting-1-768x512.jpg 768w\" sizes=\"auto, (max-width: 1024px) 100vw, 1024px\" \/><\/a><\/figure>\n<\/figure>\n\n\n\n<p class=\"has-text-align-center\">If you wish to return to the page of<a href=\"https:\/\/www.crazywater-rafting.com\/en\/\">Welcome<\/a> of Crazy Water Rafting in Ubaye<span contenteditable=\"false\" style=\"pointer-events:none;user-select:none;-webkit-user-select:none;-moz-user-select:none;-ms-user-select:none;\"><\/span><\/p>","protected":false},"excerpt":{"rendered":"<p>Our services include all neoprene equipment, transport by minibus, an instructor at your service and much more!!<\/p>","protected":false},"author":1,"featured_media":1884,"parent":0,"menu_order":0,"comment_status":"closed","ping_status":"closed","template":"","meta":{"_acf_changed":false,"footnotes":""},"class_list":["post-1958","page","type-page","status-publish","has-post-thumbnail","hentry"],"blocksy_meta":[],"acf":[],"yoast_head":"<!-- This site is optimized with the Yoast SEO plugin v27.5 - https:\/\/yoast.com\/product\/yoast-seo-wordpress\/ -->\n<title>Tarifs eau vive - Crazy Water Rafting<\/title>\n<meta name=\"description\" content=\"D\u00e9couvrez les tarifs des descentes en rafting sur l&#039;Ubaye, de nos activit\u00e9s d&#039;eaux vives et de notre h\u00e9bergement insolite - Le Lauzet Ubaye\" \/>\n<meta name=\"robots\" content=\"index, follow, max-snippet:-1, max-image-preview:large, max-video-preview:-1\" \/>\n<link rel=\"canonical\" href=\"https:\/\/www.crazywater-rafting.com\/en\/rafting-price-in-ubaye\/\" \/>\n<meta property=\"og:locale\" content=\"en_GB\" \/>\n<meta property=\"og:type\" content=\"article\" \/>\n<meta property=\"og:title\" content=\"Tarifs eau vive - Crazy Water Rafting\" \/>\n<meta property=\"og:description\" content=\"D\u00e9couvrez les tarifs des descentes en rafting sur l&#039;Ubaye, de nos activit\u00e9s d&#039;eaux vives et de notre h\u00e9bergement insolite - Le Lauzet Ubaye\" \/>\n<meta property=\"og:url\" content=\"https:\/\/www.crazywater-rafting.com\/en\/rafting-price-in-ubaye\/\" \/>\n<meta property=\"og:site_name\" content=\"Crazy Water Rafting\" \/>\n<meta property=\"article:modified_time\" content=\"2026-01-18T17:37:17+00:00\" \/>\n<meta property=\"og:image\" content=\"https:\/\/www.crazywater-rafting.com\/wordpress\/wp-content\/uploads\/2024\/01\/Base-de-rafting-au-Lauzet.jpg\" \/>\n\t<meta property=\"og:image:width\" content=\"2048\" \/>\n\t<meta property=\"og:image:height\" content=\"1536\" \/>\n\t<meta property=\"og:image:type\" content=\"image\/jpeg\" \/>\n<meta name=\"twitter:card\" content=\"summary_large_image\" \/>\n<meta name=\"twitter:label1\" content=\"Estimated reading time\" \/>\n\t<meta name=\"twitter:data1\" content=\"4 minutes\" \/>\n<script type=\"application\/ld+json\" class=\"yoast-schema-graph\">{\"@context\":\"https:\\\/\\\/schema.org\",\"@graph\":[{\"@type\":\"WebPage\",\"@id\":\"https:\\\/\\\/www.crazywater-rafting.com\\\/tarif-rafting-en-ubaye\\\/\",\"url\":\"https:\\\/\\\/www.crazywater-rafting.com\\\/tarif-rafting-en-ubaye\\\/\",\"name\":\"Tarifs eau vive - Crazy Water Rafting\",\"isPartOf\":{\"@id\":\"https:\\\/\\\/www.crazywater-rafting.com\\\/#website\"},\"primaryImageOfPage\":{\"@id\":\"https:\\\/\\\/www.crazywater-rafting.com\\\/tarif-rafting-en-ubaye\\\/#primaryimage\"},\"image\":{\"@id\":\"https:\\\/\\\/www.crazywater-rafting.com\\\/tarif-rafting-en-ubaye\\\/#primaryimage\"},\"thumbnailUrl\":\"https:\\\/\\\/www.crazywater-rafting.com\\\/wordpress\\\/wp-content\\\/uploads\\\/2024\\\/01\\\/Base-de-rafting-au-Lauzet.jpg\",\"datePublished\":\"2024-01-19T09:02:18+00:00\",\"dateModified\":\"2026-01-18T17:37:17+00:00\",\"description\":\"D\u00e9couvrez les tarifs des descentes en rafting sur l'Ubaye, de nos activit\u00e9s d'eaux vives et de notre h\u00e9bergement insolite - Le Lauzet Ubaye\",\"breadcrumb\":{\"@id\":\"https:\\\/\\\/www.crazywater-rafting.com\\\/tarif-rafting-en-ubaye\\\/#breadcrumb\"},\"inLanguage\":\"en-GB\",\"potentialAction\":[{\"@type\":\"ReadAction\",\"target\":[\"https:\\\/\\\/www.crazywater-rafting.com\\\/tarif-rafting-en-ubaye\\\/\"]}]},{\"@type\":\"ImageObject\",\"inLanguage\":\"en-GB\",\"@id\":\"https:\\\/\\\/www.crazywater-rafting.com\\\/tarif-rafting-en-ubaye\\\/#primaryimage\",\"url\":\"https:\\\/\\\/www.crazywater-rafting.com\\\/wordpress\\\/wp-content\\\/uploads\\\/2024\\\/01\\\/Base-de-rafting-au-Lauzet.jpg\",\"contentUrl\":\"https:\\\/\\\/www.crazywater-rafting.com\\\/wordpress\\\/wp-content\\\/uploads\\\/2024\\\/01\\\/Base-de-rafting-au-Lauzet.jpg\",\"width\":2048,\"height\":1536,\"caption\":\"Quels est le prix d'une descente en rafting \u00e0 Barcelonnette sur l'Ubaye ? Hydrospeed et kayak\"},{\"@type\":\"BreadcrumbList\",\"@id\":\"https:\\\/\\\/www.crazywater-rafting.com\\\/tarif-rafting-en-ubaye\\\/#breadcrumb\",\"itemListElement\":[{\"@type\":\"ListItem\",\"position\":1,\"name\":\"Accueil\",\"item\":\"https:\\\/\\\/www.crazywater-rafting.com\\\/\"},{\"@type\":\"ListItem\",\"position\":2,\"name\":\"Tarifs\"}]},{\"@type\":\"WebSite\",\"@id\":\"https:\\\/\\\/www.crazywater-rafting.com\\\/#website\",\"url\":\"https:\\\/\\\/www.crazywater-rafting.com\\\/\",\"name\":\"Crazy Water Rafting\",\"description\":\"\",\"publisher\":{\"@id\":\"https:\\\/\\\/www.crazywater-rafting.com\\\/#organization\"},\"potentialAction\":[{\"@type\":\"SearchAction\",\"target\":{\"@type\":\"EntryPoint\",\"urlTemplate\":\"https:\\\/\\\/www.crazywater-rafting.com\\\/?s={search_term_string}\"},\"query-input\":{\"@type\":\"PropertyValueSpecification\",\"valueRequired\":true,\"valueName\":\"search_term_string\"}}],\"inLanguage\":\"en-GB\"},{\"@type\":\"Organization\",\"@id\":\"https:\\\/\\\/www.crazywater-rafting.com\\\/#organization\",\"name\":\"Crazy Water Rafting\",\"alternateName\":\"Crazy Water Rafting\",\"url\":\"https:\\\/\\\/www.crazywater-rafting.com\\\/\",\"logo\":{\"@type\":\"ImageObject\",\"inLanguage\":\"en-GB\",\"@id\":\"https:\\\/\\\/www.crazywater-rafting.com\\\/#\\\/schema\\\/logo\\\/image\\\/\",\"url\":\"https:\\\/\\\/www.crazywater-rafting.com\\\/wordpress\\\/wp-content\\\/uploads\\\/2024\\\/02\\\/Logo-Crazy-Water.jpg\",\"contentUrl\":\"https:\\\/\\\/www.crazywater-rafting.com\\\/wordpress\\\/wp-content\\\/uploads\\\/2024\\\/02\\\/Logo-Crazy-Water.jpg\",\"width\":1092,\"height\":592,\"caption\":\"Crazy Water Rafting\"},\"image\":{\"@id\":\"https:\\\/\\\/www.crazywater-rafting.com\\\/#\\\/schema\\\/logo\\\/image\\\/\"},\"sameAs\":[\"https:\\\/\\\/www.reddit.com\\\/user\\\/Crazy-Water-Rafting\\\/\",\"https:\\\/\\\/www.linkedin.com\\\/in\\\/crazy-water-rafting-ubaye-08987b67\\\/\"]}]}<\/script>\n<!-- \/ Yoast SEO plugin. -->","yoast_head_json":{"title":"Whitewater rates - Crazy Water Rafting","description":"Discover the prices for rafting descents on the Ubaye, our white water activities and our unusual accommodation - Le Lauzet Ubaye","robots":{"index":"index","follow":"follow","max-snippet":"max-snippet:-1","max-image-preview":"max-image-preview:large","max-video-preview":"max-video-preview:-1"},"canonical":"https:\/\/www.crazywater-rafting.com\/en\/rafting-price-in-ubaye\/","og_locale":"en_GB","og_type":"article","og_title":"Tarifs eau vive - Crazy Water Rafting","og_description":"D\u00e9couvrez les tarifs des descentes en rafting sur l'Ubaye, de nos activit\u00e9s d'eaux vives et de notre h\u00e9bergement insolite - Le Lauzet Ubaye","og_url":"https:\/\/www.crazywater-rafting.com\/en\/rafting-price-in-ubaye\/","og_site_name":"Crazy Water Rafting","article_modified_time":"2026-01-18T17:37:17+00:00","og_image":[{"width":2048,"height":1536,"url":"https:\/\/www.crazywater-rafting.com\/wordpress\/wp-content\/uploads\/2024\/01\/Base-de-rafting-au-Lauzet.jpg","type":"image\/jpeg"}],"twitter_card":"summary_large_image","twitter_misc":{"Estimated reading time":"4 minutes"},"schema":{"@context":"https:\/\/schema.org","@graph":[{"@type":"WebPage","@id":"https:\/\/www.crazywater-rafting.com\/tarif-rafting-en-ubaye\/","url":"https:\/\/www.crazywater-rafting.com\/tarif-rafting-en-ubaye\/","name":"Whitewater rates - Crazy Water Rafting","isPartOf":{"@id":"https:\/\/www.crazywater-rafting.com\/#website"},"primaryImageOfPage":{"@id":"https:\/\/www.crazywater-rafting.com\/tarif-rafting-en-ubaye\/#primaryimage"},"image":{"@id":"https:\/\/www.crazywater-rafting.com\/tarif-rafting-en-ubaye\/#primaryimage"},"thumbnailUrl":"https:\/\/www.crazywater-rafting.com\/wordpress\/wp-content\/uploads\/2024\/01\/Base-de-rafting-au-Lauzet.jpg","datePublished":"2024-01-19T09:02:18+00:00","dateModified":"2026-01-18T17:37:17+00:00","description":"Discover the prices for rafting descents on the Ubaye, our white water activities and our unusual accommodation - Le Lauzet Ubaye","breadcrumb":{"@id":"https:\/\/www.crazywater-rafting.com\/tarif-rafting-en-ubaye\/#breadcrumb"},"inLanguage":"en-GB","potentialAction":[{"@type":"ReadAction","target":["https:\/\/www.crazywater-rafting.com\/tarif-rafting-en-ubaye\/"]}]},{"@type":"ImageObject","inLanguage":"en-GB","@id":"https:\/\/www.crazywater-rafting.com\/tarif-rafting-en-ubaye\/#primaryimage","url":"https:\/\/www.crazywater-rafting.com\/wordpress\/wp-content\/uploads\/2024\/01\/Base-de-rafting-au-Lauzet.jpg","contentUrl":"https:\/\/www.crazywater-rafting.com\/wordpress\/wp-content\/uploads\/2024\/01\/Base-de-rafting-au-Lauzet.jpg","width":2048,"height":1536,"caption":"Quels est le prix d'une descente en rafting \u00e0 Barcelonnette sur l'Ubaye ? Hydrospeed et kayak"},{"@type":"BreadcrumbList","@id":"https:\/\/www.crazywater-rafting.com\/tarif-rafting-en-ubaye\/#breadcrumb","itemListElement":[{"@type":"ListItem","position":1,"name":"Accueil","item":"https:\/\/www.crazywater-rafting.com\/"},{"@type":"ListItem","position":2,"name":"Tarifs"}]},{"@type":"WebSite","@id":"https:\/\/www.crazywater-rafting.com\/#website","url":"https:\/\/www.crazywater-rafting.com\/","name":"Crazy Water Rafting","description":"","publisher":{"@id":"https:\/\/www.crazywater-rafting.com\/#organization"},"potentialAction":[{"@type":"SearchAction","target":{"@type":"EntryPoint","urlTemplate":"https:\/\/www.crazywater-rafting.com\/?s={search_term_string}"},"query-input":{"@type":"PropertyValueSpecification","valueRequired":true,"valueName":"search_term_string"}}],"inLanguage":"en-GB"},{"@type":"Organization","@id":"https:\/\/www.crazywater-rafting.com\/#organization","name":"Crazy Water Rafting","alternateName":"Crazy Water Rafting","url":"https:\/\/www.crazywater-rafting.com\/","logo":{"@type":"ImageObject","inLanguage":"en-GB","@id":"https:\/\/www.crazywater-rafting.com\/#\/schema\/logo\/image\/","url":"https:\/\/www.crazywater-rafting.com\/wordpress\/wp-content\/uploads\/2024\/02\/Logo-Crazy-Water.jpg","contentUrl":"https:\/\/www.crazywater-rafting.com\/wordpress\/wp-content\/uploads\/2024\/02\/Logo-Crazy-Water.jpg","width":1092,"height":592,"caption":"Crazy Water Rafting"},"image":{"@id":"https:\/\/www.crazywater-rafting.com\/#\/schema\/logo\/image\/"},"sameAs":["https:\/\/www.reddit.com\/user\/Crazy-Water-Rafting\/","https:\/\/www.linkedin.com\/in\/crazy-water-rafting-ubaye-08987b67\/"]}]}},"_links":{"self":[{"href":"https:\/\/www.crazywater-rafting.com\/en\/wp-json\/wp\/v2\/pages\/1958","targetHints":{"allow":["GET"]}}],"collection":[{"href":"https:\/\/www.crazywater-rafting.com\/en\/wp-json\/wp\/v2\/pages"}],"about":[{"href":"https:\/\/www.crazywater-rafting.com\/en\/wp-json\/wp\/v2\/types\/page"}],"author":[{"embeddable":true,"href":"https:\/\/www.crazywater-rafting.com\/en\/wp-json\/wp\/v2\/users\/1"}],"replies":[{"embeddable":true,"href":"https:\/\/www.crazywater-rafting.com\/en\/wp-json\/wp\/v2\/comments?post=1958"}],"version-history":[{"count":19,"href":"https:\/\/www.crazywater-rafting.com\/en\/wp-json\/wp\/v2\/pages\/1958\/revisions"}],"predecessor-version":[{"id":3674,"href":"https:\/\/www.crazywater-rafting.com\/en\/wp-json\/wp\/v2\/pages\/1958\/revisions\/3674"}],"wp:featuredmedia":[{"embeddable":true,"href":"https:\/\/www.crazywater-rafting.com\/en\/wp-json\/wp\/v2\/media\/1884"}],"wp:attachment":[{"href":"https:\/\/www.crazywater-rafting.com\/en\/wp-json\/wp\/v2\/media?parent=1958"}],"curies":[{"name":"wp","href":"https:\/\/api.w.org\/{rel}","templated":true}]}}